{"id":233,"date":"2022-05-17T13:40:57","date_gmt":"2022-05-17T17:40:57","guid":{"rendered":"http:\/\/www.cadexinc.com\/?page_id=233"},"modified":"2026-03-24T09:55:41","modified_gmt":"2026-03-24T13:55:41","slug":"tete-factice-dessai-respiratoire","status":"publish","type":"page","link":"https:\/\/www.cadexinc.com\/fr\/equipement\/tetes-de-betail\/tete-factice-dessai-respiratoire\/","title":{"rendered":"Forme de t\u00eate EN 168 modifi\u00e9e pour test de respiration"},"content":{"rendered":"<div data-elementor-type=\"wp-page\" data-elementor-id=\"233\" class=\"elementor elementor-233\">\n\t\t\t\t<div class=\"elementor-element elementor-element-217351b9 elementor-hidden-desktop elementor-hidden-tablet e-flex e-con-boxed e-con e-parent\" data-id=\"217351b9\" data-element_type=\"container\">\n\t\t\t\t\t<div class=\"e-con-inner\">\n\t\t\t\t<div class=\"elementor-element elementor-element-b1f997f elementor-widget elementor-widget-image\" data-id=\"b1f997f\" data-element_type=\"widget\" data-widget_type=\"image.default\">\n\t\t\t\t<div class=\"elementor-widget-container\">\n\t\t\t\t\t\t\t\t\t\t\t\t\t\t\t<img fetchpriority=\"high\" decoding=\"async\" width=\"651\" height=\"1024\" src=\"https:\/\/www.cadexinc.com\/wp-content\/uploads\/2023\/07\/hf-en168-breathing-651x1024.webp\" class=\"attachment-large size-large wp-image-14754\" alt=\"\" srcset=\"https:\/\/www.cadexinc.com\/wp-content\/uploads\/2023\/07\/hf-en168-breathing-651x1024.webp 651w, https:\/\/www.cadexinc.com\/wp-content\/uploads\/2023\/07\/hf-en168-breathing-191x300.webp 191w, https:\/\/www.cadexinc.com\/wp-content\/uploads\/2023\/07\/hf-en168-breathing-768x1208.webp 768w, https:\/\/www.cadexinc.com\/wp-content\/uploads\/2023\/07\/hf-en168-breathing-976x1536.webp 976w, https:\/\/www.cadexinc.com\/wp-content\/uploads\/2023\/07\/hf-en168-breathing-416x655.webp 416w, https:\/\/www.cadexinc.com\/wp-content\/uploads\/2023\/07\/hf-en168-breathing.webp 1271w\" sizes=\"(max-width: 651px) 100vw, 651px\" \/>\t\t\t\t\t\t\t\t\t\t\t\t\t\t\t<\/div>\n\t\t\t\t<\/div>\n\t\t\t\t\t<\/div>\n\t\t\t\t<\/div>\n\t\t<div class=\"elementor-element elementor-element-3f1a1da e-flex e-con-boxed e-con e-parent\" data-id=\"3f1a1da\" data-element_type=\"container\">\n\t\t\t\t\t<div class=\"e-con-inner\">\n\t\t<div class=\"elementor-element elementor-element-00e9051 e-con-full e-flex e-con e-child\" data-id=\"00e9051\" data-element_type=\"container\">\n\t\t<div class=\"elementor-element elementor-element-7add4af e-con-full e-flex e-con e-child\" data-id=\"7add4af\" data-element_type=\"container\">\n\t\t<div class=\"elementor-element elementor-element-c4f1797 e-con-full equipment-main-right-block e-flex e-con e-child\" data-id=\"c4f1797\" data-element_type=\"container\">\n\t\t<div class=\"elementor-element elementor-element-2fafff2 e-con-full e-flex e-con e-child\" data-id=\"2fafff2\" data-element_type=\"container\">\n\t\t\t\t<div class=\"elementor-element elementor-element-aa4b2a8 elementor-widget elementor-widget-text-editor\" data-id=\"aa4b2a8\" data-element_type=\"widget\" data-widget_type=\"text-editor.default\">\n\t\t\t\t<div class=\"elementor-widget-container\">\n\t\t\t\t\t\t\t\t\t<p class=\"cdx-title cdx-text-align-justify\">Forme de t\u00eate con\u00e7ue pour tester les \u00e9quipements de protection respiratoire conform\u00e9ment aux normes NFPA 1972, EN 12941, EN 14594 et autres.<\/p>\t\t\t\t\t\t\t\t<\/div>\n\t\t\t\t<\/div>\n\t\t\t\t<div class=\"elementor-element elementor-element-d4a8e6a equipment-sub-titles elementor-widget elementor-widget-heading\" data-id=\"d4a8e6a\" data-element_type=\"widget\" data-widget_type=\"heading.default\">\n\t\t\t\t<div class=\"elementor-widget-container\">\n\t\t\t\t\t<h6 class=\"elementor-heading-title elementor-size-default\">CARACT\u00c9RISTIQUES\u202f:<\/h6>\t\t\t\t<\/div>\n\t\t\t\t<\/div>\n\t\t\t\t<div class=\"elementor-element elementor-element-7b4d9e0 elementor-widget elementor-widget-text-editor\" data-id=\"7b4d9e0\" data-element_type=\"widget\" data-widget_type=\"text-editor.default\">\n\t\t\t\t<div class=\"elementor-widget-container\">\n\t\t\t\t\t\t\t\t\t<ul class=\"special-list\">\n<li>Mat\u00e9riau : ur\u00e9thane<\/li>\n<li>Fiche technique incluse<\/li>\n<li>Petites et moyennes tailles disponibles<\/li>\n<li>Breathing tube specification can be modified upon request.<\/li>\n<\/ul>\t\t\t\t\t\t\t\t<\/div>\n\t\t\t\t<\/div>\n\t\t\t\t<\/div>\n\t\t<div class=\"elementor-element elementor-element-b83a5ab e-con-full e-grid equipment-page-multi-image-box e-con e-child\" data-id=\"b83a5ab\" data-element_type=\"container\">\n\t\t\t\t<div class=\"elementor-element elementor-element-e52f4ea elementor-widget elementor-widget-image\" data-id=\"e52f4ea\" data-element_type=\"widget\" data-widget_type=\"image.default\">\n\t\t\t\t<div class=\"elementor-widget-container\">\n\t\t\t\t\t\t\t\t\t\t\t\t<figure class=\"wp-caption\">\n\t\t\t\t\t\t\t\t\t\t<img decoding=\"async\" width=\"292\" height=\"331\" src=\"https:\/\/www.cadexinc.com\/wp-content\/uploads\/2023\/07\/Breathing-tube.webp\" class=\"attachment-full size-full wp-image-14745\" alt=\"\" srcset=\"https:\/\/www.cadexinc.com\/wp-content\/uploads\/2023\/07\/Breathing-tube.webp 292w, https:\/\/www.cadexinc.com\/wp-content\/uploads\/2023\/07\/Breathing-tube-265x300.webp 265w\" sizes=\"(max-width: 292px) 100vw, 292px\" \/>\t\t\t\t\t\t\t\t\t\t\t<figcaption class=\"widget-image-caption wp-caption-text\">Le tube respiratoire peut \u00eatre connect\u00e9 \u00e0 l\u2019arri\u00e8re de la forme de t\u00eate ou sous le cou<\/figcaption>\n\t\t\t\t\t\t\t\t\t\t<\/figure>\n\t\t\t\t\t\t\t\t\t<\/div>\n\t\t\t\t<\/div>\n\t\t\t\t<\/div>\n\t\t\t\t<\/div>\n\t\t\t\t<\/div>\n\t\t<div class=\"elementor-element elementor-element-a9ff51e e-con-full elementor-hidden-mobile e-flex e-con e-child\" data-id=\"a9ff51e\" data-element_type=\"container\">\n\t\t\t\t<div class=\"elementor-element elementor-element-6daf3dc elementor-widget elementor-widget-image\" data-id=\"6daf3dc\" data-element_type=\"widget\" data-widget_type=\"image.default\">\n\t\t\t\t<div class=\"elementor-widget-container\">\n\t\t\t\t\t\t\t\t\t\t\t\t\t\t\t<img fetchpriority=\"high\" decoding=\"async\" width=\"651\" height=\"1024\" src=\"https:\/\/www.cadexinc.com\/wp-content\/uploads\/2023\/07\/hf-en168-breathing-651x1024.webp\" class=\"attachment-large size-large wp-image-14754\" alt=\"\" srcset=\"https:\/\/www.cadexinc.com\/wp-content\/uploads\/2023\/07\/hf-en168-breathing-651x1024.webp 651w, https:\/\/www.cadexinc.com\/wp-content\/uploads\/2023\/07\/hf-en168-breathing-191x300.webp 191w, https:\/\/www.cadexinc.com\/wp-content\/uploads\/2023\/07\/hf-en168-breathing-768x1208.webp 768w, https:\/\/www.cadexinc.com\/wp-content\/uploads\/2023\/07\/hf-en168-breathing-976x1536.webp 976w, https:\/\/www.cadexinc.com\/wp-content\/uploads\/2023\/07\/hf-en168-breathing-416x655.webp 416w, https:\/\/www.cadexinc.com\/wp-content\/uploads\/2023\/07\/hf-en168-breathing.webp 1271w\" sizes=\"(max-width: 651px) 100vw, 651px\" \/>\t\t\t\t\t\t\t\t\t\t\t\t\t\t\t<\/div>\n\t\t\t\t<\/div>\n\t\t\t\t<\/div>\n\t\t\t\t<\/div>\n\t\t\t\t\t<\/div>\n\t\t\t\t<\/div>\n\t\t\t\t<\/div>","protected":false},"excerpt":{"rendered":"<p>Headform designed to test respiratory protective equipment according to NFPA 1972, EN 12941, EN 14594 and other standards. FEATURES: Material: urethane Technical data sheet included Small and medium sizes available Breathing tube specification can be modified upon request. Breathing tube can be connected behind the headform or below the neck<\/p>","protected":false},"author":5,"featured_media":0,"parent":3156,"menu_order":0,"comment_status":"closed","ping_status":"closed","template":"","meta":{"footnotes":""},"categories":[41],"class_list":["post-233","page","type-page","status-publish","hentry","category-headforms"],"_links":{"self":[{"href":"https:\/\/www.cadexinc.com\/fr\/wp-json\/wp\/v2\/pages\/233","targetHints":{"allow":["GET"]}}],"collection":[{"href":"https:\/\/www.cadexinc.com\/fr\/wp-json\/wp\/v2\/pages"}],"about":[{"href":"https:\/\/www.cadexinc.com\/fr\/wp-json\/wp\/v2\/types\/page"}],"author":[{"embeddable":true,"href":"https:\/\/www.cadexinc.com\/fr\/wp-json\/wp\/v2\/users\/5"}],"replies":[{"embeddable":true,"href":"https:\/\/www.cadexinc.com\/fr\/wp-json\/wp\/v2\/comments?post=233"}],"version-history":[{"count":36,"href":"https:\/\/www.cadexinc.com\/fr\/wp-json\/wp\/v2\/pages\/233\/revisions"}],"predecessor-version":[{"id":21285,"href":"https:\/\/www.cadexinc.com\/fr\/wp-json\/wp\/v2\/pages\/233\/revisions\/21285"}],"up":[{"embeddable":true,"href":"https:\/\/www.cadexinc.com\/fr\/wp-json\/wp\/v2\/pages\/3156"}],"wp:attachment":[{"href":"https:\/\/www.cadexinc.com\/fr\/wp-json\/wp\/v2\/media?parent=233"}],"wp:term":[{"taxonomy":"category","embeddable":true,"href":"https:\/\/www.cadexinc.com\/fr\/wp-json\/wp\/v2\/categories?post=233"}],"curies":[{"name":"wp","href":"https:\/\/api.w.org\/{rel}","templated":true}]}}