{"id":231,"date":"2022-05-17T13:40:33","date_gmt":"2022-05-17T17:40:33","guid":{"rendered":"http:\/\/www.cadexinc.com\/?page_id=231"},"modified":"2022-12-14T15:12:36","modified_gmt":"2022-12-14T20:12:36","slug":"fausse-tete-haute-temperature","status":"publish","type":"page","link":"https:\/\/www.cadexinc.com\/fr\/equipement\/tetes-de-betail\/fausse-tete-haute-temperature\/","title":{"rendered":"Forme de t\u00eate \u00e0 haute temp\u00e9rature, \u00e9poxy"},"content":{"rendered":"<div class=\"container\">\r\n<div class=\"row align-items-center pt-5\">\r\n<div class=\"col-sm-6\">\r\n\r\n<h3 class=\"fw-light mt-4 mb-3 model_title text-uppercase\">Caract\u00e9ristiques :<\/h3>\r\n<ul class=\"list-group\">\r\n<li>Mat\u00e9riau : \u00e9poxy coul\u00e9 \u00e0 haute temp\u00e9rature<\/li>\r\n<li>Fiche technique incluse<\/li>\r\n<li>Petites et moyennes tailles disponibles<\/li>\r\n<li>R\u00e9siste \u00e0 des temp\u00e9ratures allant jusqu'\u00e0 425\u00b0F<\/li>\r\n<\/ul>\r\n\r\n<\/div>\r\n<div class=\"col-sm-6\">\r\n<center><figure class=\"figure pt-2 cdx-border bg-white\"><img decoding=\"async\" src=\"\" alt=\"\" class=\"img-fluid\" \/><figcaption class=\"figure-caption text-center text-dark fs-7 mt-1\"><p class=\"d-flex flex-column p-2 m-0 fs-7 fst-italic mx-auto justify-content-center bg-light\"><\/p><\/figcaption><\/figure><\/center>\r\n<\/div>\r\n\r\n<\/div>\r\n<\/div>","protected":false},"excerpt":{"rendered":"<p>Caract\u00e9ristiques : Mat\u00e9riau : \u00e9poxy coul\u00e9 \u00e0 haute temp\u00e9rature Fiche technique incluse Petits et moyens formats disponibles R\u00e9sistent \u00e0 des temp\u00e9ratures allant jusqu'\u00e0 425\u00b0F<\/p>","protected":false},"author":5,"featured_media":0,"parent":3156,"menu_order":0,"comment_status":"closed","ping_status":"closed","template":"","meta":{"footnotes":""},"categories":[41],"class_list":["post-231","page","type-page","status-publish","hentry","category-headforms"],"_links":{"self":[{"href":"https:\/\/www.cadexinc.com\/fr\/wp-json\/wp\/v2\/pages\/231","targetHints":{"allow":["GET"]}}],"collection":[{"href":"https:\/\/www.cadexinc.com\/fr\/wp-json\/wp\/v2\/pages"}],"about":[{"href":"https:\/\/www.cadexinc.com\/fr\/wp-json\/wp\/v2\/types\/page"}],"author":[{"embeddable":true,"href":"https:\/\/www.cadexinc.com\/fr\/wp-json\/wp\/v2\/users\/5"}],"replies":[{"embeddable":true,"href":"https:\/\/www.cadexinc.com\/fr\/wp-json\/wp\/v2\/comments?post=231"}],"version-history":[{"count":11,"href":"https:\/\/www.cadexinc.com\/fr\/wp-json\/wp\/v2\/pages\/231\/revisions"}],"predecessor-version":[{"id":9334,"href":"https:\/\/www.cadexinc.com\/fr\/wp-json\/wp\/v2\/pages\/231\/revisions\/9334"}],"up":[{"embeddable":true,"href":"https:\/\/www.cadexinc.com\/fr\/wp-json\/wp\/v2\/pages\/3156"}],"wp:attachment":[{"href":"https:\/\/www.cadexinc.com\/fr\/wp-json\/wp\/v2\/media?parent=231"}],"wp:term":[{"taxonomy":"category","embeddable":true,"href":"https:\/\/www.cadexinc.com\/fr\/wp-json\/wp\/v2\/categories?post=231"}],"curies":[{"name":"wp","href":"https:\/\/api.w.org\/{rel}","templated":true}]}}