{"id":229,"date":"2022-05-17T13:39:42","date_gmt":"2022-05-17T17:39:42","guid":{"rendered":"http:\/\/www.cadexinc.com\/?page_id=229"},"modified":"2026-03-24T09:53:15","modified_gmt":"2026-03-24T13:53:15","slug":"en168-fausse-tete","status":"publish","type":"page","link":"https:\/\/www.cadexinc.com\/fr\/equipement\/tetes-de-betail\/en168-fausse-tete\/","title":{"rendered":"Forme de t\u00eate conforme \u00e0 EN 168"},"content":{"rendered":"<div data-elementor-type=\"wp-page\" data-elementor-id=\"229\" class=\"elementor elementor-229\">\n\t\t\t\t<div class=\"elementor-element elementor-element-4ea7c388 elementor-hidden-desktop elementor-hidden-tablet e-flex e-con-boxed e-con e-parent\" data-id=\"4ea7c388\" data-element_type=\"container\">\n\t\t\t\t\t<div class=\"e-con-inner\">\n\t\t\t\t<div class=\"elementor-element elementor-element-3dd1367 elementor-widget elementor-widget-image\" data-id=\"3dd1367\" data-element_type=\"widget\" data-widget_type=\"image.default\">\n\t\t\t\t<div class=\"elementor-widget-container\">\n\t\t\t\t\t\t\t\t\t\t\t\t\t\t\t<img fetchpriority=\"high\" decoding=\"async\" width=\"1525\" height=\"2000\" src=\"https:\/\/www.cadexinc.com\/wp-content\/uploads\/2023\/07\/hf-en168.webp\" class=\"attachment-full size-full wp-image-14751\" alt=\"\" srcset=\"https:\/\/www.cadexinc.com\/wp-content\/uploads\/2023\/07\/hf-en168.webp 1525w, https:\/\/www.cadexinc.com\/wp-content\/uploads\/2023\/07\/hf-en168-229x300.webp 229w, https:\/\/www.cadexinc.com\/wp-content\/uploads\/2023\/07\/hf-en168-781x1024.webp 781w, https:\/\/www.cadexinc.com\/wp-content\/uploads\/2023\/07\/hf-en168-768x1007.webp 768w, https:\/\/www.cadexinc.com\/wp-content\/uploads\/2023\/07\/hf-en168-1171x1536.webp 1171w, https:\/\/www.cadexinc.com\/wp-content\/uploads\/2023\/07\/hf-en168-416x546.webp 416w\" sizes=\"(max-width: 1525px) 100vw, 1525px\" \/>\t\t\t\t\t\t\t\t\t\t\t\t\t\t\t<\/div>\n\t\t\t\t<\/div>\n\t\t\t\t\t<\/div>\n\t\t\t\t<\/div>\n\t\t<div class=\"elementor-element elementor-element-4153dfe e-flex e-con-boxed e-con e-parent\" data-id=\"4153dfe\" data-element_type=\"container\">\n\t\t\t\t\t<div class=\"e-con-inner\">\n\t\t<div class=\"elementor-element elementor-element-ff618f6 e-con-full e-flex e-con e-child\" data-id=\"ff618f6\" data-element_type=\"container\">\n\t\t<div class=\"elementor-element elementor-element-f7ca7fd e-con-full e-flex e-con e-child\" data-id=\"f7ca7fd\" data-element_type=\"container\">\n\t\t<div class=\"elementor-element elementor-element-1368fc3 e-con-full equipment-main-right-block e-flex e-con e-child\" data-id=\"1368fc3\" data-element_type=\"container\">\n\t\t<div class=\"elementor-element elementor-element-5f4b897 e-con-full e-flex e-con e-child\" data-id=\"5f4b897\" data-element_type=\"container\">\n\t\t\t\t<div class=\"elementor-element elementor-element-ae1003c elementor-widget elementor-widget-text-editor\" data-id=\"ae1003c\" data-element_type=\"widget\" data-widget_type=\"text-editor.default\">\n\t\t\t\t<div class=\"elementor-widget-container\">\n\t\t\t\t\t\t\t\t\t<p class=\"cdx-title cdx-text-align-justify\">Les formes de t\u00eate EN 168 sont con\u00e7ues pour diff\u00e9rents essais, tels que les tests de protection oculaire individuelle, les essais balistiques et les tests de r\u00e9f\u00e9rence.<\/p>\t\t\t\t\t\t\t\t<\/div>\n\t\t\t\t<\/div>\n\t\t\t\t<div class=\"elementor-element elementor-element-4f47577 equipment-sub-titles elementor-widget elementor-widget-heading\" data-id=\"4f47577\" data-element_type=\"widget\" data-widget_type=\"heading.default\">\n\t\t\t\t<div class=\"elementor-widget-container\">\n\t\t\t\t\t<h6 class=\"elementor-heading-title elementor-size-default\">CARACT\u00c9RISTIQUES\u202f:<\/h6>\t\t\t\t<\/div>\n\t\t\t\t<\/div>\n\t\t\t\t<div class=\"elementor-element elementor-element-70c1fb2 elementor-widget elementor-widget-text-editor\" data-id=\"70c1fb2\" data-element_type=\"widget\" data-widget_type=\"text-editor.default\">\n\t\t\t\t<div class=\"elementor-widget-container\">\n\t\t\t\t\t\t\t\t\t<ul class=\"special-list\">\n<li>Mat\u00e9riau : ur\u00e9thane avec noyau interne<\/li>\n<li>Fiche technique incluse<\/li>\n<li>Tailles disponibles : petite et moyenne<\/li>\n<\/ul>\t\t\t\t\t\t\t\t<\/div>\n\t\t\t\t<\/div>\n\t\t\t\t<\/div>\n\t\t\t\t<\/div>\n\t\t\t\t<\/div>\n\t\t<div class=\"elementor-element elementor-element-3508dd7 e-con-full elementor-hidden-mobile e-flex e-con e-child\" data-id=\"3508dd7\" data-element_type=\"container\">\n\t\t\t\t<div class=\"elementor-element elementor-element-c83094d elementor-hidden-mobile elementor-widget elementor-widget-image\" data-id=\"c83094d\" data-element_type=\"widget\" data-widget_type=\"image.default\">\n\t\t\t\t<div class=\"elementor-widget-container\">\n\t\t\t\t\t\t\t\t\t\t\t\t\t\t\t<img fetchpriority=\"high\" decoding=\"async\" width=\"1525\" height=\"2000\" src=\"https:\/\/www.cadexinc.com\/wp-content\/uploads\/2023\/07\/hf-en168.webp\" class=\"attachment-full size-full wp-image-14751\" alt=\"\" srcset=\"https:\/\/www.cadexinc.com\/wp-content\/uploads\/2023\/07\/hf-en168.webp 1525w, https:\/\/www.cadexinc.com\/wp-content\/uploads\/2023\/07\/hf-en168-229x300.webp 229w, https:\/\/www.cadexinc.com\/wp-content\/uploads\/2023\/07\/hf-en168-781x1024.webp 781w, https:\/\/www.cadexinc.com\/wp-content\/uploads\/2023\/07\/hf-en168-768x1007.webp 768w, https:\/\/www.cadexinc.com\/wp-content\/uploads\/2023\/07\/hf-en168-1171x1536.webp 1171w, https:\/\/www.cadexinc.com\/wp-content\/uploads\/2023\/07\/hf-en168-416x546.webp 416w\" sizes=\"(max-width: 1525px) 100vw, 1525px\" \/>\t\t\t\t\t\t\t\t\t\t\t\t\t\t\t<\/div>\n\t\t\t\t<\/div>\n\t\t\t\t<\/div>\n\t\t\t\t<\/div>\n\t\t\t\t\t<\/div>\n\t\t\t\t<\/div>\n\t\t\t\t<\/div>","protected":false},"excerpt":{"rendered":"<p>EN 168 headforms are designed for different tests such as personal eye protection test, ballistic test and referencing. FEATURES: Material: urethane with internal core Technical data sheet included Sizes available: small and medium<\/p>","protected":false},"author":5,"featured_media":0,"parent":3156,"menu_order":0,"comment_status":"closed","ping_status":"closed","template":"","meta":{"footnotes":""},"categories":[41],"class_list":["post-229","page","type-page","status-publish","hentry","category-headforms"],"_links":{"self":[{"href":"https:\/\/www.cadexinc.com\/fr\/wp-json\/wp\/v2\/pages\/229","targetHints":{"allow":["GET"]}}],"collection":[{"href":"https:\/\/www.cadexinc.com\/fr\/wp-json\/wp\/v2\/pages"}],"about":[{"href":"https:\/\/www.cadexinc.com\/fr\/wp-json\/wp\/v2\/types\/page"}],"author":[{"embeddable":true,"href":"https:\/\/www.cadexinc.com\/fr\/wp-json\/wp\/v2\/users\/5"}],"replies":[{"embeddable":true,"href":"https:\/\/www.cadexinc.com\/fr\/wp-json\/wp\/v2\/comments?post=229"}],"version-history":[{"count":33,"href":"https:\/\/www.cadexinc.com\/fr\/wp-json\/wp\/v2\/pages\/229\/revisions"}],"predecessor-version":[{"id":21282,"href":"https:\/\/www.cadexinc.com\/fr\/wp-json\/wp\/v2\/pages\/229\/revisions\/21282"}],"up":[{"embeddable":true,"href":"https:\/\/www.cadexinc.com\/fr\/wp-json\/wp\/v2\/pages\/3156"}],"wp:attachment":[{"href":"https:\/\/www.cadexinc.com\/fr\/wp-json\/wp\/v2\/media?parent=229"}],"wp:term":[{"taxonomy":"category","embeddable":true,"href":"https:\/\/www.cadexinc.com\/fr\/wp-json\/wp\/v2\/categories?post=229"}],"curies":[{"name":"wp","href":"https:\/\/api.w.org\/{rel}","templated":true}]}}