{"id":227,"date":"2022-05-17T13:39:22","date_gmt":"2022-05-17T17:39:22","guid":{"rendered":"http:\/\/www.cadexinc.com\/?page_id=227"},"modified":"2026-03-24T09:50:02","modified_gmt":"2026-03-24T13:50:02","slug":"penetration-bois-dur-en1077","status":"publish","type":"page","link":"https:\/\/www.cadexinc.com\/fr\/equipement\/tetes-de-betail\/penetration-bois-dur-en1077\/","title":{"rendered":"Forme de t\u00eate EN en bois dur pour p\u00e9n\u00e9tration"},"content":{"rendered":"<div data-elementor-type=\"wp-page\" data-elementor-id=\"227\" class=\"elementor elementor-227\">\n\t\t\t\t<div class=\"elementor-element elementor-element-7fdad8b2 elementor-hidden-desktop elementor-hidden-tablet e-flex e-con-boxed e-con e-parent\" data-id=\"7fdad8b2\" data-element_type=\"container\">\n\t\t\t\t\t<div class=\"e-con-inner\">\n\t\t\t\t<div class=\"elementor-element elementor-element-7f3377b elementor-widget elementor-widget-image\" data-id=\"7f3377b\" data-element_type=\"widget\" data-widget_type=\"image.default\">\n\t\t\t\t<div class=\"elementor-widget-container\">\n\t\t\t\t\t\t\t\t\t\t\t\t\t\t\t<img fetchpriority=\"high\" decoding=\"async\" width=\"650\" height=\"647\" src=\"https:\/\/www.cadexinc.com\/wp-content\/uploads\/2023\/06\/Penetration_Hard_WoodEN.webp\" class=\"attachment-large size-large wp-image-10324\" alt=\"\" srcset=\"https:\/\/www.cadexinc.com\/wp-content\/uploads\/2023\/06\/Penetration_Hard_WoodEN.webp 650w, https:\/\/www.cadexinc.com\/wp-content\/uploads\/2023\/06\/Penetration_Hard_WoodEN-300x300.webp 300w, https:\/\/www.cadexinc.com\/wp-content\/uploads\/2023\/06\/Penetration_Hard_WoodEN-150x150.webp 150w, https:\/\/www.cadexinc.com\/wp-content\/uploads\/2023\/06\/Penetration_Hard_WoodEN-416x414.webp 416w, https:\/\/www.cadexinc.com\/wp-content\/uploads\/2023\/06\/Penetration_Hard_WoodEN-100x100.webp 100w, https:\/\/www.cadexinc.com\/wp-content\/uploads\/2023\/06\/Penetration_Hard_WoodEN-50x50.webp 50w\" sizes=\"(max-width: 650px) 100vw, 650px\" \/>\t\t\t\t\t\t\t\t\t\t\t\t\t\t\t<\/div>\n\t\t\t\t<\/div>\n\t\t\t\t\t<\/div>\n\t\t\t\t<\/div>\n\t\t<div class=\"elementor-element elementor-element-57c555b e-flex e-con-boxed e-con e-parent\" data-id=\"57c555b\" data-element_type=\"container\">\n\t\t\t\t\t<div class=\"e-con-inner\">\n\t\t<div class=\"elementor-element elementor-element-ce5d8d7 e-con-full e-flex e-con e-child\" data-id=\"ce5d8d7\" data-element_type=\"container\">\n\t\t<div class=\"elementor-element elementor-element-4627297 e-con-full e-flex e-con e-child\" data-id=\"4627297\" data-element_type=\"container\">\n\t\t<div class=\"elementor-element elementor-element-49ce1b8 e-con-full equipment-main-right-block e-flex e-con e-child\" data-id=\"49ce1b8\" data-element_type=\"container\">\n\t\t<div class=\"elementor-element elementor-element-d2c4bb0 e-con-full e-flex e-con e-child\" data-id=\"d2c4bb0\" data-element_type=\"container\">\n\t\t\t\t<div class=\"elementor-element elementor-element-48b56b7 elementor-widget elementor-widget-text-editor\" data-id=\"48b56b7\" data-element_type=\"widget\" data-widget_type=\"text-editor.default\">\n\t\t\t\t<div class=\"elementor-widget-container\">\n\t\t\t\t\t\t\t\t\t<p class=\"cdx-title cdx-text-align-justify\">Les formes de t\u00eate en bois dur pour p\u00e9n\u00e9tration (blocs d\u2019essai) sont con\u00e7ues et fabriqu\u00e9es conform\u00e9ment aux exigences des normes EN 1077, EN 13087-3 ainsi qu\u2019\u00e0 d\u2019autres standards.<\/p>\t\t\t\t\t\t\t\t<\/div>\n\t\t\t\t<\/div>\n\t\t\t\t<div class=\"elementor-element elementor-element-fe5668c equipment-sub-titles elementor-widget elementor-widget-heading\" data-id=\"fe5668c\" data-element_type=\"widget\" data-widget_type=\"heading.default\">\n\t\t\t\t<div class=\"elementor-widget-container\">\n\t\t\t\t\t<h6 class=\"elementor-heading-title elementor-size-default\">CARACT\u00c9RISTIQUES\u202f:<\/h6>\t\t\t\t<\/div>\n\t\t\t\t<\/div>\n\t\t\t\t<div class=\"elementor-element elementor-element-a58c9a2 elementor-widget elementor-widget-text-editor\" data-id=\"a58c9a2\" data-element_type=\"widget\" data-widget_type=\"text-editor.default\">\n\t\t\t\t<div class=\"elementor-widget-container\">\n\t\t\t\t\t\t\t\t\t<ul class=\"special-list\">\n<li>Mat\u00e9riau : Bois dur trait\u00e9<\/li>\n<li>Fiche technique incluse<\/li>\n<li>Partie sup\u00e9rieure conductrice en m\u00e9tal souple<\/li>\n<li>Rayon personnalis\u00e9 disponible<\/li>\n<li>Syst\u00e8me de fixation rapide pour une installation rapide<\/li>\n<\/ul>\t\t\t\t\t\t\t\t<\/div>\n\t\t\t\t<\/div>\n\t\t\t\t<\/div>\n\t\t<div class=\"elementor-element elementor-element-9ab1f18 e-con-full e-grid equipment-page-multi-image-box e-con e-child\" data-id=\"9ab1f18\" data-element_type=\"container\">\n\t\t\t\t<div class=\"elementor-element elementor-element-93d1a15 elementor-widget elementor-widget-image\" data-id=\"93d1a15\" data-element_type=\"widget\" data-widget_type=\"image.default\">\n\t\t\t\t<div class=\"elementor-widget-container\">\n\t\t\t\t\t\t\t\t\t\t\t\t<figure class=\"wp-caption\">\n\t\t\t\t\t\t\t\t\t\t<img decoding=\"async\" width=\"599\" height=\"177\" src=\"https:\/\/www.cadexinc.com\/wp-content\/uploads\/2023\/06\/Penetration_Hard_WoodEN_3.webp\" class=\"attachment-full size-full wp-image-10333\" alt=\"\" srcset=\"https:\/\/www.cadexinc.com\/wp-content\/uploads\/2023\/06\/Penetration_Hard_WoodEN_3.webp 599w, https:\/\/www.cadexinc.com\/wp-content\/uploads\/2023\/06\/Penetration_Hard_WoodEN_3-300x89.webp 300w, https:\/\/www.cadexinc.com\/wp-content\/uploads\/2023\/06\/Penetration_Hard_WoodEN_3-416x123.webp 416w\" sizes=\"(max-width: 599px) 100vw, 599px\" \/>\t\t\t\t\t\t\t\t\t\t\t<figcaption class=\"widget-image-caption wp-caption-text\">Partie sup\u00e9rieure en m\u00e9tal doux conducteur<\/figcaption>\n\t\t\t\t\t\t\t\t\t\t<\/figure>\n\t\t\t\t\t\t\t\t\t<\/div>\n\t\t\t\t<\/div>\n\t\t\t\t<\/div>\n\t\t\t\t<\/div>\n\t\t\t\t<\/div>\n\t\t<div class=\"elementor-element elementor-element-37e4487 e-con-full elementor-hidden-mobile e-flex e-con e-child\" data-id=\"37e4487\" data-element_type=\"container\">\n\t\t\t\t<div class=\"elementor-element elementor-element-326a6ba elementor-widget elementor-widget-image\" data-id=\"326a6ba\" data-element_type=\"widget\" data-widget_type=\"image.default\">\n\t\t\t\t<div class=\"elementor-widget-container\">\n\t\t\t\t\t\t\t\t\t\t\t\t\t\t\t<img fetchpriority=\"high\" decoding=\"async\" width=\"650\" height=\"647\" src=\"https:\/\/www.cadexinc.com\/wp-content\/uploads\/2023\/06\/Penetration_Hard_WoodEN.webp\" class=\"attachment-large size-large wp-image-10324\" alt=\"\" srcset=\"https:\/\/www.cadexinc.com\/wp-content\/uploads\/2023\/06\/Penetration_Hard_WoodEN.webp 650w, https:\/\/www.cadexinc.com\/wp-content\/uploads\/2023\/06\/Penetration_Hard_WoodEN-300x300.webp 300w, https:\/\/www.cadexinc.com\/wp-content\/uploads\/2023\/06\/Penetration_Hard_WoodEN-150x150.webp 150w, https:\/\/www.cadexinc.com\/wp-content\/uploads\/2023\/06\/Penetration_Hard_WoodEN-416x414.webp 416w, https:\/\/www.cadexinc.com\/wp-content\/uploads\/2023\/06\/Penetration_Hard_WoodEN-100x100.webp 100w, https:\/\/www.cadexinc.com\/wp-content\/uploads\/2023\/06\/Penetration_Hard_WoodEN-50x50.webp 50w\" sizes=\"(max-width: 650px) 100vw, 650px\" \/>\t\t\t\t\t\t\t\t\t\t\t\t\t\t\t<\/div>\n\t\t\t\t<\/div>\n\t\t\t\t<\/div>\n\t\t\t\t<\/div>\n\t\t\t\t\t<\/div>\n\t\t\t\t<\/div>\n\t\t<div class=\"elementor-element elementor-element-e19f256 e-flex e-con-boxed e-con e-parent\" data-id=\"e19f256\" data-element_type=\"container\">\n\t\t\t\t\t<div class=\"e-con-inner\">\n\t\t<div class=\"elementor-element elementor-element-878a81f e-con-full e-flex e-con e-child\" data-id=\"878a81f\" data-element_type=\"container\">\n\t\t<div class=\"elementor-element elementor-element-111b6d0 e-grid e-con-full e-con e-child\" data-id=\"111b6d0\" data-element_type=\"container\">\n\t\t<div class=\"elementor-element elementor-element-66e2d9e e-con-full e-grid equipment-page-multi-image-box e-con e-child\" data-id=\"66e2d9e\" data-element_type=\"container\">\n\t\t\t\t<div class=\"elementor-element elementor-element-ddcd235 elementor-widget elementor-widget-image\" data-id=\"ddcd235\" data-element_type=\"widget\" data-widget_type=\"image.default\">\n\t\t\t\t<div class=\"elementor-widget-container\">\n\t\t\t\t\t\t\t\t\t\t\t\t<figure class=\"wp-caption\">\n\t\t\t\t\t\t\t\t\t\t<img decoding=\"async\" width=\"444\" height=\"451\" src=\"https:\/\/www.cadexinc.com\/wp-content\/uploads\/2023\/06\/Penetration_Hard_WoodEN_2.webp\" class=\"attachment-full size-full wp-image-10330\" alt=\"\" srcset=\"https:\/\/www.cadexinc.com\/wp-content\/uploads\/2023\/06\/Penetration_Hard_WoodEN_2.webp 444w, https:\/\/www.cadexinc.com\/wp-content\/uploads\/2023\/06\/Penetration_Hard_WoodEN_2-295x300.webp 295w, https:\/\/www.cadexinc.com\/wp-content\/uploads\/2023\/06\/Penetration_Hard_WoodEN_2-416x423.webp 416w, https:\/\/www.cadexinc.com\/wp-content\/uploads\/2023\/06\/Penetration_Hard_WoodEN_2-50x50.webp 50w\" sizes=\"(max-width: 444px) 100vw, 444px\" \/>\t\t\t\t\t\t\t\t\t\t\t<figcaption class=\"widget-image-caption wp-caption-text\">Illustr\u00e9 mont\u00e9 sur une machine Cadex<\/figcaption>\n\t\t\t\t\t\t\t\t\t\t<\/figure>\n\t\t\t\t\t\t\t\t\t<\/div>\n\t\t\t\t<\/div>\n\t\t\t\t<\/div>\n\t\t\t\t<\/div>\n\t\t<div class=\"elementor-element elementor-element-86a3947 e-grid e-con-full e-con e-child\" data-id=\"86a3947\" data-element_type=\"container\">\n\t\t<div class=\"elementor-element elementor-element-eefc196 e-con-full e-grid equipment-page-multi-image-box e-con e-child\" data-id=\"eefc196\" data-element_type=\"container\">\n\t\t<div class=\"elementor-element elementor-element-a9dd4b8 e-con-full e-grid equipment-page-multi-image-box e-con e-child\" data-id=\"a9dd4b8\" data-element_type=\"container\">\n\t\t\t\t<div class=\"elementor-element elementor-element-a170fdc elementor-widget elementor-widget-image\" data-id=\"a170fdc\" data-element_type=\"widget\" data-widget_type=\"image.default\">\n\t\t\t\t<div class=\"elementor-widget-container\">\n\t\t\t\t\t\t\t\t\t\t\t\t<figure class=\"wp-caption\">\n\t\t\t\t\t\t\t\t\t\t<img loading=\"lazy\" decoding=\"async\" width=\"731\" height=\"762\" src=\"https:\/\/www.cadexinc.com\/wp-content\/uploads\/2023\/06\/Penetration_Hard_WoodEN_1.webp\" class=\"attachment-full size-full wp-image-10327\" alt=\"\" srcset=\"https:\/\/www.cadexinc.com\/wp-content\/uploads\/2023\/06\/Penetration_Hard_WoodEN_1.webp 731w, https:\/\/www.cadexinc.com\/wp-content\/uploads\/2023\/06\/Penetration_Hard_WoodEN_1-288x300.webp 288w, https:\/\/www.cadexinc.com\/wp-content\/uploads\/2023\/06\/Penetration_Hard_WoodEN_1-416x434.webp 416w\" sizes=\"(max-width: 731px) 100vw, 731px\" \/>\t\t\t\t\t\t\t\t\t\t\t<figcaption class=\"widget-image-caption wp-caption-text\">Bloc d\u2019essai pour tester la r\u00e9sistance \u00e0 la p\u00e9n\u00e9tration<\/figcaption>\n\t\t\t\t\t\t\t\t\t\t<\/figure>\n\t\t\t\t\t\t\t\t\t<\/div>\n\t\t\t\t<\/div>\n\t\t\t\t<\/div>\n\t\t\t\t<\/div>\n\t\t\t\t<\/div>\n\t\t\t\t<\/div>\n\t\t\t\t\t<\/div>\n\t\t\t\t<\/div>\n\t\t\t\t<\/div>","protected":false},"excerpt":{"rendered":"<p>The penetration hard wood headforms (test blocks) are designed and manufacture according to EN 1077, EN 13087-3 requirements as well as other standards. FEATURES: Material: Hard processed wood Technical data sheet included Soft metal conductive top part Customized radius available Quick release system for fast installation Soft metal conductive top part. Shown installed on Cadex [&hellip;]<\/p>","protected":false},"author":5,"featured_media":10322,"parent":3156,"menu_order":0,"comment_status":"closed","ping_status":"closed","template":"","meta":{"footnotes":""},"categories":[41],"class_list":["post-227","page","type-page","status-publish","has-post-thumbnail","hentry","category-headforms"],"_links":{"self":[{"href":"https:\/\/www.cadexinc.com\/fr\/wp-json\/wp\/v2\/pages\/227","targetHints":{"allow":["GET"]}}],"collection":[{"href":"https:\/\/www.cadexinc.com\/fr\/wp-json\/wp\/v2\/pages"}],"about":[{"href":"https:\/\/www.cadexinc.com\/fr\/wp-json\/wp\/v2\/types\/page"}],"author":[{"embeddable":true,"href":"https:\/\/www.cadexinc.com\/fr\/wp-json\/wp\/v2\/users\/5"}],"replies":[{"embeddable":true,"href":"https:\/\/www.cadexinc.com\/fr\/wp-json\/wp\/v2\/comments?post=227"}],"version-history":[{"count":44,"href":"https:\/\/www.cadexinc.com\/fr\/wp-json\/wp\/v2\/pages\/227\/revisions"}],"predecessor-version":[{"id":21278,"href":"https:\/\/www.cadexinc.com\/fr\/wp-json\/wp\/v2\/pages\/227\/revisions\/21278"}],"up":[{"embeddable":true,"href":"https:\/\/www.cadexinc.com\/fr\/wp-json\/wp\/v2\/pages\/3156"}],"wp:featuredmedia":[{"embeddable":true,"href":"https:\/\/www.cadexinc.com\/fr\/wp-json\/wp\/v2\/media\/10322"}],"wp:attachment":[{"href":"https:\/\/www.cadexinc.com\/fr\/wp-json\/wp\/v2\/media?parent=227"}],"wp:term":[{"taxonomy":"category","embeddable":true,"href":"https:\/\/www.cadexinc.com\/fr\/wp-json\/wp\/v2\/categories?post=227"}],"curies":[{"name":"wp","href":"https:\/\/api.w.org\/{rel}","templated":true}]}}