{"id":225,"date":"2022-05-17T13:38:50","date_gmt":"2022-05-17T17:38:50","guid":{"rendered":"http:\/\/www.cadexinc.com\/?page_id=225"},"modified":"2026-03-24T09:44:27","modified_gmt":"2026-03-24T13:44:27","slug":"penetration-bois-dur-bsi","status":"publish","type":"page","link":"https:\/\/www.cadexinc.com\/fr\/equipement\/tetes-de-betail\/penetration-bois-dur-bsi\/","title":{"rendered":"Forme de t\u00eate BSI en bois dur pour p\u00e9n\u00e9tration"},"content":{"rendered":"<div data-elementor-type=\"wp-page\" data-elementor-id=\"225\" class=\"elementor elementor-225\">\n\t\t\t\t<div class=\"elementor-element elementor-element-728df33d elementor-hidden-desktop elementor-hidden-tablet e-flex e-con-boxed e-con e-parent\" data-id=\"728df33d\" data-element_type=\"container\">\n\t\t\t\t\t<div class=\"e-con-inner\">\n\t\t\t\t<div class=\"elementor-element elementor-element-f67ec5f elementor-widget elementor-widget-image\" data-id=\"f67ec5f\" data-element_type=\"widget\" data-widget_type=\"image.default\">\n\t\t\t\t<div class=\"elementor-widget-container\">\n\t\t\t\t\t\t\t\t\t\t\t\t\t\t\t<img fetchpriority=\"high\" decoding=\"async\" width=\"620\" height=\"740\" src=\"https:\/\/www.cadexinc.com\/wp-content\/uploads\/2023\/06\/Penetration_Hard_Wood.webp\" class=\"attachment-large size-large wp-image-10299\" alt=\"\" srcset=\"https:\/\/www.cadexinc.com\/wp-content\/uploads\/2023\/06\/Penetration_Hard_Wood.webp 620w, https:\/\/www.cadexinc.com\/wp-content\/uploads\/2023\/06\/Penetration_Hard_Wood-251x300.webp 251w, https:\/\/www.cadexinc.com\/wp-content\/uploads\/2023\/06\/Penetration_Hard_Wood-416x497.webp 416w\" sizes=\"(max-width: 620px) 100vw, 620px\" \/>\t\t\t\t\t\t\t\t\t\t\t\t\t\t\t<\/div>\n\t\t\t\t<\/div>\n\t\t\t\t\t<\/div>\n\t\t\t\t<\/div>\n\t\t<div class=\"elementor-element elementor-element-5ad2c22 e-flex e-con-boxed e-con e-parent\" data-id=\"5ad2c22\" data-element_type=\"container\">\n\t\t\t\t\t<div class=\"e-con-inner\">\n\t\t<div class=\"elementor-element elementor-element-97412aa e-con-full e-flex e-con e-child\" data-id=\"97412aa\" data-element_type=\"container\">\n\t\t<div class=\"elementor-element elementor-element-e5dfd62 e-con-full e-flex e-con e-child\" data-id=\"e5dfd62\" data-element_type=\"container\">\n\t\t<div class=\"elementor-element elementor-element-d123b94 e-con-full equipment-main-right-block e-flex e-con e-child\" data-id=\"d123b94\" data-element_type=\"container\">\n\t\t<div class=\"elementor-element elementor-element-5535d8c e-con-full e-flex e-con e-child\" data-id=\"5535d8c\" data-element_type=\"container\">\n\t\t\t\t<div class=\"elementor-element elementor-element-3b792f7 elementor-widget elementor-widget-text-editor\" data-id=\"3b792f7\" data-element_type=\"widget\" data-widget_type=\"text-editor.default\">\n\t\t\t\t<div class=\"elementor-widget-container\">\n\t\t\t\t\t\t\t\t\t<p class=\"cdx-title cdx-text-align-justify\">Les formes de t\u00eate en bois dur pour p\u00e9n\u00e9tration (blocs d\u2019essai) sont con\u00e7ues et fabriqu\u00e9es conform\u00e9ment aux exigences BSI, SNI (Indon\u00e9sie) ainsi qu\u2019\u00e0 d\u2019autres normes.<\/p>\t\t\t\t\t\t\t\t<\/div>\n\t\t\t\t<\/div>\n\t\t\t\t<div class=\"elementor-element elementor-element-ed25a10 equipment-sub-titles elementor-widget elementor-widget-heading\" data-id=\"ed25a10\" data-element_type=\"widget\" data-widget_type=\"heading.default\">\n\t\t\t\t<div class=\"elementor-widget-container\">\n\t\t\t\t\t<h6 class=\"elementor-heading-title elementor-size-default\">CARACT\u00c9RISTIQUES\u202f:<\/h6>\t\t\t\t<\/div>\n\t\t\t\t<\/div>\n\t\t\t\t<div class=\"elementor-element elementor-element-6defa77 elementor-widget elementor-widget-text-editor\" data-id=\"6defa77\" data-element_type=\"widget\" data-widget_type=\"text-editor.default\">\n\t\t\t\t<div class=\"elementor-widget-container\">\n\t\t\t\t\t\t\t\t\t<ul class=\"special-list\">\n<li>Mat\u00e9riau : Bois dur trait\u00e9<\/li>\n<li>Fiche technique incluse<\/li>\n<li>Partie sup\u00e9rieure conductrice en m\u00e9tal souple<\/li>\n<li>Rayon personnalis\u00e9 disponible<\/li>\n<li> Syst\u00e8me de fixation rapide pour une installation rapide<\/li>\n<\/ul>\t\t\t\t\t\t\t\t<\/div>\n\t\t\t\t<\/div>\n\t\t\t\t<\/div>\n\t\t<div class=\"elementor-element elementor-element-c967529 e-con-full e-grid equipment-page-multi-image-box e-con e-child\" data-id=\"c967529\" data-element_type=\"container\">\n\t\t\t\t<div class=\"elementor-element elementor-element-c48d7eb elementor-widget elementor-widget-image\" data-id=\"c48d7eb\" data-element_type=\"widget\" data-widget_type=\"image.default\">\n\t\t\t\t<div class=\"elementor-widget-container\">\n\t\t\t\t\t\t\t\t\t\t\t\t<figure class=\"wp-caption\">\n\t\t\t\t\t\t\t\t\t\t<img decoding=\"async\" width=\"539\" height=\"195\" src=\"https:\/\/www.cadexinc.com\/wp-content\/uploads\/2023\/06\/Penetration_Hard_Wood_3.webp\" class=\"attachment-full size-full wp-image-10308\" alt=\"\" srcset=\"https:\/\/www.cadexinc.com\/wp-content\/uploads\/2023\/06\/Penetration_Hard_Wood_3.webp 539w, https:\/\/www.cadexinc.com\/wp-content\/uploads\/2023\/06\/Penetration_Hard_Wood_3-300x109.webp 300w, https:\/\/www.cadexinc.com\/wp-content\/uploads\/2023\/06\/Penetration_Hard_Wood_3-416x151.webp 416w\" sizes=\"(max-width: 539px) 100vw, 539px\" \/>\t\t\t\t\t\t\t\t\t\t\t<figcaption class=\"widget-image-caption wp-caption-text\">Partie sup\u00e9rieure en m\u00e9tal doux conducteur<\/figcaption>\n\t\t\t\t\t\t\t\t\t\t<\/figure>\n\t\t\t\t\t\t\t\t\t<\/div>\n\t\t\t\t<\/div>\n\t\t\t\t<\/div>\n\t\t\t\t<\/div>\n\t\t\t\t<\/div>\n\t\t<div class=\"elementor-element elementor-element-ce1810d e-con-full elementor-hidden-mobile e-flex e-con e-child\" data-id=\"ce1810d\" data-element_type=\"container\">\n\t\t\t\t<div class=\"elementor-element elementor-element-fc33e4b elementor-widget elementor-widget-image\" data-id=\"fc33e4b\" data-element_type=\"widget\" data-widget_type=\"image.default\">\n\t\t\t\t<div class=\"elementor-widget-container\">\n\t\t\t\t\t\t\t\t\t\t\t\t\t\t\t<img fetchpriority=\"high\" decoding=\"async\" width=\"620\" height=\"740\" src=\"https:\/\/www.cadexinc.com\/wp-content\/uploads\/2023\/06\/Penetration_Hard_Wood.webp\" class=\"attachment-large size-large wp-image-10299\" alt=\"\" srcset=\"https:\/\/www.cadexinc.com\/wp-content\/uploads\/2023\/06\/Penetration_Hard_Wood.webp 620w, https:\/\/www.cadexinc.com\/wp-content\/uploads\/2023\/06\/Penetration_Hard_Wood-251x300.webp 251w, https:\/\/www.cadexinc.com\/wp-content\/uploads\/2023\/06\/Penetration_Hard_Wood-416x497.webp 416w\" sizes=\"(max-width: 620px) 100vw, 620px\" \/>\t\t\t\t\t\t\t\t\t\t\t\t\t\t\t<\/div>\n\t\t\t\t<\/div>\n\t\t\t\t<\/div>\n\t\t\t\t<\/div>\n\t\t\t\t\t<\/div>\n\t\t\t\t<\/div>\n\t\t<div class=\"elementor-element elementor-element-8c712a3 e-con-full e-flex e-con e-parent\" data-id=\"8c712a3\" data-element_type=\"container\">\n\t\t<div class=\"elementor-element elementor-element-21b1515 e-grid e-con-full e-con e-child\" data-id=\"21b1515\" data-element_type=\"container\">\n\t\t<div class=\"elementor-element elementor-element-be69c02 e-con-full e-grid equipment-page-multi-image-box e-con e-child\" data-id=\"be69c02\" data-element_type=\"container\">\n\t\t\t\t<div class=\"elementor-element elementor-element-471a97b elementor-widget elementor-widget-image\" data-id=\"471a97b\" data-element_type=\"widget\" data-widget_type=\"image.default\">\n\t\t\t\t<div class=\"elementor-widget-container\">\n\t\t\t\t\t\t\t\t\t\t\t\t<figure class=\"wp-caption\">\n\t\t\t\t\t\t\t\t\t\t<img decoding=\"async\" width=\"425\" height=\"450\" src=\"https:\/\/www.cadexinc.com\/wp-content\/uploads\/2023\/06\/Penetration_Hard_Wood_2.webp\" class=\"attachment-full size-full wp-image-10305\" alt=\"\" srcset=\"https:\/\/www.cadexinc.com\/wp-content\/uploads\/2023\/06\/Penetration_Hard_Wood_2.webp 425w, https:\/\/www.cadexinc.com\/wp-content\/uploads\/2023\/06\/Penetration_Hard_Wood_2-283x300.webp 283w, https:\/\/www.cadexinc.com\/wp-content\/uploads\/2023\/06\/Penetration_Hard_Wood_2-416x440.webp 416w\" sizes=\"(max-width: 425px) 100vw, 425px\" \/>\t\t\t\t\t\t\t\t\t\t\t<figcaption class=\"widget-image-caption wp-caption-text\">Illustr\u00e9 mont\u00e9 sur une machine Cadex<\/figcaption>\n\t\t\t\t\t\t\t\t\t\t<\/figure>\n\t\t\t\t\t\t\t\t\t<\/div>\n\t\t\t\t<\/div>\n\t\t\t\t<\/div>\n\t\t\t\t<\/div>\n\t\t<div class=\"elementor-element elementor-element-9d1a52c e-grid e-con-full e-con e-child\" data-id=\"9d1a52c\" data-element_type=\"container\">\n\t\t<div class=\"elementor-element elementor-element-6976c56 e-con-full e-grid equipment-page-multi-image-box e-con e-child\" data-id=\"6976c56\" data-element_type=\"container\">\n\t\t<div class=\"elementor-element elementor-element-46dcc16 e-con-full e-grid equipment-page-multi-image-box e-con e-child\" data-id=\"46dcc16\" data-element_type=\"container\">\n\t\t\t\t<div class=\"elementor-element elementor-element-aed94a7 elementor-widget elementor-widget-image\" data-id=\"aed94a7\" data-element_type=\"widget\" data-widget_type=\"image.default\">\n\t\t\t\t<div class=\"elementor-widget-container\">\n\t\t\t\t\t\t\t\t\t\t\t\t<figure class=\"wp-caption\">\n\t\t\t\t\t\t\t\t\t\t<img loading=\"lazy\" decoding=\"async\" width=\"915\" height=\"842\" src=\"https:\/\/www.cadexinc.com\/wp-content\/uploads\/2023\/06\/Penetration_Hard_Wood_1.webp\" class=\"attachment-full size-full wp-image-10302\" alt=\"\" srcset=\"https:\/\/www.cadexinc.com\/wp-content\/uploads\/2023\/06\/Penetration_Hard_Wood_1.webp 915w, https:\/\/www.cadexinc.com\/wp-content\/uploads\/2023\/06\/Penetration_Hard_Wood_1-300x276.webp 300w, https:\/\/www.cadexinc.com\/wp-content\/uploads\/2023\/06\/Penetration_Hard_Wood_1-768x707.webp 768w, https:\/\/www.cadexinc.com\/wp-content\/uploads\/2023\/06\/Penetration_Hard_Wood_1-416x383.webp 416w\" sizes=\"(max-width: 915px) 100vw, 915px\" \/>\t\t\t\t\t\t\t\t\t\t\t<figcaption class=\"widget-image-caption wp-caption-text\">Bloc d\u2019essai pour tester la r\u00e9sistance \u00e0 la p\u00e9n\u00e9tration<\/figcaption>\n\t\t\t\t\t\t\t\t\t\t<\/figure>\n\t\t\t\t\t\t\t\t\t<\/div>\n\t\t\t\t<\/div>\n\t\t\t\t<\/div>\n\t\t\t\t<\/div>\n\t\t\t\t<\/div>\n\t\t\t\t<\/div>\n\t\t\t\t<\/div>","protected":false},"excerpt":{"rendered":"<p>The penetration hard wood headforms (test blocks) are designed and manufactured according to BSI, SNI (Indonesia) requirements as well as other standards. FEATURES: Material: Hard processed wood Technical data sheet included Soft metal conductive top part Customized radius available Quick release system for fast installation Soft metal conductive top part. Shown installed on Cadex machine. [&hellip;]<\/p>","protected":false},"author":5,"featured_media":10297,"parent":3156,"menu_order":0,"comment_status":"closed","ping_status":"closed","template":"","meta":{"footnotes":""},"categories":[41],"class_list":["post-225","page","type-page","status-publish","has-post-thumbnail","hentry","category-headforms"],"_links":{"self":[{"href":"https:\/\/www.cadexinc.com\/fr\/wp-json\/wp\/v2\/pages\/225","targetHints":{"allow":["GET"]}}],"collection":[{"href":"https:\/\/www.cadexinc.com\/fr\/wp-json\/wp\/v2\/pages"}],"about":[{"href":"https:\/\/www.cadexinc.com\/fr\/wp-json\/wp\/v2\/types\/page"}],"author":[{"embeddable":true,"href":"https:\/\/www.cadexinc.com\/fr\/wp-json\/wp\/v2\/users\/5"}],"replies":[{"embeddable":true,"href":"https:\/\/www.cadexinc.com\/fr\/wp-json\/wp\/v2\/comments?post=225"}],"version-history":[{"count":60,"href":"https:\/\/www.cadexinc.com\/fr\/wp-json\/wp\/v2\/pages\/225\/revisions"}],"predecessor-version":[{"id":21275,"href":"https:\/\/www.cadexinc.com\/fr\/wp-json\/wp\/v2\/pages\/225\/revisions\/21275"}],"up":[{"embeddable":true,"href":"https:\/\/www.cadexinc.com\/fr\/wp-json\/wp\/v2\/pages\/3156"}],"wp:featuredmedia":[{"embeddable":true,"href":"https:\/\/www.cadexinc.com\/fr\/wp-json\/wp\/v2\/media\/10297"}],"wp:attachment":[{"href":"https:\/\/www.cadexinc.com\/fr\/wp-json\/wp\/v2\/media?parent=225"}],"wp:term":[{"taxonomy":"category","embeddable":true,"href":"https:\/\/www.cadexinc.com\/fr\/wp-json\/wp\/v2\/categories?post=225"}],"curies":[{"name":"wp","href":"https:\/\/api.w.org\/{rel}","templated":true}]}}