{"id":223,"date":"2022-05-17T13:38:30","date_gmt":"2022-05-17T17:38:30","guid":{"rendered":"http:\/\/www.cadexinc.com\/?page_id=223"},"modified":"2026-03-24T10:01:01","modified_gmt":"2026-03-24T14:01:01","slug":"alderson","status":"publish","type":"page","link":"https:\/\/www.cadexinc.com\/fr\/equipement\/tetes-de-betail\/alderson\/","title":{"rendered":"Forme de t\u00eate Alderson"},"content":{"rendered":"<div data-elementor-type=\"wp-page\" data-elementor-id=\"223\" class=\"elementor elementor-223\">\n\t\t\t\t<div class=\"elementor-element elementor-element-71d7f4ae elementor-hidden-desktop elementor-hidden-tablet e-flex e-con-boxed e-con e-parent\" data-id=\"71d7f4ae\" data-element_type=\"container\">\n\t\t\t\t\t<div class=\"e-con-inner\">\n\t\t\t\t<div class=\"elementor-element elementor-element-f01c4dc elementor-widget elementor-widget-image\" data-id=\"f01c4dc\" data-element_type=\"widget\" data-widget_type=\"image.default\">\n\t\t\t\t<div class=\"elementor-widget-container\">\n\t\t\t\t\t\t\t\t\t\t\t\t\t\t\t<img fetchpriority=\"high\" decoding=\"async\" width=\"873\" height=\"971\" src=\"https:\/\/www.cadexinc.com\/wp-content\/uploads\/2023\/06\/alderson-HF.webp\" class=\"attachment-large size-large wp-image-11360\" alt=\"\" srcset=\"https:\/\/www.cadexinc.com\/wp-content\/uploads\/2023\/06\/alderson-HF.webp 873w, https:\/\/www.cadexinc.com\/wp-content\/uploads\/2023\/06\/alderson-HF-270x300.webp 270w, https:\/\/www.cadexinc.com\/wp-content\/uploads\/2023\/06\/alderson-HF-768x854.webp 768w, https:\/\/www.cadexinc.com\/wp-content\/uploads\/2023\/06\/alderson-HF-416x463.webp 416w\" sizes=\"(max-width: 873px) 100vw, 873px\" \/>\t\t\t\t\t\t\t\t\t\t\t\t\t\t\t<\/div>\n\t\t\t\t<\/div>\n\t\t\t\t\t<\/div>\n\t\t\t\t<\/div>\n\t\t<div class=\"elementor-element elementor-element-881eb64 e-flex e-con-boxed e-con e-parent\" data-id=\"881eb64\" data-element_type=\"container\">\n\t\t\t\t\t<div class=\"e-con-inner\">\n\t\t<div class=\"elementor-element elementor-element-3c78320 e-con-full e-flex e-con e-child\" data-id=\"3c78320\" data-element_type=\"container\">\n\t\t<div class=\"elementor-element elementor-element-5842b2a e-con-full e-flex e-con e-child\" data-id=\"5842b2a\" data-element_type=\"container\">\n\t\t<div class=\"elementor-element elementor-element-cea6815 e-con-full equipment-main-right-block e-flex e-con e-child\" data-id=\"cea6815\" data-element_type=\"container\">\n\t\t<div class=\"elementor-element elementor-element-e091eee e-con-full e-flex e-con e-child\" data-id=\"e091eee\" data-element_type=\"container\">\n\t\t\t\t<div class=\"elementor-element elementor-element-1627067 elementor-widget elementor-widget-text-editor\" data-id=\"1627067\" data-element_type=\"widget\" data-widget_type=\"text-editor.default\">\n\t\t\t\t<div class=\"elementor-widget-container\">\n\t\t\t\t\t\t\t\t\t<p class=\"cdx-title cdx-text-align-justify\">La t\u00eate Alderson, qui poss\u00e8de des traits faciaux, est principalement utilis\u00e9e pour les tests de lunettes et pour les essais au canon \u00e0 air.<\/p>\t\t\t\t\t\t\t\t<\/div>\n\t\t\t\t<\/div>\n\t\t\t\t<div class=\"elementor-element elementor-element-e1c52de equipment-sub-titles elementor-widget elementor-widget-heading\" data-id=\"e1c52de\" data-element_type=\"widget\" data-widget_type=\"heading.default\">\n\t\t\t\t<div class=\"elementor-widget-container\">\n\t\t\t\t\t<h6 class=\"elementor-heading-title elementor-size-default\">CARACT\u00c9RISTIQUES\u202f:<\/h6>\t\t\t\t<\/div>\n\t\t\t\t<\/div>\n\t\t\t\t<div class=\"elementor-element elementor-element-6ed316b elementor-widget elementor-widget-text-editor\" data-id=\"6ed316b\" data-element_type=\"widget\" data-widget_type=\"text-editor.default\">\n\t\t\t\t<div class=\"elementor-widget-container\">\n\t\t\t\t\t\t\t\t\t<ul class=\"special-list\">\n<li>Mat\u00e9riau : ur\u00e9thane<\/li>\n<li>Une seule taille disponible<\/li>\n<\/ul>\t\t\t\t\t\t\t\t<\/div>\n\t\t\t\t<\/div>\n\t\t\t\t<\/div>\n\t\t\t\t<\/div>\n\t\t\t\t<\/div>\n\t\t<div class=\"elementor-element elementor-element-d86e12a e-con-full e-flex e-con e-child\" data-id=\"d86e12a\" data-element_type=\"container\">\n\t\t\t\t<div class=\"elementor-element elementor-element-ef1e772 elementor-hidden-mobile elementor-widget elementor-widget-image\" data-id=\"ef1e772\" data-element_type=\"widget\" data-widget_type=\"image.default\">\n\t\t\t\t<div class=\"elementor-widget-container\">\n\t\t\t\t\t\t\t\t\t\t\t\t\t\t\t<img fetchpriority=\"high\" decoding=\"async\" width=\"873\" height=\"971\" src=\"https:\/\/www.cadexinc.com\/wp-content\/uploads\/2023\/06\/alderson-HF.webp\" class=\"attachment-large size-large wp-image-11360\" alt=\"\" srcset=\"https:\/\/www.cadexinc.com\/wp-content\/uploads\/2023\/06\/alderson-HF.webp 873w, https:\/\/www.cadexinc.com\/wp-content\/uploads\/2023\/06\/alderson-HF-270x300.webp 270w, https:\/\/www.cadexinc.com\/wp-content\/uploads\/2023\/06\/alderson-HF-768x854.webp 768w, https:\/\/www.cadexinc.com\/wp-content\/uploads\/2023\/06\/alderson-HF-416x463.webp 416w\" sizes=\"(max-width: 873px) 100vw, 873px\" \/>\t\t\t\t\t\t\t\t\t\t\t\t\t\t\t<\/div>\n\t\t\t\t<\/div>\n\t\t\t\t<\/div>\n\t\t<div class=\"elementor-element elementor-element-95ad16e e-con-full e-flex e-con e-child\" data-id=\"95ad16e\" data-element_type=\"container\">\n\t\t\t\t<\/div>\n\t\t\t\t<\/div>\n\t\t\t\t\t<\/div>\n\t\t\t\t<\/div>\n\t\t\t\t<\/div>","protected":false},"excerpt":{"rendered":"<p>The Alderson headform, which has facial features, is mainly used for eyewear testing and for air cannon testing. FEATURES: Material: urethane Only one size available<\/p>","protected":false},"author":5,"featured_media":11358,"parent":3156,"menu_order":0,"comment_status":"closed","ping_status":"closed","template":"","meta":{"footnotes":""},"categories":[41],"class_list":["post-223","page","type-page","status-publish","has-post-thumbnail","hentry","category-headforms"],"_links":{"self":[{"href":"https:\/\/www.cadexinc.com\/fr\/wp-json\/wp\/v2\/pages\/223","targetHints":{"allow":["GET"]}}],"collection":[{"href":"https:\/\/www.cadexinc.com\/fr\/wp-json\/wp\/v2\/pages"}],"about":[{"href":"https:\/\/www.cadexinc.com\/fr\/wp-json\/wp\/v2\/types\/page"}],"author":[{"embeddable":true,"href":"https:\/\/www.cadexinc.com\/fr\/wp-json\/wp\/v2\/users\/5"}],"replies":[{"embeddable":true,"href":"https:\/\/www.cadexinc.com\/fr\/wp-json\/wp\/v2\/comments?post=223"}],"version-history":[{"count":24,"href":"https:\/\/www.cadexinc.com\/fr\/wp-json\/wp\/v2\/pages\/223\/revisions"}],"predecessor-version":[{"id":21291,"href":"https:\/\/www.cadexinc.com\/fr\/wp-json\/wp\/v2\/pages\/223\/revisions\/21291"}],"up":[{"embeddable":true,"href":"https:\/\/www.cadexinc.com\/fr\/wp-json\/wp\/v2\/pages\/3156"}],"wp:featuredmedia":[{"embeddable":true,"href":"https:\/\/www.cadexinc.com\/fr\/wp-json\/wp\/v2\/media\/11358"}],"wp:attachment":[{"href":"https:\/\/www.cadexinc.com\/fr\/wp-json\/wp\/v2\/media?parent=223"}],"wp:term":[{"taxonomy":"category","embeddable":true,"href":"https:\/\/www.cadexinc.com\/fr\/wp-json\/wp\/v2\/categories?post=223"}],"curies":[{"name":"wp","href":"https:\/\/api.w.org\/{rel}","templated":true}]}}