{"id":221,"date":"2022-05-17T13:38:08","date_gmt":"2022-05-17T17:38:08","guid":{"rendered":"http:\/\/www.cadexinc.com\/?page_id=221"},"modified":"2026-03-24T09:34:33","modified_gmt":"2026-03-24T13:34:33","slug":"isea-taille-7","status":"publish","type":"page","link":"https:\/\/www.cadexinc.com\/fr\/equipement\/tetes-de-betail\/isea-taille-7\/","title":{"rendered":"Collier de t\u00eate en aluminium ISEA pour transmission de force (taille 7)"},"content":{"rendered":"<div data-elementor-type=\"wp-page\" data-elementor-id=\"221\" class=\"elementor elementor-221\">\n\t\t\t\t<div class=\"elementor-element elementor-element-7985cb7c elementor-hidden-desktop elementor-hidden-tablet e-flex e-con-boxed e-con e-parent\" data-id=\"7985cb7c\" data-element_type=\"container\">\n\t\t\t\t\t<div class=\"e-con-inner\">\n\t\t<div class=\"elementor-element elementor-element-671fae8 e-con-full e-grid equipment-page-multi-image-box e-con e-child\" data-id=\"671fae8\" data-element_type=\"container\">\n\t\t\t\t<div class=\"elementor-element elementor-element-d04dd0c elementor-widget elementor-widget-image\" data-id=\"d04dd0c\" data-element_type=\"widget\" data-widget_type=\"image.default\">\n\t\t\t\t<div class=\"elementor-widget-container\">\n\t\t\t\t\t\t\t\t\t\t\t\t<figure class=\"wp-caption\">\n\t\t\t\t\t\t\t\t\t\t<img fetchpriority=\"high\" decoding=\"async\" width=\"594\" height=\"786\" src=\"https:\/\/www.cadexinc.com\/wp-content\/uploads\/2023\/06\/Force-Transmission-ISEA_installed_on_monorail.webp\" class=\"attachment-full size-full wp-image-11328\" alt=\"\" srcset=\"https:\/\/www.cadexinc.com\/wp-content\/uploads\/2023\/06\/Force-Transmission-ISEA_installed_on_monorail.webp 594w, https:\/\/www.cadexinc.com\/wp-content\/uploads\/2023\/06\/Force-Transmission-ISEA_installed_on_monorail-227x300.webp 227w, https:\/\/www.cadexinc.com\/wp-content\/uploads\/2023\/06\/Force-Transmission-ISEA_installed_on_monorail-416x550.webp 416w\" sizes=\"(max-width: 594px) 100vw, 594px\" \/>\t\t\t\t\t\t\t\t\t\t\t<figcaption class=\"widget-image-caption wp-caption-text\">Mont\u00e9 sur le monorail d\u2019impact<\/figcaption>\n\t\t\t\t\t\t\t\t\t\t<\/figure>\n\t\t\t\t\t\t\t\t\t<\/div>\n\t\t\t\t<\/div>\n\t\t\t\t<\/div>\n\t\t\t\t\t<\/div>\n\t\t\t\t<\/div>\n\t\t<div class=\"elementor-element elementor-element-9033ea3 e-flex e-con-boxed e-con e-parent\" data-id=\"9033ea3\" data-element_type=\"container\">\n\t\t\t\t\t<div class=\"e-con-inner\">\n\t\t<div class=\"elementor-element elementor-element-f740b3e e-con-full e-flex e-con e-child\" data-id=\"f740b3e\" data-element_type=\"container\">\n\t\t<div class=\"elementor-element elementor-element-6b0383d e-con-full e-flex e-con e-child\" data-id=\"6b0383d\" data-element_type=\"container\">\n\t\t<div class=\"elementor-element elementor-element-5a94858 e-con-full equipment-main-right-block e-flex e-con e-child\" data-id=\"5a94858\" data-element_type=\"container\">\n\t\t<div class=\"elementor-element elementor-element-98bcf55 e-con-full e-flex e-con e-child\" data-id=\"98bcf55\" data-element_type=\"container\">\n\t\t\t\t<div class=\"elementor-element elementor-element-f4f7a46 elementor-widget elementor-widget-text-editor\" data-id=\"f4f7a46\" data-element_type=\"widget\" data-widget_type=\"text-editor.default\">\n\t\t\t\t<div class=\"elementor-widget-container\">\n\t\t\t\t\t\t\t\t\t<p class=\"cdx-title cdx-text-align-justify\">Cette forme de t\u00eate est utilis\u00e9e pour r\u00e9aliser des essais de transmission de force sur casques industriels, conform\u00e9ment \u00e0 la norme ANSI Z89.1. Elle est con\u00e7ue pour \u00eatre mont\u00e9e sur un ensemble cellule de charge. La g\u00e9om\u00e9trie et la masse de la forme de t\u00eate r\u00e9pondent aux exigences de l\u2019ISEA.<\/p>\t\t\t\t\t\t\t\t<\/div>\n\t\t\t\t<\/div>\n\t\t\t\t<div class=\"elementor-element elementor-element-7933c42 equipment-sub-titles elementor-widget elementor-widget-heading\" data-id=\"7933c42\" data-element_type=\"widget\" data-widget_type=\"heading.default\">\n\t\t\t\t<div class=\"elementor-widget-container\">\n\t\t\t\t\t<h6 class=\"elementor-heading-title elementor-size-default\">CARACT\u00c9RISTIQUES\u202f:<\/h6>\t\t\t\t<\/div>\n\t\t\t\t<\/div>\n\t\t\t\t<div class=\"elementor-element elementor-element-b628667 elementor-widget elementor-widget-text-editor\" data-id=\"b628667\" data-element_type=\"widget\" data-widget_type=\"text-editor.default\">\n\t\t\t\t<div class=\"elementor-widget-container\">\n\t\t\t\t\t\t\t\t\t<ul class=\"special-list\">\n<li>Mat\u00e9riau : aluminium<\/li>\n<li>Fiche technique incluse<\/li>\n<li>Usinage CNC<\/li>\n<li>Conforme aux exigences de l'ISEA en mati\u00e8re de g\u00e9om\u00e9trie et de masse<\/li>\n<li>Seule la taille 7 est disponible<\/li>\n<\/ul>\t\t\t\t\t\t\t\t<\/div>\n\t\t\t\t<\/div>\n\t\t\t\t<\/div>\n\t\t<div class=\"elementor-element elementor-element-ab908a5 e-con-full e-grid equipment-page-multi-image-box e-con e-child\" data-id=\"ab908a5\" data-element_type=\"container\">\n\t\t\t\t<div class=\"elementor-element elementor-element-9c73007 elementor-widget elementor-widget-image\" data-id=\"9c73007\" data-element_type=\"widget\" data-widget_type=\"image.default\">\n\t\t\t\t<div class=\"elementor-widget-container\">\n\t\t\t\t\t\t\t\t\t\t\t\t\t\t\t<img decoding=\"async\" width=\"699\" height=\"903\" src=\"https:\/\/www.cadexinc.com\/wp-content\/uploads\/2023\/06\/Force-Transmission-ISEA_main.webp\" class=\"attachment-full size-full wp-image-11331\" alt=\"\" srcset=\"https:\/\/www.cadexinc.com\/wp-content\/uploads\/2023\/06\/Force-Transmission-ISEA_main.webp 699w, https:\/\/www.cadexinc.com\/wp-content\/uploads\/2023\/06\/Force-Transmission-ISEA_main-232x300.webp 232w, https:\/\/www.cadexinc.com\/wp-content\/uploads\/2023\/06\/Force-Transmission-ISEA_main-416x537.webp 416w\" sizes=\"(max-width: 699px) 100vw, 699px\" \/>\t\t\t\t\t\t\t\t\t\t\t\t\t\t\t<\/div>\n\t\t\t\t<\/div>\n\t\t\t\t<\/div>\n\t\t\t\t<\/div>\n\t\t\t\t<\/div>\n\t\t<div class=\"elementor-element elementor-element-94691f4 e-con-full elementor-hidden-mobile e-flex e-con e-child\" data-id=\"94691f4\" data-element_type=\"container\">\n\t\t<div class=\"elementor-element elementor-element-ef3ef4b e-con-full e-grid equipment-page-multi-image-box e-con e-child\" data-id=\"ef3ef4b\" data-element_type=\"container\">\n\t\t\t\t<div class=\"elementor-element elementor-element-765ee35 elementor-widget elementor-widget-image\" data-id=\"765ee35\" data-element_type=\"widget\" data-widget_type=\"image.default\">\n\t\t\t\t<div class=\"elementor-widget-container\">\n\t\t\t\t\t\t\t\t\t\t\t\t<figure class=\"wp-caption\">\n\t\t\t\t\t\t\t\t\t\t<img fetchpriority=\"high\" decoding=\"async\" width=\"594\" height=\"786\" src=\"https:\/\/www.cadexinc.com\/wp-content\/uploads\/2023\/06\/Force-Transmission-ISEA_installed_on_monorail.webp\" class=\"attachment-full size-full wp-image-11328\" alt=\"\" srcset=\"https:\/\/www.cadexinc.com\/wp-content\/uploads\/2023\/06\/Force-Transmission-ISEA_installed_on_monorail.webp 594w, https:\/\/www.cadexinc.com\/wp-content\/uploads\/2023\/06\/Force-Transmission-ISEA_installed_on_monorail-227x300.webp 227w, https:\/\/www.cadexinc.com\/wp-content\/uploads\/2023\/06\/Force-Transmission-ISEA_installed_on_monorail-416x550.webp 416w\" sizes=\"(max-width: 594px) 100vw, 594px\" \/>\t\t\t\t\t\t\t\t\t\t\t<figcaption class=\"widget-image-caption wp-caption-text\">Mont\u00e9 sur le monorail d\u2019impact<\/figcaption>\n\t\t\t\t\t\t\t\t\t\t<\/figure>\n\t\t\t\t\t\t\t\t\t<\/div>\n\t\t\t\t<\/div>\n\t\t\t\t<\/div>\n\t\t\t\t<\/div>\n\t\t\t\t<\/div>\n\t\t\t\t\t<\/div>\n\t\t\t\t<\/div>\n\t\t\t\t<\/div>","protected":false},"excerpt":{"rendered":"<p>Shown installed on impact monorail. This headform is used to perform force transmission testing on hard hats, according to ANSI Z89.1 requirements. It is designed to be mounted on a load cell assembly. The headform\u2019s geometry and mass meets ISEA requirements. FEATURES: Material: aluminum Technical data sheet included CNC machined Complies to ISEA geometry and [&hellip;]<\/p>","protected":false},"author":5,"featured_media":0,"parent":3156,"menu_order":0,"comment_status":"closed","ping_status":"closed","template":"","meta":{"footnotes":""},"categories":[41],"class_list":["post-221","page","type-page","status-publish","hentry","category-headforms"],"_links":{"self":[{"href":"https:\/\/www.cadexinc.com\/fr\/wp-json\/wp\/v2\/pages\/221","targetHints":{"allow":["GET"]}}],"collection":[{"href":"https:\/\/www.cadexinc.com\/fr\/wp-json\/wp\/v2\/pages"}],"about":[{"href":"https:\/\/www.cadexinc.com\/fr\/wp-json\/wp\/v2\/types\/page"}],"author":[{"embeddable":true,"href":"https:\/\/www.cadexinc.com\/fr\/wp-json\/wp\/v2\/users\/5"}],"replies":[{"embeddable":true,"href":"https:\/\/www.cadexinc.com\/fr\/wp-json\/wp\/v2\/comments?post=221"}],"version-history":[{"count":47,"href":"https:\/\/www.cadexinc.com\/fr\/wp-json\/wp\/v2\/pages\/221\/revisions"}],"predecessor-version":[{"id":21266,"href":"https:\/\/www.cadexinc.com\/fr\/wp-json\/wp\/v2\/pages\/221\/revisions\/21266"}],"up":[{"embeddable":true,"href":"https:\/\/www.cadexinc.com\/fr\/wp-json\/wp\/v2\/pages\/3156"}],"wp:attachment":[{"href":"https:\/\/www.cadexinc.com\/fr\/wp-json\/wp\/v2\/media?parent=221"}],"wp:term":[{"taxonomy":"category","embeddable":true,"href":"https:\/\/www.cadexinc.com\/fr\/wp-json\/wp\/v2\/categories?post=221"}],"curies":[{"name":"wp","href":"https:\/\/api.w.org\/{rel}","templated":true}]}}