{"id":219,"date":"2022-05-17T13:37:46","date_gmt":"2022-05-17T17:37:46","guid":{"rendered":"http:\/\/www.cadexinc.com\/?page_id=219"},"modified":"2026-03-19T16:48:21","modified_gmt":"2026-03-19T20:48:21","slug":"point-de-penetration","status":"publish","type":"page","link":"https:\/\/www.cadexinc.com\/fr\/equipement\/tetes-de-betail\/point-de-penetration\/","title":{"rendered":"Forme de t\u00eate DOT pour p\u00e9n\u00e9tration"},"content":{"rendered":"<div data-elementor-type=\"wp-page\" data-elementor-id=\"219\" class=\"elementor elementor-219\">\n\t\t\t\t<div class=\"elementor-element elementor-element-2a30309d elementor-hidden-desktop elementor-hidden-tablet e-flex e-con-boxed e-con e-parent\" data-id=\"2a30309d\" data-element_type=\"container\">\n\t\t\t\t\t<div class=\"e-con-inner\">\n\t\t\t\t<div class=\"elementor-element elementor-element-a77560d elementor-widget elementor-widget-image\" data-id=\"a77560d\" data-element_type=\"widget\" data-widget_type=\"image.default\">\n\t\t\t\t<div class=\"elementor-widget-container\">\n\t\t\t\t\t\t\t\t\t\t\t\t\t\t\t<img fetchpriority=\"high\" decoding=\"async\" width=\"963\" height=\"1024\" src=\"https:\/\/www.cadexinc.com\/wp-content\/uploads\/2023\/06\/Penetration_DOT_Headform2-963x1024.webp\" class=\"attachment-large size-large wp-image-10228\" alt=\"\" srcset=\"https:\/\/www.cadexinc.com\/wp-content\/uploads\/2023\/06\/Penetration_DOT_Headform2-963x1024.webp 963w, https:\/\/www.cadexinc.com\/wp-content\/uploads\/2023\/06\/Penetration_DOT_Headform2-282x300.webp 282w, https:\/\/www.cadexinc.com\/wp-content\/uploads\/2023\/06\/Penetration_DOT_Headform2-768x816.webp 768w, https:\/\/www.cadexinc.com\/wp-content\/uploads\/2023\/06\/Penetration_DOT_Headform2-416x442.webp 416w, https:\/\/www.cadexinc.com\/wp-content\/uploads\/2023\/06\/Penetration_DOT_Headform2.webp 1000w\" sizes=\"(max-width: 963px) 100vw, 963px\" \/>\t\t\t\t\t\t\t\t\t\t\t\t\t\t\t<\/div>\n\t\t\t\t<\/div>\n\t\t\t\t\t<\/div>\n\t\t\t\t<\/div>\n\t\t<div class=\"elementor-element elementor-element-ef18ffa e-flex e-con-boxed e-con e-parent\" data-id=\"ef18ffa\" data-element_type=\"container\">\n\t\t\t\t\t<div class=\"e-con-inner\">\n\t\t<div class=\"elementor-element elementor-element-85be02c e-con-full e-flex e-con e-child\" data-id=\"85be02c\" data-element_type=\"container\">\n\t\t<div class=\"elementor-element elementor-element-08ca8db e-con-full e-flex e-con e-child\" data-id=\"08ca8db\" data-element_type=\"container\">\n\t\t<div class=\"elementor-element elementor-element-85b9e61 e-con-full equipment-main-right-block e-flex e-con e-child\" data-id=\"85b9e61\" data-element_type=\"container\">\n\t\t<div class=\"elementor-element elementor-element-c9c6508 e-con-full e-flex e-con e-child\" data-id=\"c9c6508\" data-element_type=\"container\">\n\t\t\t\t<div class=\"elementor-element elementor-element-90b42db elementor-widget elementor-widget-text-editor\" data-id=\"90b42db\" data-element_type=\"widget\" data-widget_type=\"text-editor.default\">\n\t\t\t\t<div class=\"elementor-widget-container\">\n\t\t\t\t\t\t\t\t\t<p class=\"cdx-title cdx-text-align-justify\">Les formes de t\u00eate DOT pour p\u00e9n\u00e9tration sont con\u00e7ues pour r\u00e9aliser les essais de p\u00e9n\u00e9tration conform\u00e9ment \u00e0 la norme FMVSS 218 et autres exigences normatives.<\/p>\t\t\t\t\t\t\t\t<\/div>\n\t\t\t\t<\/div>\n\t\t\t\t<div class=\"elementor-element elementor-element-309e51b equipment-sub-titles elementor-widget elementor-widget-heading\" data-id=\"309e51b\" data-element_type=\"widget\" data-widget_type=\"heading.default\">\n\t\t\t\t<div class=\"elementor-widget-container\">\n\t\t\t\t\t<h6 class=\"elementor-heading-title elementor-size-default\">CARACT\u00c9RISTIQUES\u202f:<\/h6>\t\t\t\t<\/div>\n\t\t\t\t<\/div>\n\t\t\t\t<div class=\"elementor-element elementor-element-d76f6cb elementor-widget elementor-widget-text-editor\" data-id=\"d76f6cb\" data-element_type=\"widget\" data-widget_type=\"text-editor.default\">\n\t\t\t\t<div class=\"elementor-widget-container\">\n\t\t\t\t\t\t\t\t\t<ul class=\"special-list\">\n<li>Mat\u00e9riau : ur\u00e9thane dur recouvert d'un rev\u00eatement conducteur<\/li>\n<li>100% CNC usin\u00e9<\/li>\n<li>Fiche technique incluse<\/li>\n<li>Sizes available: small \u2013 medium \u2013 large<\/li>\n<\/ul>\t\t\t\t\t\t\t\t<\/div>\n\t\t\t\t<\/div>\n\t\t\t\t<\/div>\n\t\t\t\t<\/div>\n\t\t\t\t<\/div>\n\t\t<div class=\"elementor-element elementor-element-b178c02 e-con-full elementor-hidden-mobile e-flex e-con e-child\" data-id=\"b178c02\" data-element_type=\"container\">\n\t\t\t\t<div class=\"elementor-element elementor-element-fea5ced elementor-widget elementor-widget-image\" data-id=\"fea5ced\" data-element_type=\"widget\" data-widget_type=\"image.default\">\n\t\t\t\t<div class=\"elementor-widget-container\">\n\t\t\t\t\t\t\t\t\t\t\t\t\t\t\t<img fetchpriority=\"high\" decoding=\"async\" width=\"963\" height=\"1024\" src=\"https:\/\/www.cadexinc.com\/wp-content\/uploads\/2023\/06\/Penetration_DOT_Headform2-963x1024.webp\" class=\"attachment-large size-large wp-image-10228\" alt=\"\" srcset=\"https:\/\/www.cadexinc.com\/wp-content\/uploads\/2023\/06\/Penetration_DOT_Headform2-963x1024.webp 963w, https:\/\/www.cadexinc.com\/wp-content\/uploads\/2023\/06\/Penetration_DOT_Headform2-282x300.webp 282w, https:\/\/www.cadexinc.com\/wp-content\/uploads\/2023\/06\/Penetration_DOT_Headform2-768x816.webp 768w, https:\/\/www.cadexinc.com\/wp-content\/uploads\/2023\/06\/Penetration_DOT_Headform2-416x442.webp 416w, https:\/\/www.cadexinc.com\/wp-content\/uploads\/2023\/06\/Penetration_DOT_Headform2.webp 1000w\" sizes=\"(max-width: 963px) 100vw, 963px\" \/>\t\t\t\t\t\t\t\t\t\t\t\t\t\t\t<\/div>\n\t\t\t\t<\/div>\n\t\t\t\t<\/div>\n\t\t\t\t<\/div>\n\t\t\t\t\t<\/div>\n\t\t\t\t<\/div>\n\t\t<div class=\"elementor-element elementor-element-5ded2b4 e-flex e-con-boxed e-con e-parent\" data-id=\"5ded2b4\" data-element_type=\"container\">\n\t\t\t\t\t<div class=\"e-con-inner\">\n\t\t<div class=\"elementor-element elementor-element-7d79549 e-con-full e-grid equipment-page-multi-image-box e-con e-child\" data-id=\"7d79549\" data-element_type=\"container\">\n\t\t\t\t<div class=\"elementor-element elementor-element-53ef4d6 elementor-widget elementor-widget-image\" data-id=\"53ef4d6\" data-element_type=\"widget\" data-widget_type=\"image.default\">\n\t\t\t\t<div class=\"elementor-widget-container\">\n\t\t\t\t\t\t\t\t\t\t\t\t<figure class=\"wp-caption\">\n\t\t\t\t\t\t\t\t\t\t<img decoding=\"async\" width=\"488\" height=\"800\" src=\"https:\/\/www.cadexinc.com\/wp-content\/uploads\/2023\/09\/Penetration_DOT_Headform3_new.webp\" class=\"attachment-full size-full wp-image-15804\" alt=\"\" srcset=\"https:\/\/www.cadexinc.com\/wp-content\/uploads\/2023\/09\/Penetration_DOT_Headform3_new.webp 488w, https:\/\/www.cadexinc.com\/wp-content\/uploads\/2023\/09\/Penetration_DOT_Headform3_new-183x300.webp 183w, https:\/\/www.cadexinc.com\/wp-content\/uploads\/2023\/09\/Penetration_DOT_Headform3_new-416x682.webp 416w\" sizes=\"(max-width: 488px) 100vw, 488px\" \/>\t\t\t\t\t\t\t\t\t\t\t<figcaption class=\"widget-image-caption wp-caption-text\">Illustr\u00e9 mont\u00e9 sur le syst\u00e8me d\u2019angle rotatif optionnel P\/N\u202f: 320_00_ADHS<\/figcaption>\n\t\t\t\t\t\t\t\t\t\t<\/figure>\n\t\t\t\t\t\t\t\t\t<\/div>\n\t\t\t\t<\/div>\n\t\t\t\t<div class=\"elementor-element elementor-element-b033daf elementor-widget elementor-widget-image\" data-id=\"b033daf\" data-element_type=\"widget\" data-widget_type=\"image.default\">\n\t\t\t\t<div class=\"elementor-widget-container\">\n\t\t\t\t\t\t\t\t\t\t\t\t<figure class=\"wp-caption\">\n\t\t\t\t\t\t\t\t\t\t<img decoding=\"async\" width=\"583\" height=\"242\" src=\"https:\/\/www.cadexinc.com\/wp-content\/uploads\/2023\/06\/Penetration_DOT_Headform1.webp\" class=\"attachment-full size-full wp-image-10224\" alt=\"\" srcset=\"https:\/\/www.cadexinc.com\/wp-content\/uploads\/2023\/06\/Penetration_DOT_Headform1.webp 583w, https:\/\/www.cadexinc.com\/wp-content\/uploads\/2023\/06\/Penetration_DOT_Headform1-300x125.webp 300w, https:\/\/www.cadexinc.com\/wp-content\/uploads\/2023\/06\/Penetration_DOT_Headform1-416x173.webp 416w\" sizes=\"(max-width: 583px) 100vw, 583px\" \/>\t\t\t\t\t\t\t\t\t\t\t<figcaption class=\"widget-image-caption wp-caption-text\">Tailles disponibles\u202f: petit, moyen et grand<\/figcaption>\n\t\t\t\t\t\t\t\t\t\t<\/figure>\n\t\t\t\t\t\t\t\t\t<\/div>\n\t\t\t\t<\/div>\n\t\t\t\t<\/div>\n\t\t\t\t\t<\/div>\n\t\t\t\t<\/div>\n\t\t\t\t<\/div>","protected":false},"excerpt":{"rendered":"<p>The penetration DOT headforms are designed to perform the penetration testing as per FMVSS 218 and other standards requirements. FEATURES: Material: hard urethane covered with conductive liner 100% CNC machined Technical data sheet included Sizes available: small \u2013 medium \u2013 large Shown installed on optional rotary angle system P\/N: 320_00_ADHS Small, medium and large sizes [&hellip;]<\/p>","protected":false},"author":5,"featured_media":0,"parent":3156,"menu_order":0,"comment_status":"closed","ping_status":"closed","template":"","meta":{"footnotes":""},"categories":[41],"class_list":["post-219","page","type-page","status-publish","hentry","category-headforms"],"_links":{"self":[{"href":"https:\/\/www.cadexinc.com\/fr\/wp-json\/wp\/v2\/pages\/219","targetHints":{"allow":["GET"]}}],"collection":[{"href":"https:\/\/www.cadexinc.com\/fr\/wp-json\/wp\/v2\/pages"}],"about":[{"href":"https:\/\/www.cadexinc.com\/fr\/wp-json\/wp\/v2\/types\/page"}],"author":[{"embeddable":true,"href":"https:\/\/www.cadexinc.com\/fr\/wp-json\/wp\/v2\/users\/5"}],"replies":[{"embeddable":true,"href":"https:\/\/www.cadexinc.com\/fr\/wp-json\/wp\/v2\/comments?post=219"}],"version-history":[{"count":105,"href":"https:\/\/www.cadexinc.com\/fr\/wp-json\/wp\/v2\/pages\/219\/revisions"}],"predecessor-version":[{"id":21261,"href":"https:\/\/www.cadexinc.com\/fr\/wp-json\/wp\/v2\/pages\/219\/revisions\/21261"}],"up":[{"embeddable":true,"href":"https:\/\/www.cadexinc.com\/fr\/wp-json\/wp\/v2\/pages\/3156"}],"wp:attachment":[{"href":"https:\/\/www.cadexinc.com\/fr\/wp-json\/wp\/v2\/media?parent=219"}],"wp:term":[{"taxonomy":"category","embeddable":true,"href":"https:\/\/www.cadexinc.com\/fr\/wp-json\/wp\/v2\/categories?post=219"}],"curies":[{"name":"wp","href":"https:\/\/api.w.org\/{rel}","templated":true}]}}