{"id":217,"date":"2022-05-17T13:37:28","date_gmt":"2022-05-17T17:37:28","guid":{"rendered":"http:\/\/www.cadexinc.com\/?page_id=217"},"modified":"2026-03-19T16:44:18","modified_gmt":"2026-03-19T20:44:18","slug":"penetration-en960-iso","status":"publish","type":"page","link":"https:\/\/www.cadexinc.com\/fr\/equipement\/tetes-de-betail\/penetration-en960-iso\/","title":{"rendered":"Forme de t\u00eate compl\u00e8te en ur\u00e9thane pour p\u00e9n\u00e9tration"},"content":{"rendered":"<div data-elementor-type=\"wp-page\" data-elementor-id=\"217\" class=\"elementor elementor-217\">\n\t\t\t\t<div class=\"elementor-element elementor-element-509c245f elementor-hidden-desktop elementor-hidden-tablet e-flex e-con-boxed e-con e-parent\" data-id=\"509c245f\" data-element_type=\"container\">\n\t\t\t\t\t<div class=\"e-con-inner\">\n\t\t\t\t<div class=\"elementor-element elementor-element-e089b08 elementor-widget elementor-widget-image\" data-id=\"e089b08\" data-element_type=\"widget\" data-widget_type=\"image.default\">\n\t\t\t\t<div class=\"elementor-widget-container\">\n\t\t\t\t\t\t\t\t\t\t\t\t\t\t\t<img fetchpriority=\"high\" decoding=\"async\" width=\"776\" height=\"1000\" src=\"https:\/\/www.cadexinc.com\/wp-content\/uploads\/2023\/06\/Penetration-EN-960ISOHF.webp\" class=\"attachment-full size-full wp-image-10250\" alt=\"\" srcset=\"https:\/\/www.cadexinc.com\/wp-content\/uploads\/2023\/06\/Penetration-EN-960ISOHF.webp 776w, https:\/\/www.cadexinc.com\/wp-content\/uploads\/2023\/06\/Penetration-EN-960ISOHF-233x300.webp 233w, https:\/\/www.cadexinc.com\/wp-content\/uploads\/2023\/06\/Penetration-EN-960ISOHF-768x990.webp 768w, https:\/\/www.cadexinc.com\/wp-content\/uploads\/2023\/06\/Penetration-EN-960ISOHF-416x536.webp 416w\" sizes=\"(max-width: 776px) 100vw, 776px\" \/>\t\t\t\t\t\t\t\t\t\t\t\t\t\t\t<\/div>\n\t\t\t\t<\/div>\n\t\t\t\t\t<\/div>\n\t\t\t\t<\/div>\n\t\t<div class=\"elementor-element elementor-element-74f65c7 e-flex e-con-boxed e-con e-parent\" data-id=\"74f65c7\" data-element_type=\"container\">\n\t\t\t\t\t<div class=\"e-con-inner\">\n\t\t<div class=\"elementor-element elementor-element-32f878f e-con-full e-flex e-con e-child\" data-id=\"32f878f\" data-element_type=\"container\">\n\t\t<div class=\"elementor-element elementor-element-0f65d76 e-con-full e-flex e-con e-child\" data-id=\"0f65d76\" data-element_type=\"container\">\n\t\t<div class=\"elementor-element elementor-element-8534b57 e-con-full equipment-main-right-block e-flex e-con e-child\" data-id=\"8534b57\" data-element_type=\"container\">\n\t\t<div class=\"elementor-element elementor-element-797b15e e-con-full e-flex e-con e-child\" data-id=\"797b15e\" data-element_type=\"container\">\n\t\t\t\t<div class=\"elementor-element elementor-element-48d1a16 elementor-widget elementor-widget-text-editor\" data-id=\"48d1a16\" data-element_type=\"widget\" data-widget_type=\"text-editor.default\">\n\t\t\t\t<div class=\"elementor-widget-container\">\n\t\t\t\t\t\t\t\t\t<p class=\"cdx-title cdx-text-align-justify\">Les formes de t\u00eate compl\u00e8tes en ur\u00e9thane pour p\u00e9n\u00e9tration, avec peinture conductrice, sont utilis\u00e9es pour les essais de p\u00e9n\u00e9tration. Elles ont \u00e9t\u00e9 con\u00e7ues et fabriqu\u00e9es conform\u00e9ment aux normes ISO\/DIS 6220 ou EN 960.<\/p>\t\t\t\t\t\t\t\t<\/div>\n\t\t\t\t<\/div>\n\t\t\t\t<div class=\"elementor-element elementor-element-9da0c75 equipment-sub-titles elementor-widget elementor-widget-heading\" data-id=\"9da0c75\" data-element_type=\"widget\" data-widget_type=\"heading.default\">\n\t\t\t\t<div class=\"elementor-widget-container\">\n\t\t\t\t\t<h6 class=\"elementor-heading-title elementor-size-default\">CARACT\u00c9RISTIQUES\u202f:<\/h6>\t\t\t\t<\/div>\n\t\t\t\t<\/div>\n\t\t\t\t<div class=\"elementor-element elementor-element-44902b2 elementor-widget elementor-widget-text-editor\" data-id=\"44902b2\" data-element_type=\"widget\" data-widget_type=\"text-editor.default\">\n\t\t\t\t<div class=\"elementor-widget-container\">\n\t\t\t\t\t\t\t\t\t<ul class=\"special-list\">\n<li>Les t\u00eates de s\u00e9rie sont accompagn\u00e9es de leur fiche technique.<\/li>\n<li>Mat\u00e9riau : ur\u00e9thane recouvert de peinture conductrice<\/li>\n<li>100% CNC usin\u00e9<\/li>\n<li>Livr\u00e9 avec un kit de retouche pour restaurer la surface si elle est endommag\u00e9e<\/li>\n<li>Peut \u00eatre mont\u00e9 \u00e0 l'aide du syst\u00e8me de fixation rapide ou sur le support de t\u00eate factice de p\u00e9n\u00e9tration (non inclus et vendu s\u00e9par\u00e9ment).<\/li>\n<li>Letter sizes available (ISO\/DIS 6220): A \u2013 C \u2013 D \u2013 E \u2013 G \u2013 J \u2013 K \u2013 M \u2013 O<\/li>\n<li>Number sizes available (EN 960): 495 \u2013 515 \u2013 525 \u2013 535 \u2013 555 \u2013 575 \u2013 585 \u2013 605 \u2013 625<\/li>\n<\/ul>\t\t\t\t\t\t\t\t<\/div>\n\t\t\t\t<\/div>\n\t\t\t\t<\/div>\n\t\t\t\t<\/div>\n\t\t\t\t<\/div>\n\t\t<div class=\"elementor-element elementor-element-fb2f13d e-con-full elementor-hidden-mobile e-flex e-con e-child\" data-id=\"fb2f13d\" data-element_type=\"container\">\n\t\t\t\t<div class=\"elementor-element elementor-element-b8011fd elementor-hidden-mobile elementor-widget elementor-widget-image\" data-id=\"b8011fd\" data-element_type=\"widget\" data-widget_type=\"image.default\">\n\t\t\t\t<div class=\"elementor-widget-container\">\n\t\t\t\t\t\t\t\t\t\t\t\t\t\t\t<img fetchpriority=\"high\" decoding=\"async\" width=\"776\" height=\"1000\" src=\"https:\/\/www.cadexinc.com\/wp-content\/uploads\/2023\/06\/Penetration-EN-960ISOHF.webp\" class=\"attachment-full size-full wp-image-10250\" alt=\"\" srcset=\"https:\/\/www.cadexinc.com\/wp-content\/uploads\/2023\/06\/Penetration-EN-960ISOHF.webp 776w, https:\/\/www.cadexinc.com\/wp-content\/uploads\/2023\/06\/Penetration-EN-960ISOHF-233x300.webp 233w, https:\/\/www.cadexinc.com\/wp-content\/uploads\/2023\/06\/Penetration-EN-960ISOHF-768x990.webp 768w, https:\/\/www.cadexinc.com\/wp-content\/uploads\/2023\/06\/Penetration-EN-960ISOHF-416x536.webp 416w\" sizes=\"(max-width: 776px) 100vw, 776px\" \/>\t\t\t\t\t\t\t\t\t\t\t\t\t\t\t<\/div>\n\t\t\t\t<\/div>\n\t\t\t\t<\/div>\n\t\t\t\t<\/div>\n\t\t\t\t\t<\/div>\n\t\t\t\t<\/div>\n\t\t<div class=\"elementor-element elementor-element-d859039 e-con-full e-flex e-con e-parent\" data-id=\"d859039\" data-element_type=\"container\">\n\t\t<div class=\"elementor-element elementor-element-c0944f6 e-grid e-con-full e-con e-child\" data-id=\"c0944f6\" data-element_type=\"container\">\n\t\t<div class=\"elementor-element elementor-element-56a0c69 e-con-full e-grid equipment-page-multi-image-box e-con e-child\" data-id=\"56a0c69\" data-element_type=\"container\">\n\t\t\t\t<div class=\"elementor-element elementor-element-d347548 elementor-widget elementor-widget-image\" data-id=\"d347548\" data-element_type=\"widget\" data-widget_type=\"image.default\">\n\t\t\t\t<div class=\"elementor-widget-container\">\n\t\t\t\t\t\t\t\t\t\t\t\t<figure class=\"wp-caption\">\n\t\t\t\t\t\t\t\t\t\t<img decoding=\"async\" width=\"401\" height=\"636\" src=\"https:\/\/www.cadexinc.com\/wp-content\/uploads\/2023\/06\/Penetration-EN-960ISOHF_1.webp\" class=\"attachment-full size-full wp-image-10253\" alt=\"\" srcset=\"https:\/\/www.cadexinc.com\/wp-content\/uploads\/2023\/06\/Penetration-EN-960ISOHF_1.webp 401w, https:\/\/www.cadexinc.com\/wp-content\/uploads\/2023\/06\/Penetration-EN-960ISOHF_1-189x300.webp 189w\" sizes=\"(max-width: 401px) 100vw, 401px\" \/>\t\t\t\t\t\t\t\t\t\t\t<figcaption class=\"widget-image-caption wp-caption-text\"><div style=\"padding-left:10px;padding-right:10px;font-size:12px\">Illustr\u00e9 mont\u00e9 sur le support de forme de t\u00eate pour p\u00e9n\u00e9tration optionnel P\/N\u202f: 300_14_PHBC<\/div><\/figcaption>\n\t\t\t\t\t\t\t\t\t\t<\/figure>\n\t\t\t\t\t\t\t\t\t<\/div>\n\t\t\t\t<\/div>\n\t\t\t\t<\/div>\n\t\t\t\t<\/div>\n\t\t<div class=\"elementor-element elementor-element-a6ebde4 e-grid e-con-full e-con e-child\" data-id=\"a6ebde4\" data-element_type=\"container\">\n\t\t<div class=\"elementor-element elementor-element-989e5fd e-con-full e-grid equipment-page-multi-image-box e-con e-child\" data-id=\"989e5fd\" data-element_type=\"container\">\n\t\t<div class=\"elementor-element elementor-element-2e09142 e-con-full e-grid equipment-page-multi-image-box e-con e-child\" data-id=\"2e09142\" data-element_type=\"container\">\n\t\t\t\t<div class=\"elementor-element elementor-element-f0ef5ac elementor-widget elementor-widget-image\" data-id=\"f0ef5ac\" data-element_type=\"widget\" data-widget_type=\"image.default\">\n\t\t\t\t<div class=\"elementor-widget-container\">\n\t\t\t\t\t\t\t\t\t\t\t\t<figure class=\"wp-caption\">\n\t\t\t\t\t\t\t\t\t\t<img decoding=\"async\" width=\"741\" height=\"300\" src=\"https:\/\/www.cadexinc.com\/wp-content\/uploads\/2025\/08\/Optional-Quick-System.webp\" class=\"attachment-full size-full wp-image-20149\" alt=\"\" srcset=\"https:\/\/www.cadexinc.com\/wp-content\/uploads\/2025\/08\/Optional-Quick-System.webp 741w, https:\/\/www.cadexinc.com\/wp-content\/uploads\/2025\/08\/Optional-Quick-System-300x121.webp 300w, https:\/\/www.cadexinc.com\/wp-content\/uploads\/2025\/08\/Optional-Quick-System-18x7.webp 18w, https:\/\/www.cadexinc.com\/wp-content\/uploads\/2025\/08\/Optional-Quick-System-416x168.webp 416w\" sizes=\"(max-width: 741px) 100vw, 741px\" \/>\t\t\t\t\t\t\t\t\t\t\t<figcaption class=\"widget-image-caption wp-caption-text\">Syst\u00e8me de verrouillage rapide optionnel \u2013 P\/N : 300_08_UHSP<\/figcaption>\n\t\t\t\t\t\t\t\t\t\t<\/figure>\n\t\t\t\t\t\t\t\t\t<\/div>\n\t\t\t\t<\/div>\n\t\t\t\t<div class=\"elementor-element elementor-element-1c55baf elementor-widget elementor-widget-image\" data-id=\"1c55baf\" data-element_type=\"widget\" data-widget_type=\"image.default\">\n\t\t\t\t<div class=\"elementor-widget-container\">\n\t\t\t\t\t\t\t\t\t\t\t\t<figure class=\"wp-caption\">\n\t\t\t\t\t\t\t\t\t\t<img loading=\"lazy\" decoding=\"async\" width=\"1000\" height=\"404\" src=\"https:\/\/www.cadexinc.com\/wp-content\/uploads\/2023\/06\/Penetration-EN-960ISOHF_4.webp\" class=\"attachment-full size-full wp-image-10262\" alt=\"\" srcset=\"https:\/\/www.cadexinc.com\/wp-content\/uploads\/2023\/06\/Penetration-EN-960ISOHF_4.webp 1000w, https:\/\/www.cadexinc.com\/wp-content\/uploads\/2023\/06\/Penetration-EN-960ISOHF_4-300x121.webp 300w, https:\/\/www.cadexinc.com\/wp-content\/uploads\/2023\/06\/Penetration-EN-960ISOHF_4-768x310.webp 768w, https:\/\/www.cadexinc.com\/wp-content\/uploads\/2023\/06\/Penetration-EN-960ISOHF_4-416x168.webp 416w\" sizes=\"(max-width: 1000px) 100vw, 1000px\" \/>\t\t\t\t\t\t\t\t\t\t\t<figcaption class=\"widget-image-caption wp-caption-text\">Toutes les tailles standard sont disponibles<\/figcaption>\n\t\t\t\t\t\t\t\t\t\t<\/figure>\n\t\t\t\t\t\t\t\t\t<\/div>\n\t\t\t\t<\/div>\n\t\t\t\t<\/div>\n\t\t\t\t<\/div>\n\t\t\t\t<\/div>\n\t\t\t\t<\/div>\n\t\t\t\t<\/div>","protected":false},"excerpt":{"rendered":"<p>The penetration full urethane headforms with conductive paint are used for penetration test. The headforms have been designed and manufactured according to the ISO\/DIS 6220 or EN 960 standards. FEATURES: Headforms comes with their technical datasheet Material: urethane covered with conductive paint 100% CNC machined Comes with a touch up kit to restore the surface [&hellip;]<\/p>","protected":false},"author":5,"featured_media":10249,"parent":3156,"menu_order":0,"comment_status":"closed","ping_status":"closed","template":"","meta":{"footnotes":""},"categories":[41],"class_list":["post-217","page","type-page","status-publish","has-post-thumbnail","hentry","category-headforms"],"_links":{"self":[{"href":"https:\/\/www.cadexinc.com\/fr\/wp-json\/wp\/v2\/pages\/217","targetHints":{"allow":["GET"]}}],"collection":[{"href":"https:\/\/www.cadexinc.com\/fr\/wp-json\/wp\/v2\/pages"}],"about":[{"href":"https:\/\/www.cadexinc.com\/fr\/wp-json\/wp\/v2\/types\/page"}],"author":[{"embeddable":true,"href":"https:\/\/www.cadexinc.com\/fr\/wp-json\/wp\/v2\/users\/5"}],"replies":[{"embeddable":true,"href":"https:\/\/www.cadexinc.com\/fr\/wp-json\/wp\/v2\/comments?post=217"}],"version-history":[{"count":191,"href":"https:\/\/www.cadexinc.com\/fr\/wp-json\/wp\/v2\/pages\/217\/revisions"}],"predecessor-version":[{"id":21258,"href":"https:\/\/www.cadexinc.com\/fr\/wp-json\/wp\/v2\/pages\/217\/revisions\/21258"}],"up":[{"embeddable":true,"href":"https:\/\/www.cadexinc.com\/fr\/wp-json\/wp\/v2\/pages\/3156"}],"wp:featuredmedia":[{"embeddable":true,"href":"https:\/\/www.cadexinc.com\/fr\/wp-json\/wp\/v2\/media\/10249"}],"wp:attachment":[{"href":"https:\/\/www.cadexinc.com\/fr\/wp-json\/wp\/v2\/media?parent=217"}],"wp:term":[{"taxonomy":"category","embeddable":true,"href":"https:\/\/www.cadexinc.com\/fr\/wp-json\/wp\/v2\/categories?post=217"}],"curies":[{"name":"wp","href":"https:\/\/api.w.org\/{rel}","templated":true}]}}