{"id":215,"date":"2022-05-17T13:37:12","date_gmt":"2022-05-17T17:37:12","guid":{"rendered":"http:\/\/www.cadexinc.com\/?page_id=215"},"modified":"2026-03-19T16:41:43","modified_gmt":"2026-03-19T20:41:43","slug":"penetration-csa","status":"publish","type":"page","link":"https:\/\/www.cadexinc.com\/fr\/equipement\/tetes-de-betail\/penetration-csa\/","title":{"rendered":"Forme de t\u00eate semi-ur\u00e9e pour p\u00e9n\u00e9tration selon ISO\/DIS 6220"},"content":{"rendered":"<div data-elementor-type=\"wp-page\" data-elementor-id=\"215\" class=\"elementor elementor-215\">\n\t\t\t\t<div class=\"elementor-element elementor-element-718633e1 elementor-hidden-desktop elementor-hidden-tablet e-flex e-con-boxed e-con e-parent\" data-id=\"718633e1\" data-element_type=\"container\">\n\t\t\t\t\t<div class=\"e-con-inner\">\n\t\t\t\t<div class=\"elementor-element elementor-element-4cc9c6d elementor-widget elementor-widget-image\" data-id=\"4cc9c6d\" data-element_type=\"widget\" data-widget_type=\"image.default\">\n\t\t\t\t<div class=\"elementor-widget-container\">\n\t\t\t\t\t\t\t\t\t\t\t\t\t\t\t<img fetchpriority=\"high\" decoding=\"async\" width=\"980\" height=\"805\" src=\"https:\/\/www.cadexinc.com\/wp-content\/uploads\/2023\/06\/penetration-hald-HF-main-1024x841.webp\" class=\"attachment-large size-large wp-image-11630\" alt=\"\" srcset=\"https:\/\/www.cadexinc.com\/wp-content\/uploads\/2023\/06\/penetration-hald-HF-main-1024x841.webp 1024w, https:\/\/www.cadexinc.com\/wp-content\/uploads\/2023\/06\/penetration-hald-HF-main-300x246.webp 300w, https:\/\/www.cadexinc.com\/wp-content\/uploads\/2023\/06\/penetration-hald-HF-main-768x631.webp 768w, https:\/\/www.cadexinc.com\/wp-content\/uploads\/2023\/06\/penetration-hald-HF-main-416x342.webp 416w, https:\/\/www.cadexinc.com\/wp-content\/uploads\/2023\/06\/penetration-hald-HF-main.webp 1500w\" sizes=\"(max-width: 980px) 100vw, 980px\" \/>\t\t\t\t\t\t\t\t\t\t\t\t\t\t\t<\/div>\n\t\t\t\t<\/div>\n\t\t\t\t\t<\/div>\n\t\t\t\t<\/div>\n\t\t<div class=\"elementor-element elementor-element-341d101 e-flex e-con-boxed e-con e-parent\" data-id=\"341d101\" data-element_type=\"container\">\n\t\t\t\t\t<div class=\"e-con-inner\">\n\t\t<div class=\"elementor-element elementor-element-3f5e668 e-con-full e-flex e-con e-child\" data-id=\"3f5e668\" data-element_type=\"container\">\n\t\t<div class=\"elementor-element elementor-element-8c32802 e-con-full e-flex e-con e-child\" data-id=\"8c32802\" data-element_type=\"container\">\n\t\t<div class=\"elementor-element elementor-element-5707e7c e-con-full equipment-main-right-block e-flex e-con e-child\" data-id=\"5707e7c\" data-element_type=\"container\">\n\t\t<div class=\"elementor-element elementor-element-6d75db6 e-con-full e-flex e-con e-child\" data-id=\"6d75db6\" data-element_type=\"container\">\n\t\t\t\t<div class=\"elementor-element elementor-element-702b729 elementor-widget elementor-widget-text-editor\" data-id=\"702b729\" data-element_type=\"widget\" data-widget_type=\"text-editor.default\">\n\t\t\t\t<div class=\"elementor-widget-container\">\n\t\t\t\t\t\t\t\t\t<p class=\"cdx-title cdx-text-align-justify\">Les formes de t\u00eate semi-ur\u00e9es, avec peinture conductrice, sont utilis\u00e9es pour r\u00e9aliser la proc\u00e9dure de test de p\u00e9n\u00e9tration selon CSA Z94.1 et autres normes. Elles ont \u00e9t\u00e9 con\u00e7ues et fabriqu\u00e9es conform\u00e9ment \u00e0 la norme ISO\/DIS 6220. Ces formes de t\u00eate sont con\u00e7ues pour tomber sur un enclume de p\u00e9n\u00e9tration.<\/p>\t\t\t\t\t\t\t\t<\/div>\n\t\t\t\t<\/div>\n\t\t\t\t<div class=\"elementor-element elementor-element-f70d19d equipment-sub-titles elementor-widget elementor-widget-heading\" data-id=\"f70d19d\" data-element_type=\"widget\" data-widget_type=\"heading.default\">\n\t\t\t\t<div class=\"elementor-widget-container\">\n\t\t\t\t\t<h6 class=\"elementor-heading-title elementor-size-default\">CARACT\u00c9RISTIQUES\u202f:<\/h6>\t\t\t\t<\/div>\n\t\t\t\t<\/div>\n\t\t\t\t<div class=\"elementor-element elementor-element-73e2dde elementor-widget elementor-widget-text-editor\" data-id=\"73e2dde\" data-element_type=\"widget\" data-widget_type=\"text-editor.default\">\n\t\t\t\t<div class=\"elementor-widget-container\">\n\t\t\t\t\t\t\t\t\t<ul class=\"special-list\">\n<li>Les t\u00eates de s\u00e9rie sont accompagn\u00e9es de leur fiche technique.<\/li>\n<li>Mat\u00e9riau : ur\u00e9thane recouvert de peinture conductrice<\/li>\n<li>Duret\u00e9 : 60 +\/- 5 Shore D<\/li>\n<li>Conforme aux exigences g\u00e9om\u00e9triques de l'ISEA<\/li>\n<li>Sizes available: A \u2013 E \u2013 J \u2013 M \u2013 O<\/li>\n<\/ul>\t\t\t\t\t\t\t\t<\/div>\n\t\t\t\t<\/div>\n\t\t\t\t<\/div>\n\t\t\t\t<\/div>\n\t\t\t\t<\/div>\n\t\t<div class=\"elementor-element elementor-element-facc8e2 e-con-full elementor-hidden-mobile e-flex e-con e-child\" data-id=\"facc8e2\" data-element_type=\"container\">\n\t\t\t\t<div class=\"elementor-element elementor-element-5382e23 elementor-widget elementor-widget-image\" data-id=\"5382e23\" data-element_type=\"widget\" data-widget_type=\"image.default\">\n\t\t\t\t<div class=\"elementor-widget-container\">\n\t\t\t\t\t\t\t\t\t\t\t\t\t\t\t<img fetchpriority=\"high\" decoding=\"async\" width=\"980\" height=\"805\" src=\"https:\/\/www.cadexinc.com\/wp-content\/uploads\/2023\/06\/penetration-hald-HF-main-1024x841.webp\" class=\"attachment-large size-large wp-image-11630\" alt=\"\" srcset=\"https:\/\/www.cadexinc.com\/wp-content\/uploads\/2023\/06\/penetration-hald-HF-main-1024x841.webp 1024w, https:\/\/www.cadexinc.com\/wp-content\/uploads\/2023\/06\/penetration-hald-HF-main-300x246.webp 300w, https:\/\/www.cadexinc.com\/wp-content\/uploads\/2023\/06\/penetration-hald-HF-main-768x631.webp 768w, https:\/\/www.cadexinc.com\/wp-content\/uploads\/2023\/06\/penetration-hald-HF-main-416x342.webp 416w, https:\/\/www.cadexinc.com\/wp-content\/uploads\/2023\/06\/penetration-hald-HF-main.webp 1500w\" sizes=\"(max-width: 980px) 100vw, 980px\" \/>\t\t\t\t\t\t\t\t\t\t\t\t\t\t\t<\/div>\n\t\t\t\t<\/div>\n\t\t\t\t<\/div>\n\t\t\t\t<\/div>\n\t\t\t\t\t<\/div>\n\t\t\t\t<\/div>\n\t\t<div class=\"elementor-element elementor-element-cbd4305 e-flex e-con-boxed e-con e-parent\" data-id=\"cbd4305\" data-element_type=\"container\">\n\t\t\t\t\t<div class=\"e-con-inner\">\n\t\t<div class=\"elementor-element elementor-element-2592149 e-con-full e-grid equipment-page-multi-image-box e-con e-child\" data-id=\"2592149\" data-element_type=\"container\">\n\t\t\t\t<div class=\"elementor-element elementor-element-d4e2e99 elementor-widget elementor-widget-image\" data-id=\"d4e2e99\" data-element_type=\"widget\" data-widget_type=\"image.default\">\n\t\t\t\t<div class=\"elementor-widget-container\">\n\t\t\t\t\t\t\t\t\t\t\t\t<figure class=\"wp-caption\">\n\t\t\t\t\t\t\t\t\t\t<img decoding=\"async\" width=\"1634\" height=\"492\" src=\"https:\/\/www.cadexinc.com\/wp-content\/uploads\/2025\/03\/PenetrationHalfUrethaneHeadform_SizesAvailable.webp\" class=\"attachment-full size-full wp-image-17709\" alt=\"\" srcset=\"https:\/\/www.cadexinc.com\/wp-content\/uploads\/2025\/03\/PenetrationHalfUrethaneHeadform_SizesAvailable.webp 1634w, https:\/\/www.cadexinc.com\/wp-content\/uploads\/2025\/03\/PenetrationHalfUrethaneHeadform_SizesAvailable-300x90.webp 300w, https:\/\/www.cadexinc.com\/wp-content\/uploads\/2025\/03\/PenetrationHalfUrethaneHeadform_SizesAvailable-1024x308.webp 1024w, https:\/\/www.cadexinc.com\/wp-content\/uploads\/2025\/03\/PenetrationHalfUrethaneHeadform_SizesAvailable-768x231.webp 768w, https:\/\/www.cadexinc.com\/wp-content\/uploads\/2025\/03\/PenetrationHalfUrethaneHeadform_SizesAvailable-1536x462.webp 1536w, https:\/\/www.cadexinc.com\/wp-content\/uploads\/2025\/03\/PenetrationHalfUrethaneHeadform_SizesAvailable-18x5.webp 18w, https:\/\/www.cadexinc.com\/wp-content\/uploads\/2025\/03\/PenetrationHalfUrethaneHeadform_SizesAvailable-416x125.webp 416w\" sizes=\"(max-width: 1634px) 100vw, 1634px\" \/>\t\t\t\t\t\t\t\t\t\t\t<figcaption class=\"widget-image-caption wp-caption-text\">Tailles disponibles : A - E - J - M - O<\/figcaption>\n\t\t\t\t\t\t\t\t\t\t<\/figure>\n\t\t\t\t\t\t\t\t\t<\/div>\n\t\t\t\t<\/div>\n\t\t\t\t<\/div>\n\t\t\t\t\t<\/div>\n\t\t\t\t<\/div>\n\t\t\t\t<\/div>","protected":false},"excerpt":{"rendered":"<p>The half urethane headforms, with conductive paint, are used to achieve the penetration testing procedure as per CSA-Z94.1 and other standards. They have been designed and manufactured to meet the ISO\/DIS 6220 standards. The headforms have been designed to fall on a penetrator anvil. FEATURES: Headforms comes with their technical datasheet Material: urethane covered with [&hellip;]<\/p>","protected":false},"author":5,"featured_media":11631,"parent":3156,"menu_order":0,"comment_status":"closed","ping_status":"closed","template":"","meta":{"footnotes":""},"categories":[41],"class_list":["post-215","page","type-page","status-publish","has-post-thumbnail","hentry","category-headforms"],"_links":{"self":[{"href":"https:\/\/www.cadexinc.com\/fr\/wp-json\/wp\/v2\/pages\/215","targetHints":{"allow":["GET"]}}],"collection":[{"href":"https:\/\/www.cadexinc.com\/fr\/wp-json\/wp\/v2\/pages"}],"about":[{"href":"https:\/\/www.cadexinc.com\/fr\/wp-json\/wp\/v2\/types\/page"}],"author":[{"embeddable":true,"href":"https:\/\/www.cadexinc.com\/fr\/wp-json\/wp\/v2\/users\/5"}],"replies":[{"embeddable":true,"href":"https:\/\/www.cadexinc.com\/fr\/wp-json\/wp\/v2\/comments?post=215"}],"version-history":[{"count":37,"href":"https:\/\/www.cadexinc.com\/fr\/wp-json\/wp\/v2\/pages\/215\/revisions"}],"predecessor-version":[{"id":21255,"href":"https:\/\/www.cadexinc.com\/fr\/wp-json\/wp\/v2\/pages\/215\/revisions\/21255"}],"up":[{"embeddable":true,"href":"https:\/\/www.cadexinc.com\/fr\/wp-json\/wp\/v2\/pages\/3156"}],"wp:featuredmedia":[{"embeddable":true,"href":"https:\/\/www.cadexinc.com\/fr\/wp-json\/wp\/v2\/media\/11631"}],"wp:attachment":[{"href":"https:\/\/www.cadexinc.com\/fr\/wp-json\/wp\/v2\/media?parent=215"}],"wp:term":[{"taxonomy":"category","embeddable":true,"href":"https:\/\/www.cadexinc.com\/fr\/wp-json\/wp\/v2\/categories?post=215"}],"curies":[{"name":"wp","href":"https:\/\/api.w.org\/{rel}","templated":true}]}}