{"id":213,"date":"2022-05-17T13:36:37","date_gmt":"2022-05-17T17:36:37","guid":{"rendered":"http:\/\/www.cadexinc.com\/?page_id=213"},"modified":"2026-03-19T16:38:46","modified_gmt":"2026-03-19T20:38:46","slug":"forme-de-tete-iso","status":"publish","type":"page","link":"https:\/\/www.cadexinc.com\/fr\/equipement\/tetes-de-betail\/forme-de-tete-iso\/","title":{"rendered":"Forme de t\u00eate semi-ur\u00e9thane conforme ISO\/DIS 6220"},"content":{"rendered":"<div data-elementor-type=\"wp-page\" data-elementor-id=\"213\" class=\"elementor elementor-213\">\n\t\t\t\t<div class=\"elementor-element elementor-element-19b71053 elementor-hidden-desktop elementor-hidden-tablet e-flex e-con-boxed e-con e-parent\" data-id=\"19b71053\" data-element_type=\"container\">\n\t\t\t\t\t<div class=\"e-con-inner\">\n\t\t\t\t<div class=\"elementor-element elementor-element-455d239 elementor-widget elementor-widget-image\" data-id=\"455d239\" data-element_type=\"widget\" data-widget_type=\"image.default\">\n\t\t\t\t<div class=\"elementor-widget-container\">\n\t\t\t\t\t\t\t\t\t\t\t\t\t\t\t<img fetchpriority=\"high\" decoding=\"async\" width=\"980\" height=\"827\" src=\"https:\/\/www.cadexinc.com\/wp-content\/uploads\/2025\/03\/HalfUrethaneHeadform_main.webp\" class=\"attachment-large size-large wp-image-17689\" alt=\"\" srcset=\"https:\/\/www.cadexinc.com\/wp-content\/uploads\/2025\/03\/HalfUrethaneHeadform_main.webp 1000w, https:\/\/www.cadexinc.com\/wp-content\/uploads\/2025\/03\/HalfUrethaneHeadform_main-300x253.webp 300w, https:\/\/www.cadexinc.com\/wp-content\/uploads\/2025\/03\/HalfUrethaneHeadform_main-768x648.webp 768w, https:\/\/www.cadexinc.com\/wp-content\/uploads\/2025\/03\/HalfUrethaneHeadform_main-14x12.webp 14w, https:\/\/www.cadexinc.com\/wp-content\/uploads\/2025\/03\/HalfUrethaneHeadform_main-416x351.webp 416w\" sizes=\"(max-width: 980px) 100vw, 980px\" \/>\t\t\t\t\t\t\t\t\t\t\t\t\t\t\t<\/div>\n\t\t\t\t<\/div>\n\t\t\t\t\t<\/div>\n\t\t\t\t<\/div>\n\t\t<div class=\"elementor-element elementor-element-3288dc9 e-flex e-con-boxed e-con e-parent\" data-id=\"3288dc9\" data-element_type=\"container\">\n\t\t\t\t\t<div class=\"e-con-inner\">\n\t\t<div class=\"elementor-element elementor-element-0314534 e-con-full e-flex e-con e-child\" data-id=\"0314534\" data-element_type=\"container\">\n\t\t<div class=\"elementor-element elementor-element-8b52251 e-con-full e-flex e-con e-child\" data-id=\"8b52251\" data-element_type=\"container\">\n\t\t<div class=\"elementor-element elementor-element-a5b8705 e-con-full equipment-main-right-block e-flex e-con e-child\" data-id=\"a5b8705\" data-element_type=\"container\">\n\t\t<div class=\"elementor-element elementor-element-99aee56 e-con-full e-flex e-con e-child\" data-id=\"99aee56\" data-element_type=\"container\">\n\t\t\t\t<div class=\"elementor-element elementor-element-530634d elementor-widget elementor-widget-text-editor\" data-id=\"530634d\" data-element_type=\"widget\" data-widget_type=\"text-editor.default\">\n\t\t\t\t<div class=\"elementor-widget-container\">\n\t\t\t\t\t\t\t\t\t<p class=\"cdx-title cdx-text-align-justify\">Les formes de t\u00eate semi-compl\u00e8tes en ur\u00e9thane sont utilis\u00e9es pour les essais d\u2019impact uniaxial. Elles ont \u00e9t\u00e9 con\u00e7ues et fabriqu\u00e9es conform\u00e9ment \u00e0 la norme ISO\/DIS 6220.<\/p>\t\t\t\t\t\t\t\t<\/div>\n\t\t\t\t<\/div>\n\t\t\t\t<div class=\"elementor-element elementor-element-a3a596d equipment-sub-titles elementor-widget elementor-widget-heading\" data-id=\"a3a596d\" data-element_type=\"widget\" data-widget_type=\"heading.default\">\n\t\t\t\t<div class=\"elementor-widget-container\">\n\t\t\t\t\t<h6 class=\"elementor-heading-title elementor-size-default\">CARACT\u00c9RISTIQUES\u202f:<\/h6>\t\t\t\t<\/div>\n\t\t\t\t<\/div>\n\t\t\t\t<div class=\"elementor-element elementor-element-d18c2a4 elementor-widget elementor-widget-text-editor\" data-id=\"d18c2a4\" data-element_type=\"widget\" data-widget_type=\"text-editor.default\">\n\t\t\t\t<div class=\"elementor-widget-container\">\n\t\t\t\t\t\t\t\t\t<ul class=\"special-list\">\n<li>Les t\u00eates de s\u00e9rie sont accompagn\u00e9es de leur fiche technique.<\/li>\n<li>Mat\u00e9riau : ur\u00e9thane<\/li>\n<li>Duret\u00e9 : 60 +\/- 5 Shore D<\/li>\n<li>Sizes available: A \u2013 E \u2013 J \u2013 M \u2013 O<\/li>\n<\/ul>\t\t\t\t\t\t\t\t<\/div>\n\t\t\t\t<\/div>\n\t\t\t\t<\/div>\n\t\t<div class=\"elementor-element elementor-element-404579a e-con-full e-grid equipment-page-multi-image-box e-con e-child\" data-id=\"404579a\" data-element_type=\"container\">\n\t\t\t\t<div class=\"elementor-element elementor-element-750a37c elementor-widget elementor-widget-image\" data-id=\"750a37c\" data-element_type=\"widget\" data-widget_type=\"image.default\">\n\t\t\t\t<div class=\"elementor-widget-container\">\n\t\t\t\t\t\t\t\t\t\t\t\t<figure class=\"wp-caption\">\n\t\t\t\t\t\t\t\t\t\t<img decoding=\"async\" width=\"637\" height=\"476\" src=\"https:\/\/www.cadexinc.com\/wp-content\/uploads\/2025\/03\/HalfUrethaneHeadform_InsideView.webp\" class=\"attachment-full size-full wp-image-17694\" alt=\"\" srcset=\"https:\/\/www.cadexinc.com\/wp-content\/uploads\/2025\/03\/HalfUrethaneHeadform_InsideView.webp 637w, https:\/\/www.cadexinc.com\/wp-content\/uploads\/2025\/03\/HalfUrethaneHeadform_InsideView-300x224.webp 300w, https:\/\/www.cadexinc.com\/wp-content\/uploads\/2025\/03\/HalfUrethaneHeadform_InsideView-16x12.webp 16w, https:\/\/www.cadexinc.com\/wp-content\/uploads\/2025\/03\/HalfUrethaneHeadform_InsideView-324x243.webp 324w, https:\/\/www.cadexinc.com\/wp-content\/uploads\/2025\/03\/HalfUrethaneHeadform_InsideView-416x311.webp 416w\" sizes=\"(max-width: 637px) 100vw, 637px\" \/>\t\t\t\t\t\t\t\t\t\t\t<figcaption class=\"widget-image-caption wp-caption-text\">Vue int\u00e9rieure<\/figcaption>\n\t\t\t\t\t\t\t\t\t\t<\/figure>\n\t\t\t\t\t\t\t\t\t<\/div>\n\t\t\t\t<\/div>\n\t\t\t\t<\/div>\n\t\t\t\t<\/div>\n\t\t\t\t<\/div>\n\t\t<div class=\"elementor-element elementor-element-f836b19 e-con-full elementor-hidden-mobile e-flex e-con e-child\" data-id=\"f836b19\" data-element_type=\"container\">\n\t\t\t\t<div class=\"elementor-element elementor-element-fc7c7f2 elementor-widget elementor-widget-image\" data-id=\"fc7c7f2\" data-element_type=\"widget\" data-widget_type=\"image.default\">\n\t\t\t\t<div class=\"elementor-widget-container\">\n\t\t\t\t\t\t\t\t\t\t\t\t\t\t\t<img fetchpriority=\"high\" decoding=\"async\" width=\"980\" height=\"827\" src=\"https:\/\/www.cadexinc.com\/wp-content\/uploads\/2025\/03\/HalfUrethaneHeadform_main.webp\" class=\"attachment-large size-large wp-image-17689\" alt=\"\" srcset=\"https:\/\/www.cadexinc.com\/wp-content\/uploads\/2025\/03\/HalfUrethaneHeadform_main.webp 1000w, https:\/\/www.cadexinc.com\/wp-content\/uploads\/2025\/03\/HalfUrethaneHeadform_main-300x253.webp 300w, https:\/\/www.cadexinc.com\/wp-content\/uploads\/2025\/03\/HalfUrethaneHeadform_main-768x648.webp 768w, https:\/\/www.cadexinc.com\/wp-content\/uploads\/2025\/03\/HalfUrethaneHeadform_main-14x12.webp 14w, https:\/\/www.cadexinc.com\/wp-content\/uploads\/2025\/03\/HalfUrethaneHeadform_main-416x351.webp 416w\" sizes=\"(max-width: 980px) 100vw, 980px\" \/>\t\t\t\t\t\t\t\t\t\t\t\t\t\t\t<\/div>\n\t\t\t\t<\/div>\n\t\t\t\t<\/div>\n\t\t\t\t<\/div>\n\t\t\t\t\t<\/div>\n\t\t\t\t<\/div>\n\t\t<div class=\"elementor-element elementor-element-c4a0ea4 e-flex e-con-boxed e-con e-parent\" data-id=\"c4a0ea4\" data-element_type=\"container\">\n\t\t\t\t\t<div class=\"e-con-inner\">\n\t\t<div class=\"elementor-element elementor-element-8bb7aa5 e-con-full e-grid equipment-page-multi-image-box e-con e-child\" data-id=\"8bb7aa5\" data-element_type=\"container\">\n\t\t\t\t<div class=\"elementor-element elementor-element-67d0461 elementor-widget elementor-widget-image\" data-id=\"67d0461\" data-element_type=\"widget\" data-widget_type=\"image.default\">\n\t\t\t\t<div class=\"elementor-widget-container\">\n\t\t\t\t\t\t\t\t\t\t\t\t<figure class=\"wp-caption\">\n\t\t\t\t\t\t\t\t\t\t<img decoding=\"async\" width=\"1145\" height=\"250\" src=\"https:\/\/www.cadexinc.com\/wp-content\/uploads\/2025\/03\/HalfUrethaneHeadform_SizesAvailable.webp\" class=\"attachment-full size-full wp-image-17690\" alt=\"\" srcset=\"https:\/\/www.cadexinc.com\/wp-content\/uploads\/2025\/03\/HalfUrethaneHeadform_SizesAvailable.webp 1145w, https:\/\/www.cadexinc.com\/wp-content\/uploads\/2025\/03\/HalfUrethaneHeadform_SizesAvailable-300x66.webp 300w, https:\/\/www.cadexinc.com\/wp-content\/uploads\/2025\/03\/HalfUrethaneHeadform_SizesAvailable-1024x224.webp 1024w, https:\/\/www.cadexinc.com\/wp-content\/uploads\/2025\/03\/HalfUrethaneHeadform_SizesAvailable-768x168.webp 768w, https:\/\/www.cadexinc.com\/wp-content\/uploads\/2025\/03\/HalfUrethaneHeadform_SizesAvailable-18x4.webp 18w, https:\/\/www.cadexinc.com\/wp-content\/uploads\/2025\/03\/HalfUrethaneHeadform_SizesAvailable-416x91.webp 416w\" sizes=\"(max-width: 1145px) 100vw, 1145px\" \/>\t\t\t\t\t\t\t\t\t\t\t<figcaption class=\"widget-image-caption wp-caption-text\">Tailles disponibles : A - E - J - M - O<\/figcaption>\n\t\t\t\t\t\t\t\t\t\t<\/figure>\n\t\t\t\t\t\t\t\t\t<\/div>\n\t\t\t\t<\/div>\n\t\t\t\t<\/div>\n\t\t\t\t\t<\/div>\n\t\t\t\t<\/div>\n\t\t\t\t<\/div>","protected":false},"excerpt":{"rendered":"<p>The half urethane headforms are used for uniaxial impact testing. They have been designed and manufactured to meet the ISO\/DIS 6220 standards. FEATURES: Headforms comes with their technical datasheet Material: urethane Hardness: 60 +\/- 5 Shore D Sizes available: A \u2013 E \u2013 J \u2013 M \u2013 O Inside view Sizes available: A &#8211; E [&hellip;]<\/p>","protected":false},"author":5,"featured_media":0,"parent":3156,"menu_order":0,"comment_status":"closed","ping_status":"closed","template":"","meta":{"footnotes":""},"categories":[41],"class_list":["post-213","page","type-page","status-publish","hentry","category-headforms"],"_links":{"self":[{"href":"https:\/\/www.cadexinc.com\/fr\/wp-json\/wp\/v2\/pages\/213","targetHints":{"allow":["GET"]}}],"collection":[{"href":"https:\/\/www.cadexinc.com\/fr\/wp-json\/wp\/v2\/pages"}],"about":[{"href":"https:\/\/www.cadexinc.com\/fr\/wp-json\/wp\/v2\/types\/page"}],"author":[{"embeddable":true,"href":"https:\/\/www.cadexinc.com\/fr\/wp-json\/wp\/v2\/users\/5"}],"replies":[{"embeddable":true,"href":"https:\/\/www.cadexinc.com\/fr\/wp-json\/wp\/v2\/comments?post=213"}],"version-history":[{"count":58,"href":"https:\/\/www.cadexinc.com\/fr\/wp-json\/wp\/v2\/pages\/213\/revisions"}],"predecessor-version":[{"id":21252,"href":"https:\/\/www.cadexinc.com\/fr\/wp-json\/wp\/v2\/pages\/213\/revisions\/21252"}],"up":[{"embeddable":true,"href":"https:\/\/www.cadexinc.com\/fr\/wp-json\/wp\/v2\/pages\/3156"}],"wp:attachment":[{"href":"https:\/\/www.cadexinc.com\/fr\/wp-json\/wp\/v2\/media?parent=213"}],"wp:term":[{"taxonomy":"category","embeddable":true,"href":"https:\/\/www.cadexinc.com\/fr\/wp-json\/wp\/v2\/categories?post=213"}],"curies":[{"name":"wp","href":"https:\/\/api.w.org\/{rel}","templated":true}]}}