{"id":211,"date":"2022-05-17T13:36:13","date_gmt":"2022-05-17T17:36:13","guid":{"rendered":"http:\/\/www.cadexinc.com\/?page_id=211"},"modified":"2026-03-19T16:36:37","modified_gmt":"2026-03-19T20:36:37","slug":"kit-de-cellules-mountaineers-headform","status":"publish","type":"page","link":"https:\/\/www.cadexinc.com\/fr\/equipement\/tetes-de-betail\/kit-de-cellules-mountaineers-headform\/","title":{"rendered":"Forme de t\u00eate semi-magn\u00e9sium pour tests de casques d\u2019alpinisme"},"content":{"rendered":"<div data-elementor-type=\"wp-page\" data-elementor-id=\"211\" class=\"elementor elementor-211\">\n\t\t\t\t<div class=\"elementor-element elementor-element-777ddc4d elementor-hidden-desktop elementor-hidden-tablet e-flex e-con-boxed e-con e-parent\" data-id=\"777ddc4d\" data-element_type=\"container\">\n\t\t\t\t\t<div class=\"e-con-inner\">\n\t\t\t\t<div class=\"elementor-element elementor-element-67c9ec7 elementor-widget elementor-widget-image\" data-id=\"67c9ec7\" data-element_type=\"widget\" data-widget_type=\"image.default\">\n\t\t\t\t<div class=\"elementor-widget-container\">\n\t\t\t\t\t\t\t\t\t\t\t\t\t\t\t<img fetchpriority=\"high\" decoding=\"async\" width=\"801\" height=\"782\" src=\"https:\/\/www.cadexinc.com\/wp-content\/uploads\/2023\/06\/100_01_HHM_C_1.webp\" class=\"attachment-large size-large wp-image-10173\" alt=\"\" srcset=\"https:\/\/www.cadexinc.com\/wp-content\/uploads\/2023\/06\/100_01_HHM_C_1.webp 801w, https:\/\/www.cadexinc.com\/wp-content\/uploads\/2023\/06\/100_01_HHM_C_1-300x293.webp 300w, https:\/\/www.cadexinc.com\/wp-content\/uploads\/2023\/06\/100_01_HHM_C_1-768x750.webp 768w, https:\/\/www.cadexinc.com\/wp-content\/uploads\/2023\/06\/100_01_HHM_C_1-416x406.webp 416w, https:\/\/www.cadexinc.com\/wp-content\/uploads\/2023\/06\/100_01_HHM_C_1-50x50.webp 50w\" sizes=\"(max-width: 801px) 100vw, 801px\" \/>\t\t\t\t\t\t\t\t\t\t\t\t\t\t\t<\/div>\n\t\t\t\t<\/div>\n\t\t\t\t\t<\/div>\n\t\t\t\t<\/div>\n\t\t<div class=\"elementor-element elementor-element-4b8c923 e-flex e-con-boxed e-con e-parent\" data-id=\"4b8c923\" data-element_type=\"container\">\n\t\t\t\t\t<div class=\"e-con-inner\">\n\t\t<div class=\"elementor-element elementor-element-aaea791 e-con-full e-flex e-con e-child\" data-id=\"aaea791\" data-element_type=\"container\">\n\t\t<div class=\"elementor-element elementor-element-7544c7e e-con-full e-flex e-con e-child\" data-id=\"7544c7e\" data-element_type=\"container\">\n\t\t<div class=\"elementor-element elementor-element-df02540 e-con-full equipment-main-right-block e-flex e-con e-child\" data-id=\"df02540\" data-element_type=\"container\">\n\t\t<div class=\"elementor-element elementor-element-6534e19 e-con-full e-flex e-con e-child\" data-id=\"6534e19\" data-element_type=\"container\">\n\t\t\t\t<div class=\"elementor-element elementor-element-73bff19 elementor-widget elementor-widget-text-editor\" data-id=\"73bff19\" data-element_type=\"widget\" data-widget_type=\"text-editor.default\">\n\t\t\t\t<div class=\"elementor-widget-container\">\n\t\t\t\t\t\t\t\t\t<p class=\"cdx-title cdx-text-align-justify\">Les formes de t\u00eate semi-compl\u00e8tes en magn\u00e9sium K1A, avec d\u00e9coupes pour la r\u00e9partition de la charge, sont con\u00e7ues et fabriqu\u00e9es conform\u00e9ment \u00e0 la norme EN 12492 pour les tests de casques d\u2019alpinisme. Leur g\u00e9om\u00e9trie est conforme \u00e0 la norme EN 960.<\/p>\t\t\t\t\t\t\t\t<\/div>\n\t\t\t\t<\/div>\n\t\t\t\t<div class=\"elementor-element elementor-element-04124e2 equipment-sub-titles elementor-widget elementor-widget-heading\" data-id=\"04124e2\" data-element_type=\"widget\" data-widget_type=\"heading.default\">\n\t\t\t\t<div class=\"elementor-widget-container\">\n\t\t\t\t\t<h6 class=\"elementor-heading-title elementor-size-default\">CARACT\u00c9RISTIQUES\u202f:<\/h6>\t\t\t\t<\/div>\n\t\t\t\t<\/div>\n\t\t\t\t<div class=\"elementor-element elementor-element-14bc68b elementor-widget elementor-widget-text-editor\" data-id=\"14bc68b\" data-element_type=\"widget\" data-widget_type=\"text-editor.default\">\n\t\t\t\t<div class=\"elementor-widget-container\">\n\t\t\t\t\t\t\t\t\t<ul class=\"special-list\">\n<li>Application de la r\u00e9partition de la charge<\/li>\n<li>Les t\u00eates de s\u00e9rie sont accompagn\u00e9es de leur fiche technique.<\/li>\n<li>Mat\u00e9riau : Magn\u00e9sium K1A<\/li>\n<li>100% CNC usin\u00e9<\/li>\n<li>Les lignes d'essai sont grav\u00e9es par CNC<\/li>\n<li>Letter sizes available: A \u2013 D \u2013 E \u2013 G \u2013 J \u2013 K \u2013 M \u2013 O<\/li>\n<li>Number sizes available: 495 \u2013 515 \u2013 535 \u2013 555 \u2013 575 \u2013 605 \u2013 625<\/li>\n<\/ul>\t\t\t\t\t\t\t\t<\/div>\n\t\t\t\t<\/div>\n\t\t\t\t<\/div>\n\t\t\t\t<\/div>\n\t\t\t\t<\/div>\n\t\t<div class=\"elementor-element elementor-element-b58afba e-con-full elementor-hidden-mobile e-flex e-con e-child\" data-id=\"b58afba\" data-element_type=\"container\">\n\t\t\t\t<div class=\"elementor-element elementor-element-24216a4 elementor-widget elementor-widget-image\" data-id=\"24216a4\" data-element_type=\"widget\" data-widget_type=\"image.default\">\n\t\t\t\t<div class=\"elementor-widget-container\">\n\t\t\t\t\t\t\t\t\t\t\t\t\t\t\t<img fetchpriority=\"high\" decoding=\"async\" width=\"801\" height=\"782\" src=\"https:\/\/www.cadexinc.com\/wp-content\/uploads\/2023\/06\/100_01_HHM_C_1.webp\" class=\"attachment-large size-large wp-image-10173\" alt=\"\" srcset=\"https:\/\/www.cadexinc.com\/wp-content\/uploads\/2023\/06\/100_01_HHM_C_1.webp 801w, https:\/\/www.cadexinc.com\/wp-content\/uploads\/2023\/06\/100_01_HHM_C_1-300x293.webp 300w, https:\/\/www.cadexinc.com\/wp-content\/uploads\/2023\/06\/100_01_HHM_C_1-768x750.webp 768w, https:\/\/www.cadexinc.com\/wp-content\/uploads\/2023\/06\/100_01_HHM_C_1-416x406.webp 416w, https:\/\/www.cadexinc.com\/wp-content\/uploads\/2023\/06\/100_01_HHM_C_1-50x50.webp 50w\" sizes=\"(max-width: 801px) 100vw, 801px\" \/>\t\t\t\t\t\t\t\t\t\t\t\t\t\t\t<\/div>\n\t\t\t\t<\/div>\n\t\t\t\t<\/div>\n\t\t\t\t<\/div>\n\t\t\t\t\t<\/div>\n\t\t\t\t<\/div>\n\t\t<div class=\"elementor-element elementor-element-b0d860d e-con-full e-flex e-con e-parent\" data-id=\"b0d860d\" data-element_type=\"container\">\n\t\t<div class=\"elementor-element elementor-element-70c68d4 e-grid e-con-full e-con e-child\" data-id=\"70c68d4\" data-element_type=\"container\">\n\t\t<div class=\"elementor-element elementor-element-a52012c e-con-full e-grid equipment-page-multi-image-box e-con e-child\" data-id=\"a52012c\" data-element_type=\"container\">\n\t\t\t\t<div class=\"elementor-element elementor-element-17a5c38 elementor-widget elementor-widget-image\" data-id=\"17a5c38\" data-element_type=\"widget\" data-widget_type=\"image.default\">\n\t\t\t\t<div class=\"elementor-widget-container\">\n\t\t\t\t\t\t\t\t\t\t\t\t<figure class=\"wp-caption\">\n\t\t\t\t\t\t\t\t\t\t<img decoding=\"async\" width=\"510\" height=\"675\" src=\"https:\/\/www.cadexinc.com\/wp-content\/uploads\/2023\/06\/half-mountaineer.webp\" class=\"attachment-full size-full wp-image-10218\" alt=\"\" srcset=\"https:\/\/www.cadexinc.com\/wp-content\/uploads\/2023\/06\/half-mountaineer.webp 510w, https:\/\/www.cadexinc.com\/wp-content\/uploads\/2023\/06\/half-mountaineer-227x300.webp 227w, https:\/\/www.cadexinc.com\/wp-content\/uploads\/2023\/06\/half-mountaineer-416x551.webp 416w\" sizes=\"(max-width: 510px) 100vw, 510px\" \/>\t\t\t\t\t\t\t\t\t\t\t<figcaption class=\"widget-image-caption wp-caption-text\">Vue int\u00e9rieure<\/figcaption>\n\t\t\t\t\t\t\t\t\t\t<\/figure>\n\t\t\t\t\t\t\t\t\t<\/div>\n\t\t\t\t<\/div>\n\t\t\t\t<\/div>\n\t\t\t\t<\/div>\n\t\t<div class=\"elementor-element elementor-element-7fc95b9 e-grid e-con-full e-con e-child\" data-id=\"7fc95b9\" data-element_type=\"container\">\n\t\t<div class=\"elementor-element elementor-element-9efa6fe e-con-full e-grid equipment-page-multi-image-box e-con e-child\" data-id=\"9efa6fe\" data-element_type=\"container\">\n\t\t<div class=\"elementor-element elementor-element-610b8a3 e-con-full e-grid equipment-page-multi-image-box e-con e-child\" data-id=\"610b8a3\" data-element_type=\"container\">\n\t\t<div class=\"elementor-element elementor-element-10db10f e-grid e-con-full equipment-images-left-block e-con e-child\" data-id=\"10db10f\" data-element_type=\"container\">\n\t\t\t\t<div class=\"elementor-element elementor-element-a28271a elementor-widget__width-initial elementor-widget elementor-widget-html\" data-id=\"a28271a\" data-element_type=\"widget\" data-widget_type=\"html.default\">\n\t\t\t\t<div class=\"elementor-widget-container\">\n\t\t\t\t\t<!-- vision begin -->\n<div class=\"vision-map vision-map-20\"data-json-src=\"https:\/\/www.cadexinc.com\/wp-content\/uploads\/vision\/20\/config.json?ver=1742838171\" data-item-id=\"20\" tabindex=\"1\" style=\"display:none;\" >\n<div class=\"vision-store\">\n<div class=\"vision-layers-data\">\n<div class=\"vision-layer\" data-layer-id=\"1e2afa56\"><\/div>\n<div class=\"vision-layer\" data-layer-id=\"c21adb5b\"><\/div>\n<\/div>\n<div class=\"vision-tooltips-data\">\n<div class=\"vision-data\" data-layer-id=\"1e2afa56\"><p>Cliquez-moi<\/p><\/div>\n<div class=\"vision-data\" data-layer-id=\"c21adb5b\"><\/div>\n<\/div>\n<div class=\"vision-popovers-data\">\n<div class=\"vision-data\" data-layer-id=\"1e2afa56\"><\/div>\n<div class=\"vision-data\" data-layer-id=\"c21adb5b\"><\/div>\n<\/div>\n<\/div>\n<\/div>\n<!-- vision end -->\n\n<figcaption style=\"padding-bottom: 5px !important;background-color:lightgray; text-align:center;color:black;font-size:12px;padding-top: 5px !important;font-family: \"kozuka gothic pro regular\", sans-serif !important;border-bottom: unset !important;\" class=\"widget-image-caption wp-caption-text\">\u00c0 monter sur l\u2019ensemble cellule de charge (P\/N\u202f: 200_06_LCA3_22) avec le bras sph\u00e9rique int\u00e9rieur en aluminium, la pince et l\u2019interface cellule de charge (P\/N\u202f: 300_02_BACLI) \u2013 Vendus s\u00e9par\u00e9ment<\/figcaption>\t\t\t\t<\/div>\n\t\t\t\t<\/div>\n\t\t\t\t<\/div>\n\t\t\t\t<\/div>\n\t\t\t\t<\/div>\n\t\t\t\t<\/div>\n\t\t\t\t<\/div>\n\t\t\t\t<\/div>","protected":false},"excerpt":{"rendered":"<p>The half magnesium K1A headforms, with cuts for load distribution, are designed and manufactured in accordance with EN 12492 for mountaineers\u2019 helmet testing. Its geometry complies with EN 960. FEATURES: Load distribution application Headforms comes with their technical datasheet Material: Magnesium K1A 100% CNC machined Testing lines are CNC engraved Letter sizes available: A \u2013 [&hellip;]<\/p>","protected":false},"author":5,"featured_media":10173,"parent":3156,"menu_order":0,"comment_status":"closed","ping_status":"closed","template":"","meta":{"footnotes":""},"categories":[41],"class_list":["post-211","page","type-page","status-publish","has-post-thumbnail","hentry","category-headforms"],"_links":{"self":[{"href":"https:\/\/www.cadexinc.com\/fr\/wp-json\/wp\/v2\/pages\/211","targetHints":{"allow":["GET"]}}],"collection":[{"href":"https:\/\/www.cadexinc.com\/fr\/wp-json\/wp\/v2\/pages"}],"about":[{"href":"https:\/\/www.cadexinc.com\/fr\/wp-json\/wp\/v2\/types\/page"}],"author":[{"embeddable":true,"href":"https:\/\/www.cadexinc.com\/fr\/wp-json\/wp\/v2\/users\/5"}],"replies":[{"embeddable":true,"href":"https:\/\/www.cadexinc.com\/fr\/wp-json\/wp\/v2\/comments?post=211"}],"version-history":[{"count":118,"href":"https:\/\/www.cadexinc.com\/fr\/wp-json\/wp\/v2\/pages\/211\/revisions"}],"predecessor-version":[{"id":21249,"href":"https:\/\/www.cadexinc.com\/fr\/wp-json\/wp\/v2\/pages\/211\/revisions\/21249"}],"up":[{"embeddable":true,"href":"https:\/\/www.cadexinc.com\/fr\/wp-json\/wp\/v2\/pages\/3156"}],"wp:featuredmedia":[{"embeddable":true,"href":"https:\/\/www.cadexinc.com\/fr\/wp-json\/wp\/v2\/media\/10173"}],"wp:attachment":[{"href":"https:\/\/www.cadexinc.com\/fr\/wp-json\/wp\/v2\/media?parent=211"}],"wp:term":[{"taxonomy":"category","embeddable":true,"href":"https:\/\/www.cadexinc.com\/fr\/wp-json\/wp\/v2\/categories?post=211"}],"curies":[{"name":"wp","href":"https:\/\/api.w.org\/{rel}","templated":true}]}}