{"id":209,"date":"2022-05-17T13:35:49","date_gmt":"2022-05-17T17:35:49","guid":{"rendered":"http:\/\/www.cadexinc.com\/?page_id=209"},"modified":"2026-03-19T16:33:35","modified_gmt":"2026-03-19T20:33:35","slug":"en960-full-urethane","status":"publish","type":"page","link":"https:\/\/www.cadexinc.com\/fr\/equipement\/tetes-de-betail\/en960-full-urethane\/","title":{"rendered":"Forme de t\u00eate compl\u00e8te en ur\u00e9thane"},"content":{"rendered":"<div data-elementor-type=\"wp-page\" data-elementor-id=\"209\" class=\"elementor elementor-209\">\n\t\t\t\t<div class=\"elementor-element elementor-element-3f118eda elementor-hidden-desktop elementor-hidden-tablet e-flex e-con-boxed e-con e-parent\" data-id=\"3f118eda\" data-element_type=\"container\">\n\t\t\t\t\t<div class=\"e-con-inner\">\n\t\t\t\t<div class=\"elementor-element elementor-element-f1b94af elementor-widget elementor-widget-image\" data-id=\"f1b94af\" data-element_type=\"widget\" data-widget_type=\"image.default\">\n\t\t\t\t<div class=\"elementor-widget-container\">\n\t\t\t\t\t\t\t\t\t\t\t\t\t\t\t<img fetchpriority=\"high\" decoding=\"async\" width=\"653\" height=\"903\" src=\"https:\/\/www.cadexinc.com\/wp-content\/uploads\/2023\/06\/Urethane_Full_Size_Headform.webp\" class=\"attachment-large size-large wp-image-10346\" alt=\"\" srcset=\"https:\/\/www.cadexinc.com\/wp-content\/uploads\/2023\/06\/Urethane_Full_Size_Headform.webp 653w, https:\/\/www.cadexinc.com\/wp-content\/uploads\/2023\/06\/Urethane_Full_Size_Headform-217x300.webp 217w, https:\/\/www.cadexinc.com\/wp-content\/uploads\/2023\/06\/Urethane_Full_Size_Headform-416x575.webp 416w\" sizes=\"(max-width: 653px) 100vw, 653px\" \/>\t\t\t\t\t\t\t\t\t\t\t\t\t\t\t<\/div>\n\t\t\t\t<\/div>\n\t\t\t\t\t<\/div>\n\t\t\t\t<\/div>\n\t\t<div class=\"elementor-element elementor-element-7fb5ab7 e-flex e-con-boxed e-con e-parent\" data-id=\"7fb5ab7\" data-element_type=\"container\">\n\t\t\t\t\t<div class=\"e-con-inner\">\n\t\t<div class=\"elementor-element elementor-element-f12185a e-con-full e-flex e-con e-child\" data-id=\"f12185a\" data-element_type=\"container\">\n\t\t<div class=\"elementor-element elementor-element-719beb9 e-con-full e-flex e-con e-child\" data-id=\"719beb9\" data-element_type=\"container\">\n\t\t<div class=\"elementor-element elementor-element-81023a0 e-con-full equipment-main-right-block e-flex e-con e-child\" data-id=\"81023a0\" data-element_type=\"container\">\n\t\t<div class=\"elementor-element elementor-element-a2effaa e-con-full e-flex e-con e-child\" data-id=\"a2effaa\" data-element_type=\"container\">\n\t\t\t\t<div class=\"elementor-element elementor-element-9dfaf77 elementor-widget elementor-widget-text-editor\" data-id=\"9dfaf77\" data-element_type=\"widget\" data-widget_type=\"text-editor.default\">\n\t\t\t\t<div class=\"elementor-widget-container\">\n\t\t\t\t\t\t\t\t\t<p class=\"cdx-title cdx-text-align-justify\">Les formes de t\u00eate compl\u00e8tes en ur\u00e9thane sont utilis\u00e9es comme r\u00e9f\u00e9rence ainsi que pour les essais de d\u00e9chaussement (roll-off), de champ de vision, d\u2019ajustement, de r\u00e9tention de jugulaire selon EN, ainsi que pour d\u2019autres essais. Elles ont \u00e9t\u00e9 con\u00e7ues et fabriqu\u00e9es conform\u00e9ment aux normes ISO\/DIS 6220 ou EN 960.<\/p>\t\t\t\t\t\t\t\t<\/div>\n\t\t\t\t<\/div>\n\t\t\t\t<div class=\"elementor-element elementor-element-7eb9e48 equipment-sub-titles elementor-widget elementor-widget-heading\" data-id=\"7eb9e48\" data-element_type=\"widget\" data-widget_type=\"heading.default\">\n\t\t\t\t<div class=\"elementor-widget-container\">\n\t\t\t\t\t<h6 class=\"elementor-heading-title elementor-size-default\">CARACT\u00c9RISTIQUES\u202f:<\/h6>\t\t\t\t<\/div>\n\t\t\t\t<\/div>\n\t\t\t\t<div class=\"elementor-element elementor-element-df1b1e7 elementor-widget elementor-widget-text-editor\" data-id=\"df1b1e7\" data-element_type=\"widget\" data-widget_type=\"text-editor.default\">\n\t\t\t\t<div class=\"elementor-widget-container\">\n\t\t\t\t\t\t\t\t\t<ul class=\"special-list\">\n<li>Les t\u00eates de s\u00e9rie sont accompagn\u00e9es de leur fiche technique.<\/li>\n<li>Mat\u00e9riau : ur\u00e9thane<\/li>\n<li>100% CNC usin\u00e9<\/li>\n<li>Les lignes d'essai sont grav\u00e9es par CNC<\/li>\n<li>Fiche technique incluse<\/li>\n<li>Letter sizes available (ISO\/DIS 6220): A \u2013 C \u2013 D \u2013 E \u2013 G \u2013 J \u2013 K \u2013 M \u2013 O<\/li>\n<li>Number sizes available (EN 960): 495 \u2013 515 \u2013 525 \u2013 535 \u2013 555 \u2013 575 \u2013 585 \u2013 605 \u2013 625<\/li>\n<\/ul>\t\t\t\t\t\t\t\t<\/div>\n\t\t\t\t<\/div>\n\t\t\t\t<\/div>\n\t\t<div class=\"elementor-element elementor-element-ec1fa84 e-con-full e-grid equipment-page-multi-image-box e-con e-child\" data-id=\"ec1fa84\" data-element_type=\"container\">\n\t\t\t\t<div class=\"elementor-element elementor-element-9f171fb elementor-widget elementor-widget-image\" data-id=\"9f171fb\" data-element_type=\"widget\" data-widget_type=\"image.default\">\n\t\t\t\t<div class=\"elementor-widget-container\">\n\t\t\t\t\t\t\t\t\t\t\t\t<figure class=\"wp-caption\">\n\t\t\t\t\t\t\t\t\t\t<img decoding=\"async\" width=\"750\" height=\"563\" src=\"https:\/\/www.cadexinc.com\/wp-content\/uploads\/2025\/03\/FullUrethaneHeadform_in-identification.webp\" class=\"attachment-full size-full wp-image-17738\" alt=\"\" srcset=\"https:\/\/www.cadexinc.com\/wp-content\/uploads\/2025\/03\/FullUrethaneHeadform_in-identification.webp 750w, https:\/\/www.cadexinc.com\/wp-content\/uploads\/2025\/03\/FullUrethaneHeadform_in-identification-300x225.webp 300w, https:\/\/www.cadexinc.com\/wp-content\/uploads\/2025\/03\/FullUrethaneHeadform_in-identification-16x12.webp 16w, https:\/\/www.cadexinc.com\/wp-content\/uploads\/2025\/03\/FullUrethaneHeadform_in-identification-324x243.webp 324w, https:\/\/www.cadexinc.com\/wp-content\/uploads\/2025\/03\/FullUrethaneHeadform_in-identification-416x312.webp 416w\" sizes=\"(max-width: 750px) 100vw, 750px\" \/>\t\t\t\t\t\t\t\t\t\t\t<figcaption class=\"widget-image-caption wp-caption-text\"><span style=\"font-weight:bold\">Lignes d'identification pour :<\/span><br><ul><li>Plan de r\u00e9f\u00e9rence<\/li><li>Plan de base<\/li><li>Plan transversal<\/li><li>Plan longitudinal<\/li><\/figcaption>\n\t\t\t\t\t\t\t\t\t\t<\/figure>\n\t\t\t\t\t\t\t\t\t<\/div>\n\t\t\t\t<\/div>\n\t\t\t\t<\/div>\n\t\t\t\t<\/div>\n\t\t\t\t<\/div>\n\t\t<div class=\"elementor-element elementor-element-135eb4c e-con-full elementor-hidden-mobile e-flex e-con e-child\" data-id=\"135eb4c\" data-element_type=\"container\">\n\t\t\t\t<div class=\"elementor-element elementor-element-aa1b9b1 elementor-widget elementor-widget-image\" data-id=\"aa1b9b1\" data-element_type=\"widget\" data-widget_type=\"image.default\">\n\t\t\t\t<div class=\"elementor-widget-container\">\n\t\t\t\t\t\t\t\t\t\t\t\t\t\t\t<img fetchpriority=\"high\" decoding=\"async\" width=\"653\" height=\"903\" src=\"https:\/\/www.cadexinc.com\/wp-content\/uploads\/2023\/06\/Urethane_Full_Size_Headform.webp\" class=\"attachment-large size-large wp-image-10346\" alt=\"\" srcset=\"https:\/\/www.cadexinc.com\/wp-content\/uploads\/2023\/06\/Urethane_Full_Size_Headform.webp 653w, https:\/\/www.cadexinc.com\/wp-content\/uploads\/2023\/06\/Urethane_Full_Size_Headform-217x300.webp 217w, https:\/\/www.cadexinc.com\/wp-content\/uploads\/2023\/06\/Urethane_Full_Size_Headform-416x575.webp 416w\" sizes=\"(max-width: 653px) 100vw, 653px\" \/>\t\t\t\t\t\t\t\t\t\t\t\t\t\t\t<\/div>\n\t\t\t\t<\/div>\n\t\t\t\t<\/div>\n\t\t\t\t<\/div>\n\t\t\t\t\t<\/div>\n\t\t\t\t<\/div>\n\t\t<div class=\"elementor-element elementor-element-3e18ab1 e-con-full e-flex e-con e-parent\" data-id=\"3e18ab1\" data-element_type=\"container\">\n\t\t<div class=\"elementor-element elementor-element-7ccbede e-grid e-con-full e-con e-child\" data-id=\"7ccbede\" data-element_type=\"container\">\n\t\t<div class=\"elementor-element elementor-element-b15801e e-con-full e-grid equipment-page-multi-image-box e-con e-child\" data-id=\"b15801e\" data-element_type=\"container\">\n\t\t\t\t<div class=\"elementor-element elementor-element-8f0ca88 elementor-widget elementor-widget-image\" data-id=\"8f0ca88\" data-element_type=\"widget\" data-widget_type=\"image.default\">\n\t\t\t\t<div class=\"elementor-widget-container\">\n\t\t\t\t\t\t\t\t\t\t\t\t<figure class=\"wp-caption\">\n\t\t\t\t\t\t\t\t\t\t<img decoding=\"async\" width=\"620\" height=\"480\" src=\"https:\/\/www.cadexinc.com\/wp-content\/uploads\/2025\/03\/100_02_HFUR-BottomPlate.webp\" class=\"attachment-full size-full wp-image-17749\" alt=\"\" srcset=\"https:\/\/www.cadexinc.com\/wp-content\/uploads\/2025\/03\/100_02_HFUR-BottomPlate.webp 620w, https:\/\/www.cadexinc.com\/wp-content\/uploads\/2025\/03\/100_02_HFUR-BottomPlate-300x232.webp 300w, https:\/\/www.cadexinc.com\/wp-content\/uploads\/2025\/03\/100_02_HFUR-BottomPlate-16x12.webp 16w, https:\/\/www.cadexinc.com\/wp-content\/uploads\/2025\/03\/100_02_HFUR-BottomPlate-416x322.webp 416w\" sizes=\"(max-width: 620px) 100vw, 620px\" \/>\t\t\t\t\t\t\t\t\t\t\t<figcaption class=\"widget-image-caption wp-caption-text\">Plaque de base<\/figcaption>\n\t\t\t\t\t\t\t\t\t\t<\/figure>\n\t\t\t\t\t\t\t\t\t<\/div>\n\t\t\t\t<\/div>\n\t\t\t\t<\/div>\n\t\t\t\t<\/div>\n\t\t<div class=\"elementor-element elementor-element-f56dbd9 e-grid e-con-full e-con e-child\" data-id=\"f56dbd9\" data-element_type=\"container\">\n\t\t<div class=\"elementor-element elementor-element-b6b1319 e-con-full e-grid equipment-page-multi-image-box e-con e-child\" data-id=\"b6b1319\" data-element_type=\"container\">\n\t\t\t\t<div class=\"elementor-element elementor-element-0433ea8 elementor-widget elementor-widget-image\" data-id=\"0433ea8\" data-element_type=\"widget\" data-widget_type=\"image.default\">\n\t\t\t\t<div class=\"elementor-widget-container\">\n\t\t\t\t\t\t\t\t\t\t\t\t<figure class=\"wp-caption\">\n\t\t\t\t\t\t\t\t\t\t<img loading=\"lazy\" decoding=\"async\" width=\"1116\" height=\"300\" src=\"https:\/\/www.cadexinc.com\/wp-content\/uploads\/2025\/03\/FullUrethaneHeadform-All-standardSizesAvailable.webp\" class=\"attachment-full size-full wp-image-17750\" alt=\"\" srcset=\"https:\/\/www.cadexinc.com\/wp-content\/uploads\/2025\/03\/FullUrethaneHeadform-All-standardSizesAvailable.webp 1116w, https:\/\/www.cadexinc.com\/wp-content\/uploads\/2025\/03\/FullUrethaneHeadform-All-standardSizesAvailable-300x81.webp 300w, https:\/\/www.cadexinc.com\/wp-content\/uploads\/2025\/03\/FullUrethaneHeadform-All-standardSizesAvailable-1024x275.webp 1024w, https:\/\/www.cadexinc.com\/wp-content\/uploads\/2025\/03\/FullUrethaneHeadform-All-standardSizesAvailable-768x206.webp 768w, https:\/\/www.cadexinc.com\/wp-content\/uploads\/2025\/03\/FullUrethaneHeadform-All-standardSizesAvailable-18x5.webp 18w, https:\/\/www.cadexinc.com\/wp-content\/uploads\/2025\/03\/FullUrethaneHeadform-All-standardSizesAvailable-416x112.webp 416w\" sizes=\"(max-width: 1116px) 100vw, 1116px\" \/>\t\t\t\t\t\t\t\t\t\t\t<figcaption class=\"widget-image-caption wp-caption-text\">Toutes les tailles standard sont disponibles<\/figcaption>\n\t\t\t\t\t\t\t\t\t\t<\/figure>\n\t\t\t\t\t\t\t\t\t<\/div>\n\t\t\t\t<\/div>\n\t\t\t\t<\/div>\n\t\t\t\t<\/div>\n\t\t\t\t<\/div>\n\t\t\t\t<\/div>","protected":false},"excerpt":{"rendered":"<p>The full urethane headforms are used for reference, roll off, field of vision, fit test, EN retention chinstrap testing as well as other tests. The headforms have been designed and manufactured according to the ISO\/DIS 6220 or EN 960 standards. FEATURES: Headforms comes with their technical datasheet Material: urethane 100% CNC machined Testing lines are [&hellip;]<\/p>","protected":false},"author":5,"featured_media":10346,"parent":3156,"menu_order":0,"comment_status":"closed","ping_status":"closed","template":"","meta":{"footnotes":""},"categories":[41],"class_list":["post-209","page","type-page","status-publish","has-post-thumbnail","hentry","category-headforms"],"_links":{"self":[{"href":"https:\/\/www.cadexinc.com\/fr\/wp-json\/wp\/v2\/pages\/209","targetHints":{"allow":["GET"]}}],"collection":[{"href":"https:\/\/www.cadexinc.com\/fr\/wp-json\/wp\/v2\/pages"}],"about":[{"href":"https:\/\/www.cadexinc.com\/fr\/wp-json\/wp\/v2\/types\/page"}],"author":[{"embeddable":true,"href":"https:\/\/www.cadexinc.com\/fr\/wp-json\/wp\/v2\/users\/5"}],"replies":[{"embeddable":true,"href":"https:\/\/www.cadexinc.com\/fr\/wp-json\/wp\/v2\/comments?post=209"}],"version-history":[{"count":144,"href":"https:\/\/www.cadexinc.com\/fr\/wp-json\/wp\/v2\/pages\/209\/revisions"}],"predecessor-version":[{"id":21246,"href":"https:\/\/www.cadexinc.com\/fr\/wp-json\/wp\/v2\/pages\/209\/revisions\/21246"}],"up":[{"embeddable":true,"href":"https:\/\/www.cadexinc.com\/fr\/wp-json\/wp\/v2\/pages\/3156"}],"wp:featuredmedia":[{"embeddable":true,"href":"https:\/\/www.cadexinc.com\/fr\/wp-json\/wp\/v2\/media\/10346"}],"wp:attachment":[{"href":"https:\/\/www.cadexinc.com\/fr\/wp-json\/wp\/v2\/media?parent=209"}],"wp:term":[{"taxonomy":"category","embeddable":true,"href":"https:\/\/www.cadexinc.com\/fr\/wp-json\/wp\/v2\/categories?post=209"}],"curies":[{"name":"wp","href":"https:\/\/api.w.org\/{rel}","templated":true}]}}