{"id":20774,"date":"2026-03-10T12:26:23","date_gmt":"2026-03-10T16:26:23","guid":{"rendered":"https:\/\/www.cadexinc.com\/?page_id=20774"},"modified":"2026-03-24T10:30:41","modified_gmt":"2026-03-24T14:30:41","slug":"6dx-pro-cable","status":"publish","type":"page","link":"https:\/\/www.cadexinc.com\/fr\/equipement\/electronique\/6dx-pro-cable\/","title":{"rendered":"C\u00e2ble 6DX PRO"},"content":{"rendered":"<div data-elementor-type=\"wp-page\" data-elementor-id=\"20774\" class=\"elementor elementor-20774\">\n\t\t\t\t<div class=\"elementor-element elementor-element-9da433d e-flex e-con-boxed e-con e-parent\" data-id=\"9da433d\" data-element_type=\"container\">\n\t\t\t\t\t<div class=\"e-con-inner\">\n\t\t<div class=\"elementor-element elementor-element-00c7d81 e-con-full e-grid equipment-page-multi-image-box e-con e-child\" data-id=\"00c7d81\" data-element_type=\"container\">\n\t\t<div class=\"elementor-element elementor-element-da711e8 e-con-full e-flex e-con e-child\" data-id=\"da711e8\" data-element_type=\"container\">\n\t\t\t\t<div class=\"elementor-element elementor-element-25e11ff elementor-widget elementor-widget-text-editor\" data-id=\"25e11ff\" data-element_type=\"widget\" data-widget_type=\"text-editor.default\">\n\t\t\t\t<div class=\"elementor-widget-container\">\n\t\t\t\t\t\t\t\t\t<h1 class=\"text-uppercase animated\">C\u00e2ble 6DX PRO<\/h1>\t\t\t\t\t\t\t\t<\/div>\n\t\t\t\t<\/div>\n\t\t\t\t<div class=\"elementor-element elementor-element-56d2b1d elementor-widget elementor-widget-text-editor\" data-id=\"56d2b1d\" data-element_type=\"widget\" data-widget_type=\"text-editor.default\">\n\t\t\t\t<div class=\"elementor-widget-container\">\n\t\t\t\t\t\t\t\t\t<p class=\"cdx-title cdx-text-align-justify\">C\u00e2ble \u00e0 faible bruit pour acc\u00e9l\u00e9rom\u00e8tre rotationnel<\/p>\t\t\t\t\t\t\t\t<\/div>\n\t\t\t\t<\/div>\n\t\t\t\t<div class=\"elementor-element elementor-element-9c03bec equipment-sub-titles elementor-widget elementor-widget-heading\" data-id=\"9c03bec\" data-element_type=\"widget\" data-widget_type=\"heading.default\">\n\t\t\t\t<div class=\"elementor-widget-container\">\n\t\t\t\t\t<h6 class=\"elementor-heading-title elementor-size-default\">CARACT\u00c9RISTIQUES\u202f:<\/h6>\t\t\t\t<\/div>\n\t\t\t\t<\/div>\n\t\t\t\t<div class=\"elementor-element elementor-element-5e3f7b1 elementor-widget elementor-widget-text-editor\" data-id=\"5e3f7b1\" data-element_type=\"widget\" data-widget_type=\"text-editor.default\">\n\t\t\t\t<div class=\"elementor-widget-container\">\n\t\t\t\t\t\t\t\t\t<ul class=\"special-list\">\n<li>Une extr\u00e9mit\u00e9 : Queues de cochon<\/li>\n<li>Autre extr\u00e9mit\u00e9 : Connecteurs DB15<\/li>\n<\/ul>\t\t\t\t\t\t\t\t<\/div>\n\t\t\t\t<\/div>\n\t\t\t\t<\/div>\n\t\t<div class=\"elementor-element elementor-element-c995d6b e-con-full e-flex e-con e-child\" data-id=\"c995d6b\" data-element_type=\"container\">\n\t\t\t\t<div class=\"elementor-element elementor-element-09b4549 elementor-widget elementor-widget-image\" data-id=\"09b4549\" data-element_type=\"widget\" data-widget_type=\"image.default\">\n\t\t\t\t<div class=\"elementor-widget-container\">\n\t\t\t\t\t\t\t\t\t\t\t\t\t\t\t<img fetchpriority=\"high\" decoding=\"async\" width=\"980\" height=\"498\" src=\"https:\/\/www.cadexinc.com\/wp-content\/uploads\/2025\/04\/6DXPRO-cable-1024x520.webp\" class=\"attachment-large size-large wp-image-18239\" alt=\"\" srcset=\"https:\/\/www.cadexinc.com\/wp-content\/uploads\/2025\/04\/6DXPRO-cable-1024x520.webp 1024w, https:\/\/www.cadexinc.com\/wp-content\/uploads\/2025\/04\/6DXPRO-cable-300x152.webp 300w, https:\/\/www.cadexinc.com\/wp-content\/uploads\/2025\/04\/6DXPRO-cable-768x390.webp 768w, https:\/\/www.cadexinc.com\/wp-content\/uploads\/2025\/04\/6DXPRO-cable-18x9.webp 18w, https:\/\/www.cadexinc.com\/wp-content\/uploads\/2025\/04\/6DXPRO-cable-416x211.webp 416w, https:\/\/www.cadexinc.com\/wp-content\/uploads\/2025\/04\/6DXPRO-cable.webp 1221w\" sizes=\"(max-width: 980px) 100vw, 980px\" \/>\t\t\t\t\t\t\t\t\t\t\t\t\t\t\t<\/div>\n\t\t\t\t<\/div>\n\t\t\t\t<\/div>\n\t\t\t\t<\/div>\n\t\t\t\t\t<\/div>\n\t\t\t\t<\/div>\n\t\t\t\t<\/div>","protected":false},"excerpt":{"rendered":"<p>6DX PRO cableLow noise cable for rotational accelerometer. FEATURES: One end: Pigtails Other end: DB15 connectors<\/p>","protected":false},"author":5,"featured_media":18239,"parent":3152,"menu_order":0,"comment_status":"closed","ping_status":"closed","template":"","meta":{"footnotes":""},"categories":[39],"class_list":["post-20774","page","type-page","status-publish","has-post-thumbnail","hentry","category-electronic-data-equipment"],"_links":{"self":[{"href":"https:\/\/www.cadexinc.com\/fr\/wp-json\/wp\/v2\/pages\/20774","targetHints":{"allow":["GET"]}}],"collection":[{"href":"https:\/\/www.cadexinc.com\/fr\/wp-json\/wp\/v2\/pages"}],"about":[{"href":"https:\/\/www.cadexinc.com\/fr\/wp-json\/wp\/v2\/types\/page"}],"author":[{"embeddable":true,"href":"https:\/\/www.cadexinc.com\/fr\/wp-json\/wp\/v2\/users\/5"}],"replies":[{"embeddable":true,"href":"https:\/\/www.cadexinc.com\/fr\/wp-json\/wp\/v2\/comments?post=20774"}],"version-history":[{"count":8,"href":"https:\/\/www.cadexinc.com\/fr\/wp-json\/wp\/v2\/pages\/20774\/revisions"}],"predecessor-version":[{"id":21319,"href":"https:\/\/www.cadexinc.com\/fr\/wp-json\/wp\/v2\/pages\/20774\/revisions\/21319"}],"up":[{"embeddable":true,"href":"https:\/\/www.cadexinc.com\/fr\/wp-json\/wp\/v2\/pages\/3152"}],"wp:featuredmedia":[{"embeddable":true,"href":"https:\/\/www.cadexinc.com\/fr\/wp-json\/wp\/v2\/media\/18239"}],"wp:attachment":[{"href":"https:\/\/www.cadexinc.com\/fr\/wp-json\/wp\/v2\/media?parent=20774"}],"wp:term":[{"taxonomy":"category","embeddable":true,"href":"https:\/\/www.cadexinc.com\/fr\/wp-json\/wp\/v2\/categories?post=20774"}],"curies":[{"name":"wp","href":"https:\/\/api.w.org\/{rel}","templated":true}]}}