{"id":207,"date":"2022-05-17T13:35:23","date_gmt":"2022-05-17T17:35:23","guid":{"rendered":"http:\/\/www.cadexinc.com\/?page_id=207"},"modified":"2026-04-03T13:13:05","modified_gmt":"2026-04-03T17:13:05","slug":"bois-massif-iso","status":"publish","type":"page","link":"https:\/\/www.cadexinc.com\/fr\/equipement\/tetes-de-betail\/bois-massif-iso\/","title":{"rendered":"Forme de t\u00eate ISO en bois massif"},"content":{"rendered":"<div data-elementor-type=\"wp-page\" data-elementor-id=\"207\" class=\"elementor elementor-207\">\n\t\t\t\t<div class=\"elementor-element elementor-element-1e75eb98 elementor-hidden-desktop elementor-hidden-tablet e-flex e-con-boxed e-con e-parent\" data-id=\"1e75eb98\" data-element_type=\"container\">\n\t\t\t\t\t<div class=\"e-con-inner\">\n\t\t\t\t<div class=\"elementor-element elementor-element-7d408cd elementor-widget elementor-widget-image\" data-id=\"7d408cd\" data-element_type=\"widget\" data-widget_type=\"image.default\">\n\t\t\t\t<div class=\"elementor-widget-container\">\n\t\t\t\t\t\t\t\t\t\t\t\t\t\t\t<img fetchpriority=\"high\" decoding=\"async\" width=\"750\" height=\"1001\" src=\"https:\/\/www.cadexinc.com\/wp-content\/uploads\/2023\/06\/Solid-Wood-ISO_main.webp\" class=\"attachment-full size-full wp-image-11346\" alt=\"\" srcset=\"https:\/\/www.cadexinc.com\/wp-content\/uploads\/2023\/06\/Solid-Wood-ISO_main.webp 750w, https:\/\/www.cadexinc.com\/wp-content\/uploads\/2023\/06\/Solid-Wood-ISO_main-225x300.webp 225w, https:\/\/www.cadexinc.com\/wp-content\/uploads\/2023\/06\/Solid-Wood-ISO_main-416x555.webp 416w\" sizes=\"(max-width: 750px) 100vw, 750px\" \/>\t\t\t\t\t\t\t\t\t\t\t\t\t\t\t<\/div>\n\t\t\t\t<\/div>\n\t\t\t\t\t<\/div>\n\t\t\t\t<\/div>\n\t\t<div class=\"elementor-element elementor-element-671809e e-flex e-con-boxed e-con e-parent\" data-id=\"671809e\" data-element_type=\"container\">\n\t\t\t\t\t<div class=\"e-con-inner\">\n\t\t<div class=\"elementor-element elementor-element-e5b80ba e-con-full e-flex e-con e-child\" data-id=\"e5b80ba\" data-element_type=\"container\">\n\t\t<div class=\"elementor-element elementor-element-74c0d99 e-con-full e-flex e-con e-child\" data-id=\"74c0d99\" data-element_type=\"container\">\n\t\t<div class=\"elementor-element elementor-element-d97dde9 e-con-full equipment-main-right-block e-flex e-con e-child\" data-id=\"d97dde9\" data-element_type=\"container\">\n\t\t<div class=\"elementor-element elementor-element-19df336 e-con-full e-flex e-con e-child\" data-id=\"19df336\" data-element_type=\"container\">\n\t\t\t\t<div class=\"elementor-element elementor-element-9eb9e6b elementor-widget elementor-widget-text-editor\" data-id=\"9eb9e6b\" data-element_type=\"widget\" data-widget_type=\"text-editor.default\">\n\t\t\t\t<div class=\"elementor-widget-container\">\n\t\t\t\t\t\t\t\t\t<p class=\"cdx-title cdx-text-align-justify\">La forme de t\u00eate ISO en bois massif a \u00e9t\u00e9 con\u00e7ue et fabriqu\u00e9e pour r\u00e9aliser des essais tels que les tests d\u2019impact oblique (BSI 6685).<\/p>\t\t\t\t\t\t\t\t<\/div>\n\t\t\t\t<\/div>\n\t\t\t\t<div class=\"elementor-element elementor-element-04a4f30 equipment-sub-titles elementor-widget elementor-widget-heading\" data-id=\"04a4f30\" data-element_type=\"widget\" data-widget_type=\"heading.default\">\n\t\t\t\t<div class=\"elementor-widget-container\">\n\t\t\t\t\t<h6 class=\"elementor-heading-title elementor-size-default\">CARACT\u00c9RISTIQUES\u202f:<\/h6>\t\t\t\t<\/div>\n\t\t\t\t<\/div>\n\t\t\t\t<div class=\"elementor-element elementor-element-5cbce58 elementor-widget elementor-widget-text-editor\" data-id=\"5cbce58\" data-element_type=\"widget\" data-widget_type=\"text-editor.default\">\n\t\t\t\t<div class=\"elementor-widget-container\">\n\t\t\t\t\t\t\t\t\t<ul class=\"special-list\">\n<li>Headform comes with it\u2019s technical datasheet<\/li>\n<li>Mat\u00e9riau : bois dur trait\u00e9<\/li>\n<li>100% CNC usin\u00e9<\/li>\n<li>Les lignes d'essai sont grav\u00e9es par CNC<\/li>\n<\/ul>\t\t\t\t\t\t\t\t<\/div>\n\t\t\t\t<\/div>\n\t\t\t\t<\/div>\n\t\t\t\t<\/div>\n\t\t\t\t<\/div>\n\t\t<div class=\"elementor-element elementor-element-49fd1a2 e-con-full elementor-hidden-mobile e-flex e-con e-child\" data-id=\"49fd1a2\" data-element_type=\"container\">\n\t\t\t\t<div class=\"elementor-element elementor-element-474e79f elementor-hidden-mobile elementor-widget elementor-widget-image\" data-id=\"474e79f\" data-element_type=\"widget\" data-widget_type=\"image.default\">\n\t\t\t\t<div class=\"elementor-widget-container\">\n\t\t\t\t\t\t\t\t\t\t\t\t\t\t\t<img fetchpriority=\"high\" decoding=\"async\" width=\"750\" height=\"1001\" src=\"https:\/\/www.cadexinc.com\/wp-content\/uploads\/2023\/06\/Solid-Wood-ISO_main.webp\" class=\"attachment-full size-full wp-image-11346\" alt=\"\" srcset=\"https:\/\/www.cadexinc.com\/wp-content\/uploads\/2023\/06\/Solid-Wood-ISO_main.webp 750w, https:\/\/www.cadexinc.com\/wp-content\/uploads\/2023\/06\/Solid-Wood-ISO_main-225x300.webp 225w, https:\/\/www.cadexinc.com\/wp-content\/uploads\/2023\/06\/Solid-Wood-ISO_main-416x555.webp 416w\" sizes=\"(max-width: 750px) 100vw, 750px\" \/>\t\t\t\t\t\t\t\t\t\t\t\t\t\t\t<\/div>\n\t\t\t\t<\/div>\n\t\t\t\t<\/div>\n\t\t\t\t<\/div>\n\t\t\t\t\t<\/div>\n\t\t\t\t<\/div>\n\t\t\t\t<\/div>","protected":false},"excerpt":{"rendered":"<p>The solid wood ISO headform has been designed and manufactured to achieve test such as oblique impact testing (BSI 6685). FEATURES: Headform comes with it\u2019s technical datasheet Material: processed hard wood 100% CNC machined Testing lines are CNC engraved<\/p>","protected":false},"author":5,"featured_media":11344,"parent":3156,"menu_order":0,"comment_status":"closed","ping_status":"closed","template":"","meta":{"footnotes":""},"categories":[41],"class_list":["post-207","page","type-page","status-publish","has-post-thumbnail","hentry","category-headforms"],"_links":{"self":[{"href":"https:\/\/www.cadexinc.com\/fr\/wp-json\/wp\/v2\/pages\/207","targetHints":{"allow":["GET"]}}],"collection":[{"href":"https:\/\/www.cadexinc.com\/fr\/wp-json\/wp\/v2\/pages"}],"about":[{"href":"https:\/\/www.cadexinc.com\/fr\/wp-json\/wp\/v2\/types\/page"}],"author":[{"embeddable":true,"href":"https:\/\/www.cadexinc.com\/fr\/wp-json\/wp\/v2\/users\/5"}],"replies":[{"embeddable":true,"href":"https:\/\/www.cadexinc.com\/fr\/wp-json\/wp\/v2\/comments?post=207"}],"version-history":[{"count":33,"href":"https:\/\/www.cadexinc.com\/fr\/wp-json\/wp\/v2\/pages\/207\/revisions"}],"predecessor-version":[{"id":21359,"href":"https:\/\/www.cadexinc.com\/fr\/wp-json\/wp\/v2\/pages\/207\/revisions\/21359"}],"up":[{"embeddable":true,"href":"https:\/\/www.cadexinc.com\/fr\/wp-json\/wp\/v2\/pages\/3156"}],"wp:featuredmedia":[{"embeddable":true,"href":"https:\/\/www.cadexinc.com\/fr\/wp-json\/wp\/v2\/media\/11344"}],"wp:attachment":[{"href":"https:\/\/www.cadexinc.com\/fr\/wp-json\/wp\/v2\/media?parent=207"}],"wp:term":[{"taxonomy":"category","embeddable":true,"href":"https:\/\/www.cadexinc.com\/fr\/wp-json\/wp\/v2\/categories?post=207"}],"curies":[{"name":"wp","href":"https:\/\/api.w.org\/{rel}","templated":true}]}}