{"id":205,"date":"2022-05-17T13:35:01","date_gmt":"2022-05-17T17:35:01","guid":{"rendered":"http:\/\/www.cadexinc.com\/?page_id=205"},"modified":"2026-03-19T16:26:36","modified_gmt":"2026-03-19T20:26:36","slug":"jis","status":"publish","type":"page","link":"https:\/\/www.cadexinc.com\/fr\/equipement\/tetes-de-betail\/jis\/","title":{"rendered":"Forme de t\u00eate J.I.S. en magn\u00e9sium K1A"},"content":{"rendered":"<div data-elementor-type=\"wp-page\" data-elementor-id=\"205\" class=\"elementor elementor-205\">\n\t\t\t\t<div class=\"elementor-element elementor-element-2e474e8a elementor-hidden-desktop elementor-hidden-tablet e-flex e-con-boxed e-con e-parent\" data-id=\"2e474e8a\" data-element_type=\"container\">\n\t\t\t\t\t<div class=\"e-con-inner\">\n\t\t\t\t<div class=\"elementor-element elementor-element-043d232 elementor-widget elementor-widget-image\" data-id=\"043d232\" data-element_type=\"widget\" data-widget_type=\"image.default\">\n\t\t\t\t<div class=\"elementor-widget-container\">\n\t\t\t\t\t\t\t\t\t\t\t\t\t\t\t<img fetchpriority=\"high\" decoding=\"async\" width=\"661\" height=\"718\" src=\"https:\/\/www.cadexinc.com\/wp-content\/uploads\/2023\/06\/J.I.S.-Headform.webp\" class=\"attachment-full size-full wp-image-10212\" alt=\"\" srcset=\"https:\/\/www.cadexinc.com\/wp-content\/uploads\/2023\/06\/J.I.S.-Headform.webp 661w, https:\/\/www.cadexinc.com\/wp-content\/uploads\/2023\/06\/J.I.S.-Headform-276x300.webp 276w, https:\/\/www.cadexinc.com\/wp-content\/uploads\/2023\/06\/J.I.S.-Headform-416x452.webp 416w\" sizes=\"(max-width: 661px) 100vw, 661px\" \/>\t\t\t\t\t\t\t\t\t\t\t\t\t\t\t<\/div>\n\t\t\t\t<\/div>\n\t\t\t\t\t<\/div>\n\t\t\t\t<\/div>\n\t\t<div class=\"elementor-element elementor-element-8970519 e-flex e-con-boxed e-con e-parent\" data-id=\"8970519\" data-element_type=\"container\">\n\t\t\t\t\t<div class=\"e-con-inner\">\n\t\t<div class=\"elementor-element elementor-element-44cb2d4 e-con-full e-flex e-con e-child\" data-id=\"44cb2d4\" data-element_type=\"container\">\n\t\t<div class=\"elementor-element elementor-element-ddbeb3a e-con-full e-flex e-con e-child\" data-id=\"ddbeb3a\" data-element_type=\"container\">\n\t\t<div class=\"elementor-element elementor-element-09a13f2 e-con-full equipment-main-right-block e-flex e-con e-child\" data-id=\"09a13f2\" data-element_type=\"container\">\n\t\t<div class=\"elementor-element elementor-element-74a4ea2 e-con-full e-flex e-con e-child\" data-id=\"74a4ea2\" data-element_type=\"container\">\n\t\t\t\t<div class=\"elementor-element elementor-element-03b6d80 elementor-widget elementor-widget-text-editor\" data-id=\"03b6d80\" data-element_type=\"widget\" data-widget_type=\"text-editor.default\">\n\t\t\t\t<div class=\"elementor-widget-container\">\n\t\t\t\t\t\t\t\t\t<p class=\"cdx-title cdx-text-align-justify\">Les formes de t\u00eate J.I.S. en magn\u00e9sium K1A sont utilis\u00e9es pour les essais d\u2019att\u00e9nuation d\u2019impact uniaxial sur casques. Elles ont \u00e9t\u00e9 con\u00e7ues et fabriqu\u00e9es pour r\u00e9pondre aux exigences de la norme J.I.S.<\/p>\t\t\t\t\t\t\t\t<\/div>\n\t\t\t\t<\/div>\n\t\t\t\t<div class=\"elementor-element elementor-element-eac1d33 equipment-sub-titles elementor-widget elementor-widget-heading\" data-id=\"eac1d33\" data-element_type=\"widget\" data-widget_type=\"heading.default\">\n\t\t\t\t<div class=\"elementor-widget-container\">\n\t\t\t\t\t<h6 class=\"elementor-heading-title elementor-size-default\">CARACT\u00c9RISTIQUES\u202f:<\/h6>\t\t\t\t<\/div>\n\t\t\t\t<\/div>\n\t\t\t\t<div class=\"elementor-element elementor-element-1066b1f elementor-widget elementor-widget-text-editor\" data-id=\"1066b1f\" data-element_type=\"widget\" data-widget_type=\"text-editor.default\">\n\t\t\t\t<div class=\"elementor-widget-container\">\n\t\t\t\t\t\t\t\t\t<ul class=\"special-list\">\n<li>Mat\u00e9riau : alliage de magn\u00e9sium K1A<\/li>\n<li>100% CNC usin\u00e9<\/li>\n<li>Les lignes d'essai sont rainur\u00e9es CNC<\/li>\n<li>Fiche technique incluse<\/li>\n<li>Sizes available: small \u2013 standard \u2013 large<\/li>\n<\/ul>\t\t\t\t\t\t\t\t<\/div>\n\t\t\t\t<\/div>\n\t\t\t\t<\/div>\n\t\t\t\t<\/div>\n\t\t\t\t<\/div>\n\t\t<div class=\"elementor-element elementor-element-804a3af e-con-full elementor-hidden-mobile e-flex e-con e-child\" data-id=\"804a3af\" data-element_type=\"container\">\n\t\t\t\t<div class=\"elementor-element elementor-element-8fb759d elementor-hidden-mobile elementor-widget elementor-widget-image\" data-id=\"8fb759d\" data-element_type=\"widget\" data-widget_type=\"image.default\">\n\t\t\t\t<div class=\"elementor-widget-container\">\n\t\t\t\t\t\t\t\t\t\t\t\t\t\t\t<img fetchpriority=\"high\" decoding=\"async\" width=\"661\" height=\"718\" src=\"https:\/\/www.cadexinc.com\/wp-content\/uploads\/2023\/06\/J.I.S.-Headform.webp\" class=\"attachment-full size-full wp-image-10212\" alt=\"\" srcset=\"https:\/\/www.cadexinc.com\/wp-content\/uploads\/2023\/06\/J.I.S.-Headform.webp 661w, https:\/\/www.cadexinc.com\/wp-content\/uploads\/2023\/06\/J.I.S.-Headform-276x300.webp 276w, https:\/\/www.cadexinc.com\/wp-content\/uploads\/2023\/06\/J.I.S.-Headform-416x452.webp 416w\" sizes=\"(max-width: 661px) 100vw, 661px\" \/>\t\t\t\t\t\t\t\t\t\t\t\t\t\t\t<\/div>\n\t\t\t\t<\/div>\n\t\t\t\t<\/div>\n\t\t\t\t<\/div>\n\t\t\t\t\t<\/div>\n\t\t\t\t<\/div>\n\t\t\t\t<\/div>","protected":false},"excerpt":{"rendered":"<p>The J.I.S. magnesium K1A headforms are used for uniaxial impact attenuation testing on helmets. The headform has been designed and manufactured to meet the J.I.S. requirements. FEATURES: Material: magnesium K1A alloy 100% CNC machined Testing lines are CNC grooved Technical data sheet included Sizes available: small \u2013 standard \u2013 large<\/p>","protected":false},"author":5,"featured_media":0,"parent":3156,"menu_order":0,"comment_status":"closed","ping_status":"closed","template":"","meta":{"footnotes":""},"categories":[41],"class_list":["post-205","page","type-page","status-publish","hentry","category-headforms"],"_links":{"self":[{"href":"https:\/\/www.cadexinc.com\/fr\/wp-json\/wp\/v2\/pages\/205","targetHints":{"allow":["GET"]}}],"collection":[{"href":"https:\/\/www.cadexinc.com\/fr\/wp-json\/wp\/v2\/pages"}],"about":[{"href":"https:\/\/www.cadexinc.com\/fr\/wp-json\/wp\/v2\/types\/page"}],"author":[{"embeddable":true,"href":"https:\/\/www.cadexinc.com\/fr\/wp-json\/wp\/v2\/users\/5"}],"replies":[{"embeddable":true,"href":"https:\/\/www.cadexinc.com\/fr\/wp-json\/wp\/v2\/comments?post=205"}],"version-history":[{"count":27,"href":"https:\/\/www.cadexinc.com\/fr\/wp-json\/wp\/v2\/pages\/205\/revisions"}],"predecessor-version":[{"id":21240,"href":"https:\/\/www.cadexinc.com\/fr\/wp-json\/wp\/v2\/pages\/205\/revisions\/21240"}],"up":[{"embeddable":true,"href":"https:\/\/www.cadexinc.com\/fr\/wp-json\/wp\/v2\/pages\/3156"}],"wp:attachment":[{"href":"https:\/\/www.cadexinc.com\/fr\/wp-json\/wp\/v2\/media?parent=205"}],"wp:term":[{"taxonomy":"category","embeddable":true,"href":"https:\/\/www.cadexinc.com\/fr\/wp-json\/wp\/v2\/categories?post=205"}],"curies":[{"name":"wp","href":"https:\/\/api.w.org\/{rel}","templated":true}]}}