{"id":203,"date":"2022-05-17T13:34:40","date_gmt":"2022-05-17T17:34:40","guid":{"rendered":"http:\/\/www.cadexinc.com\/?page_id=203"},"modified":"2026-03-19T16:18:44","modified_gmt":"2026-03-19T20:18:44","slug":"point","status":"publish","type":"page","link":"https:\/\/www.cadexinc.com\/fr\/equipement\/tetes-de-betail\/point\/","title":{"rendered":"T\u00eate de test DOT en magn\u00e9sium"},"content":{"rendered":"<div data-elementor-type=\"wp-page\" data-elementor-id=\"203\" class=\"elementor elementor-203\">\n\t\t\t\t<div class=\"elementor-element elementor-element-208a827a elementor-hidden-desktop elementor-hidden-tablet e-flex e-con-boxed e-con e-parent\" data-id=\"208a827a\" data-element_type=\"container\">\n\t\t\t\t\t<div class=\"e-con-inner\">\n\t\t\t\t<div class=\"elementor-element elementor-element-63a685c elementor-widget elementor-widget-image\" data-id=\"63a685c\" data-element_type=\"widget\" data-widget_type=\"image.default\">\n\t\t\t\t<div class=\"elementor-widget-container\">\n\t\t\t\t\t\t\t\t\t\t\t\t\t\t\t<img fetchpriority=\"high\" decoding=\"async\" width=\"861\" height=\"859\" src=\"https:\/\/www.cadexinc.com\/wp-content\/uploads\/2025\/03\/DOT-Magnesium-Headform_main.webp\" class=\"attachment-large size-large wp-image-17179\" alt=\"\" srcset=\"https:\/\/www.cadexinc.com\/wp-content\/uploads\/2025\/03\/DOT-Magnesium-Headform_main.webp 861w, https:\/\/www.cadexinc.com\/wp-content\/uploads\/2025\/03\/DOT-Magnesium-Headform_main-300x300.webp 300w, https:\/\/www.cadexinc.com\/wp-content\/uploads\/2025\/03\/DOT-Magnesium-Headform_main-150x150.webp 150w, https:\/\/www.cadexinc.com\/wp-content\/uploads\/2025\/03\/DOT-Magnesium-Headform_main-768x766.webp 768w, https:\/\/www.cadexinc.com\/wp-content\/uploads\/2025\/03\/DOT-Magnesium-Headform_main-12x12.webp 12w, https:\/\/www.cadexinc.com\/wp-content\/uploads\/2025\/03\/DOT-Magnesium-Headform_main-416x415.webp 416w, https:\/\/www.cadexinc.com\/wp-content\/uploads\/2025\/03\/DOT-Magnesium-Headform_main-100x100.webp 100w, https:\/\/www.cadexinc.com\/wp-content\/uploads\/2025\/03\/DOT-Magnesium-Headform_main-50x50.webp 50w\" sizes=\"(max-width: 861px) 100vw, 861px\" \/>\t\t\t\t\t\t\t\t\t\t\t\t\t\t\t<\/div>\n\t\t\t\t<\/div>\n\t\t\t\t\t<\/div>\n\t\t\t\t<\/div>\n\t\t<div class=\"elementor-element elementor-element-52218ec e-flex e-con-boxed e-con e-parent\" data-id=\"52218ec\" data-element_type=\"container\">\n\t\t\t\t\t<div class=\"e-con-inner\">\n\t\t<div class=\"elementor-element elementor-element-b7086ef e-con-full e-flex e-con e-child\" data-id=\"b7086ef\" data-element_type=\"container\">\n\t\t<div class=\"elementor-element elementor-element-a11f36a e-con-full e-flex e-con e-child\" data-id=\"a11f36a\" data-element_type=\"container\">\n\t\t<div class=\"elementor-element elementor-element-d8b57d9 e-con-full equipment-main-right-block e-flex e-con e-child\" data-id=\"d8b57d9\" data-element_type=\"container\">\n\t\t<div class=\"elementor-element elementor-element-a8556ba e-con-full e-flex e-con e-child\" data-id=\"a8556ba\" data-element_type=\"container\">\n\t\t\t\t<div class=\"elementor-element elementor-element-2175e8a elementor-widget elementor-widget-text-editor\" data-id=\"2175e8a\" data-element_type=\"widget\" data-widget_type=\"text-editor.default\">\n\t\t\t\t<div class=\"elementor-widget-container\">\n\t\t\t\t\t\t\t\t\t<p class=\"cdx-title cdx-text-align-justify\">Les t\u00eates de test DOT en magn\u00e9sium K1A sont utilis\u00e9es pour les essais d\u2019impact uniaxial sur casques. Ces t\u00eates de test ont \u00e9t\u00e9 con\u00e7ues et fabriqu\u00e9es pour r\u00e9pondre aux normes DOT FMVSS-218 et ACH (Advanced Combat Helmet).<\/p>\t\t\t\t\t\t\t\t<\/div>\n\t\t\t\t<\/div>\n\t\t\t\t<div class=\"elementor-element elementor-element-8e33860 equipment-sub-titles elementor-widget elementor-widget-heading\" data-id=\"8e33860\" data-element_type=\"widget\" data-widget_type=\"heading.default\">\n\t\t\t\t<div class=\"elementor-widget-container\">\n\t\t\t\t\t<h6 class=\"elementor-heading-title elementor-size-default\">CARACT\u00c9RISTIQUES\u202f:<\/h6>\t\t\t\t<\/div>\n\t\t\t\t<\/div>\n\t\t\t\t<div class=\"elementor-element elementor-element-426ac5d elementor-widget elementor-widget-text-editor\" data-id=\"426ac5d\" data-element_type=\"widget\" data-widget_type=\"text-editor.default\">\n\t\t\t\t<div class=\"elementor-widget-container\">\n\t\t\t\t\t\t\t\t\t<ul class=\"special-list\">\n<li>Les t\u00eates de s\u00e9rie sont accompagn\u00e9es de leur fiche technique.<\/li>\n<li>Mat\u00e9riau : magn\u00e9sium K1A<\/li>\n<li>100% CNC usin\u00e9<\/li>\n<li>Les lignes d'essai sont grav\u00e9es par CNC<\/li>\n<li>Sizes available: A \u2013 B \u2013 C \u2013 D<\/li>\n<\/ul>\t\t\t\t\t\t\t\t<\/div>\n\t\t\t\t<\/div>\n\t\t\t\t<\/div>\n\t\t<div class=\"elementor-element elementor-element-dba47a2 e-con-full e-grid equipment-page-multi-image-box e-con e-child\" data-id=\"dba47a2\" data-element_type=\"container\">\n\t\t\t\t<div class=\"elementor-element elementor-element-b775565 elementor-widget elementor-widget-image\" data-id=\"b775565\" data-element_type=\"widget\" data-widget_type=\"image.default\">\n\t\t\t\t<div class=\"elementor-widget-container\">\n\t\t\t\t\t\t\t\t\t\t\t\t<figure class=\"wp-caption\">\n\t\t\t\t\t\t\t\t\t\t<img decoding=\"async\" width=\"500\" height=\"465\" src=\"https:\/\/www.cadexinc.com\/wp-content\/uploads\/2025\/03\/DOT-MagHeadform_ANSI-Z90.webp\" class=\"attachment-full size-full wp-image-17186\" alt=\"\" srcset=\"https:\/\/www.cadexinc.com\/wp-content\/uploads\/2025\/03\/DOT-MagHeadform_ANSI-Z90.webp 500w, https:\/\/www.cadexinc.com\/wp-content\/uploads\/2025\/03\/DOT-MagHeadform_ANSI-Z90-300x279.webp 300w, https:\/\/www.cadexinc.com\/wp-content\/uploads\/2025\/03\/DOT-MagHeadform_ANSI-Z90-13x12.webp 13w, https:\/\/www.cadexinc.com\/wp-content\/uploads\/2025\/03\/DOT-MagHeadform_ANSI-Z90-416x387.webp 416w\" sizes=\"(max-width: 500px) 100vw, 500px\" \/>\t\t\t\t\t\t\t\t\t\t\t<figcaption class=\"widget-image-caption wp-caption-text\">T\u00eate de test ANSI Z90.1 avec r\u00e9gion des \u00e9couteurs \u00e9galement disponible<\/figcaption>\n\t\t\t\t\t\t\t\t\t\t<\/figure>\n\t\t\t\t\t\t\t\t\t<\/div>\n\t\t\t\t<\/div>\n\t\t\t\t<\/div>\n\t\t\t\t<\/div>\n\t\t\t\t<\/div>\n\t\t<div class=\"elementor-element elementor-element-f21559e e-con-full elementor-hidden-mobile e-flex e-con e-child\" data-id=\"f21559e\" data-element_type=\"container\">\n\t\t\t\t<div class=\"elementor-element elementor-element-d557665 elementor-widget elementor-widget-image\" data-id=\"d557665\" data-element_type=\"widget\" data-widget_type=\"image.default\">\n\t\t\t\t<div class=\"elementor-widget-container\">\n\t\t\t\t\t\t\t\t\t\t\t\t\t\t\t<img fetchpriority=\"high\" decoding=\"async\" width=\"861\" height=\"859\" src=\"https:\/\/www.cadexinc.com\/wp-content\/uploads\/2025\/03\/DOT-Magnesium-Headform_main.webp\" class=\"attachment-large size-large wp-image-17179\" alt=\"\" srcset=\"https:\/\/www.cadexinc.com\/wp-content\/uploads\/2025\/03\/DOT-Magnesium-Headform_main.webp 861w, https:\/\/www.cadexinc.com\/wp-content\/uploads\/2025\/03\/DOT-Magnesium-Headform_main-300x300.webp 300w, https:\/\/www.cadexinc.com\/wp-content\/uploads\/2025\/03\/DOT-Magnesium-Headform_main-150x150.webp 150w, https:\/\/www.cadexinc.com\/wp-content\/uploads\/2025\/03\/DOT-Magnesium-Headform_main-768x766.webp 768w, https:\/\/www.cadexinc.com\/wp-content\/uploads\/2025\/03\/DOT-Magnesium-Headform_main-12x12.webp 12w, https:\/\/www.cadexinc.com\/wp-content\/uploads\/2025\/03\/DOT-Magnesium-Headform_main-416x415.webp 416w, https:\/\/www.cadexinc.com\/wp-content\/uploads\/2025\/03\/DOT-Magnesium-Headform_main-100x100.webp 100w, https:\/\/www.cadexinc.com\/wp-content\/uploads\/2025\/03\/DOT-Magnesium-Headform_main-50x50.webp 50w\" sizes=\"(max-width: 861px) 100vw, 861px\" \/>\t\t\t\t\t\t\t\t\t\t\t\t\t\t\t<\/div>\n\t\t\t\t<\/div>\n\t\t\t\t<\/div>\n\t\t\t\t<\/div>\n\t\t\t\t\t<\/div>\n\t\t\t\t<\/div>\n\t\t<div class=\"elementor-element elementor-element-faef5fa e-con-full e-flex e-con e-parent\" data-id=\"faef5fa\" data-element_type=\"container\">\n\t\t<div class=\"elementor-element elementor-element-2a0e5c4 e-grid e-con-full e-con e-child\" data-id=\"2a0e5c4\" data-element_type=\"container\">\n\t\t<div class=\"elementor-element elementor-element-f208528 e-con-full e-grid equipment-page-multi-image-box e-con e-child\" data-id=\"f208528\" data-element_type=\"container\">\n\t\t\t\t<div class=\"elementor-element elementor-element-058880f elementor-widget elementor-widget-image\" data-id=\"058880f\" data-element_type=\"widget\" data-widget_type=\"image.default\">\n\t\t\t\t<div class=\"elementor-widget-container\">\n\t\t\t\t\t\t\t\t\t\t\t\t<figure class=\"wp-caption\">\n\t\t\t\t\t\t\t\t\t\t<img decoding=\"async\" width=\"637\" height=\"455\" src=\"https:\/\/www.cadexinc.com\/wp-content\/uploads\/2025\/03\/DOT-Magnesium-Headform_Inside-view.webp\" class=\"attachment-full size-full wp-image-17182\" alt=\"\" srcset=\"https:\/\/www.cadexinc.com\/wp-content\/uploads\/2025\/03\/DOT-Magnesium-Headform_Inside-view.webp 637w, https:\/\/www.cadexinc.com\/wp-content\/uploads\/2025\/03\/DOT-Magnesium-Headform_Inside-view-300x214.webp 300w, https:\/\/www.cadexinc.com\/wp-content\/uploads\/2025\/03\/DOT-Magnesium-Headform_Inside-view-18x12.webp 18w, https:\/\/www.cadexinc.com\/wp-content\/uploads\/2025\/03\/DOT-Magnesium-Headform_Inside-view-416x297.webp 416w\" sizes=\"(max-width: 637px) 100vw, 637px\" \/>\t\t\t\t\t\t\t\t\t\t\t<figcaption class=\"widget-image-caption wp-caption-text\">Vue int\u00e9rieure<\/figcaption>\n\t\t\t\t\t\t\t\t\t\t<\/figure>\n\t\t\t\t\t\t\t\t\t<\/div>\n\t\t\t\t<\/div>\n\t\t\t\t<\/div>\n\t\t\t\t<\/div>\n\t\t<div class=\"elementor-element elementor-element-0d5abb8 e-grid e-con-full e-con e-child\" data-id=\"0d5abb8\" data-element_type=\"container\">\n\t\t<div class=\"elementor-element elementor-element-e390ed4 e-con-full e-grid equipment-page-multi-image-box e-con e-child\" data-id=\"e390ed4\" data-element_type=\"container\">\n\t\t\t\t<div class=\"elementor-element elementor-element-7ec9782 elementor-widget elementor-widget-image\" data-id=\"7ec9782\" data-element_type=\"widget\" data-widget_type=\"image.default\">\n\t\t\t\t<div class=\"elementor-widget-container\">\n\t\t\t\t\t\t\t\t\t\t\t\t<figure class=\"wp-caption\">\n\t\t\t\t\t\t\t\t\t\t<img loading=\"lazy\" decoding=\"async\" width=\"1083\" height=\"300\" src=\"https:\/\/www.cadexinc.com\/wp-content\/uploads\/2025\/03\/DOT-Magnesium-Headform_all.webp\" class=\"attachment-full size-full wp-image-17180\" alt=\"\" srcset=\"https:\/\/www.cadexinc.com\/wp-content\/uploads\/2025\/03\/DOT-Magnesium-Headform_all.webp 1083w, https:\/\/www.cadexinc.com\/wp-content\/uploads\/2025\/03\/DOT-Magnesium-Headform_all-300x83.webp 300w, https:\/\/www.cadexinc.com\/wp-content\/uploads\/2025\/03\/DOT-Magnesium-Headform_all-1024x284.webp 1024w, https:\/\/www.cadexinc.com\/wp-content\/uploads\/2025\/03\/DOT-Magnesium-Headform_all-768x213.webp 768w, https:\/\/www.cadexinc.com\/wp-content\/uploads\/2025\/03\/DOT-Magnesium-Headform_all-18x5.webp 18w, https:\/\/www.cadexinc.com\/wp-content\/uploads\/2025\/03\/DOT-Magnesium-Headform_all-416x115.webp 416w\" sizes=\"(max-width: 1083px) 100vw, 1083px\" \/>\t\t\t\t\t\t\t\t\t\t\t<figcaption class=\"widget-image-caption wp-caption-text\">Tailles disponibles : A - B - C - D<\/figcaption>\n\t\t\t\t\t\t\t\t\t\t<\/figure>\n\t\t\t\t\t\t\t\t\t<\/div>\n\t\t\t\t<\/div>\n\t\t\t\t<\/div>\n\t\t\t\t<\/div>\n\t\t\t\t<\/div>\n\t\t\t\t<\/div>","protected":false},"excerpt":{"rendered":"<p>The DOT magnesium K1A headforms are used for uniaxial impact helmet testing. The headforms have been designed and manufactured to meet the DOT FMVSS-218 and ACH (Advance Combat Helmet) standards. FEATURES: Headforms comes with their technical datasheet Material: magnesium K1A 100% CNC machined Testing lines are CNC engraved Sizes available: A \u2013 B \u2013 C [&hellip;]<\/p>","protected":false},"author":5,"featured_media":17179,"parent":3156,"menu_order":0,"comment_status":"closed","ping_status":"closed","template":"","meta":{"footnotes":""},"categories":[41],"class_list":["post-203","page","type-page","status-publish","has-post-thumbnail","hentry","category-headforms"],"_links":{"self":[{"href":"https:\/\/www.cadexinc.com\/fr\/wp-json\/wp\/v2\/pages\/203","targetHints":{"allow":["GET"]}}],"collection":[{"href":"https:\/\/www.cadexinc.com\/fr\/wp-json\/wp\/v2\/pages"}],"about":[{"href":"https:\/\/www.cadexinc.com\/fr\/wp-json\/wp\/v2\/types\/page"}],"author":[{"embeddable":true,"href":"https:\/\/www.cadexinc.com\/fr\/wp-json\/wp\/v2\/users\/5"}],"replies":[{"embeddable":true,"href":"https:\/\/www.cadexinc.com\/fr\/wp-json\/wp\/v2\/comments?post=203"}],"version-history":[{"count":77,"href":"https:\/\/www.cadexinc.com\/fr\/wp-json\/wp\/v2\/pages\/203\/revisions"}],"predecessor-version":[{"id":21234,"href":"https:\/\/www.cadexinc.com\/fr\/wp-json\/wp\/v2\/pages\/203\/revisions\/21234"}],"up":[{"embeddable":true,"href":"https:\/\/www.cadexinc.com\/fr\/wp-json\/wp\/v2\/pages\/3156"}],"wp:featuredmedia":[{"embeddable":true,"href":"https:\/\/www.cadexinc.com\/fr\/wp-json\/wp\/v2\/media\/17179"}],"wp:attachment":[{"href":"https:\/\/www.cadexinc.com\/fr\/wp-json\/wp\/v2\/media?parent=203"}],"wp:term":[{"taxonomy":"category","embeddable":true,"href":"https:\/\/www.cadexinc.com\/fr\/wp-json\/wp\/v2\/categories?post=203"}],"curies":[{"name":"wp","href":"https:\/\/api.w.org\/{rel}","templated":true}]}}