{"id":201,"date":"2022-05-17T13:34:14","date_gmt":"2022-05-17T17:34:14","guid":{"rendered":"http:\/\/www.cadexinc.com\/?page_id=201"},"modified":"2026-03-19T15:59:48","modified_gmt":"2026-03-19T19:59:48","slug":"tetiere-complete-en-magnesium","status":"publish","type":"page","link":"https:\/\/www.cadexinc.com\/fr\/equipement\/tetes-de-betail\/tetiere-complete-en-magnesium\/","title":{"rendered":"Forme de t\u00eate en magn\u00e9sium"},"content":{"rendered":"<div data-elementor-type=\"wp-page\" data-elementor-id=\"201\" class=\"elementor elementor-201\">\n\t\t\t\t<div class=\"elementor-element elementor-element-6972c1b6 elementor-hidden-desktop e-flex e-con-boxed e-con e-parent\" data-id=\"6972c1b6\" data-element_type=\"container\">\n\t\t\t\t\t<div class=\"e-con-inner\">\n\t\t\t\t<div class=\"elementor-element elementor-element-80d67dc elementor-hidden-mobile elementor-widget elementor-widget-image\" data-id=\"80d67dc\" data-element_type=\"widget\" data-widget_type=\"image.default\">\n\t\t\t\t<div class=\"elementor-widget-container\">\n\t\t\t\t\t\t\t\t\t\t\t\t\t\t\t<img fetchpriority=\"high\" decoding=\"async\" width=\"1664\" height=\"2000\" src=\"https:\/\/www.cadexinc.com\/wp-content\/uploads\/2023\/07\/Full-Headform-Magnesium-K1A_new.webp\" class=\"attachment-full size-full wp-image-12599\" alt=\"\" srcset=\"https:\/\/www.cadexinc.com\/wp-content\/uploads\/2023\/07\/Full-Headform-Magnesium-K1A_new.webp 1664w, https:\/\/www.cadexinc.com\/wp-content\/uploads\/2023\/07\/Full-Headform-Magnesium-K1A_new-250x300.webp 250w, https:\/\/www.cadexinc.com\/wp-content\/uploads\/2023\/07\/Full-Headform-Magnesium-K1A_new-852x1024.webp 852w, https:\/\/www.cadexinc.com\/wp-content\/uploads\/2023\/07\/Full-Headform-Magnesium-K1A_new-768x923.webp 768w, https:\/\/www.cadexinc.com\/wp-content\/uploads\/2023\/07\/Full-Headform-Magnesium-K1A_new-1278x1536.webp 1278w, https:\/\/www.cadexinc.com\/wp-content\/uploads\/2023\/07\/Full-Headform-Magnesium-K1A_new-416x500.webp 416w\" sizes=\"(max-width: 1664px) 100vw, 1664px\" \/>\t\t\t\t\t\t\t\t\t\t\t\t\t\t\t<\/div>\n\t\t\t\t<\/div>\n\t\t\t\t\t<\/div>\n\t\t\t\t<\/div>\n\t\t<div class=\"elementor-element elementor-element-b5a9be9 e-flex e-con-boxed e-con e-parent\" data-id=\"b5a9be9\" data-element_type=\"container\">\n\t\t\t\t\t<div class=\"e-con-inner\">\n\t\t<div class=\"elementor-element elementor-element-929b886 e-con-full e-flex e-con e-child\" data-id=\"929b886\" data-element_type=\"container\">\n\t\t<div class=\"elementor-element elementor-element-f8aa8fb e-con-full e-flex e-con e-child\" data-id=\"f8aa8fb\" data-element_type=\"container\">\n\t\t<div class=\"elementor-element elementor-element-f0a4bf3 e-con-full equipment-main-right-block e-flex e-con e-child\" data-id=\"f0a4bf3\" data-element_type=\"container\">\n\t\t<div class=\"elementor-element elementor-element-4fcc788 e-con-full e-flex e-con e-child\" data-id=\"4fcc788\" data-element_type=\"container\">\n\t\t\t\t<div class=\"elementor-element elementor-element-90e6fdf elementor-widget elementor-widget-text-editor\" data-id=\"90e6fdf\" data-element_type=\"widget\" data-widget_type=\"text-editor.default\">\n\t\t\t\t<div class=\"elementor-widget-container\">\n\t\t\t\t\t\t\t\t\t<p class=\"cdx-title cdx-text-align-justify\">Les formes de t\u00eate en magn\u00e9sium K1A compl\u00e8tes sont utilis\u00e9es pour les essais d\u2019impact triaxial et rotationnel sur casques. Elles ont \u00e9t\u00e9 con\u00e7ues et fabriqu\u00e9es pour r\u00e9pondre aux normes ISO\/DIS 6220 ou EN 960.\n<\/p>\t\t\t\t\t\t\t\t<\/div>\n\t\t\t\t<\/div>\n\t\t\t\t<div class=\"elementor-element elementor-element-b2b5e9b equipment-sub-titles elementor-widget elementor-widget-heading\" data-id=\"b2b5e9b\" data-element_type=\"widget\" data-widget_type=\"heading.default\">\n\t\t\t\t<div class=\"elementor-widget-container\">\n\t\t\t\t\t<h6 class=\"elementor-heading-title elementor-size-default\">CARACT\u00c9RISTIQUES\u202f:<\/h6>\t\t\t\t<\/div>\n\t\t\t\t<\/div>\n\t\t\t\t<div class=\"elementor-element elementor-element-bc3ab03 elementor-widget elementor-widget-text-editor\" data-id=\"bc3ab03\" data-element_type=\"widget\" data-widget_type=\"text-editor.default\">\n\t\t\t\t<div class=\"elementor-widget-container\">\n\t\t\t\t\t\t\t\t\t<ul class=\"special-list\">\n<li>Les t\u00eates de s\u00e9rie sont accompagn\u00e9es de leur fiche technique.<\/li>\n<li>Mat\u00e9riau : magn\u00e9sium K1A<\/li>\n<li>100% CNC usin\u00e9<\/li>\n<li>Les lignes d'essai sont grav\u00e9es par CNC<\/li>\n<li>Une seule fixation de c\u00f4ne et un seul acc\u00e9l\u00e9rom\u00e8tre sont n\u00e9cessaires pour s'adapter \u00e0 un ensemble complet de t\u00eates factices (vendues s\u00e9par\u00e9ment).<\/li>\n<li>Letter sizes available (ISO\/DIS 6220): A \u2013 C \u2013 D \u2013 E \u2013 G \u2013 J \u2013 K \u2013 M \u2013 O<\/li>\n<li>Number sizes available (EN 960): 495 \u2013 515 \u2013 525 \u2013 535 \u2013 555 \u2013 575 \u2013 585 \u2013 605 \u2013 625<\/li>\n<\/ul>\t\t\t\t\t\t\t\t<\/div>\n\t\t\t\t<\/div>\n\t\t\t\t<\/div>\n\t\t\t\t<\/div>\n\t\t\t\t<\/div>\n\t\t<div class=\"elementor-element elementor-element-72070e3 e-con-full elementor-hidden-mobile e-flex e-con e-child\" data-id=\"72070e3\" data-element_type=\"container\">\n\t\t\t\t<div class=\"elementor-element elementor-element-671bca2 elementor-hidden-mobile elementor-widget elementor-widget-image\" data-id=\"671bca2\" data-element_type=\"widget\" data-widget_type=\"image.default\">\n\t\t\t\t<div class=\"elementor-widget-container\">\n\t\t\t\t\t\t\t\t\t\t\t\t\t\t\t<img fetchpriority=\"high\" decoding=\"async\" width=\"1664\" height=\"2000\" src=\"https:\/\/www.cadexinc.com\/wp-content\/uploads\/2023\/07\/Full-Headform-Magnesium-K1A_new.webp\" class=\"attachment-full size-full wp-image-12599\" alt=\"\" srcset=\"https:\/\/www.cadexinc.com\/wp-content\/uploads\/2023\/07\/Full-Headform-Magnesium-K1A_new.webp 1664w, https:\/\/www.cadexinc.com\/wp-content\/uploads\/2023\/07\/Full-Headform-Magnesium-K1A_new-250x300.webp 250w, https:\/\/www.cadexinc.com\/wp-content\/uploads\/2023\/07\/Full-Headform-Magnesium-K1A_new-852x1024.webp 852w, https:\/\/www.cadexinc.com\/wp-content\/uploads\/2023\/07\/Full-Headform-Magnesium-K1A_new-768x923.webp 768w, https:\/\/www.cadexinc.com\/wp-content\/uploads\/2023\/07\/Full-Headform-Magnesium-K1A_new-1278x1536.webp 1278w, https:\/\/www.cadexinc.com\/wp-content\/uploads\/2023\/07\/Full-Headform-Magnesium-K1A_new-416x500.webp 416w\" sizes=\"(max-width: 1664px) 100vw, 1664px\" \/>\t\t\t\t\t\t\t\t\t\t\t\t\t\t\t<\/div>\n\t\t\t\t<\/div>\n\t\t\t\t<\/div>\n\t\t\t\t<\/div>\n\t\t\t\t\t<\/div>\n\t\t\t\t<\/div>\n\t\t<div class=\"elementor-element elementor-element-8cec3f3 e-flex e-con-boxed e-con e-parent\" data-id=\"8cec3f3\" data-element_type=\"container\">\n\t\t\t\t\t<div class=\"e-con-inner\">\n\t\t<div class=\"elementor-element elementor-element-e2cc3b2 e-con-full e-grid equipment-page-multi-image-box e-con e-child\" data-id=\"e2cc3b2\" data-element_type=\"container\">\n\t\t\t\t<div class=\"elementor-element elementor-element-74ca1f2 elementor-widget elementor-widget-image\" data-id=\"74ca1f2\" data-element_type=\"widget\" data-widget_type=\"image.default\">\n\t\t\t\t<div class=\"elementor-widget-container\">\n\t\t\t\t\t\t\t\t\t\t\t\t<figure class=\"wp-caption\">\n\t\t\t\t\t\t\t\t\t\t<img decoding=\"async\" width=\"1222\" height=\"320\" src=\"https:\/\/www.cadexinc.com\/wp-content\/uploads\/2023\/07\/Full-Headform-Magnesium-K1A_The-cone.webp\" class=\"attachment-full size-full wp-image-12590\" alt=\"\" srcset=\"https:\/\/www.cadexinc.com\/wp-content\/uploads\/2023\/07\/Full-Headform-Magnesium-K1A_The-cone.webp 1222w, https:\/\/www.cadexinc.com\/wp-content\/uploads\/2023\/07\/Full-Headform-Magnesium-K1A_The-cone-300x79.webp 300w, https:\/\/www.cadexinc.com\/wp-content\/uploads\/2023\/07\/Full-Headform-Magnesium-K1A_The-cone-1024x268.webp 1024w, https:\/\/www.cadexinc.com\/wp-content\/uploads\/2023\/07\/Full-Headform-Magnesium-K1A_The-cone-768x201.webp 768w, https:\/\/www.cadexinc.com\/wp-content\/uploads\/2023\/07\/Full-Headform-Magnesium-K1A_The-cone-416x109.webp 416w\" sizes=\"(max-width: 1222px) 100vw, 1222px\" \/>\t\t\t\t\t\t\t\t\t\t\t<figcaption class=\"widget-image-caption wp-caption-text\">L\u2019accessoire c\u00f4ne est utilis\u00e9 pour monter l\u2019acc\u00e9l\u00e9rom\u00e8tre sur le centre de gravit\u00e9 de la forme de t\u00eate (non inclus)<\/figcaption>\n\t\t\t\t\t\t\t\t\t\t<\/figure>\n\t\t\t\t\t\t\t\t\t<\/div>\n\t\t\t\t<\/div>\n\t\t\t\t<\/div>\n\t\t<div class=\"elementor-element elementor-element-b215195 e-con-full e-grid equipment-page-multi-image-box e-con e-child\" data-id=\"b215195\" data-element_type=\"container\">\n\t\t\t\t<div class=\"elementor-element elementor-element-68c28d5 elementor-widget elementor-widget-image\" data-id=\"68c28d5\" data-element_type=\"widget\" data-widget_type=\"image.default\">\n\t\t\t\t<div class=\"elementor-widget-container\">\n\t\t\t\t\t\t\t\t\t\t\t\t<figure class=\"wp-caption\">\n\t\t\t\t\t\t\t\t\t\t<img decoding=\"async\" width=\"1567\" height=\"345\" src=\"https:\/\/www.cadexinc.com\/wp-content\/uploads\/2025\/03\/FullMHeadform-All-standardSizesAvailable.webp\" class=\"attachment-full size-full wp-image-17892\" alt=\"\" srcset=\"https:\/\/www.cadexinc.com\/wp-content\/uploads\/2025\/03\/FullMHeadform-All-standardSizesAvailable.webp 1567w, https:\/\/www.cadexinc.com\/wp-content\/uploads\/2025\/03\/FullMHeadform-All-standardSizesAvailable-300x66.webp 300w, https:\/\/www.cadexinc.com\/wp-content\/uploads\/2025\/03\/FullMHeadform-All-standardSizesAvailable-1024x225.webp 1024w, https:\/\/www.cadexinc.com\/wp-content\/uploads\/2025\/03\/FullMHeadform-All-standardSizesAvailable-768x169.webp 768w, https:\/\/www.cadexinc.com\/wp-content\/uploads\/2025\/03\/FullMHeadform-All-standardSizesAvailable-1536x338.webp 1536w, https:\/\/www.cadexinc.com\/wp-content\/uploads\/2025\/03\/FullMHeadform-All-standardSizesAvailable-18x4.webp 18w, https:\/\/www.cadexinc.com\/wp-content\/uploads\/2025\/03\/FullMHeadform-All-standardSizesAvailable-416x92.webp 416w\" sizes=\"(max-width: 1567px) 100vw, 1567px\" \/>\t\t\t\t\t\t\t\t\t\t\t<figcaption class=\"widget-image-caption wp-caption-text\">Toutes les tailles standard sont disponibles<\/figcaption>\n\t\t\t\t\t\t\t\t\t\t<\/figure>\n\t\t\t\t\t\t\t\t\t<\/div>\n\t\t\t\t<\/div>\n\t\t\t\t<\/div>\n\t\t\t\t\t<\/div>\n\t\t\t\t<\/div>\n\t\t\t\t<\/div>","protected":false},"excerpt":{"rendered":"<p>The full magnesium K1A headforms are used for triaxial and rotational impact tests on helmets. The headforms have been designed and manufactured to meet the ISO\/DIS 6220 or EN 960 standards. FEATURES: Headforms comes with their technical datasheet Material: magnesium K1A 100% CNC machined Testing lines are CNC engraved A single cone attachment and accelerometer [&hellip;]<\/p>","protected":false},"author":5,"featured_media":12599,"parent":3156,"menu_order":0,"comment_status":"closed","ping_status":"closed","template":"","meta":{"footnotes":""},"categories":[41],"class_list":["post-201","page","type-page","status-publish","has-post-thumbnail","hentry","category-headforms"],"_links":{"self":[{"href":"https:\/\/www.cadexinc.com\/fr\/wp-json\/wp\/v2\/pages\/201","targetHints":{"allow":["GET"]}}],"collection":[{"href":"https:\/\/www.cadexinc.com\/fr\/wp-json\/wp\/v2\/pages"}],"about":[{"href":"https:\/\/www.cadexinc.com\/fr\/wp-json\/wp\/v2\/types\/page"}],"author":[{"embeddable":true,"href":"https:\/\/www.cadexinc.com\/fr\/wp-json\/wp\/v2\/users\/5"}],"replies":[{"embeddable":true,"href":"https:\/\/www.cadexinc.com\/fr\/wp-json\/wp\/v2\/comments?post=201"}],"version-history":[{"count":81,"href":"https:\/\/www.cadexinc.com\/fr\/wp-json\/wp\/v2\/pages\/201\/revisions"}],"predecessor-version":[{"id":21222,"href":"https:\/\/www.cadexinc.com\/fr\/wp-json\/wp\/v2\/pages\/201\/revisions\/21222"}],"up":[{"embeddable":true,"href":"https:\/\/www.cadexinc.com\/fr\/wp-json\/wp\/v2\/pages\/3156"}],"wp:featuredmedia":[{"embeddable":true,"href":"https:\/\/www.cadexinc.com\/fr\/wp-json\/wp\/v2\/media\/12599"}],"wp:attachment":[{"href":"https:\/\/www.cadexinc.com\/fr\/wp-json\/wp\/v2\/media?parent=201"}],"wp:term":[{"taxonomy":"category","embeddable":true,"href":"https:\/\/www.cadexinc.com\/fr\/wp-json\/wp\/v2\/categories?post=201"}],"curies":[{"name":"wp","href":"https:\/\/api.w.org\/{rel}","templated":true}]}}