{"id":2,"date":"2022-04-05T15:14:44","date_gmt":"2022-04-05T19:14:44","guid":{"rendered":"http:\/\/www.cadexinc.com\/?page_id=2"},"modified":"2026-04-22T09:49:02","modified_gmt":"2026-04-22T13:49:02","slug":"page-dexemple","status":"publish","type":"page","link":"https:\/\/www.cadexinc.com\/fr\/","title":{"rendered":"Page d'accueil"},"content":{"rendered":"<div data-elementor-type=\"wp-page\" data-elementor-id=\"2\" class=\"elementor elementor-2\">\n\t\t\t\t<div class=\"elementor-element elementor-element-a2f5f5a elementor-hidden-desktop elementor-hidden-tablet elementor-hidden-mobile e-flex e-con-boxed e-con e-parent\" data-id=\"a2f5f5a\" data-element_type=\"container\">\n\t\t\t\t\t<div class=\"e-con-inner\">\n\t\t\t\t<div class=\"elementor-element elementor-element-339aacd elementor-widget elementor-widget-text-editor\" data-id=\"339aacd\" data-element_type=\"widget\" data-widget_type=\"text-editor.default\">\n\t\t\t\t<div class=\"elementor-widget-container\">\n\t\t\t\t\t\t\t\t\t<div class=\"container pt-2\">\n<h2 class=\"text-danger fs-special text-center py-3 w-35 mt-4 m-auto text-uppercase cdx-title\">Qui sommes-nous ?<\/h2>\n<div class=\"container py-4\">\n<div class=\"row\">\n<div class=\"col-sm-auto cdx-about px-4 rounded-1\">\n<p class=\"text_justify fs-8 px-sm-0 px-3 pt-5\">CADEX Inc., entreprise priv\u00e9e en activit\u00e9 depuis 1994, est le leader mondial dans la recherche, le d\u00e9veloppement et la fabrication de syst\u00e8mes d\u2019impact et de laboratoires d\u2019essais \u00ab cl\u00e9s en main \u00bb. Les activit\u00e9s de R&amp;D de notre division d\u2019essais, combin\u00e9es \u00e0 nos d\u00e9partements de m\u00e9trologie et d\u2019assurance qualit\u00e9, offrent en permanence \u00e0 nos d\u00e9partements d\u2019ing\u00e9nierie, d\u2019\u00e9lectronique et de production un niveau de soutien et de technologie in\u00e9gal\u00e9 dans la compr\u00e9hension des conceptions complexes, des harmoniques des mat\u00e9riaux et des impacts sur le corps humain.<\/p>\n<p class=\"text_justify px-sm-0 px-3 fs-8\">L\u2019\u00e9quipe de CADEX est compos\u00e9e d\u2019une direction exp\u00e9riment\u00e9e, d\u2019ing\u00e9nieurs comp\u00e9tents et m\u00e9ticuleux, de techniciens, d\u2019op\u00e9rateurs CNC et de personnel de soutien qui s\u2019efforcent d\u2019atteindre un niveau d\u2019excellence \u00e9gal ou sup\u00e9rieur \u00e0 celui de tout atelier sp\u00e9cialis\u00e9. Avec pr\u00e8s de 100 employ\u00e9s et une installation \u00e0 la fine pointe de la technologie couvrant plus de 60 000 pieds carr\u00e9s, CADEX demeure engag\u00e9e envers l\u2019excellence et continue de soutenir ses clients \u00e0 travers le monde gr\u00e2ce \u00e0 des produits de premi\u00e8re qualit\u00e9 et un service \u00e0 la client\u00e8le exceptionnel.<\/p>\n\n<div class=\"row d-flex justify-content-center\">\n<div class=\"col-md-auto cdx-about\">\n<div class=\"mb-5 p-0 mt-5\">\n\n<center><figure class=\"figure\"><img decoding=\"async\" src=\"https:\/\/www.cadexinc.com\/wp-content\/uploads\/2025\/06\/building-2024.jpg\" title=\"\" alt=\"\" class=\"img-fluid p-0\" \/><\/figure><\/center>\n\n<\/div>\n<\/div>\n<\/div>\n<\/div>\n<\/div>\n<\/div>\n<\/div>\n<!-- section 2-->\n<div class=\"container bg-light rounded-1 shadow-sm cat-section\">\n<div class=\"pt-5 mt-sm-5\">\n<div class=\"row align-items-start cdx-catalog pb-4\">\n<div class=\"col-md-6 d-flex justify-content-end\">\n\n<center><figure class=\"figure\"><img decoding=\"async\" src=\"http:\/\/www.cadexinc.com\/wp-content\/uploads\/2023\/05\/New-Catalog.webp\" title=\"\" alt=\"\" class=\"img-fluid cdx-img-60 p-3 bg-white\" \/><\/figure><\/center>\n\n<\/div>\n<div class=\"col-md-6 d-flex flex-column pt-5 cdx-catalog\">\n<div><a class=\"btn text-uppercase rounded-2 btn-outline-primary\" href=\"https:\/\/www.cadexinc.com\/fr\/catalogue-flipbook\/\" target=\"_blank\" rel=\"noopener\"> Flipbook-Catalogue<\/a><\/div>\n<div><a class=\"btn text-uppercase rounded-2 btn-outline-primary mt-4\" href=\"https:\/\/www.cadexinc.com\/wp-content\/uploads\/2024\/04\/Catalog-Cadex-Testing.pdf\" target=\"_blank\" rel=\"noopener\">T\u00e9l\u00e9charger le catalogue PDF<\/a><\/div>\n<div><a class=\"btn rounded-2 text-uppercase btn-outline-primary mt-4\" href=\"https:\/\/www.cadexinc.com\/wp-content\/uploads\/2023\/07\/formulas.pdf\" target=\"_blank\" rel=\"noopener\">T\u00e9l\u00e9charger les formules<\/a><\/div>\n<\/div>\n<\/div>\n<\/div>\n<\/div>\n<div class=\"container cdx-divisions mt-sm-5\"><!-- \/tabs --><\/div>\n<!-- section 4 -->\n<div class=\"container text-center pb-5\">\n<h2 class=\"text-danger fs-special text-center py-3 w-50 m-auto text-uppercase my-5 cdx-title\">Autres divisions de Cadex<\/h2>\n<div class=\"row mt-6\">\n<div class=\"col-md-6 pt-5\">\n<div class=\"mb-3\"><center><figure class=\"figure\"><img decoding=\"async\" src=\"http:\/\/www.cadexinc.com\/wp-content\/uploads\/2022\/08\/defense-2_1.png\" title=\"\" alt=\"\" class=\"img-fluid border shadow-sm cdx_divisions\" \/><\/figure><\/center><\/div>\n<h3>CADEX DEFENCE<\/h3>\n<\/div>\n<div class=\"col-md-6 pt-5\">\n<div class=\"mb-3\"><center><figure class=\"figure\"><img decoding=\"async\" src=\"http:\/\/www.cadexinc.com\/wp-content\/uploads\/2022\/08\/protective-equipment-2_2.png\" title=\"\" alt=\"\" class=\"img-fluid border shadow-sm cdx_divisions\" \/><\/figure><\/center><\/div>\n<h3>\u00c9QUIPEMENT DE PROTECTION<\/h3>\n<\/div>\n<\/div>\n<\/div>\t\t\t\t\t\t\t\t<\/div>\n\t\t\t\t<\/div>\n\t\t\t\t\t<\/div>\n\t\t\t\t<\/div>\n\t\t<div class=\"elementor-element elementor-element-b7f45e4 e-flex e-con-boxed e-con e-parent\" data-id=\"b7f45e4\" data-element_type=\"container\">\n\t\t\t\t\t<div class=\"e-con-inner\">\n\t\t\t\t<div class=\"elementor-element elementor-element-f4bc75a elementor-widget elementor-widget-heading\" data-id=\"f4bc75a\" data-element_type=\"widget\" data-widget_type=\"heading.default\">\n\t\t\t\t<div class=\"elementor-widget-container\">\n\t\t\t\t\t<h1 class=\"elementor-heading-title elementor-size-default\">QUI SOMMES-NOUS ?<\/h1>\t\t\t\t<\/div>\n\t\t\t\t<\/div>\n\t\t\t\t<div class=\"elementor-element elementor-element-1981d4e elementor-widget elementor-widget-html\" data-id=\"1981d4e\" data-element_type=\"widget\" data-widget_type=\"html.default\">\n\t\t\t\t<div class=\"elementor-widget-container\">\n\t\t\t\t\t<p class=\"fs-8 px-sm-0 px-3 pt-5\" style=\"text-align: center;\">CADEX Inc., une entreprise priv\u00e9e fond\u00e9e en 1994, est un leader mondial dans la recherche, le d\u00e9veloppement et la fabrication de syst\u00e8mes d\u2019impact cl\u00e9s en main et de laboratoires d\u2019essais avanc\u00e9s.\r\n<\/br>\r\n<\/br>\r\nPort\u00e9s par l\u2019innovation, les efforts de recherche et d\u00e9veloppement de notre division d\u2019essais (enti\u00e8rement int\u00e9gr\u00e9e \u00e0 nos \u00e9quipes de m\u00e9trologie et d\u2019assurance qualit\u00e9) fournissent \u00e0 nos d\u00e9partements d\u2019ing\u00e9nierie, d\u2019\u00e9lectronique et de production des analyses de pointe. Cette synergie permet une compr\u00e9hension approfondie des conceptions complexes, du comportement des mat\u00e9riaux et de la dynamique des impacts sur le corps humain, offrant ainsi des solutions haute performance qui \u00e9tablissent des r\u00e9f\u00e9rences dans l\u2019industrie.\r\n<\/br>\r\n<\/br>\r\nEn tant que leader mondial de la technologie des \u00e9quipements d\u2019essai de casques pour les machines de laboratoire, CADEX Inc. offre bien plus que des \u00e9quipements : nous proposons des solutions compl\u00e8tes de bout en bout. Notre offre de services compl\u00e8te comprend la couverture de garantie, un emballage professionnel, l\u2019installation, une formation sp\u00e9cialis\u00e9e, des pi\u00e8ces de rechange facilement disponibles ainsi qu\u2019un service d\u2019assistance client r\u00e9actif et continu, garantissant des performances optimales et une fiabilit\u00e9 \u00e0 long terme pour nos clients \u00e0 travers le monde.<\/p>\t\t\t\t<\/div>\n\t\t\t\t<\/div>\n\t\t\t\t<div class=\"elementor-element elementor-element-b5fcbbc elementor-widget elementor-widget-image\" data-id=\"b5fcbbc\" data-element_type=\"widget\" data-widget_type=\"image.default\">\n\t\t\t\t<div class=\"elementor-widget-container\">\n\t\t\t\t\t\t\t\t\t\t\t\t\t\t\t<img fetchpriority=\"high\" decoding=\"async\" width=\"980\" height=\"447\" src=\"https:\/\/www.cadexinc.com\/wp-content\/uploads\/2025\/06\/building-2024-1024x467.jpg\" class=\"attachment-large size-large wp-image-18883\" alt=\"\" srcset=\"https:\/\/www.cadexinc.com\/wp-content\/uploads\/2025\/06\/building-2024-1024x467.jpg 1024w, https:\/\/www.cadexinc.com\/wp-content\/uploads\/2025\/06\/building-2024-300x137.jpg 300w, https:\/\/www.cadexinc.com\/wp-content\/uploads\/2025\/06\/building-2024-768x350.jpg 768w, https:\/\/www.cadexinc.com\/wp-content\/uploads\/2025\/06\/building-2024-1536x701.jpg 1536w, https:\/\/www.cadexinc.com\/wp-content\/uploads\/2025\/06\/building-2024-2048x935.jpg 2048w, https:\/\/www.cadexinc.com\/wp-content\/uploads\/2025\/06\/building-2024-18x8.jpg 18w, https:\/\/www.cadexinc.com\/wp-content\/uploads\/2025\/06\/building-2024-416x190.jpg 416w\" sizes=\"(max-width: 980px) 100vw, 980px\" \/>\t\t\t\t\t\t\t\t\t\t\t\t\t\t\t<\/div>\n\t\t\t\t<\/div>\n\t\t\t\t<div class=\"elementor-element elementor-element-abcdcab elementor-widget elementor-widget-spacer\" data-id=\"abcdcab\" data-element_type=\"widget\" data-widget_type=\"spacer.default\">\n\t\t\t\t<div class=\"elementor-widget-container\">\n\t\t\t\t\t\t\t<div class=\"elementor-spacer\">\n\t\t\t<div class=\"elementor-spacer-inner\"><\/div>\n\t\t<\/div>\n\t\t\t\t\t\t<\/div>\n\t\t\t\t<\/div>\n\t\t<div class=\"elementor-element elementor-element-3fc324f e-grid e-con-full e-con e-child\" data-id=\"3fc324f\" data-element_type=\"container\">\n\t\t<div class=\"elementor-element elementor-element-d30c0bc e-con-full e-flex e-con e-child\" data-id=\"d30c0bc\" data-element_type=\"container\">\n\t\t\t\t<div class=\"elementor-element elementor-element-ef2dc6c elementor-widget elementor-widget-image\" data-id=\"ef2dc6c\" data-element_type=\"widget\" data-widget_type=\"image.default\">\n\t\t\t\t<div class=\"elementor-widget-container\">\n\t\t\t\t\t\t\t\t\t\t\t\t\t\t\t<img decoding=\"async\" width=\"669\" height=\"856\" src=\"https:\/\/www.cadexinc.com\/wp-content\/uploads\/2023\/05\/New-Catalog.webp\" class=\"attachment-large size-large wp-image-9956\" alt=\"\" srcset=\"https:\/\/www.cadexinc.com\/wp-content\/uploads\/2023\/05\/New-Catalog.webp 669w, https:\/\/www.cadexinc.com\/wp-content\/uploads\/2023\/05\/New-Catalog-234x300.webp 234w, https:\/\/www.cadexinc.com\/wp-content\/uploads\/2023\/05\/New-Catalog-416x532.webp 416w\" sizes=\"(max-width: 669px) 100vw, 669px\" \/>\t\t\t\t\t\t\t\t\t\t\t\t\t\t\t<\/div>\n\t\t\t\t<\/div>\n\t\t<div class=\"elementor-element elementor-element-82f9577 e-grid e-con-full e-con e-child\" data-id=\"82f9577\" data-element_type=\"container\">\n\t\t\t\t<div class=\"elementor-element elementor-element-fb85918 elementor-widget elementor-widget-html\" data-id=\"fb85918\" data-element_type=\"widget\" data-widget_type=\"html.default\">\n\t\t\t\t<div class=\"elementor-widget-container\">\n\t\t\t\t\t<div><a class=\"btn text-uppercase rounded-2 btn-outline-primary\" href=\"https:\/\/www.cadexinc.com\/fr\/catalogue-flipbook\/\" target=\"_blank\" rel=\"noopener\" style=\"width: 100%;padding: 8px;font-size:12px;\"> Flipbook-Catalogue<\/a><\/div>\t\t\t\t<\/div>\n\t\t\t\t<\/div>\n\t\t\t\t<div class=\"elementor-element elementor-element-52ee10d elementor-widget elementor-widget-html\" data-id=\"52ee10d\" data-element_type=\"widget\" data-widget_type=\"html.default\">\n\t\t\t\t<div class=\"elementor-widget-container\">\n\t\t\t\t\t<div><a class=\"btn text-uppercase rounded-2 btn-outline-primary\" href=\"https:\/\/www.cadexinc.com\/wp-content\/uploads\/2024\/04\/Catalog-Cadex-Testing.pdf\" target=\"_blank\" rel=\"noopener\" style=\"padding: 8px;font-size:12px;width: 100%;\">T\u00e9l\u00e9charger le catalogue PDF<\/a><\/div>\t\t\t\t<\/div>\n\t\t\t\t<\/div>\n\t\t\t\t<div class=\"elementor-element elementor-element-9eb9d26 elementor-widget elementor-widget-html\" data-id=\"9eb9d26\" data-element_type=\"widget\" data-widget_type=\"html.default\">\n\t\t\t\t<div class=\"elementor-widget-container\">\n\t\t\t\t\t<div><a class=\"btn rounded-2 text-uppercase btn-outline-primary\" href=\"https:\/\/www.cadexinc.com\/wp-content\/uploads\/2023\/07\/formulas.pdf\" target=\"_blank\" rel=\"noopener\" style=\"padding: 8px;font-size:12px;width: 100%;\">T\u00e9l\u00e9charger les formules<\/a><\/div>\t\t\t\t<\/div>\n\t\t\t\t<\/div>\n\t\t\t\t<\/div>\n\t\t\t\t<\/div>\n\t\t<div class=\"elementor-element elementor-element-947f5cf e-con-full e-flex e-con e-child\" data-id=\"947f5cf\" data-element_type=\"container\">\n\t\t\t\t<div class=\"elementor-element elementor-element-4589957 elementor-widget elementor-widget-heading\" data-id=\"4589957\" data-element_type=\"widget\" data-widget_type=\"heading.default\">\n\t\t\t\t<div class=\"elementor-widget-container\">\n\t\t\t\t\t<h1 class=\"elementor-heading-title elementor-size-default\">AUTRES DIVISIONS DE CADEX<\/h1>\t\t\t\t<\/div>\n\t\t\t\t<\/div>\n\t\t\t\t<div class=\"elementor-element elementor-element-e73d6f3 elementor-widget elementor-widget-spacer\" data-id=\"e73d6f3\" data-element_type=\"widget\" data-widget_type=\"spacer.default\">\n\t\t\t\t<div class=\"elementor-widget-container\">\n\t\t\t\t\t\t\t<div class=\"elementor-spacer\">\n\t\t\t<div class=\"elementor-spacer-inner\"><\/div>\n\t\t<\/div>\n\t\t\t\t\t\t<\/div>\n\t\t\t\t<\/div>\n\t\t\t\t<div class=\"elementor-element elementor-element-8361bff elementor-widget elementor-widget-image\" data-id=\"8361bff\" data-element_type=\"widget\" data-widget_type=\"image.default\">\n\t\t\t\t<div class=\"elementor-widget-container\">\n\t\t\t\t\t\t\t\t\t\t\t\t\t\t\t<img decoding=\"async\" width=\"980\" height=\"436\" src=\"https:\/\/www.cadexinc.com\/wp-content\/uploads\/2022\/11\/cadex-defence.jpg\" class=\"attachment-large size-large wp-image-6079\" alt=\"\" srcset=\"https:\/\/www.cadexinc.com\/wp-content\/uploads\/2022\/11\/cadex-defence.jpg 1024w, https:\/\/www.cadexinc.com\/wp-content\/uploads\/2022\/11\/cadex-defence-300x134.jpg 300w, https:\/\/www.cadexinc.com\/wp-content\/uploads\/2022\/11\/cadex-defence-768x342.jpg 768w, https:\/\/www.cadexinc.com\/wp-content\/uploads\/2022\/11\/cadex-defence-416x185.jpg 416w\" sizes=\"(max-width: 980px) 100vw, 980px\" \/>\t\t\t\t\t\t\t\t\t\t\t\t\t\t\t<\/div>\n\t\t\t\t<\/div>\n\t\t\t\t<div class=\"elementor-element elementor-element-25b4433 elementor-widget elementor-widget-text-editor\" data-id=\"25b4433\" data-element_type=\"widget\" data-widget_type=\"text-editor.default\">\n\t\t\t\t<div class=\"elementor-widget-container\">\n\t\t\t\t\t\t\t\t\t<h2>CADEX DEFENCE<\/h2>\t\t\t\t\t\t\t\t<\/div>\n\t\t\t\t<\/div>\n\t\t\t\t<div class=\"elementor-element elementor-element-c7ca33f elementor-widget elementor-widget-image\" data-id=\"c7ca33f\" data-element_type=\"widget\" data-widget_type=\"image.default\">\n\t\t\t\t<div class=\"elementor-widget-container\">\n\t\t\t\t\t\t\t\t\t\t\t\t\t\t\t<img loading=\"lazy\" decoding=\"async\" width=\"375\" height=\"200\" src=\"https:\/\/www.cadexinc.com\/wp-content\/uploads\/2022\/08\/protective-equipment-2_2.png\" class=\"attachment-full size-full wp-image-2994\" alt=\"\" srcset=\"https:\/\/www.cadexinc.com\/wp-content\/uploads\/2022\/08\/protective-equipment-2_2.png 375w, https:\/\/www.cadexinc.com\/wp-content\/uploads\/2022\/08\/protective-equipment-2_2-300x160.png 300w\" sizes=\"(max-width: 375px) 100vw, 375px\" \/>\t\t\t\t\t\t\t\t\t\t\t\t\t\t\t<\/div>\n\t\t\t\t<\/div>\n\t\t\t\t<div class=\"elementor-element elementor-element-03d957a elementor-widget elementor-widget-text-editor\" data-id=\"03d957a\" data-element_type=\"widget\" data-widget_type=\"text-editor.default\">\n\t\t\t\t<div class=\"elementor-widget-container\">\n\t\t\t\t\t\t\t\t\t<h2>CADEX PPE<\/h2>\t\t\t\t\t\t\t\t<\/div>\n\t\t\t\t<\/div>\n\t\t\t\t<\/div>\n\t\t\t\t<\/div>\n\t\t\t\t<div class=\"elementor-element elementor-element-92a6829 elementor-widget elementor-widget-spacer\" data-id=\"92a6829\" data-element_type=\"widget\" data-widget_type=\"spacer.default\">\n\t\t\t\t<div class=\"elementor-widget-container\">\n\t\t\t\t\t\t\t<div class=\"elementor-spacer\">\n\t\t\t<div class=\"elementor-spacer-inner\"><\/div>\n\t\t<\/div>\n\t\t\t\t\t\t<\/div>\n\t\t\t\t<\/div>\n\t\t\t\t\t<\/div>\n\t\t\t\t<\/div>\n\t\t\t\t<\/div>","protected":false},"excerpt":{"rendered":"<p>Qui nous sommes CADEX Inc, une soci\u00e9t\u00e9 priv\u00e9e en activit\u00e9 depuis 1994, est le leader mondial de la recherche, du d\u00e9veloppement et de la fabrication de syst\u00e8mes d'impact et de laboratoires d'essais \"cl\u00e9s en main\". La R&amp;D de notre division d'essais, combin\u00e9e \u00e0 nos d\u00e9partements de m\u00e9trologie et d'assurance qualit\u00e9, fournit constamment \u00e0 nos d\u00e9partements d'ing\u00e9nierie, d'\u00e9lectronique et de production des niveaux in\u00e9gal\u00e9s de soutien et de [...]<\/p>","protected":false},"author":5,"featured_media":18883,"parent":0,"menu_order":0,"comment_status":"closed","ping_status":"open","template":"","meta":{"footnotes":""},"categories":[1],"class_list":["post-2","page","type-page","status-publish","has-post-thumbnail","hentry","category-uncategorized"],"_links":{"self":[{"href":"https:\/\/www.cadexinc.com\/fr\/wp-json\/wp\/v2\/pages\/2","targetHints":{"allow":["GET"]}}],"collection":[{"href":"https:\/\/www.cadexinc.com\/fr\/wp-json\/wp\/v2\/pages"}],"about":[{"href":"https:\/\/www.cadexinc.com\/fr\/wp-json\/wp\/v2\/types\/page"}],"author":[{"embeddable":true,"href":"https:\/\/www.cadexinc.com\/fr\/wp-json\/wp\/v2\/users\/5"}],"replies":[{"embeddable":true,"href":"https:\/\/www.cadexinc.com\/fr\/wp-json\/wp\/v2\/comments?post=2"}],"version-history":[{"count":383,"href":"https:\/\/www.cadexinc.com\/fr\/wp-json\/wp\/v2\/pages\/2\/revisions"}],"predecessor-version":[{"id":21375,"href":"https:\/\/www.cadexinc.com\/fr\/wp-json\/wp\/v2\/pages\/2\/revisions\/21375"}],"wp:featuredmedia":[{"embeddable":true,"href":"https:\/\/www.cadexinc.com\/fr\/wp-json\/wp\/v2\/media\/18883"}],"wp:attachment":[{"href":"https:\/\/www.cadexinc.com\/fr\/wp-json\/wp\/v2\/media?parent=2"}],"wp:term":[{"taxonomy":"category","embeddable":true,"href":"https:\/\/www.cadexinc.com\/fr\/wp-json\/wp\/v2\/categories?post=2"}],"curies":[{"name":"wp","href":"https:\/\/api.w.org\/{rel}","templated":true}]}}