{"id":199,"date":"2022-05-17T13:33:54","date_gmt":"2022-05-17T17:33:54","guid":{"rendered":"http:\/\/www.cadexinc.com\/?page_id=199"},"modified":"2026-03-19T16:05:39","modified_gmt":"2026-03-19T20:05:39","slug":"demi-fond-de-tete-en-magnesium","status":"publish","type":"page","link":"https:\/\/www.cadexinc.com\/fr\/equipement\/tetes-de-betail\/demi-fond-de-tete-en-magnesium\/","title":{"rendered":"Forme de t\u00eate semi-magn\u00e9sium"},"content":{"rendered":"<div data-elementor-type=\"wp-page\" data-elementor-id=\"199\" class=\"elementor elementor-199\">\n\t\t\t\t<div class=\"elementor-element elementor-element-58310190 elementor-hidden-desktop elementor-hidden-tablet e-flex e-con-boxed e-con e-parent\" data-id=\"58310190\" data-element_type=\"container\">\n\t\t\t\t\t<div class=\"e-con-inner\">\n\t\t\t\t<div class=\"elementor-element elementor-element-347d4be elementor-widget elementor-widget-image\" data-id=\"347d4be\" data-element_type=\"widget\" data-widget_type=\"image.default\">\n\t\t\t\t<div class=\"elementor-widget-container\">\n\t\t\t\t\t\t\t\t\t\t\t\t\t\t\t<img fetchpriority=\"high\" decoding=\"async\" width=\"980\" height=\"830\" src=\"https:\/\/www.cadexinc.com\/wp-content\/uploads\/2025\/03\/Half-Magnesium-Headform_main.webp\" class=\"attachment-large size-large wp-image-17137\" alt=\"\" srcset=\"https:\/\/www.cadexinc.com\/wp-content\/uploads\/2025\/03\/Half-Magnesium-Headform_main.webp 1000w, https:\/\/www.cadexinc.com\/wp-content\/uploads\/2025\/03\/Half-Magnesium-Headform_main-300x254.webp 300w, https:\/\/www.cadexinc.com\/wp-content\/uploads\/2025\/03\/Half-Magnesium-Headform_main-768x650.webp 768w, https:\/\/www.cadexinc.com\/wp-content\/uploads\/2025\/03\/Half-Magnesium-Headform_main-14x12.webp 14w, https:\/\/www.cadexinc.com\/wp-content\/uploads\/2025\/03\/Half-Magnesium-Headform_main-416x352.webp 416w\" sizes=\"(max-width: 980px) 100vw, 980px\" \/>\t\t\t\t\t\t\t\t\t\t\t\t\t\t\t<\/div>\n\t\t\t\t<\/div>\n\t\t\t\t\t<\/div>\n\t\t\t\t<\/div>\n\t\t<div class=\"elementor-element elementor-element-91a2809 e-flex e-con-boxed e-con e-parent\" data-id=\"91a2809\" data-element_type=\"container\">\n\t\t\t\t\t<div class=\"e-con-inner\">\n\t\t<div class=\"elementor-element elementor-element-6b8abc8 e-con-full e-flex e-con e-child\" data-id=\"6b8abc8\" data-element_type=\"container\">\n\t\t<div class=\"elementor-element elementor-element-94a6071 e-con-full e-flex e-con e-child\" data-id=\"94a6071\" data-element_type=\"container\">\n\t\t<div class=\"elementor-element elementor-element-112985d e-con-full equipment-main-right-block e-flex e-con e-child\" data-id=\"112985d\" data-element_type=\"container\">\n\t\t<div class=\"elementor-element elementor-element-4648138 e-con-full e-flex e-con e-child\" data-id=\"4648138\" data-element_type=\"container\">\n\t\t\t\t<div class=\"elementor-element elementor-element-f7fa134 elementor-widget elementor-widget-text-editor\" data-id=\"f7fa134\" data-element_type=\"widget\" data-widget_type=\"text-editor.default\">\n\t\t\t\t<div class=\"elementor-widget-container\">\n\t\t\t\t\t\t\t\t\t<p class=\"cdx-title cdx-text-align-justify\">Les formes de t\u00eate semi-compl\u00e8tes en magn\u00e9sium K1A sont utilis\u00e9es pour les essais d\u2019impact uniaxial. Elles ont \u00e9t\u00e9 con\u00e7ues et fabriqu\u00e9es conform\u00e9ment aux normes ISO\/DIS 6220 ou EN 960.<\/p>\t\t\t\t\t\t\t\t<\/div>\n\t\t\t\t<\/div>\n\t\t\t\t<div class=\"elementor-element elementor-element-402b2fe equipment-sub-titles elementor-widget elementor-widget-heading\" data-id=\"402b2fe\" data-element_type=\"widget\" data-widget_type=\"heading.default\">\n\t\t\t\t<div class=\"elementor-widget-container\">\n\t\t\t\t\t<h6 class=\"elementor-heading-title elementor-size-default\">CARACT\u00c9RISTIQUES\u202f:<\/h6>\t\t\t\t<\/div>\n\t\t\t\t<\/div>\n\t\t\t\t<div class=\"elementor-element elementor-element-0e758d7 elementor-widget elementor-widget-text-editor\" data-id=\"0e758d7\" data-element_type=\"widget\" data-widget_type=\"text-editor.default\">\n\t\t\t\t<div class=\"elementor-widget-container\">\n\t\t\t\t\t\t\t\t\t<ul class=\"special-list\">\n<li>Mat\u00e9riau : magn\u00e9sium K1A<\/li>\n<li>100% CNC usin\u00e9<\/li>\n<li>Les lignes d'essai sont grav\u00e9es par CNC<\/li>\n<li>Letter sizes available (ISO\/DIS 6220): A \u2013 C \u2013 D \u2013 E \u2013 G \u2013 J \u2013 K \u2013 M \u2013 O<\/li>\n<li>Number sizes available (EN 960): 495 \u2013 515 \u2013 525 \u2013 535 \u2013 555 \u2013 575 \u2013 585 \u2013 605 \u2013 625<\/li>\n<\/ul>\t\t\t\t\t\t\t\t<\/div>\n\t\t\t\t<\/div>\n\t\t\t\t<\/div>\n\t\t\t\t<\/div>\n\t\t\t\t<\/div>\n\t\t<div class=\"elementor-element elementor-element-427be11 e-con-full elementor-hidden-mobile e-flex e-con e-child\" data-id=\"427be11\" data-element_type=\"container\">\n\t\t\t\t<div class=\"elementor-element elementor-element-cd95b01 elementor-widget elementor-widget-image\" data-id=\"cd95b01\" data-element_type=\"widget\" data-widget_type=\"image.default\">\n\t\t\t\t<div class=\"elementor-widget-container\">\n\t\t\t\t\t\t\t\t\t\t\t\t\t\t\t<img fetchpriority=\"high\" decoding=\"async\" width=\"980\" height=\"830\" src=\"https:\/\/www.cadexinc.com\/wp-content\/uploads\/2025\/03\/Half-Magnesium-Headform_main.webp\" class=\"attachment-large size-large wp-image-17137\" alt=\"\" srcset=\"https:\/\/www.cadexinc.com\/wp-content\/uploads\/2025\/03\/Half-Magnesium-Headform_main.webp 1000w, https:\/\/www.cadexinc.com\/wp-content\/uploads\/2025\/03\/Half-Magnesium-Headform_main-300x254.webp 300w, https:\/\/www.cadexinc.com\/wp-content\/uploads\/2025\/03\/Half-Magnesium-Headform_main-768x650.webp 768w, https:\/\/www.cadexinc.com\/wp-content\/uploads\/2025\/03\/Half-Magnesium-Headform_main-14x12.webp 14w, https:\/\/www.cadexinc.com\/wp-content\/uploads\/2025\/03\/Half-Magnesium-Headform_main-416x352.webp 416w\" sizes=\"(max-width: 980px) 100vw, 980px\" \/>\t\t\t\t\t\t\t\t\t\t\t\t\t\t\t<\/div>\n\t\t\t\t<\/div>\n\t\t\t\t<\/div>\n\t\t\t\t<\/div>\n\t\t\t\t\t<\/div>\n\t\t\t\t<\/div>\n\t\t<div class=\"elementor-element elementor-element-6051b2b e-flex e-con-boxed e-con e-parent\" data-id=\"6051b2b\" data-element_type=\"container\">\n\t\t\t\t\t<div class=\"e-con-inner\">\n\t\t<div class=\"elementor-element elementor-element-f199c15 e-con-full e-grid equipment-page-multi-image-box e-con e-child\" data-id=\"f199c15\" data-element_type=\"container\">\n\t\t\t\t<div class=\"elementor-element elementor-element-75e5a6a elementor-widget elementor-widget-image\" data-id=\"75e5a6a\" data-element_type=\"widget\" data-widget_type=\"image.default\">\n\t\t\t\t<div class=\"elementor-widget-container\">\n\t\t\t\t\t\t\t\t\t\t\t\t<figure class=\"wp-caption\">\n\t\t\t\t\t\t\t\t\t\t<img decoding=\"async\" width=\"1000\" height=\"748\" src=\"https:\/\/www.cadexinc.com\/wp-content\/uploads\/2025\/03\/Half-Magnesium-Headform_with-CNC-grooved.webp\" class=\"attachment-full size-full wp-image-17138\" alt=\"\" srcset=\"https:\/\/www.cadexinc.com\/wp-content\/uploads\/2025\/03\/Half-Magnesium-Headform_with-CNC-grooved.webp 1000w, https:\/\/www.cadexinc.com\/wp-content\/uploads\/2025\/03\/Half-Magnesium-Headform_with-CNC-grooved-300x224.webp 300w, https:\/\/www.cadexinc.com\/wp-content\/uploads\/2025\/03\/Half-Magnesium-Headform_with-CNC-grooved-768x574.webp 768w, https:\/\/www.cadexinc.com\/wp-content\/uploads\/2025\/03\/Half-Magnesium-Headform_with-CNC-grooved-16x12.webp 16w, https:\/\/www.cadexinc.com\/wp-content\/uploads\/2025\/03\/Half-Magnesium-Headform_with-CNC-grooved-324x243.webp 324w, https:\/\/www.cadexinc.com\/wp-content\/uploads\/2025\/03\/Half-Magnesium-Headform_with-CNC-grooved-416x311.webp 416w\" sizes=\"(max-width: 1000px) 100vw, 1000px\" \/>\t\t\t\t\t\t\t\t\t\t\t<figcaption class=\"widget-image-caption wp-caption-text\">\u00c9galement disponible avec lignes de test rainur\u00e9es CNC tous les 10\u00b0 \u2013 Non inclus<\/figcaption>\n\t\t\t\t\t\t\t\t\t\t<\/figure>\n\t\t\t\t\t\t\t\t\t<\/div>\n\t\t\t\t<\/div>\n\t\t\t\t<div class=\"elementor-element elementor-element-9dffba3 elementor-widget elementor-widget-image\" data-id=\"9dffba3\" data-element_type=\"widget\" data-widget_type=\"image.default\">\n\t\t\t\t<div class=\"elementor-widget-container\">\n\t\t\t\t\t\t\t\t\t\t\t\t<figure class=\"wp-caption\">\n\t\t\t\t\t\t\t\t\t\t<img decoding=\"async\" width=\"667\" height=\"500\" src=\"https:\/\/www.cadexinc.com\/wp-content\/uploads\/2025\/03\/Half-Magnesium-Headform_Inside-view.webp\" class=\"attachment-full size-full wp-image-17136\" alt=\"\" srcset=\"https:\/\/www.cadexinc.com\/wp-content\/uploads\/2025\/03\/Half-Magnesium-Headform_Inside-view.webp 667w, https:\/\/www.cadexinc.com\/wp-content\/uploads\/2025\/03\/Half-Magnesium-Headform_Inside-view-300x225.webp 300w, https:\/\/www.cadexinc.com\/wp-content\/uploads\/2025\/03\/Half-Magnesium-Headform_Inside-view-16x12.webp 16w, https:\/\/www.cadexinc.com\/wp-content\/uploads\/2025\/03\/Half-Magnesium-Headform_Inside-view-324x243.webp 324w, https:\/\/www.cadexinc.com\/wp-content\/uploads\/2025\/03\/Half-Magnesium-Headform_Inside-view-416x312.webp 416w\" sizes=\"(max-width: 667px) 100vw, 667px\" \/>\t\t\t\t\t\t\t\t\t\t\t<figcaption class=\"widget-image-caption wp-caption-text\">Vue int\u00e9rieure<\/figcaption>\n\t\t\t\t\t\t\t\t\t\t<\/figure>\n\t\t\t\t\t\t\t\t\t<\/div>\n\t\t\t\t<\/div>\n\t\t\t\t<\/div>\n\t\t\t\t\t<\/div>\n\t\t\t\t<\/div>\n\t\t\t\t<\/div>","protected":false},"excerpt":{"rendered":"<p>The half magnesium K1A headforms are used for uniaxial impact testing. The headforms have been designed and manufactured to meet the ISO\/DIS 6220 or EN 960 standards. FEATURES: Material: magnesium K1A 100% CNC machined Testing lines are CNC engraved Letter sizes available (ISO\/DIS 6220): A \u2013 C \u2013 D \u2013 E \u2013 G \u2013 J [&hellip;]<\/p>","protected":false},"author":5,"featured_media":17137,"parent":3156,"menu_order":0,"comment_status":"closed","ping_status":"closed","template":"","meta":{"footnotes":""},"categories":[41],"class_list":["post-199","page","type-page","status-publish","has-post-thumbnail","hentry","category-headforms"],"_links":{"self":[{"href":"https:\/\/www.cadexinc.com\/fr\/wp-json\/wp\/v2\/pages\/199","targetHints":{"allow":["GET"]}}],"collection":[{"href":"https:\/\/www.cadexinc.com\/fr\/wp-json\/wp\/v2\/pages"}],"about":[{"href":"https:\/\/www.cadexinc.com\/fr\/wp-json\/wp\/v2\/types\/page"}],"author":[{"embeddable":true,"href":"https:\/\/www.cadexinc.com\/fr\/wp-json\/wp\/v2\/users\/5"}],"replies":[{"embeddable":true,"href":"https:\/\/www.cadexinc.com\/fr\/wp-json\/wp\/v2\/comments?post=199"}],"version-history":[{"count":86,"href":"https:\/\/www.cadexinc.com\/fr\/wp-json\/wp\/v2\/pages\/199\/revisions"}],"predecessor-version":[{"id":21225,"href":"https:\/\/www.cadexinc.com\/fr\/wp-json\/wp\/v2\/pages\/199\/revisions\/21225"}],"up":[{"embeddable":true,"href":"https:\/\/www.cadexinc.com\/fr\/wp-json\/wp\/v2\/pages\/3156"}],"wp:featuredmedia":[{"embeddable":true,"href":"https:\/\/www.cadexinc.com\/fr\/wp-json\/wp\/v2\/media\/17137"}],"wp:attachment":[{"href":"https:\/\/www.cadexinc.com\/fr\/wp-json\/wp\/v2\/media?parent=199"}],"wp:term":[{"taxonomy":"category","embeddable":true,"href":"https:\/\/www.cadexinc.com\/fr\/wp-json\/wp\/v2\/categories?post=199"}],"curies":[{"name":"wp","href":"https:\/\/api.w.org\/{rel}","templated":true}]}}