{"id":197,"date":"2022-05-17T13:33:05","date_gmt":"2022-05-17T17:33:05","guid":{"rendered":"http:\/\/www.cadexinc.com\/?page_id=197"},"modified":"2026-03-19T15:42:26","modified_gmt":"2026-03-19T19:42:26","slug":"kit-laser-de-positionnement","status":"publish","type":"page","link":"https:\/\/www.cadexinc.com\/fr\/equipement\/accessoires\/kit-laser-de-positionnement\/","title":{"rendered":"Kit laser de positionnement"},"content":{"rendered":"<div data-elementor-type=\"wp-page\" data-elementor-id=\"197\" class=\"elementor elementor-197\">\n\t\t\t\t<div class=\"elementor-element elementor-element-7953d5a1 elementor-hidden-desktop elementor-hidden-tablet e-flex e-con-boxed e-con e-parent\" data-id=\"7953d5a1\" data-element_type=\"container\">\n\t\t\t\t\t<div class=\"e-con-inner\">\n\t\t\t\t<div class=\"elementor-element elementor-element-535208f elementor-widget elementor-widget-image\" data-id=\"535208f\" data-element_type=\"widget\" data-widget_type=\"image.default\">\n\t\t\t\t<div class=\"elementor-widget-container\">\n\t\t\t\t\t\t\t\t\t\t\t\t\t\t\t<img fetchpriority=\"high\" decoding=\"async\" width=\"300\" height=\"682\" src=\"https:\/\/www.cadexinc.com\/wp-content\/uploads\/2022\/10\/positioning-laser-kit.png\" class=\"attachment-large size-large wp-image-5520\" alt=\"\" srcset=\"https:\/\/www.cadexinc.com\/wp-content\/uploads\/2022\/10\/positioning-laser-kit.png 300w, https:\/\/www.cadexinc.com\/wp-content\/uploads\/2022\/10\/positioning-laser-kit-132x300.png 132w\" sizes=\"(max-width: 300px) 100vw, 300px\" \/>\t\t\t\t\t\t\t\t\t\t\t\t\t\t\t<\/div>\n\t\t\t\t<\/div>\n\t\t\t\t\t<\/div>\n\t\t\t\t<\/div>\n\t\t<div class=\"elementor-element elementor-element-a9dce12 e-flex e-con-boxed e-con e-parent\" data-id=\"a9dce12\" data-element_type=\"container\">\n\t\t\t\t\t<div class=\"e-con-inner\">\n\t\t\t\t<div class=\"elementor-element elementor-element-0636735 elementor-widget elementor-widget-spacer\" data-id=\"0636735\" data-element_type=\"widget\" data-widget_type=\"spacer.default\">\n\t\t\t\t<div class=\"elementor-widget-container\">\n\t\t\t\t\t\t\t<div class=\"elementor-spacer\">\n\t\t\t<div class=\"elementor-spacer-inner\"><\/div>\n\t\t<\/div>\n\t\t\t\t\t\t<\/div>\n\t\t\t\t<\/div>\n\t\t\t\t<div class=\"elementor-element elementor-element-d465bc4 elementor-widget elementor-widget-spacer\" data-id=\"d465bc4\" data-element_type=\"widget\" data-widget_type=\"spacer.default\">\n\t\t\t\t<div class=\"elementor-widget-container\">\n\t\t\t\t\t\t\t<div class=\"elementor-spacer\">\n\t\t\t<div class=\"elementor-spacer-inner\"><\/div>\n\t\t<\/div>\n\t\t\t\t\t\t<\/div>\n\t\t\t\t<\/div>\n\t\t\t\t\t<\/div>\n\t\t\t\t<\/div>\n\t\t<div class=\"elementor-element elementor-element-f02cf69 e-flex e-con-boxed e-con e-parent\" data-id=\"f02cf69\" data-element_type=\"container\">\n\t\t\t\t\t<div class=\"e-con-inner\">\n\t\t<div class=\"elementor-element elementor-element-ed472e0 e-con-full e-flex e-con e-child\" data-id=\"ed472e0\" data-element_type=\"container\">\n\t\t<div class=\"elementor-element elementor-element-c79b03b e-con-full equipment-main-right-block e-flex e-con e-child\" data-id=\"c79b03b\" data-element_type=\"container\">\n\t\t<div class=\"elementor-element elementor-element-46a7a0d e-con-full e-flex e-con e-child\" data-id=\"46a7a0d\" data-element_type=\"container\">\n\t\t\t\t<div class=\"elementor-element elementor-element-eb7ba2d elementor-widget elementor-widget-text-editor\" data-id=\"eb7ba2d\" data-element_type=\"widget\" data-widget_type=\"text-editor.default\">\n\t\t\t\t<div class=\"elementor-widget-container\">\n\t\t\t\t\t\t\t\t\t<p class=\"cdx-title cdx-text-align-justify\">Le support pour t\u00eate de test de p\u00e9n\u00e9tration Cadex est con\u00e7u et fabriqu\u00e9 pour offrir une capacit\u00e9 de positionnement multiple solide. Le dispositif de positionnement laser peut \u00eatre facilement install\u00e9 sur votre Cadex Twinwire ou monorail. Ce kit aide le technicien \u00e0 confirmer l\u2019emplacement de l\u2019impact lorsque le casque est relev\u00e9 jusqu\u2019\u00e0 la hauteur de chute. Ce syst\u00e8me est utilis\u00e9 pour effectuer les proc\u00e9dures de test selon la m\u00e9thodologie SNELL et autres normes afin de confirmer l\u2019emplacement de l\u2019impact avant le test de chute.<\/p>\t\t\t\t\t\t\t\t<\/div>\n\t\t\t\t<\/div>\n\t\t\t\t<div class=\"elementor-element elementor-element-7f84cfa equipment-sub-titles elementor-widget elementor-widget-heading\" data-id=\"7f84cfa\" data-element_type=\"widget\" data-widget_type=\"heading.default\">\n\t\t\t\t<div class=\"elementor-widget-container\">\n\t\t\t\t\t<h6 class=\"elementor-heading-title elementor-size-default\">DIMENSIONS (APPROX.) :<\/h6>\t\t\t\t<\/div>\n\t\t\t\t<\/div>\n\t\t\t\t<div class=\"elementor-element elementor-element-ca0d60b elementor-widget elementor-widget-text-editor\" data-id=\"ca0d60b\" data-element_type=\"widget\" data-widget_type=\"text-editor.default\">\n\t\t\t\t<div class=\"elementor-widget-container\">\n\t\t\t\t\t\t\t\t\t<ul class=\"special-list\">\n<li>Longueur : 49,23 cm \/ 19,38 in<\/li>\n<li>Width:\u00a0 \u00a034.29 cm \/ 13.5 in<\/li>\n<li>Hauteur : 14,94 cm \/ 5,88 in<\/li>\n<\/ul>\t\t\t\t\t\t\t\t<\/div>\n\t\t\t\t<\/div>\n\t\t\t\t<div class=\"elementor-element elementor-element-c489bee equipment-sub-titles elementor-widget elementor-widget-heading\" data-id=\"c489bee\" data-element_type=\"widget\" data-widget_type=\"heading.default\">\n\t\t\t\t<div class=\"elementor-widget-container\">\n\t\t\t\t\t<h6 class=\"elementor-heading-title elementor-size-default\">CARACT\u00c9RISTIQUES\u202f:<\/h6>\t\t\t\t<\/div>\n\t\t\t\t<\/div>\n\t\t\t\t<div class=\"elementor-element elementor-element-b3ef297 elementor-widget elementor-widget-text-editor\" data-id=\"b3ef297\" data-element_type=\"widget\" data-widget_type=\"text-editor.default\">\n\t\t\t\t<div class=\"elementor-widget-container\">\n\t\t\t\t\t\t\t\t\t<ul class=\"special-list\">\n<li>L'enclume peut \u00eatre facilement interchang\u00e9e lors de l'utilisation du kit laser.<\/li>\n<li>Application int\u00e9gr\u00e9e dans le logiciel Cadex pour faire fonctionner le kit laser<\/li>\n<li>ON\/OFF avec prise murale disponible pour les utilisateurs des applications du logiciel Cadex.<\/li>\n<\/ul>\t\t\t\t\t\t\t\t<\/div>\n\t\t\t\t<\/div>\n\t\t\t\t<\/div>\n\t\t<div class=\"elementor-element elementor-element-a189b3a e-con-full e-grid equipment-page-multi-image-box e-con e-child\" data-id=\"a189b3a\" data-element_type=\"container\">\n\t\t<div class=\"elementor-element elementor-element-b48c394 e-grid e-con-full equipment-images-left-block e-con e-child\" data-id=\"b48c394\" data-element_type=\"container\">\n\t\t\t\t<div class=\"elementor-element elementor-element-ce8d61b elementor-widget elementor-widget-image\" data-id=\"ce8d61b\" data-element_type=\"widget\" data-widget_type=\"image.default\">\n\t\t\t\t<div class=\"elementor-widget-container\">\n\t\t\t\t\t\t\t\t\t\t\t\t<figure class=\"wp-caption\">\n\t\t\t\t\t\t\t\t\t\t<img decoding=\"async\" width=\"260\" height=\"300\" src=\"https:\/\/www.cadexinc.com\/wp-content\/uploads\/2023\/07\/Positioning-laser-kit-Pre-aligned-laser-260x300.webp\" class=\"attachment-medium size-medium wp-image-13455\" alt=\"\" srcset=\"https:\/\/www.cadexinc.com\/wp-content\/uploads\/2023\/07\/Positioning-laser-kit-Pre-aligned-laser-260x300.webp 260w, https:\/\/www.cadexinc.com\/wp-content\/uploads\/2023\/07\/Positioning-laser-kit-Pre-aligned-laser-888x1024.webp 888w, https:\/\/www.cadexinc.com\/wp-content\/uploads\/2023\/07\/Positioning-laser-kit-Pre-aligned-laser-768x885.webp 768w, https:\/\/www.cadexinc.com\/wp-content\/uploads\/2023\/07\/Positioning-laser-kit-Pre-aligned-laser-416x480.webp 416w, https:\/\/www.cadexinc.com\/wp-content\/uploads\/2023\/07\/Positioning-laser-kit-Pre-aligned-laser.webp 962w\" sizes=\"(max-width: 260px) 100vw, 260px\" \/>\t\t\t\t\t\t\t\t\t\t\t<figcaption class=\"widget-image-caption wp-caption-text\"><span style=\"font-size:12px\">Syst\u00e8me laser pr\u00e9-align\u00e9 sur le point d\u2019impact r\u00e9el<\/span><\/figcaption>\n\t\t\t\t\t\t\t\t\t\t<\/figure>\n\t\t\t\t\t\t\t\t\t<\/div>\n\t\t\t\t<\/div>\n\t\t\t\t<\/div>\n\t\t<div class=\"elementor-element elementor-element-03b8f0f e-grid e-con-full equipment-images-left-block e-con e-child\" data-id=\"03b8f0f\" data-element_type=\"container\">\n\t\t\t\t<div class=\"elementor-element elementor-element-82f1ea9 elementor-widget elementor-widget-image\" data-id=\"82f1ea9\" data-element_type=\"widget\" data-widget_type=\"image.default\">\n\t\t\t\t<div class=\"elementor-widget-container\">\n\t\t\t\t\t\t\t\t\t\t\t\t\t\t\t<img decoding=\"async\" width=\"300\" height=\"248\" src=\"https:\/\/www.cadexinc.com\/wp-content\/uploads\/2022\/12\/SB177-2-300x248.jpg\" class=\"attachment-medium size-medium wp-image-8668\" alt=\"\" srcset=\"https:\/\/www.cadexinc.com\/wp-content\/uploads\/2022\/12\/SB177-2-300x248.jpg 300w, https:\/\/www.cadexinc.com\/wp-content\/uploads\/2022\/12\/SB177-2-1024x845.jpg 1024w, https:\/\/www.cadexinc.com\/wp-content\/uploads\/2022\/12\/SB177-2-768x634.jpg 768w, https:\/\/www.cadexinc.com\/wp-content\/uploads\/2022\/12\/SB177-2-1536x1268.jpg 1536w, https:\/\/www.cadexinc.com\/wp-content\/uploads\/2022\/12\/SB177-2-416x343.jpg 416w, https:\/\/www.cadexinc.com\/wp-content\/uploads\/2022\/12\/SB177-2.jpg 2000w\" sizes=\"(max-width: 300px) 100vw, 300px\" \/>\t\t\t\t\t\t\t\t\t\t\t\t\t\t\t<\/div>\n\t\t\t\t<\/div>\n\t\t\t\t<\/div>\n\t\t\t\t<\/div>\n\t\t\t\t<\/div>\n\t\t\t\t<\/div>\n\t\t<div class=\"elementor-element elementor-element-7c2b95f e-con-full elementor-hidden-mobile e-flex e-con e-child\" data-id=\"7c2b95f\" data-element_type=\"container\">\n\t\t\t\t<div class=\"elementor-element elementor-element-edd86d2 elementor-hidden-mobile elementor-widget elementor-widget-image\" data-id=\"edd86d2\" data-element_type=\"widget\" data-widget_type=\"image.default\">\n\t\t\t\t<div class=\"elementor-widget-container\">\n\t\t\t\t\t\t\t\t\t\t\t\t\t\t\t<img fetchpriority=\"high\" decoding=\"async\" width=\"300\" height=\"682\" src=\"https:\/\/www.cadexinc.com\/wp-content\/uploads\/2022\/10\/positioning-laser-kit.png\" class=\"attachment-large size-large wp-image-5520\" alt=\"\" srcset=\"https:\/\/www.cadexinc.com\/wp-content\/uploads\/2022\/10\/positioning-laser-kit.png 300w, https:\/\/www.cadexinc.com\/wp-content\/uploads\/2022\/10\/positioning-laser-kit-132x300.png 132w\" sizes=\"(max-width: 300px) 100vw, 300px\" \/>\t\t\t\t\t\t\t\t\t\t\t\t\t\t\t<\/div>\n\t\t\t\t<\/div>\n\t\t\t\t<\/div>\n\t\t\t\t\t<\/div>\n\t\t\t\t<\/div>\n\t\t<div class=\"elementor-element elementor-element-935e568 e-flex e-con-boxed e-con e-parent\" data-id=\"935e568\" data-element_type=\"container\">\n\t\t\t\t\t<div class=\"e-con-inner\">\n\t\t\t\t\t<\/div>\n\t\t\t\t<\/div>\n\t\t\t\t<\/div>","protected":false},"excerpt":{"rendered":"<p>Le support de t\u00eate factice de p\u00e9n\u00e9tration Cadex est con\u00e7u et fabriqu\u00e9 pour offrir une solide capacit\u00e9 de multipositionnement. Le dispositif de positionnement laser peut \u00eatre install\u00e9 facilement sur votre Cadex twinwire ou monorail. Ce kit aide le technicien \u00e0 confirmer l'emplacement de l'impact lorsque le casque s'\u00e9l\u00e8ve jusqu'\u00e0 la hauteur de chute. Ce syst\u00e8me est utilis\u00e9 pour [...]<\/p>","protected":false},"author":5,"featured_media":5518,"parent":3154,"menu_order":0,"comment_status":"closed","ping_status":"closed","template":"","meta":{"footnotes":""},"categories":[40],"class_list":["post-197","page","type-page","status-publish","has-post-thumbnail","hentry","category-accessories"],"_links":{"self":[{"href":"https:\/\/www.cadexinc.com\/fr\/wp-json\/wp\/v2\/pages\/197","targetHints":{"allow":["GET"]}}],"collection":[{"href":"https:\/\/www.cadexinc.com\/fr\/wp-json\/wp\/v2\/pages"}],"about":[{"href":"https:\/\/www.cadexinc.com\/fr\/wp-json\/wp\/v2\/types\/page"}],"author":[{"embeddable":true,"href":"https:\/\/www.cadexinc.com\/fr\/wp-json\/wp\/v2\/users\/5"}],"replies":[{"embeddable":true,"href":"https:\/\/www.cadexinc.com\/fr\/wp-json\/wp\/v2\/comments?post=197"}],"version-history":[{"count":80,"href":"https:\/\/www.cadexinc.com\/fr\/wp-json\/wp\/v2\/pages\/197\/revisions"}],"predecessor-version":[{"id":21214,"href":"https:\/\/www.cadexinc.com\/fr\/wp-json\/wp\/v2\/pages\/197\/revisions\/21214"}],"up":[{"embeddable":true,"href":"https:\/\/www.cadexinc.com\/fr\/wp-json\/wp\/v2\/pages\/3154"}],"wp:featuredmedia":[{"embeddable":true,"href":"https:\/\/www.cadexinc.com\/fr\/wp-json\/wp\/v2\/media\/5518"}],"wp:attachment":[{"href":"https:\/\/www.cadexinc.com\/fr\/wp-json\/wp\/v2\/media?parent=197"}],"wp:term":[{"taxonomy":"category","embeddable":true,"href":"https:\/\/www.cadexinc.com\/fr\/wp-json\/wp\/v2\/categories?post=197"}],"curies":[{"name":"wp","href":"https:\/\/api.w.org\/{rel}","templated":true}]}}