{"id":195,"date":"2022-05-17T13:32:23","date_gmt":"2022-05-17T17:32:23","guid":{"rendered":"http:\/\/www.cadexinc.com\/?page_id=195"},"modified":"2026-03-19T15:31:01","modified_gmt":"2026-03-19T19:31:01","slug":"kit-de-menton-americain","status":"publish","type":"page","link":"https:\/\/www.cadexinc.com\/fr\/equipement\/accessoires\/kit-de-menton-americain\/","title":{"rendered":"Kit barre mentonni\u00e8re (am\u00e9ricain)"},"content":{"rendered":"<div data-elementor-type=\"wp-page\" data-elementor-id=\"195\" class=\"elementor elementor-195\">\n\t\t\t\t<div class=\"elementor-element elementor-element-61050aee elementor-hidden-desktop elementor-hidden-tablet elementor-hidden-mobile e-flex e-con-boxed e-con e-parent\" data-id=\"61050aee\" data-element_type=\"container\">\n\t\t\t\t\t<div class=\"e-con-inner\">\n\t\t\t\t<div class=\"elementor-element elementor-element-63dd465 elementor-widget__width-initial elementor-widget elementor-widget-html\" data-id=\"63dd465\" data-element_type=\"widget\" data-widget_type=\"html.default\">\n\t\t\t\t<div class=\"elementor-widget-container\">\n\t\t\t\t\t<!-- vision begin -->\n<div class=\"vision-map vision-map-18\"data-json-src=\"https:\/\/www.cadexinc.com\/wp-content\/uploads\/vision\/18\/config.json?ver=1742310522\" data-item-id=\"18\" tabindex=\"1\" style=\"display:none;\" >\n<div class=\"vision-store\">\n<div class=\"vision-layers-data\">\n<div class=\"vision-layer\" data-layer-id=\"e12e9b14\"><\/div>\n<div class=\"vision-layer\" data-layer-id=\"2297d3de\"><\/div>\n<div class=\"vision-layer\" data-layer-id=\"ca0d0e9c\"><\/div>\n<div class=\"vision-layer\" data-layer-id=\"36df4d0f\"><\/div>\n<\/div>\n<div class=\"vision-tooltips-data\">\n<div class=\"vision-data\" data-layer-id=\"e12e9b14\"><p>Syst\u00e8me de lib\u00e9ration (utilis\u00e9 sur le monorail d\u00e9di\u00e9 aux tests de barre mentonni\u00e8re)<\/p><\/div>\n<div class=\"vision-data\" data-layer-id=\"2297d3de\"><p>Dispositif d'impact interchangeable<\/p><\/div>\n<div class=\"vision-data\" data-layer-id=\"ca0d0e9c\"><p>Sangle pour maintenir le casque en place lors de l'impact<\/p><\/div>\n<div class=\"vision-data\" data-layer-id=\"36df4d0f\"><p>Capteur LVDT<\/p><\/div>\n<\/div>\n<div class=\"vision-popovers-data\">\n<div class=\"vision-data\" data-layer-id=\"e12e9b14\"><\/div>\n<div class=\"vision-data\" data-layer-id=\"2297d3de\"><\/div>\n<div class=\"vision-data\" data-layer-id=\"ca0d0e9c\"><\/div>\n<div class=\"vision-data\" data-layer-id=\"36df4d0f\"><\/div>\n<\/div>\n<\/div>\n<\/div>\n<!-- vision end -->\n\t\t\t\t<\/div>\n\t\t\t\t<\/div>\n\t\t\t\t\t<\/div>\n\t\t\t\t<\/div>\n\t\t<div class=\"elementor-element elementor-element-06970c3 e-flex e-con-boxed e-con e-parent\" data-id=\"06970c3\" data-element_type=\"container\">\n\t\t\t\t\t<div class=\"e-con-inner\">\n\t\t<div class=\"elementor-element elementor-element-17a6811 e-con-full e-flex e-con e-child\" data-id=\"17a6811\" data-element_type=\"container\">\n\t\t<div class=\"elementor-element elementor-element-99f0e5a e-con-full e-flex e-con e-child\" data-id=\"99f0e5a\" data-element_type=\"container\">\n\t\t<div class=\"elementor-element elementor-element-a4ea5e5 e-con-full equipment-main-right-block e-flex e-con e-child\" data-id=\"a4ea5e5\" data-element_type=\"container\">\n\t\t<div class=\"elementor-element elementor-element-84e11b7 e-con-full e-flex e-con e-child\" data-id=\"84e11b7\" data-element_type=\"container\">\n\t\t\t\t<div class=\"elementor-element elementor-element-b0d4f52 elementor-widget elementor-widget-text-editor\" data-id=\"b0d4f52\" data-element_type=\"widget\" data-widget_type=\"text-editor.default\">\n\t\t\t\t<div class=\"elementor-widget-container\">\n\t\t\t\t\t\t\t\t\t<p class=\"cdx-title cdx-text-align-justify\">Le kit barre mentonni\u00e8re am\u00e9ricaine Cadex est destin\u00e9 \u00e0 \u00eatre utilis\u00e9 avec le monorail Cadex. L\u2019appareil et la barre m\u00e9tallique assurent la stabilit\u00e9 du casque lors de l\u2019impact. Un dispositif de mesure enregistre la d\u00e9flexion de la barre mentonni\u00e8re du casque. Les informations sont transmises au logiciel Cadex via la bo\u00eete CCS ou SCS (vendue s\u00e9par\u00e9ment). Ce kit peut \u00eatre utilis\u00e9 comme accessoire ou sur une machine d\u00e9di\u00e9e aux tests de barre mentonni\u00e8re. Conforme aux normes SNELL, ASTM et autres standards.<\/p>\t\t\t\t\t\t\t\t<\/div>\n\t\t\t\t<\/div>\n\t\t\t\t<div class=\"elementor-element elementor-element-2b8cbf6 equipment-sub-titles elementor-widget elementor-widget-heading\" data-id=\"2b8cbf6\" data-element_type=\"widget\" data-widget_type=\"heading.default\">\n\t\t\t\t<div class=\"elementor-widget-container\">\n\t\t\t\t\t<h6 class=\"elementor-heading-title elementor-size-default\">CARACT\u00c9RISTIQUES\u202f:<\/h6>\t\t\t\t<\/div>\n\t\t\t\t<\/div>\n\t\t\t\t<div class=\"elementor-element elementor-element-3ab71e9 elementor-widget elementor-widget-text-editor\" data-id=\"3ab71e9\" data-element_type=\"widget\" data-widget_type=\"text-editor.default\">\n\t\t\t\t<div class=\"elementor-widget-container\">\n\t\t\t\t\t\t\t\t\t<ul class=\"special-list number-and-bullet-list\">\n<li>Syst\u00e8me de lib\u00e9ration (utilis\u00e9 sur le monorail d\u00e9di\u00e9 aux tests de barre mentonni\u00e8re)<\/li>\n<li>Dispositif d'impact interchangeable<\/li>\n<li>Sangle pour maintenir le casque en place lors de l'impact<\/li>\n<li>Capteur LVDT<\/li>\n<\/ul>\n<p class=\"cdx-tooltip pt-3 text-danger text-start fst-italic fs-7\">*Passez la souris sur les num\u00e9ros de l\u2019image pour afficher une info-bulle avec la description.<\/p>\t\t\t\t\t\t\t\t<\/div>\n\t\t\t\t<\/div>\n\t\t\t\t<div class=\"elementor-element elementor-element-5003fa2 elementor-widget elementor-widget-text-editor\" data-id=\"5003fa2\" data-element_type=\"widget\" data-widget_type=\"text-editor.default\">\n\t\t\t\t<div class=\"elementor-widget-container\">\n\t\t\t\t\t\t\t\t\t<ul class=\"special-list\">\n<li>Compatible avec le logiciel Cadex via le bo\u00eetier CCS ou SCS (vendu s\u00e9par\u00e9ment)<\/li>\n<li>Peut \u00eatre utilis\u00e9 sur une machine monorail existante<\/li>\n<li>\u00c9galement disponible en configuration \u00e0 deux fils<\/li>\n<\/ul>\t\t\t\t\t\t\t\t<\/div>\n\t\t\t\t<\/div>\n\t\t<div class=\"elementor-element elementor-element-f712ac9 e-con-full e-grid equipment-page-multi-image-box e-con e-child\" data-id=\"f712ac9\" data-element_type=\"container\">\n\t\t\t\t<div class=\"elementor-element elementor-element-63ebafa elementor-widget elementor-widget-image\" data-id=\"63ebafa\" data-element_type=\"widget\" data-widget_type=\"image.default\">\n\t\t\t\t<div class=\"elementor-widget-container\">\n\t\t\t\t\t\t\t\t\t\t\t\t<figure class=\"wp-caption\">\n\t\t\t\t\t\t\t\t\t\t<img fetchpriority=\"high\" decoding=\"async\" width=\"980\" height=\"978\" src=\"https:\/\/www.cadexinc.com\/wp-content\/uploads\/2022\/12\/SB089-2-1-1024x1022.jpg\" class=\"attachment-large size-large wp-image-8542\" alt=\"\" srcset=\"https:\/\/www.cadexinc.com\/wp-content\/uploads\/2022\/12\/SB089-2-1-1024x1022.jpg 1024w, https:\/\/www.cadexinc.com\/wp-content\/uploads\/2022\/12\/SB089-2-1-300x300.jpg 300w, https:\/\/www.cadexinc.com\/wp-content\/uploads\/2022\/12\/SB089-2-1-150x150.jpg 150w, https:\/\/www.cadexinc.com\/wp-content\/uploads\/2022\/12\/SB089-2-1-768x766.jpg 768w, https:\/\/www.cadexinc.com\/wp-content\/uploads\/2022\/12\/SB089-2-1-416x415.jpg 416w, https:\/\/www.cadexinc.com\/wp-content\/uploads\/2022\/12\/SB089-2-1-100x100.jpg 100w, https:\/\/www.cadexinc.com\/wp-content\/uploads\/2022\/12\/SB089-2-1-50x50.jpg 50w, https:\/\/www.cadexinc.com\/wp-content\/uploads\/2022\/12\/SB089-2-1.jpg 1333w\" sizes=\"(max-width: 980px) 100vw, 980px\" \/>\t\t\t\t\t\t\t\t\t\t\t<figcaption class=\"widget-image-caption wp-caption-text\">L\u2019appareil est utilis\u00e9 pour soutenir le casque. La barre m\u00e9tallique permet de maintenir le casque en place et de limiter tout mouvement lors de l\u2019impact.<\/figcaption>\n\t\t\t\t\t\t\t\t\t\t<\/figure>\n\t\t\t\t\t\t\t\t\t<\/div>\n\t\t\t\t<\/div>\n\t\t\t\t<\/div>\n\t\t\t\t<\/div>\n\t\t\t\t<\/div>\n\t\t\t\t<\/div>\n\t\t<div class=\"elementor-element elementor-element-18f69fc e-con-full e-flex e-con e-child\" data-id=\"18f69fc\" data-element_type=\"container\">\n\t\t\t\t<div class=\"elementor-element elementor-element-395797e elementor-widget__width-initial elementor-hidden-mobile elementor-widget elementor-widget-html\" data-id=\"395797e\" data-element_type=\"widget\" data-widget_type=\"html.default\">\n\t\t\t\t<div class=\"elementor-widget-container\">\n\t\t\t\t\t<!-- vision begin -->\n<div class=\"vision-map vision-map-18\"data-json-src=\"https:\/\/www.cadexinc.com\/wp-content\/uploads\/vision\/18\/config.json?ver=1742310522\" data-item-id=\"18\" tabindex=\"1\" style=\"display:none;\" >\n<div class=\"vision-store\">\n<div class=\"vision-layers-data\">\n<div class=\"vision-layer\" data-layer-id=\"e12e9b14\"><\/div>\n<div class=\"vision-layer\" data-layer-id=\"2297d3de\"><\/div>\n<div class=\"vision-layer\" data-layer-id=\"ca0d0e9c\"><\/div>\n<div class=\"vision-layer\" data-layer-id=\"36df4d0f\"><\/div>\n<\/div>\n<div class=\"vision-tooltips-data\">\n<div class=\"vision-data\" data-layer-id=\"e12e9b14\"><p>Syst\u00e8me de lib\u00e9ration (utilis\u00e9 sur le monorail d\u00e9di\u00e9 aux tests de barre mentonni\u00e8re)<\/p><\/div>\n<div class=\"vision-data\" data-layer-id=\"2297d3de\"><p>Dispositif d'impact interchangeable<\/p><\/div>\n<div class=\"vision-data\" data-layer-id=\"ca0d0e9c\"><p>Sangle pour maintenir le casque en place lors de l'impact<\/p><\/div>\n<div class=\"vision-data\" data-layer-id=\"36df4d0f\"><p>Capteur LVDT<\/p><\/div>\n<\/div>\n<div class=\"vision-popovers-data\">\n<div class=\"vision-data\" data-layer-id=\"e12e9b14\"><\/div>\n<div class=\"vision-data\" data-layer-id=\"2297d3de\"><\/div>\n<div class=\"vision-data\" data-layer-id=\"ca0d0e9c\"><\/div>\n<div class=\"vision-data\" data-layer-id=\"36df4d0f\"><\/div>\n<\/div>\n<\/div>\n<\/div>\n<!-- vision end -->\n\t\t\t\t<\/div>\n\t\t\t\t<\/div>\n\t\t\t\t<\/div>\n\t\t\t\t<\/div>\n\t\t\t\t\t<\/div>\n\t\t\t\t<\/div>\n\t\t\t\t<\/div>","protected":false},"excerpt":{"rendered":"<p>Le kit de mentonni\u00e8re Cadex American est \u00e0 utiliser avec le monorail Cadex. L'appareil et la barre m\u00e9tallique maintiennent la stabilit\u00e9 du casque pendant l'impact. Un appareil de mesure mesure la d\u00e9viation de la mentonni\u00e8re du casque. L'information est envoy\u00e9e au logiciel Cadex via le bo\u00eetier CCS ou SCS (vendu s\u00e9par\u00e9ment). Ce kit [...]<\/p>","protected":false},"author":5,"featured_media":8542,"parent":3154,"menu_order":0,"comment_status":"closed","ping_status":"closed","template":"","meta":{"footnotes":""},"categories":[40],"class_list":["post-195","page","type-page","status-publish","has-post-thumbnail","hentry","category-accessories"],"_links":{"self":[{"href":"https:\/\/www.cadexinc.com\/fr\/wp-json\/wp\/v2\/pages\/195","targetHints":{"allow":["GET"]}}],"collection":[{"href":"https:\/\/www.cadexinc.com\/fr\/wp-json\/wp\/v2\/pages"}],"about":[{"href":"https:\/\/www.cadexinc.com\/fr\/wp-json\/wp\/v2\/types\/page"}],"author":[{"embeddable":true,"href":"https:\/\/www.cadexinc.com\/fr\/wp-json\/wp\/v2\/users\/5"}],"replies":[{"embeddable":true,"href":"https:\/\/www.cadexinc.com\/fr\/wp-json\/wp\/v2\/comments?post=195"}],"version-history":[{"count":128,"href":"https:\/\/www.cadexinc.com\/fr\/wp-json\/wp\/v2\/pages\/195\/revisions"}],"predecessor-version":[{"id":21208,"href":"https:\/\/www.cadexinc.com\/fr\/wp-json\/wp\/v2\/pages\/195\/revisions\/21208"}],"up":[{"embeddable":true,"href":"https:\/\/www.cadexinc.com\/fr\/wp-json\/wp\/v2\/pages\/3154"}],"wp:featuredmedia":[{"embeddable":true,"href":"https:\/\/www.cadexinc.com\/fr\/wp-json\/wp\/v2\/media\/8542"}],"wp:attachment":[{"href":"https:\/\/www.cadexinc.com\/fr\/wp-json\/wp\/v2\/media?parent=195"}],"wp:term":[{"taxonomy":"category","embeddable":true,"href":"https:\/\/www.cadexinc.com\/fr\/wp-json\/wp\/v2\/categories?post=195"}],"curies":[{"name":"wp","href":"https:\/\/api.w.org\/{rel}","templated":true}]}}