{"id":193,"date":"2022-05-17T13:31:59","date_gmt":"2022-05-17T17:31:59","guid":{"rendered":"http:\/\/www.cadexinc.com\/?page_id=193"},"modified":"2026-03-19T15:38:04","modified_gmt":"2026-03-19T19:38:04","slug":"chin-bar-bsi","status":"publish","type":"page","link":"https:\/\/www.cadexinc.com\/fr\/equipement\/accessoires\/chin-bar-bsi\/","title":{"rendered":"Barre mentonni\u00e8re BSI"},"content":{"rendered":"<div data-elementor-type=\"wp-page\" data-elementor-id=\"193\" class=\"elementor elementor-193\">\n\t\t\t\t<div class=\"elementor-element elementor-element-51dbc77c elementor-hidden-desktop elementor-hidden-tablet e-flex e-con-boxed e-con e-parent\" data-id=\"51dbc77c\" data-element_type=\"container\">\n\t\t\t\t\t<div class=\"e-con-inner\">\n\t\t\t\t<div class=\"elementor-element elementor-element-2f07a56 elementor-widget elementor-widget-image\" data-id=\"2f07a56\" data-element_type=\"widget\" data-widget_type=\"image.default\">\n\t\t\t\t<div class=\"elementor-widget-container\">\n\t\t\t\t\t\t\t\t\t\t\t\t\t\t\t<img fetchpriority=\"high\" decoding=\"async\" width=\"924\" height=\"1024\" src=\"https:\/\/www.cadexinc.com\/wp-content\/uploads\/2022\/12\/SB157-1-924x1024.jpg\" class=\"attachment-large size-large wp-image-8584\" alt=\"\" srcset=\"https:\/\/www.cadexinc.com\/wp-content\/uploads\/2022\/12\/SB157-1-924x1024.jpg 924w, https:\/\/www.cadexinc.com\/wp-content\/uploads\/2022\/12\/SB157-1-271x300.jpg 271w, https:\/\/www.cadexinc.com\/wp-content\/uploads\/2022\/12\/SB157-1-768x851.jpg 768w, https:\/\/www.cadexinc.com\/wp-content\/uploads\/2022\/12\/SB157-1-1385x1536.jpg 1385w, https:\/\/www.cadexinc.com\/wp-content\/uploads\/2022\/12\/SB157-1-416x461.jpg 416w, https:\/\/www.cadexinc.com\/wp-content\/uploads\/2022\/12\/SB157-1.jpg 1656w\" sizes=\"(max-width: 924px) 100vw, 924px\" \/>\t\t\t\t\t\t\t\t\t\t\t\t\t\t\t<\/div>\n\t\t\t\t<\/div>\n\t\t\t\t\t<\/div>\n\t\t\t\t<\/div>\n\t\t<div class=\"elementor-element elementor-element-2316649 e-flex e-con-boxed e-con e-parent\" data-id=\"2316649\" data-element_type=\"container\">\n\t\t\t\t\t<div class=\"e-con-inner\">\n\t\t<div class=\"elementor-element elementor-element-207b193 e-con-full e-flex e-con e-child\" data-id=\"207b193\" data-element_type=\"container\">\n\t\t<div class=\"elementor-element elementor-element-27375bd e-con-full e-flex e-con e-child\" data-id=\"27375bd\" data-element_type=\"container\">\n\t\t<div class=\"elementor-element elementor-element-521d58a e-con-full equipment-main-right-block e-flex e-con e-child\" data-id=\"521d58a\" data-element_type=\"container\">\n\t\t<div class=\"elementor-element elementor-element-03f2b4e e-con-full e-flex e-con e-child\" data-id=\"03f2b4e\" data-element_type=\"container\">\n\t\t\t\t<div class=\"elementor-element elementor-element-3bcbaad elementor-widget elementor-widget-text-editor\" data-id=\"3bcbaad\" data-element_type=\"widget\" data-widget_type=\"text-editor.default\">\n\t\t\t\t<div class=\"elementor-widget-container\">\n\t\t\t\t\t\t\t\t\t<p class=\"cdx-title cdx-text-align-justify\">L\u2019\u00e9quipement Barre mentonni\u00e8re Cadex est utilis\u00e9 pour mesurer la d\u00e9c\u00e9l\u00e9ration d\u2019un percuteur frappant la mentonni\u00e8re d\u2019un casque, conform\u00e9ment aux normes BSI et autres standards.<\/p>\t\t\t\t\t\t\t\t<\/div>\n\t\t\t\t<\/div>\n\t\t\t\t<div class=\"elementor-element elementor-element-7048373 equipment-sub-titles elementor-widget elementor-widget-heading\" data-id=\"7048373\" data-element_type=\"widget\" data-widget_type=\"heading.default\">\n\t\t\t\t<div class=\"elementor-widget-container\">\n\t\t\t\t\t<h6 class=\"elementor-heading-title elementor-size-default\">DIMENSIONS (APPROX.) :<\/h6>\t\t\t\t<\/div>\n\t\t\t\t<\/div>\n\t\t\t\t<div class=\"elementor-element elementor-element-7fe2d84 elementor-widget elementor-widget-text-editor\" data-id=\"7fe2d84\" data-element_type=\"widget\" data-widget_type=\"text-editor.default\">\n\t\t\t\t<div class=\"elementor-widget-container\">\n\t\t\t\t\t\t\t\t\t<ul class=\"special-list\">\n<li>Longueur : 20,32 cm \/ 8 in<\/li>\n<li>Width:\u00a0 \u00a047.32 cm \/ 18.63 in<\/li>\n<li>Height:\u00a0 52.07 cm \/ 20.5 in<\/li>\n<\/ul>\t\t\t\t\t\t\t\t<\/div>\n\t\t\t\t<\/div>\n\t\t\t\t<div class=\"elementor-element elementor-element-3bb74a6 equipment-sub-titles elementor-widget elementor-widget-heading\" data-id=\"3bb74a6\" data-element_type=\"widget\" data-widget_type=\"heading.default\">\n\t\t\t\t<div class=\"elementor-widget-container\">\n\t\t\t\t\t<h6 class=\"elementor-heading-title elementor-size-default\">CARACT\u00c9RISTIQUES\u202f:<\/h6>\t\t\t\t<\/div>\n\t\t\t\t<\/div>\n\t\t\t\t<div class=\"elementor-element elementor-element-f6d15d6 elementor-widget elementor-widget-text-editor\" data-id=\"f6d15d6\" data-element_type=\"widget\" data-widget_type=\"text-editor.default\">\n\t\t\t\t<div class=\"elementor-widget-container\">\n\t\t\t\t\t\t\t\t\t<ul class=\"special-list\">\n<li>Le gabarit l\u00e9ger interchangeable peut \u00eatre mont\u00e9 sur le monorail ou le twinwire de Cadex.<\/li>\n<li>Supports MEP inclus<\/li>\n<li>Interface r\u00e9glable pour toutes les tailles de t\u00eates factices<\/li>\n<\/ul>\t\t\t\t\t\t\t\t<\/div>\n\t\t\t\t<\/div>\n\t\t\t\t<\/div>\n\t\t\t\t<\/div>\n\t\t\t\t<\/div>\n\t\t<div class=\"elementor-element elementor-element-cb10afd e-con-full e-flex e-con e-child\" data-id=\"cb10afd\" data-element_type=\"container\">\n\t\t\t\t<div class=\"elementor-element elementor-element-3d9adce elementor-hidden-mobile elementor-widget elementor-widget-image\" data-id=\"3d9adce\" data-element_type=\"widget\" data-widget_type=\"image.default\">\n\t\t\t\t<div class=\"elementor-widget-container\">\n\t\t\t\t\t\t\t\t\t\t\t\t\t\t\t<img fetchpriority=\"high\" decoding=\"async\" width=\"924\" height=\"1024\" src=\"https:\/\/www.cadexinc.com\/wp-content\/uploads\/2022\/12\/SB157-1-924x1024.jpg\" class=\"attachment-large size-large wp-image-8584\" alt=\"\" srcset=\"https:\/\/www.cadexinc.com\/wp-content\/uploads\/2022\/12\/SB157-1-924x1024.jpg 924w, https:\/\/www.cadexinc.com\/wp-content\/uploads\/2022\/12\/SB157-1-271x300.jpg 271w, https:\/\/www.cadexinc.com\/wp-content\/uploads\/2022\/12\/SB157-1-768x851.jpg 768w, https:\/\/www.cadexinc.com\/wp-content\/uploads\/2022\/12\/SB157-1-1385x1536.jpg 1385w, https:\/\/www.cadexinc.com\/wp-content\/uploads\/2022\/12\/SB157-1-416x461.jpg 416w, https:\/\/www.cadexinc.com\/wp-content\/uploads\/2022\/12\/SB157-1.jpg 1656w\" sizes=\"(max-width: 924px) 100vw, 924px\" \/>\t\t\t\t\t\t\t\t\t\t\t\t\t\t\t<\/div>\n\t\t\t\t<\/div>\n\t\t\t\t<\/div>\n\t\t\t\t<\/div>\n\t\t\t\t\t<\/div>\n\t\t\t\t<\/div>\n\t\t<div class=\"elementor-element elementor-element-4ace131 e-flex e-con-boxed e-con e-parent\" data-id=\"4ace131\" data-element_type=\"container\">\n\t\t\t\t\t<div class=\"e-con-inner\">\n\t\t<div class=\"elementor-element elementor-element-e089741 e-con-full e-grid equipment-page-multi-image-box e-con e-child\" data-id=\"e089741\" data-element_type=\"container\">\n\t\t\t\t<div class=\"elementor-element elementor-element-609c0e5 elementor-widget elementor-widget-image\" data-id=\"609c0e5\" data-element_type=\"widget\" data-widget_type=\"image.default\">\n\t\t\t\t<div class=\"elementor-widget-container\">\n\t\t\t\t\t\t\t\t\t\t\t\t<figure class=\"wp-caption\">\n\t\t\t\t\t\t\t\t\t\t<img decoding=\"async\" width=\"964\" height=\"796\" src=\"https:\/\/www.cadexinc.com\/wp-content\/uploads\/2022\/12\/SB157-2-ch.jpg\" class=\"attachment-large size-large wp-image-8601\" alt=\"\" srcset=\"https:\/\/www.cadexinc.com\/wp-content\/uploads\/2022\/12\/SB157-2-ch.jpg 964w, https:\/\/www.cadexinc.com\/wp-content\/uploads\/2022\/12\/SB157-2-ch-300x248.jpg 300w, https:\/\/www.cadexinc.com\/wp-content\/uploads\/2022\/12\/SB157-2-ch-768x634.jpg 768w, https:\/\/www.cadexinc.com\/wp-content\/uploads\/2022\/12\/SB157-2-ch-416x344.jpg 416w\" sizes=\"(max-width: 964px) 100vw, 964px\" \/>\t\t\t\t\t\t\t\t\t\t\t<figcaption class=\"widget-image-caption wp-caption-text\">T\u00eate de test non incluse et vendue s\u00e9par\u00e9ment<\/figcaption>\n\t\t\t\t\t\t\t\t\t\t<\/figure>\n\t\t\t\t\t\t\t\t\t<\/div>\n\t\t\t\t<\/div>\n\t\t\t\t<div class=\"elementor-element elementor-element-b9717a9 elementor-widget elementor-widget-image\" data-id=\"b9717a9\" data-element_type=\"widget\" data-widget_type=\"image.default\">\n\t\t\t\t<div class=\"elementor-widget-container\">\n\t\t\t\t\t\t\t\t\t\t\t\t<figure class=\"wp-caption\">\n\t\t\t\t\t\t\t\t\t\t<img decoding=\"async\" width=\"964\" height=\"796\" src=\"https:\/\/www.cadexinc.com\/wp-content\/uploads\/2022\/12\/SB157-3.jpg\" class=\"attachment-large size-large wp-image-8590\" alt=\"\" srcset=\"https:\/\/www.cadexinc.com\/wp-content\/uploads\/2022\/12\/SB157-3.jpg 964w, https:\/\/www.cadexinc.com\/wp-content\/uploads\/2022\/12\/SB157-3-300x248.jpg 300w, https:\/\/www.cadexinc.com\/wp-content\/uploads\/2022\/12\/SB157-3-768x634.jpg 768w, https:\/\/www.cadexinc.com\/wp-content\/uploads\/2022\/12\/SB157-3-416x344.jpg 416w\" sizes=\"(max-width: 964px) 100vw, 964px\" \/>\t\t\t\t\t\t\t\t\t\t\t<figcaption class=\"widget-image-caption wp-caption-text\">Mont\u00e9 sur une machine d\u2019impact Cadex Twinwire<\/figcaption>\n\t\t\t\t\t\t\t\t\t\t<\/figure>\n\t\t\t\t\t\t\t\t\t<\/div>\n\t\t\t\t<\/div>\n\t\t\t\t<\/div>\n\t\t\t\t\t<\/div>\n\t\t\t\t<\/div>\n\t\t\t\t<\/div>","protected":false},"excerpt":{"rendered":"<p>The Cadex chin bar equipment is used to test the deceleration of a striker hitting the chin guard of a helmet. According to BSI and other standards. DIMENSIONS (APPROX.): Length: 20.32 cm \/ 8 in Width:\u00a0 \u00a047.32 cm \/ 18.63 in Height:\u00a0 52.07 cm \/ 20.5 in FEATURES: Light interchangeable jig can be mounted on [&hellip;]<\/p>","protected":false},"author":5,"featured_media":8584,"parent":3154,"menu_order":0,"comment_status":"closed","ping_status":"closed","template":"","meta":{"footnotes":""},"categories":[40],"class_list":["post-193","page","type-page","status-publish","has-post-thumbnail","hentry","category-accessories"],"_links":{"self":[{"href":"https:\/\/www.cadexinc.com\/fr\/wp-json\/wp\/v2\/pages\/193","targetHints":{"allow":["GET"]}}],"collection":[{"href":"https:\/\/www.cadexinc.com\/fr\/wp-json\/wp\/v2\/pages"}],"about":[{"href":"https:\/\/www.cadexinc.com\/fr\/wp-json\/wp\/v2\/types\/page"}],"author":[{"embeddable":true,"href":"https:\/\/www.cadexinc.com\/fr\/wp-json\/wp\/v2\/users\/5"}],"replies":[{"embeddable":true,"href":"https:\/\/www.cadexinc.com\/fr\/wp-json\/wp\/v2\/comments?post=193"}],"version-history":[{"count":67,"href":"https:\/\/www.cadexinc.com\/fr\/wp-json\/wp\/v2\/pages\/193\/revisions"}],"predecessor-version":[{"id":21211,"href":"https:\/\/www.cadexinc.com\/fr\/wp-json\/wp\/v2\/pages\/193\/revisions\/21211"}],"up":[{"embeddable":true,"href":"https:\/\/www.cadexinc.com\/fr\/wp-json\/wp\/v2\/pages\/3154"}],"wp:featuredmedia":[{"embeddable":true,"href":"https:\/\/www.cadexinc.com\/fr\/wp-json\/wp\/v2\/media\/8584"}],"wp:attachment":[{"href":"https:\/\/www.cadexinc.com\/fr\/wp-json\/wp\/v2\/media?parent=193"}],"wp:term":[{"taxonomy":"category","embeddable":true,"href":"https:\/\/www.cadexinc.com\/fr\/wp-json\/wp\/v2\/categories?post=193"}],"curies":[{"name":"wp","href":"https:\/\/api.w.org\/{rel}","templated":true}]}}