{"id":191,"date":"2022-05-17T13:31:34","date_gmt":"2022-05-17T17:31:34","guid":{"rendered":"http:\/\/www.cadexinc.com\/?page_id=191"},"modified":"2026-03-18T11:39:00","modified_gmt":"2026-03-18T15:39:00","slug":"systeme-de-rail-horizontal-dattenuation-des-chocs","status":"publish","type":"page","link":"https:\/\/www.cadexinc.com\/fr\/equipement\/machines\/machines-a-chocs\/systeme-de-rail-horizontal-dattenuation-des-chocs\/","title":{"rendered":"Syst\u00e8me de rail horizontal pour l\u2019att\u00e9nuation des chocs"},"content":{"rendered":"<div data-elementor-type=\"wp-page\" data-elementor-id=\"191\" class=\"elementor elementor-191\">\n\t\t\t\t<div class=\"elementor-element elementor-element-68b32f4e elementor-hidden-desktop elementor-hidden-tablet e-flex e-con-boxed e-con e-parent\" data-id=\"68b32f4e\" data-element_type=\"container\">\n\t\t\t\t\t<div class=\"e-con-inner\">\n\t\t\t\t<div class=\"elementor-element elementor-element-5496b72 elementor-widget elementor-widget-image\" data-id=\"5496b72\" data-element_type=\"widget\" data-widget_type=\"image.default\">\n\t\t\t\t<div class=\"elementor-widget-container\">\n\t\t\t\t\t\t\t\t\t\t\t\t\t\t\t<img fetchpriority=\"high\" decoding=\"async\" width=\"1843\" height=\"1335\" src=\"https:\/\/www.cadexinc.com\/wp-content\/uploads\/2025\/03\/Horizontal-Impact-Machine.webp\" class=\"attachment-full size-full wp-image-16399\" alt=\"\" srcset=\"https:\/\/www.cadexinc.com\/wp-content\/uploads\/2025\/03\/Horizontal-Impact-Machine.webp 1843w, https:\/\/www.cadexinc.com\/wp-content\/uploads\/2025\/03\/Horizontal-Impact-Machine-300x217.webp 300w, https:\/\/www.cadexinc.com\/wp-content\/uploads\/2025\/03\/Horizontal-Impact-Machine-1024x742.webp 1024w, https:\/\/www.cadexinc.com\/wp-content\/uploads\/2025\/03\/Horizontal-Impact-Machine-768x556.webp 768w, https:\/\/www.cadexinc.com\/wp-content\/uploads\/2025\/03\/Horizontal-Impact-Machine-1536x1113.webp 1536w, https:\/\/www.cadexinc.com\/wp-content\/uploads\/2025\/03\/Horizontal-Impact-Machine-18x12.webp 18w, https:\/\/www.cadexinc.com\/wp-content\/uploads\/2025\/03\/Horizontal-Impact-Machine-416x301.webp 416w\" sizes=\"(max-width: 1843px) 100vw, 1843px\" \/>\t\t\t\t\t\t\t\t\t\t\t\t\t\t\t<\/div>\n\t\t\t\t<\/div>\n\t\t\t\t\t<\/div>\n\t\t\t\t<\/div>\n\t\t<div class=\"elementor-element elementor-element-8ed9836 e-flex e-con-boxed e-con e-parent\" data-id=\"8ed9836\" data-element_type=\"container\">\n\t\t\t\t\t<div class=\"e-con-inner\">\n\t\t<div class=\"elementor-element elementor-element-a3ef415 e-con-full e-flex e-con e-child\" data-id=\"a3ef415\" data-element_type=\"container\">\n\t\t<div class=\"elementor-element elementor-element-cb57b9d e-con-full e-flex e-con e-child\" data-id=\"cb57b9d\" data-element_type=\"container\">\n\t\t<div class=\"elementor-element elementor-element-24852e9 e-con-full equipment-main-right-block e-flex e-con e-child\" data-id=\"24852e9\" data-element_type=\"container\">\n\t\t<div class=\"elementor-element elementor-element-dbb2e66 e-con-full e-flex e-con e-child\" data-id=\"dbb2e66\" data-element_type=\"container\">\n\t\t\t\t<div class=\"elementor-element elementor-element-d8b9d84 elementor-widget elementor-widget-text-editor\" data-id=\"d8b9d84\" data-element_type=\"widget\" data-widget_type=\"text-editor.default\">\n\t\t\t\t<div class=\"elementor-widget-container\">\n\t\t\t\t\t\t\t\t\t<p class=\"cdx-title cdx-text-align-justify\">Le syst\u00e8me de rail horizontal pour l\u2019att\u00e9nuation des chocs Cadex est con\u00e7u pour offrir une faible r\u00e9sistance au frottement lors des essais d\u2019impact. Il est utilis\u00e9 pour r\u00e9aliser le test d\u2019att\u00e9nuation des impacts balistiques conform\u00e9ment \u00e0 la norme NIJ\u202f0106.01 et \u00e0 d\u2019autres standards.<\/p>\t\t\t\t\t\t\t\t<\/div>\n\t\t\t\t<\/div>\n\t\t\t\t<div class=\"elementor-element elementor-element-299c485 equipment-sub-titles elementor-widget elementor-widget-heading\" data-id=\"299c485\" data-element_type=\"widget\" data-widget_type=\"heading.default\">\n\t\t\t\t<div class=\"elementor-widget-container\">\n\t\t\t\t\t<h6 class=\"elementor-heading-title elementor-size-default\">DIMENSIONS (APPROX.) :<\/h6>\t\t\t\t<\/div>\n\t\t\t\t<\/div>\n\t\t\t\t<div class=\"elementor-element elementor-element-08e219f elementor-widget elementor-widget-text-editor\" data-id=\"08e219f\" data-element_type=\"widget\" data-widget_type=\"text-editor.default\">\n\t\t\t\t<div class=\"elementor-widget-container\">\n\t\t\t\t\t\t\t\t\t<ul class=\"special-list\">\n \t<li>Longueur : 135,89 cm \/ 53,5 in<\/li>\n \t<li>Width:\u00a0 \u00a012.7 cm \/ 5 in<\/li>\n \t<li>Height: 17.78 cm \/ 7 in\u00a0(without headform)<\/li>\n<\/ul>\t\t\t\t\t\t\t\t<\/div>\n\t\t\t\t<\/div>\n\t\t\t\t<div class=\"elementor-element elementor-element-f588260 equipment-sub-titles elementor-widget elementor-widget-heading\" data-id=\"f588260\" data-element_type=\"widget\" data-widget_type=\"heading.default\">\n\t\t\t\t<div class=\"elementor-widget-container\">\n\t\t\t\t\t<h6 class=\"elementor-heading-title elementor-size-default\">CARACT\u00c9RISTIQUES\u202f:<\/h6>\t\t\t\t<\/div>\n\t\t\t\t<\/div>\n\t\t\t\t<div class=\"elementor-element elementor-element-9aa98d0 elementor-widget elementor-widget-text-editor\" data-id=\"9aa98d0\" data-element_type=\"widget\" data-widget_type=\"text-editor.default\">\n\t\t\t\t<div class=\"elementor-widget-container\">\n\t\t\t\t\t\t\t\t\t<ul class=\"special-list\">\n<li>Pistolet<\/li>\n<li>Syst\u00e8me \u00e0 faible frottement<\/li>\n<li>Niveau int\u00e9gr\u00e9<\/li>\n<li>Amortisseur arri\u00e8re<\/li>\n<li>Syst\u00e8me de triple rail pour une meilleure stabilit\u00e9<\/li>\n<\/ul>\n<p class=\"text-danger pt-5 fst-italic fs-7\">L\u2019assemblage de forme de t\u00eate r\u00e9gl\u00e9 selon la norme sp\u00e9cifi\u00e9e n\u2019est pas inclus et est vendu s\u00e9par\u00e9ment<\/p>\t\t\t\t\t\t\t\t<\/div>\n\t\t\t\t<\/div>\n\t\t\t\t<\/div>\n\t\t\t\t<\/div>\n\t\t\t\t<\/div>\n\t\t<div class=\"elementor-element elementor-element-5c01786 e-con-full elementor-hidden-mobile e-flex e-con e-child\" data-id=\"5c01786\" data-element_type=\"container\">\n\t\t\t\t<div class=\"elementor-element elementor-element-98873a4 elementor-hidden-mobile elementor-widget elementor-widget-image\" data-id=\"98873a4\" data-element_type=\"widget\" data-widget_type=\"image.default\">\n\t\t\t\t<div class=\"elementor-widget-container\">\n\t\t\t\t\t\t\t\t\t\t\t\t\t\t\t<img fetchpriority=\"high\" decoding=\"async\" width=\"1843\" height=\"1335\" src=\"https:\/\/www.cadexinc.com\/wp-content\/uploads\/2025\/03\/Horizontal-Impact-Machine.webp\" class=\"attachment-full size-full wp-image-16399\" alt=\"\" srcset=\"https:\/\/www.cadexinc.com\/wp-content\/uploads\/2025\/03\/Horizontal-Impact-Machine.webp 1843w, https:\/\/www.cadexinc.com\/wp-content\/uploads\/2025\/03\/Horizontal-Impact-Machine-300x217.webp 300w, https:\/\/www.cadexinc.com\/wp-content\/uploads\/2025\/03\/Horizontal-Impact-Machine-1024x742.webp 1024w, https:\/\/www.cadexinc.com\/wp-content\/uploads\/2025\/03\/Horizontal-Impact-Machine-768x556.webp 768w, https:\/\/www.cadexinc.com\/wp-content\/uploads\/2025\/03\/Horizontal-Impact-Machine-1536x1113.webp 1536w, https:\/\/www.cadexinc.com\/wp-content\/uploads\/2025\/03\/Horizontal-Impact-Machine-18x12.webp 18w, https:\/\/www.cadexinc.com\/wp-content\/uploads\/2025\/03\/Horizontal-Impact-Machine-416x301.webp 416w\" sizes=\"(max-width: 1843px) 100vw, 1843px\" \/>\t\t\t\t\t\t\t\t\t\t\t\t\t\t\t<\/div>\n\t\t\t\t<\/div>\n\t\t\t\t<\/div>\n\t\t\t\t<\/div>\n\t\t\t\t\t<\/div>\n\t\t\t\t<\/div>\n\t\t<div class=\"elementor-element elementor-element-7206e8b e-flex e-con-boxed e-con e-parent\" data-id=\"7206e8b\" data-element_type=\"container\">\n\t\t\t\t\t<div class=\"e-con-inner\">\n\t\t<div class=\"elementor-element elementor-element-dd32623 e-con-full e-grid equipment-page-multi-image-box e-con e-child\" data-id=\"dd32623\" data-element_type=\"container\">\n\t\t<div class=\"elementor-element elementor-element-20c54e9 e-grid e-con-full equipment-images-left-block e-con e-child\" data-id=\"20c54e9\" data-element_type=\"container\">\n\t\t\t\t<div class=\"elementor-element elementor-element-289b5fa elementor-widget elementor-widget-image\" data-id=\"289b5fa\" data-element_type=\"widget\" data-widget_type=\"image.default\">\n\t\t\t\t<div class=\"elementor-widget-container\">\n\t\t\t\t\t\t\t\t\t\t\t\t<figure class=\"wp-caption\">\n\t\t\t\t\t\t\t\t\t\t<img decoding=\"async\" width=\"980\" height=\"614\" src=\"https:\/\/www.cadexinc.com\/wp-content\/uploads\/2025\/03\/Horizontal-Impact-Rear-end-shock-absorber-1024x642.webp\" class=\"attachment-large size-large wp-image-16388\" alt=\"\" srcset=\"https:\/\/www.cadexinc.com\/wp-content\/uploads\/2025\/03\/Horizontal-Impact-Rear-end-shock-absorber-1024x642.webp 1024w, https:\/\/www.cadexinc.com\/wp-content\/uploads\/2025\/03\/Horizontal-Impact-Rear-end-shock-absorber-300x188.webp 300w, https:\/\/www.cadexinc.com\/wp-content\/uploads\/2025\/03\/Horizontal-Impact-Rear-end-shock-absorber-768x481.webp 768w, https:\/\/www.cadexinc.com\/wp-content\/uploads\/2025\/03\/Horizontal-Impact-Rear-end-shock-absorber-18x12.webp 18w, https:\/\/www.cadexinc.com\/wp-content\/uploads\/2025\/03\/Horizontal-Impact-Rear-end-shock-absorber-416x261.webp 416w, https:\/\/www.cadexinc.com\/wp-content\/uploads\/2025\/03\/Horizontal-Impact-Rear-end-shock-absorber.webp 1045w\" sizes=\"(max-width: 980px) 100vw, 980px\" \/>\t\t\t\t\t\t\t\t\t\t\t<figcaption class=\"widget-image-caption wp-caption-text\">Amortisseur arri\u00e8re<\/figcaption>\n\t\t\t\t\t\t\t\t\t\t<\/figure>\n\t\t\t\t\t\t\t\t\t<\/div>\n\t\t\t\t<\/div>\n\t\t\t\t<div class=\"elementor-element elementor-element-1022523 elementor-widget elementor-widget-image\" data-id=\"1022523\" data-element_type=\"widget\" data-widget_type=\"image.default\">\n\t\t\t\t<div class=\"elementor-widget-container\">\n\t\t\t\t\t\t\t\t\t\t\t\t<figure class=\"wp-caption\">\n\t\t\t\t\t\t\t\t\t\t<img decoding=\"async\" width=\"980\" height=\"635\" src=\"https:\/\/www.cadexinc.com\/wp-content\/uploads\/2025\/03\/Triple-rail-system-for-better-stability-during-the-tests-1024x663.webp\" class=\"attachment-large size-large wp-image-16389\" alt=\"\" srcset=\"https:\/\/www.cadexinc.com\/wp-content\/uploads\/2025\/03\/Triple-rail-system-for-better-stability-during-the-tests-1024x663.webp 1024w, https:\/\/www.cadexinc.com\/wp-content\/uploads\/2025\/03\/Triple-rail-system-for-better-stability-during-the-tests-300x194.webp 300w, https:\/\/www.cadexinc.com\/wp-content\/uploads\/2025\/03\/Triple-rail-system-for-better-stability-during-the-tests-768x497.webp 768w, https:\/\/www.cadexinc.com\/wp-content\/uploads\/2025\/03\/Triple-rail-system-for-better-stability-during-the-tests-18x12.webp 18w, https:\/\/www.cadexinc.com\/wp-content\/uploads\/2025\/03\/Triple-rail-system-for-better-stability-during-the-tests-416x269.webp 416w, https:\/\/www.cadexinc.com\/wp-content\/uploads\/2025\/03\/Triple-rail-system-for-better-stability-during-the-tests.webp 1078w\" sizes=\"(max-width: 980px) 100vw, 980px\" \/>\t\t\t\t\t\t\t\t\t\t\t<figcaption class=\"widget-image-caption wp-caption-text\">Syst\u00e8me \u00e0 triple rail pour une meilleure stabilit\u00e9 lors des tests<\/figcaption>\n\t\t\t\t\t\t\t\t\t\t<\/figure>\n\t\t\t\t\t\t\t\t\t<\/div>\n\t\t\t\t<\/div>\n\t\t\t\t<\/div>\n\t\t\t\t<\/div>\n\t\t\t\t\t<\/div>\n\t\t\t\t<\/div>\n\t\t\t\t<\/div>","protected":false},"excerpt":{"rendered":"<p>The Cadex horizontal impact attenuation rail system is designed to offer low friction resistance during impact testing. Used to perform the ballistic impact attenuation test according to NIJ 0106.01 standard and others. DIMENSIONS (APPROX.): Length: 135.89 cm \/ 53.5 in Width:\u00a0 \u00a012.7 cm \/ 5 in Height: 17.78 cm \/ 7 in\u00a0(without headform) FEATURES: Pistol [&hellip;]<\/p>","protected":false},"author":5,"featured_media":16399,"parent":3180,"menu_order":0,"comment_status":"closed","ping_status":"closed","template":"","meta":{"footnotes":""},"categories":[36],"class_list":["post-191","page","type-page","status-publish","has-post-thumbnail","hentry","category-impact-machines"],"_links":{"self":[{"href":"https:\/\/www.cadexinc.com\/fr\/wp-json\/wp\/v2\/pages\/191","targetHints":{"allow":["GET"]}}],"collection":[{"href":"https:\/\/www.cadexinc.com\/fr\/wp-json\/wp\/v2\/pages"}],"about":[{"href":"https:\/\/www.cadexinc.com\/fr\/wp-json\/wp\/v2\/types\/page"}],"author":[{"embeddable":true,"href":"https:\/\/www.cadexinc.com\/fr\/wp-json\/wp\/v2\/users\/5"}],"replies":[{"embeddable":true,"href":"https:\/\/www.cadexinc.com\/fr\/wp-json\/wp\/v2\/comments?post=191"}],"version-history":[{"count":67,"href":"https:\/\/www.cadexinc.com\/fr\/wp-json\/wp\/v2\/pages\/191\/revisions"}],"predecessor-version":[{"id":21016,"href":"https:\/\/www.cadexinc.com\/fr\/wp-json\/wp\/v2\/pages\/191\/revisions\/21016"}],"up":[{"embeddable":true,"href":"https:\/\/www.cadexinc.com\/fr\/wp-json\/wp\/v2\/pages\/3180"}],"wp:featuredmedia":[{"embeddable":true,"href":"https:\/\/www.cadexinc.com\/fr\/wp-json\/wp\/v2\/media\/16399"}],"wp:attachment":[{"href":"https:\/\/www.cadexinc.com\/fr\/wp-json\/wp\/v2\/media?parent=191"}],"wp:term":[{"taxonomy":"category","embeddable":true,"href":"https:\/\/www.cadexinc.com\/fr\/wp-json\/wp\/v2\/categories?post=191"}],"curies":[{"name":"wp","href":"https:\/\/api.w.org\/{rel}","templated":true}]}}