{"id":189,"date":"2022-05-17T13:31:10","date_gmt":"2022-05-17T17:31:10","guid":{"rendered":"http:\/\/www.cadexinc.com\/?page_id=189"},"modified":"2026-03-19T14:09:33","modified_gmt":"2026-03-19T18:09:33","slug":"nocsae-jambe-conique","status":"publish","type":"page","link":"https:\/\/www.cadexinc.com\/fr\/equipement\/accessoires\/nocsae-jambe-conique\/","title":{"rendered":"Jambe conique NOCSAE"},"content":{"rendered":"<div data-elementor-type=\"wp-page\" data-elementor-id=\"189\" class=\"elementor elementor-189\">\n\t\t\t\t<div class=\"elementor-element elementor-element-7f837398 elementor-hidden-desktop elementor-hidden-tablet e-flex e-con-boxed e-con e-parent\" data-id=\"7f837398\" data-element_type=\"container\">\n\t\t\t\t\t<div class=\"e-con-inner\">\n\t\t\t\t<div class=\"elementor-element elementor-element-c98ad2f elementor-widget elementor-widget-image\" data-id=\"c98ad2f\" data-element_type=\"widget\" data-widget_type=\"image.default\">\n\t\t\t\t<div class=\"elementor-widget-container\">\n\t\t\t\t\t\t\t\t\t\t\t\t\t\t\t<img fetchpriority=\"high\" decoding=\"async\" width=\"980\" height=\"460\" src=\"https:\/\/www.cadexinc.com\/wp-content\/uploads\/2022\/12\/SB099-1-1024x481.jpg\" class=\"attachment-large size-large wp-image-8948\" alt=\"\" srcset=\"https:\/\/www.cadexinc.com\/wp-content\/uploads\/2022\/12\/SB099-1-1024x481.jpg 1024w, https:\/\/www.cadexinc.com\/wp-content\/uploads\/2022\/12\/SB099-1-300x141.jpg 300w, https:\/\/www.cadexinc.com\/wp-content\/uploads\/2022\/12\/SB099-1-768x361.jpg 768w, https:\/\/www.cadexinc.com\/wp-content\/uploads\/2022\/12\/SB099-1-416x196.jpg 416w, https:\/\/www.cadexinc.com\/wp-content\/uploads\/2022\/12\/SB099-1.jpg 1287w\" sizes=\"(max-width: 980px) 100vw, 980px\" \/>\t\t\t\t\t\t\t\t\t\t\t\t\t\t\t<\/div>\n\t\t\t\t<\/div>\n\t\t\t\t\t<\/div>\n\t\t\t\t<\/div>\n\t\t<div class=\"elementor-element elementor-element-5c0aabc e-flex e-con-boxed e-con e-parent\" data-id=\"5c0aabc\" data-element_type=\"container\">\n\t\t\t\t\t<div class=\"e-con-inner\">\n\t\t<div class=\"elementor-element elementor-element-682692a e-con-full e-flex e-con e-child\" data-id=\"682692a\" data-element_type=\"container\">\n\t\t<div class=\"elementor-element elementor-element-ce2ed57 e-con-full e-flex e-con e-child\" data-id=\"ce2ed57\" data-element_type=\"container\">\n\t\t<div class=\"elementor-element elementor-element-47af33c e-con-full equipment-main-right-block e-flex e-con e-child\" data-id=\"47af33c\" data-element_type=\"container\">\n\t\t<div class=\"elementor-element elementor-element-ba2f686 e-con-full e-flex e-con e-child\" data-id=\"ba2f686\" data-element_type=\"container\">\n\t\t\t\t<div class=\"elementor-element elementor-element-1fbdf7c elementor-widget elementor-widget-text-editor\" data-id=\"1fbdf7c\" data-element_type=\"widget\" data-widget_type=\"text-editor.default\">\n\t\t\t\t<div class=\"elementor-widget-container\">\n\t\t\t\t\t\t\t\t\t<p class=\"cdx-title cdx-text-align-justify\">La jambe conique NOCSAE Cadex est con\u00e7ue et fabriqu\u00e9e conform\u00e9ment \u00e0 la norme NOCSAE ND090 pour tester les prot\u00e8ge-tibias de soccer. La jambe conique est \u00e9quip\u00e9e d\u2019un connecteur rapide femelle afin de faciliter son installation sur les machines de test Cadex.<\/p>\t\t\t\t\t\t\t\t<\/div>\n\t\t\t\t<\/div>\n\t\t\t\t<div class=\"elementor-element elementor-element-9961307 equipment-sub-titles elementor-widget elementor-widget-heading\" data-id=\"9961307\" data-element_type=\"widget\" data-widget_type=\"heading.default\">\n\t\t\t\t<div class=\"elementor-widget-container\">\n\t\t\t\t\t<h6 class=\"elementor-heading-title elementor-size-default\">Dimensions (approx.) :<\/h6>\t\t\t\t<\/div>\n\t\t\t\t<\/div>\n\t\t\t\t<div class=\"elementor-element elementor-element-8610700 elementor-widget elementor-widget-text-editor\" data-id=\"8610700\" data-element_type=\"widget\" data-widget_type=\"text-editor.default\">\n\t\t\t\t<div class=\"elementor-widget-container\">\n\t\t\t\t\t\t\t\t\t<ul class=\"special-list\">\n<li>Longueur : 30,48 cm \/ 12 in<\/li>\n<li>Width:\u00a0 \u00a012.07 cm \/ 4.75 in<\/li>\n<li>Height:\u00a0 13.03 cm \/ 5.13 in<\/li>\n<\/ul>\t\t\t\t\t\t\t\t<\/div>\n\t\t\t\t<\/div>\n\t\t\t\t<\/div>\n\t\t\t\t<\/div>\n\t\t\t\t<\/div>\n\t\t<div class=\"elementor-element elementor-element-e6a103b e-con-full e-flex e-con e-child\" data-id=\"e6a103b\" data-element_type=\"container\">\n\t\t\t\t<div class=\"elementor-element elementor-element-160dc50 elementor-hidden-mobile elementor-widget elementor-widget-image\" data-id=\"160dc50\" data-element_type=\"widget\" data-widget_type=\"image.default\">\n\t\t\t\t<div class=\"elementor-widget-container\">\n\t\t\t\t\t\t\t\t\t\t\t\t\t\t\t<img fetchpriority=\"high\" decoding=\"async\" width=\"980\" height=\"460\" src=\"https:\/\/www.cadexinc.com\/wp-content\/uploads\/2022\/12\/SB099-1-1024x481.jpg\" class=\"attachment-large size-large wp-image-8948\" alt=\"\" srcset=\"https:\/\/www.cadexinc.com\/wp-content\/uploads\/2022\/12\/SB099-1-1024x481.jpg 1024w, https:\/\/www.cadexinc.com\/wp-content\/uploads\/2022\/12\/SB099-1-300x141.jpg 300w, https:\/\/www.cadexinc.com\/wp-content\/uploads\/2022\/12\/SB099-1-768x361.jpg 768w, https:\/\/www.cadexinc.com\/wp-content\/uploads\/2022\/12\/SB099-1-416x196.jpg 416w, https:\/\/www.cadexinc.com\/wp-content\/uploads\/2022\/12\/SB099-1.jpg 1287w\" sizes=\"(max-width: 980px) 100vw, 980px\" \/>\t\t\t\t\t\t\t\t\t\t\t\t\t\t\t<\/div>\n\t\t\t\t<\/div>\n\t\t\t\t<\/div>\n\t\t\t\t<\/div>\n\t\t\t\t\t<\/div>\n\t\t\t\t<\/div>\n\t\t<div class=\"elementor-element elementor-element-29b0c3f e-flex e-con-boxed e-con e-parent\" data-id=\"29b0c3f\" data-element_type=\"container\">\n\t\t\t\t\t<div class=\"e-con-inner\">\n\t\t<div class=\"elementor-element elementor-element-e3be32c e-con-full e-grid equipment-page-multi-image-box e-con e-child\" data-id=\"e3be32c\" data-element_type=\"container\">\n\t\t\t\t<div class=\"elementor-element elementor-element-9bfcfe5 elementor-widget elementor-widget-image\" data-id=\"9bfcfe5\" data-element_type=\"widget\" data-widget_type=\"image.default\">\n\t\t\t\t<div class=\"elementor-widget-container\">\n\t\t\t\t\t\t\t\t\t\t\t\t<figure class=\"wp-caption\">\n\t\t\t\t\t\t\t\t\t\t<img decoding=\"async\" width=\"533\" height=\"400\" src=\"https:\/\/www.cadexinc.com\/wp-content\/uploads\/2025\/03\/NOCSAE-Conical-Leg-2n.webp\" class=\"attachment-full size-full wp-image-16886\" alt=\"\" srcset=\"https:\/\/www.cadexinc.com\/wp-content\/uploads\/2025\/03\/NOCSAE-Conical-Leg-2n.webp 533w, https:\/\/www.cadexinc.com\/wp-content\/uploads\/2025\/03\/NOCSAE-Conical-Leg-2n-300x225.webp 300w, https:\/\/www.cadexinc.com\/wp-content\/uploads\/2025\/03\/NOCSAE-Conical-Leg-2n-16x12.webp 16w, https:\/\/www.cadexinc.com\/wp-content\/uploads\/2025\/03\/NOCSAE-Conical-Leg-2n-324x243.webp 324w, https:\/\/www.cadexinc.com\/wp-content\/uploads\/2025\/03\/NOCSAE-Conical-Leg-2n-416x312.webp 416w\" sizes=\"(max-width: 533px) 100vw, 533px\" \/>\t\t\t\t\t\t\t\t\t\t\t<figcaption class=\"widget-image-caption wp-caption-text\">Mont\u00e9 sur une machine Cadex Twinwire<\/figcaption>\n\t\t\t\t\t\t\t\t\t\t<\/figure>\n\t\t\t\t\t\t\t\t\t<\/div>\n\t\t\t\t<\/div>\n\t\t\t\t<div class=\"elementor-element elementor-element-027a4d5 elementor-widget elementor-widget-image\" data-id=\"027a4d5\" data-element_type=\"widget\" data-widget_type=\"image.default\">\n\t\t\t\t<div class=\"elementor-widget-container\">\n\t\t\t\t\t\t\t\t\t\t\t\t<figure class=\"wp-caption\">\n\t\t\t\t\t\t\t\t\t\t<img decoding=\"async\" width=\"700\" height=\"400\" src=\"https:\/\/www.cadexinc.com\/wp-content\/uploads\/2025\/03\/NOCSAE-Conical-Leg-3n.webp\" class=\"attachment-large size-large wp-image-16888\" alt=\"\" srcset=\"https:\/\/www.cadexinc.com\/wp-content\/uploads\/2025\/03\/NOCSAE-Conical-Leg-3n.webp 700w, https:\/\/www.cadexinc.com\/wp-content\/uploads\/2025\/03\/NOCSAE-Conical-Leg-3n-300x171.webp 300w, https:\/\/www.cadexinc.com\/wp-content\/uploads\/2025\/03\/NOCSAE-Conical-Leg-3n-18x10.webp 18w, https:\/\/www.cadexinc.com\/wp-content\/uploads\/2025\/03\/NOCSAE-Conical-Leg-3n-416x238.webp 416w\" sizes=\"(max-width: 700px) 100vw, 700px\" \/>\t\t\t\t\t\t\t\t\t\t\t<figcaption class=\"widget-image-caption wp-caption-text\">Support \u00e0 d\u00e9tachement rapide<\/figcaption>\n\t\t\t\t\t\t\t\t\t\t<\/figure>\n\t\t\t\t\t\t\t\t\t<\/div>\n\t\t\t\t<\/div>\n\t\t\t\t<\/div>\n\t\t\t\t\t<\/div>\n\t\t\t\t<\/div>\n\t\t\t\t<\/div>","protected":false},"excerpt":{"rendered":"<p>The Cadex NOCSAE conical leg is designed and manufactured in accordance with NOCSAE ND090 to test soccer shin guards. The conical leg comes with a female quick release connector in order to facilitate installation on Cadex testing machines. Dimensions (Approx.): Length: 30.48 cm \/ 12 in Width:\u00a0 \u00a012.07 cm \/ 4.75 in Height:\u00a0 13.03 cm [&hellip;]<\/p>","protected":false},"author":5,"featured_media":8948,"parent":3154,"menu_order":0,"comment_status":"closed","ping_status":"closed","template":"","meta":{"footnotes":""},"categories":[40],"class_list":["post-189","page","type-page","status-publish","has-post-thumbnail","hentry","category-accessories"],"_links":{"self":[{"href":"https:\/\/www.cadexinc.com\/fr\/wp-json\/wp\/v2\/pages\/189","targetHints":{"allow":["GET"]}}],"collection":[{"href":"https:\/\/www.cadexinc.com\/fr\/wp-json\/wp\/v2\/pages"}],"about":[{"href":"https:\/\/www.cadexinc.com\/fr\/wp-json\/wp\/v2\/types\/page"}],"author":[{"embeddable":true,"href":"https:\/\/www.cadexinc.com\/fr\/wp-json\/wp\/v2\/users\/5"}],"replies":[{"embeddable":true,"href":"https:\/\/www.cadexinc.com\/fr\/wp-json\/wp\/v2\/comments?post=189"}],"version-history":[{"count":75,"href":"https:\/\/www.cadexinc.com\/fr\/wp-json\/wp\/v2\/pages\/189\/revisions"}],"predecessor-version":[{"id":21157,"href":"https:\/\/www.cadexinc.com\/fr\/wp-json\/wp\/v2\/pages\/189\/revisions\/21157"}],"up":[{"embeddable":true,"href":"https:\/\/www.cadexinc.com\/fr\/wp-json\/wp\/v2\/pages\/3154"}],"wp:featuredmedia":[{"embeddable":true,"href":"https:\/\/www.cadexinc.com\/fr\/wp-json\/wp\/v2\/media\/8948"}],"wp:attachment":[{"href":"https:\/\/www.cadexinc.com\/fr\/wp-json\/wp\/v2\/media?parent=189"}],"wp:term":[{"taxonomy":"category","embeddable":true,"href":"https:\/\/www.cadexinc.com\/fr\/wp-json\/wp\/v2\/categories?post=189"}],"curies":[{"name":"wp","href":"https:\/\/api.w.org\/{rel}","templated":true}]}}