{"id":18655,"date":"2025-05-05T10:24:41","date_gmt":"2025-05-05T14:24:41","guid":{"rendered":"https:\/\/www.cadexinc.com\/?page_id=18655"},"modified":"2026-03-24T10:19:21","modified_gmt":"2026-03-24T14:19:21","slug":"poste-de-travail-mobile","status":"publish","type":"page","link":"https:\/\/www.cadexinc.com\/fr\/equipement\/electronique\/poste-de-travail-mobile\/","title":{"rendered":"Poste de travail mobile"},"content":{"rendered":"<div data-elementor-type=\"wp-page\" data-elementor-id=\"18655\" class=\"elementor elementor-18655\">\n\t\t\t\t<div class=\"elementor-element elementor-element-14572b9 elementor-hidden-desktop elementor-hidden-tablet e-flex e-con-boxed e-con e-parent\" data-id=\"14572b9\" data-element_type=\"container\">\n\t\t\t\t\t<div class=\"e-con-inner\">\n\t\t\t\t<div class=\"elementor-element elementor-element-ff8078c elementor-widget elementor-widget-image\" data-id=\"ff8078c\" data-element_type=\"widget\" data-widget_type=\"image.default\">\n\t\t\t\t<div class=\"elementor-widget-container\">\n\t\t\t\t\t\t\t\t\t\t\t\t\t\t\t<img fetchpriority=\"high\" decoding=\"async\" width=\"347\" height=\"781\" src=\"https:\/\/www.cadexinc.com\/wp-content\/uploads\/2025\/05\/85-2-main.png\" class=\"attachment-large size-large wp-image-18662\" alt=\"\" srcset=\"https:\/\/www.cadexinc.com\/wp-content\/uploads\/2025\/05\/85-2-main.png 347w, https:\/\/www.cadexinc.com\/wp-content\/uploads\/2025\/05\/85-2-main-133x300.png 133w, https:\/\/www.cadexinc.com\/wp-content\/uploads\/2025\/05\/85-2-main-5x12.png 5w\" sizes=\"(max-width: 347px) 100vw, 347px\" \/>\t\t\t\t\t\t\t\t\t\t\t\t\t\t\t<\/div>\n\t\t\t\t<\/div>\n\t\t\t\t\t<\/div>\n\t\t\t\t<\/div>\n\t\t<div class=\"elementor-element elementor-element-6569864 e-flex e-con-boxed e-con e-parent\" data-id=\"6569864\" data-element_type=\"container\">\n\t\t\t\t\t<div class=\"e-con-inner\">\n\t\t<div class=\"elementor-element elementor-element-c58090e e-con-full e-flex e-con e-child\" data-id=\"c58090e\" data-element_type=\"container\">\n\t\t<div class=\"elementor-element elementor-element-2f903a9 e-con-full e-flex e-con e-child\" data-id=\"2f903a9\" data-element_type=\"container\">\n\t\t<div class=\"elementor-element elementor-element-61fad84 e-con-full e-flex e-con e-child\" data-id=\"61fad84\" data-element_type=\"container\">\n\t\t<div class=\"elementor-element elementor-element-138d46b e-con-full e-flex e-con e-child\" data-id=\"138d46b\" data-element_type=\"container\">\n\t\t\t\t<div class=\"elementor-element elementor-element-d062ce0 elementor-widget elementor-widget-text-editor\" data-id=\"d062ce0\" data-element_type=\"widget\" data-widget_type=\"text-editor.default\">\n\t\t\t\t<div class=\"elementor-widget-container\">\n\t\t\t\t\t\t\t\t\t<p class=\"cdx-title cdx-text-align-justify\">La station de travail mobile offre une grande flexibilit\u00e9 dans l\u2019espace de travail. Elle se d\u00e9place facilement sur quatre roulettes pivotantes de 3 pouces, dont deux verrouillables, et passe ais\u00e9ment \u00e0 travers des portes standard.<\/p>\t\t\t\t\t\t\t\t<\/div>\n\t\t\t\t<\/div>\n\t\t\t\t<div class=\"elementor-element elementor-element-149c0a0 equipment-sub-titles elementor-widget elementor-widget-heading\" data-id=\"149c0a0\" data-element_type=\"widget\" data-widget_type=\"heading.default\">\n\t\t\t\t<div class=\"elementor-widget-container\">\n\t\t\t\t\t<h6 class=\"elementor-heading-title elementor-size-default\">CARACT\u00c9RISTIQUES\u202f:<\/h6>\t\t\t\t<\/div>\n\t\t\t\t<\/div>\n\t\t\t\t<div class=\"elementor-element elementor-element-73a4d76 elementor-widget elementor-widget-text-editor\" data-id=\"73a4d76\" data-element_type=\"widget\" data-widget_type=\"text-editor.default\">\n\t\t\t\t<div class=\"elementor-widget-container\">\n\t\t\t\t\t\t\t\t\t<ul class=\"special-list\">\n<li>Mat\u00e9riau : aluminium<\/li>\n<li>The monitor mount can be tilted, rotated and adjusted in height<\/li>\n<li>Includes CPU holder and integrated 4-outlet power strip with a 4&#8242; power cord<\/li>\n<li>Compatible with monitors that are up to 24&#8243; (sold separately)<\/li>\n<\/ul>\t\t\t\t\t\t\t\t<\/div>\n\t\t\t\t<\/div>\n\t\t\t\t<\/div>\n\t\t\t\t<\/div>\n\t\t<div class=\"elementor-element elementor-element-f42a2df e-con-full equipment-page-multi-image-box e-flex e-con e-child\" data-id=\"f42a2df\" data-element_type=\"container\">\n\t\t<div class=\"elementor-element elementor-element-d9e2c59 e-con-full e-grid e-con e-child\" data-id=\"d9e2c59\" data-element_type=\"container\">\n\t\t\t\t<div class=\"elementor-element elementor-element-bcdd372 elementor-widget elementor-widget-image\" data-id=\"bcdd372\" data-element_type=\"widget\" data-widget_type=\"image.default\">\n\t\t\t\t<div class=\"elementor-widget-container\">\n\t\t\t\t\t\t\t\t\t\t\t\t<figure class=\"wp-caption\">\n\t\t\t\t\t\t\t\t\t\t<img decoding=\"async\" width=\"391\" height=\"774\" src=\"https:\/\/www.cadexinc.com\/wp-content\/uploads\/2025\/05\/85-2-pic1.jpg\" class=\"attachment-large size-large wp-image-18658\" alt=\"\" srcset=\"https:\/\/www.cadexinc.com\/wp-content\/uploads\/2025\/05\/85-2-pic1.jpg 391w, https:\/\/www.cadexinc.com\/wp-content\/uploads\/2025\/05\/85-2-pic1-152x300.jpg 152w, https:\/\/www.cadexinc.com\/wp-content\/uploads\/2025\/05\/85-2-pic1-6x12.jpg 6w\" sizes=\"(max-width: 391px) 100vw, 391px\" \/>\t\t\t\t\t\t\t\t\t\t\t<figcaption class=\"widget-image-caption wp-caption-text\">Ordinateur non inclus<\/figcaption>\n\t\t\t\t\t\t\t\t\t\t<\/figure>\n\t\t\t\t\t\t\t\t\t<\/div>\n\t\t\t\t<\/div>\n\t\t\t\t<\/div>\n\t\t\t\t<\/div>\n\t\t\t\t<\/div>\n\t\t\t\t<\/div>\n\t\t<div class=\"elementor-element elementor-element-d969035 e-con-full elementor-hidden-mobile e-flex e-con e-child\" data-id=\"d969035\" data-element_type=\"container\">\n\t\t\t\t<div class=\"elementor-element elementor-element-ec1e36d elementor-hidden-mobile elementor-widget elementor-widget-image\" data-id=\"ec1e36d\" data-element_type=\"widget\" data-widget_type=\"image.default\">\n\t\t\t\t<div class=\"elementor-widget-container\">\n\t\t\t\t\t\t\t\t\t\t\t\t\t\t\t<img fetchpriority=\"high\" decoding=\"async\" width=\"347\" height=\"781\" src=\"https:\/\/www.cadexinc.com\/wp-content\/uploads\/2025\/05\/85-2-main.png\" class=\"attachment-large size-large wp-image-18662\" alt=\"\" srcset=\"https:\/\/www.cadexinc.com\/wp-content\/uploads\/2025\/05\/85-2-main.png 347w, https:\/\/www.cadexinc.com\/wp-content\/uploads\/2025\/05\/85-2-main-133x300.png 133w, https:\/\/www.cadexinc.com\/wp-content\/uploads\/2025\/05\/85-2-main-5x12.png 5w\" sizes=\"(max-width: 347px) 100vw, 347px\" \/>\t\t\t\t\t\t\t\t\t\t\t\t\t\t\t<\/div>\n\t\t\t\t<\/div>\n\t\t\t\t<\/div>\n\t\t\t\t\t<\/div>\n\t\t\t\t<\/div>\n\t\t\t\t<\/div>","protected":false},"excerpt":{"rendered":"<p>The mobile workstation offers flexible mobility in the workplace. It moves effortlessly on four 3&#8243; swivel casters, two of which are lockable, and passes easily through standard doors. FEATURES: Material: aluminum The monitor mount can be tilted, rotated and adjusted in height Includes CPU holder and integrated 4-outlet power strip with a 4&#8242; power cord [&hellip;]<\/p>","protected":false},"author":5,"featured_media":0,"parent":3152,"menu_order":0,"comment_status":"closed","ping_status":"closed","template":"","meta":{"footnotes":""},"categories":[39],"class_list":["post-18655","page","type-page","status-publish","hentry","category-electronic-data-equipment"],"_links":{"self":[{"href":"https:\/\/www.cadexinc.com\/fr\/wp-json\/wp\/v2\/pages\/18655","targetHints":{"allow":["GET"]}}],"collection":[{"href":"https:\/\/www.cadexinc.com\/fr\/wp-json\/wp\/v2\/pages"}],"about":[{"href":"https:\/\/www.cadexinc.com\/fr\/wp-json\/wp\/v2\/types\/page"}],"author":[{"embeddable":true,"href":"https:\/\/www.cadexinc.com\/fr\/wp-json\/wp\/v2\/users\/5"}],"replies":[{"embeddable":true,"href":"https:\/\/www.cadexinc.com\/fr\/wp-json\/wp\/v2\/comments?post=18655"}],"version-history":[{"count":134,"href":"https:\/\/www.cadexinc.com\/fr\/wp-json\/wp\/v2\/pages\/18655\/revisions"}],"predecessor-version":[{"id":21307,"href":"https:\/\/www.cadexinc.com\/fr\/wp-json\/wp\/v2\/pages\/18655\/revisions\/21307"}],"up":[{"embeddable":true,"href":"https:\/\/www.cadexinc.com\/fr\/wp-json\/wp\/v2\/pages\/3152"}],"wp:attachment":[{"href":"https:\/\/www.cadexinc.com\/fr\/wp-json\/wp\/v2\/media?parent=18655"}],"wp:term":[{"taxonomy":"category","embeddable":true,"href":"https:\/\/www.cadexinc.com\/fr\/wp-json\/wp\/v2\/categories?post=18655"}],"curies":[{"name":"wp","href":"https:\/\/api.w.org\/{rel}","templated":true}]}}