{"id":18090,"date":"2025-04-11T14:01:58","date_gmt":"2025-04-11T18:01:58","guid":{"rendered":"https:\/\/www.cadexinc.com\/?page_id=18090"},"modified":"2026-04-03T13:25:03","modified_gmt":"2026-04-03T17:25:03","slug":"systeme-de-controle-intelligent-scs","status":"publish","type":"page","link":"https:\/\/www.cadexinc.com\/fr\/equipement\/electronique\/systeme-de-controle-intelligent-scs\/","title":{"rendered":"Syst\u00e8me de contr\u00f4le intelligent (SCS)"},"content":{"rendered":"<div data-elementor-type=\"wp-page\" data-elementor-id=\"18090\" class=\"elementor elementor-18090\">\n\t\t\t\t<div class=\"elementor-element elementor-element-3d399f15 elementor-hidden-desktop elementor-hidden-tablet e-flex e-con-boxed e-con e-parent\" data-id=\"3d399f15\" data-element_type=\"container\">\n\t\t\t\t\t<div class=\"e-con-inner\">\n\t\t\t\t<div class=\"elementor-element elementor-element-054bae5 elementor-widget elementor-widget-image\" data-id=\"054bae5\" data-element_type=\"widget\" data-widget_type=\"image.default\">\n\t\t\t\t<div class=\"elementor-widget-container\">\n\t\t\t\t\t\t\t\t\t\t\t\t\t\t\t<img fetchpriority=\"high\" decoding=\"async\" width=\"1000\" height=\"1075\" src=\"https:\/\/www.cadexinc.com\/wp-content\/uploads\/2025\/04\/SCS-Main-Picture.webp\" class=\"attachment-full size-full wp-image-18126\" alt=\"\" srcset=\"https:\/\/www.cadexinc.com\/wp-content\/uploads\/2025\/04\/SCS-Main-Picture.webp 1000w, https:\/\/www.cadexinc.com\/wp-content\/uploads\/2025\/04\/SCS-Main-Picture-279x300.webp 279w, https:\/\/www.cadexinc.com\/wp-content\/uploads\/2025\/04\/SCS-Main-Picture-953x1024.webp 953w, https:\/\/www.cadexinc.com\/wp-content\/uploads\/2025\/04\/SCS-Main-Picture-768x826.webp 768w, https:\/\/www.cadexinc.com\/wp-content\/uploads\/2025\/04\/SCS-Main-Picture-11x12.webp 11w, https:\/\/www.cadexinc.com\/wp-content\/uploads\/2025\/04\/SCS-Main-Picture-416x447.webp 416w\" sizes=\"(max-width: 1000px) 100vw, 1000px\" \/>\t\t\t\t\t\t\t\t\t\t\t\t\t\t\t<\/div>\n\t\t\t\t<\/div>\n\t\t\t\t\t<\/div>\n\t\t\t\t<\/div>\n\t\t<div class=\"elementor-element elementor-element-86cea5e e-flex e-con-boxed e-con e-parent\" data-id=\"86cea5e\" data-element_type=\"container\">\n\t\t\t\t\t<div class=\"e-con-inner\">\n\t\t<div class=\"elementor-element elementor-element-fa4970f e-con-full e-flex e-con e-child\" data-id=\"fa4970f\" data-element_type=\"container\">\n\t\t<div class=\"elementor-element elementor-element-de25016 e-con-full e-flex e-con e-child\" data-id=\"de25016\" data-element_type=\"container\">\n\t\t<div class=\"elementor-element elementor-element-140f106 e-con-full equipment-main-right-block e-flex e-con e-child\" data-id=\"140f106\" data-element_type=\"container\">\n\t\t<div class=\"elementor-element elementor-element-1fe1fba e-con-full e-flex e-con e-child\" data-id=\"1fe1fba\" data-element_type=\"container\">\n\t\t\t\t<div class=\"elementor-element elementor-element-f545a3f elementor-widget elementor-widget-text-editor\" data-id=\"f545a3f\" data-element_type=\"widget\" data-widget_type=\"text-editor.default\">\n\t\t\t\t<div class=\"elementor-widget-container\">\n\t\t\t\t\t\t\t\t\t<p class=\"cdx-title cdx-text-align-justify\">Le syst\u00e8me de contr\u00f4le intelligent Cadex (SCS) repr\u00e9sente notre derni\u00e8re g\u00e9n\u00e9ration de syst\u00e8mes d\u2019acquisition. Ce d\u00e9veloppement permet \u00e0 chaque utilisateur d\u2019atteindre un nouveau niveau de capacit\u00e9 de test avec son \u00e9quipement Cadex.<\/p>\t\t\t\t\t\t\t\t<\/div>\n\t\t\t\t<\/div>\n\t\t\t\t<div class=\"elementor-element elementor-element-40da155 equipment-sub-titles elementor-widget elementor-widget-heading\" data-id=\"40da155\" data-element_type=\"widget\" data-widget_type=\"heading.default\">\n\t\t\t\t<div class=\"elementor-widget-container\">\n\t\t\t\t\t<h6 class=\"elementor-heading-title elementor-size-default\">DIMENSIONS (APPROX.) :<\/h6>\t\t\t\t<\/div>\n\t\t\t\t<\/div>\n\t\t\t\t<div class=\"elementor-element elementor-element-c35686e elementor-widget elementor-widget-text-editor\" data-id=\"c35686e\" data-element_type=\"widget\" data-widget_type=\"text-editor.default\">\n\t\t\t\t<div class=\"elementor-widget-container\">\n\t\t\t\t\t\t\t\t\t<ul class=\"special-list\">\n<li>Longueur : 36,7 cm \/ 14,45 in<\/li>\n<li>Width:\u00a0 13.34 cm \/ 5.25 in<\/li>\n<li>Hauteur : 33,25 cm \/ 13,09 in<\/li>\n<\/ul>\t\t\t\t\t\t\t\t<\/div>\n\t\t\t\t<\/div>\n\t\t\t\t<div class=\"elementor-element elementor-element-8e6cf22 equipment-sub-titles elementor-widget elementor-widget-heading\" data-id=\"8e6cf22\" data-element_type=\"widget\" data-widget_type=\"heading.default\">\n\t\t\t\t<div class=\"elementor-widget-container\">\n\t\t\t\t\t<h6 class=\"elementor-heading-title elementor-size-default\">DIMENSIONS DE LA MALLETTE OPTIONNELLE (APPROX.) :<\/h6>\t\t\t\t<\/div>\n\t\t\t\t<\/div>\n\t\t\t\t<div class=\"elementor-element elementor-element-8f5ca74 elementor-widget elementor-widget-text-editor\" data-id=\"8f5ca74\" data-element_type=\"widget\" data-widget_type=\"text-editor.default\">\n\t\t\t\t<div class=\"elementor-widget-container\">\n\t\t\t\t\t\t\t\t\t<ul class=\"special-list\">\n \t<li>Longueur : 57,91 cm \/ 22,8 in<\/li>\n \t<li>Width:\u00a0 46.48 cm \/ 18.3 in<\/li>\n \t<li>Height: 29.72 cm \/ 11.7 in&lt;l\/i&gt;<\/li>\n<\/ul>\t\t\t\t\t\t\t\t<\/div>\n\t\t\t\t<\/div>\n\t\t\t\t<div class=\"elementor-element elementor-element-4bb9c39 equipment-sub-titles elementor-widget elementor-widget-heading\" data-id=\"4bb9c39\" data-element_type=\"widget\" data-widget_type=\"heading.default\">\n\t\t\t\t<div class=\"elementor-widget-container\">\n\t\t\t\t\t<h6 class=\"elementor-heading-title elementor-size-default\">EXIGENCES\u202f:<\/h6>\t\t\t\t<\/div>\n\t\t\t\t<\/div>\n\t\t\t\t<div class=\"elementor-element elementor-element-7e39782 elementor-widget elementor-widget-text-editor\" data-id=\"7e39782\" data-element_type=\"widget\" data-widget_type=\"text-editor.default\">\n\t\t\t\t<div class=\"elementor-widget-container\">\n\t\t\t\t\t\t\t\t\t<ul class=\"special-list\">\n<li>Power: 110v\/220v \u2013 50\/60 Hz<\/li>\n<\/ul>\t\t\t\t\t\t\t\t<\/div>\n\t\t\t\t<\/div>\n\t\t\t\t<div class=\"elementor-element elementor-element-89ced31 equipment-sub-titles elementor-widget elementor-widget-heading\" data-id=\"89ced31\" data-element_type=\"widget\" data-widget_type=\"heading.default\">\n\t\t\t\t<div class=\"elementor-widget-container\">\n\t\t\t\t\t<h6 class=\"elementor-heading-title elementor-size-default\">CARACT\u00c9RISTIQUES\u202f:<\/h6>\t\t\t\t<\/div>\n\t\t\t\t<\/div>\n\t\t\t\t<div class=\"elementor-element elementor-element-8d43840 elementor-widget elementor-widget-text-editor\" data-id=\"8d43840\" data-element_type=\"widget\" data-widget_type=\"text-editor.default\">\n\t\t\t\t<div class=\"elementor-widget-container\">\n\t\t\t\t\t\t\t\t\t<ul class=\"special-list\"><li>Integrated acquisition card<\/li><li>Contr\u00f4leur \u00e0 \u00e9cran tactile int\u00e9gr\u00e9<\/li><li>Peut \u00eatre utilis\u00e9 pour les tests suivants :<br \/>Uniaxial \u2013 Triaxial \u2013 Triaxial NOCSAE \u2013 Cellule de charge (ensemble de cellule de charge rouge, cellule de charge triaxiale et cellule de charge australienne) \u2013 Mentonni\u00e8re \u2013 Barre de menton \u2013 Rotation Wi-Fi (avec le c\u00f4ne rotatif Cadex)<\/li><\/ul><p class=\"fs-7 fst-italic text-danger cdx-notation\">*D'autres tests peuvent \u00eatre adapt\u00e9s si cela est sp\u00e9cifi\u00e9.<\/p>\t\t\t\t\t\t\t\t<\/div>\n\t\t\t\t<\/div>\n\t\t\t\t<\/div>\n\t\t\t\t<\/div>\n\t\t\t\t<\/div>\n\t\t<div class=\"elementor-element elementor-element-2cf9b1d e-con-full e-flex e-con e-child\" data-id=\"2cf9b1d\" data-element_type=\"container\">\n\t\t<div class=\"elementor-element elementor-element-1356816 e-con-full e-grid equipment-page-multi-image-box elementor-hidden-mobile e-con e-child\" data-id=\"1356816\" data-element_type=\"container\">\n\t\t\t\t<div class=\"elementor-element elementor-element-75dc569 elementor-widget elementor-widget-image\" data-id=\"75dc569\" data-element_type=\"widget\" data-widget_type=\"image.default\">\n\t\t\t\t<div class=\"elementor-widget-container\">\n\t\t\t\t\t\t\t\t\t\t\t\t\t\t\t<img fetchpriority=\"high\" decoding=\"async\" width=\"1000\" height=\"1075\" src=\"https:\/\/www.cadexinc.com\/wp-content\/uploads\/2025\/04\/SCS-Main-Picture.webp\" class=\"attachment-full size-full wp-image-18126\" alt=\"\" srcset=\"https:\/\/www.cadexinc.com\/wp-content\/uploads\/2025\/04\/SCS-Main-Picture.webp 1000w, https:\/\/www.cadexinc.com\/wp-content\/uploads\/2025\/04\/SCS-Main-Picture-279x300.webp 279w, https:\/\/www.cadexinc.com\/wp-content\/uploads\/2025\/04\/SCS-Main-Picture-953x1024.webp 953w, https:\/\/www.cadexinc.com\/wp-content\/uploads\/2025\/04\/SCS-Main-Picture-768x826.webp 768w, https:\/\/www.cadexinc.com\/wp-content\/uploads\/2025\/04\/SCS-Main-Picture-11x12.webp 11w, https:\/\/www.cadexinc.com\/wp-content\/uploads\/2025\/04\/SCS-Main-Picture-416x447.webp 416w\" sizes=\"(max-width: 1000px) 100vw, 1000px\" \/>\t\t\t\t\t\t\t\t\t\t\t\t\t\t\t<\/div>\n\t\t\t\t<\/div>\n\t\t\t\t<\/div>\n\t\t\t\t<\/div>\n\t\t\t\t<\/div>\n\t\t\t\t\t<\/div>\n\t\t\t\t<\/div>\n\t\t<div class=\"elementor-element elementor-element-4f93f42 e-flex e-con-boxed e-con e-parent\" data-id=\"4f93f42\" data-element_type=\"container\">\n\t\t\t\t\t<div class=\"e-con-inner\">\n\t\t<div class=\"elementor-element elementor-element-5f203ea e-con-full e-grid equipment-page-multi-image-box e-con e-child\" data-id=\"5f203ea\" data-element_type=\"container\">\n\t\t\t\t<div class=\"elementor-element elementor-element-8d8d3c0 elementor-widget elementor-widget-image\" data-id=\"8d8d3c0\" data-element_type=\"widget\" data-widget_type=\"image.default\">\n\t\t\t\t<div class=\"elementor-widget-container\">\n\t\t\t\t\t\t\t\t\t\t\t\t<figure class=\"wp-caption\">\n\t\t\t\t\t\t\t\t\t\t<img decoding=\"async\" width=\"608\" height=\"610\" src=\"https:\/\/www.cadexinc.com\/wp-content\/uploads\/2025\/04\/SCS-TableVersion.webp\" class=\"attachment-large size-large wp-image-18098\" alt=\"\" srcset=\"https:\/\/www.cadexinc.com\/wp-content\/uploads\/2025\/04\/SCS-TableVersion.webp 608w, https:\/\/www.cadexinc.com\/wp-content\/uploads\/2025\/04\/SCS-TableVersion-300x300.webp 300w, https:\/\/www.cadexinc.com\/wp-content\/uploads\/2025\/04\/SCS-TableVersion-150x150.webp 150w, https:\/\/www.cadexinc.com\/wp-content\/uploads\/2025\/04\/SCS-TableVersion-12x12.webp 12w, https:\/\/www.cadexinc.com\/wp-content\/uploads\/2025\/04\/SCS-TableVersion-416x417.webp 416w, https:\/\/www.cadexinc.com\/wp-content\/uploads\/2025\/04\/SCS-TableVersion-100x100.webp 100w, https:\/\/www.cadexinc.com\/wp-content\/uploads\/2025\/04\/SCS-TableVersion-50x50.webp 50w\" sizes=\"(max-width: 608px) 100vw, 608px\" \/>\t\t\t\t\t\t\t\t\t\t\t<figcaption class=\"widget-image-caption wp-caption-text\">Version du tableau<\/figcaption>\n\t\t\t\t\t\t\t\t\t\t<\/figure>\n\t\t\t\t\t\t\t\t\t<\/div>\n\t\t\t\t<\/div>\n\t\t<div class=\"elementor-element elementor-element-b1cbbc1 e-grid e-con-full e-con e-child\" data-id=\"b1cbbc1\" data-element_type=\"container\">\n\t\t\t\t<div class=\"elementor-element elementor-element-7d126c1 elementor-widget elementor-widget-image\" data-id=\"7d126c1\" data-element_type=\"widget\" data-widget_type=\"image.default\">\n\t\t\t\t<div class=\"elementor-widget-container\">\n\t\t\t\t\t\t\t\t\t\t\t\t<figure class=\"wp-caption\">\n\t\t\t\t\t\t\t\t\t\t<img decoding=\"async\" width=\"297\" height=\"610\" src=\"https:\/\/www.cadexinc.com\/wp-content\/uploads\/2025\/04\/SCS-TouchscreenController.webp\" class=\"attachment-large size-large wp-image-18099\" alt=\"\" srcset=\"https:\/\/www.cadexinc.com\/wp-content\/uploads\/2025\/04\/SCS-TouchscreenController.webp 297w, https:\/\/www.cadexinc.com\/wp-content\/uploads\/2025\/04\/SCS-TouchscreenController-146x300.webp 146w, https:\/\/www.cadexinc.com\/wp-content\/uploads\/2025\/04\/SCS-TouchscreenController-6x12.webp 6w\" sizes=\"(max-width: 297px) 100vw, 297px\" \/>\t\t\t\t\t\t\t\t\t\t\t<figcaption class=\"widget-image-caption wp-caption-text\">Contr\u00f4leur \u00e0 \u00e9cran tactile<\/figcaption>\n\t\t\t\t\t\t\t\t\t\t<\/figure>\n\t\t\t\t\t\t\t\t\t<\/div>\n\t\t\t\t<\/div>\n\t\t\t\t<div class=\"elementor-element elementor-element-388cec2 elementor-widget elementor-widget-image\" data-id=\"388cec2\" data-element_type=\"widget\" data-widget_type=\"image.default\">\n\t\t\t\t<div class=\"elementor-widget-container\">\n\t\t\t\t\t\t\t\t\t\t\t\t<figure class=\"wp-caption\">\n\t\t\t\t\t\t\t\t\t\t<img loading=\"lazy\" decoding=\"async\" width=\"294\" height=\"610\" src=\"https:\/\/www.cadexinc.com\/wp-content\/uploads\/2025\/04\/SCS-Connectors.webp\" class=\"attachment-large size-large wp-image-18100\" alt=\"\" srcset=\"https:\/\/www.cadexinc.com\/wp-content\/uploads\/2025\/04\/SCS-Connectors.webp 294w, https:\/\/www.cadexinc.com\/wp-content\/uploads\/2025\/04\/SCS-Connectors-145x300.webp 145w, https:\/\/www.cadexinc.com\/wp-content\/uploads\/2025\/04\/SCS-Connectors-6x12.webp 6w\" sizes=\"(max-width: 294px) 100vw, 294px\" \/>\t\t\t\t\t\t\t\t\t\t\t<figcaption class=\"widget-image-caption wp-caption-text\">Connecteurs<\/figcaption>\n\t\t\t\t\t\t\t\t\t\t<\/figure>\n\t\t\t\t\t\t\t\t\t<\/div>\n\t\t\t\t<\/div>\n\t\t\t\t<\/div>\n\t\t\t\t<div class=\"elementor-element elementor-element-495bc1f elementor-widget elementor-widget-image\" data-id=\"495bc1f\" data-element_type=\"widget\" data-widget_type=\"image.default\">\n\t\t\t\t<div class=\"elementor-widget-container\">\n\t\t\t\t\t\t\t\t\t\t\t\t<figure class=\"wp-caption\">\n\t\t\t\t\t\t\t\t\t\t<img loading=\"lazy\" decoding=\"async\" width=\"608\" height=\"610\" src=\"https:\/\/www.cadexinc.com\/wp-content\/uploads\/2025\/04\/SCS-OptionalHardCase.webp\" class=\"attachment-large size-large wp-image-18101\" alt=\"\" srcset=\"https:\/\/www.cadexinc.com\/wp-content\/uploads\/2025\/04\/SCS-OptionalHardCase.webp 608w, https:\/\/www.cadexinc.com\/wp-content\/uploads\/2025\/04\/SCS-OptionalHardCase-300x300.webp 300w, https:\/\/www.cadexinc.com\/wp-content\/uploads\/2025\/04\/SCS-OptionalHardCase-150x150.webp 150w, https:\/\/www.cadexinc.com\/wp-content\/uploads\/2025\/04\/SCS-OptionalHardCase-12x12.webp 12w, https:\/\/www.cadexinc.com\/wp-content\/uploads\/2025\/04\/SCS-OptionalHardCase-416x417.webp 416w, https:\/\/www.cadexinc.com\/wp-content\/uploads\/2025\/04\/SCS-OptionalHardCase-100x100.webp 100w, https:\/\/www.cadexinc.com\/wp-content\/uploads\/2025\/04\/SCS-OptionalHardCase-50x50.webp 50w\" sizes=\"(max-width: 608px) 100vw, 608px\" \/>\t\t\t\t\t\t\t\t\t\t\t<figcaption class=\"widget-image-caption wp-caption-text\">Valise rigide optionnelle avec mousse d\u00e9coup\u00e9e<\/figcaption>\n\t\t\t\t\t\t\t\t\t\t<\/figure>\n\t\t\t\t\t\t\t\t\t<\/div>\n\t\t\t\t<\/div>\n\t\t\t\t<\/div>\n\t\t\t\t\t<\/div>\n\t\t\t\t<\/div>\n\t\t\t\t<\/div>","protected":false},"excerpt":{"rendered":"<p>The Cadex Smart Control System (SCS) is our latest generation in acquisition system. This development will ensure to bring every customer to a new level of testing capability with their Cadex equipment. DIMENSIONS (APPROX.): Length: 36.7 cm \/ 14.45 in Width:\u00a0 13.34 cm \/ 5.25 in Height: 33.25 cm \/ 13.09 in DIMENSIONS OF THE [&hellip;]<\/p>","protected":false},"author":5,"featured_media":18126,"parent":3152,"menu_order":0,"comment_status":"closed","ping_status":"closed","template":"","meta":{"footnotes":""},"categories":[39],"class_list":["post-18090","page","type-page","status-publish","has-post-thumbnail","hentry","category-electronic-data-equipment"],"_links":{"self":[{"href":"https:\/\/www.cadexinc.com\/fr\/wp-json\/wp\/v2\/pages\/18090","targetHints":{"allow":["GET"]}}],"collection":[{"href":"https:\/\/www.cadexinc.com\/fr\/wp-json\/wp\/v2\/pages"}],"about":[{"href":"https:\/\/www.cadexinc.com\/fr\/wp-json\/wp\/v2\/types\/page"}],"author":[{"embeddable":true,"href":"https:\/\/www.cadexinc.com\/fr\/wp-json\/wp\/v2\/users\/5"}],"replies":[{"embeddable":true,"href":"https:\/\/www.cadexinc.com\/fr\/wp-json\/wp\/v2\/comments?post=18090"}],"version-history":[{"count":48,"href":"https:\/\/www.cadexinc.com\/fr\/wp-json\/wp\/v2\/pages\/18090\/revisions"}],"predecessor-version":[{"id":21364,"href":"https:\/\/www.cadexinc.com\/fr\/wp-json\/wp\/v2\/pages\/18090\/revisions\/21364"}],"up":[{"embeddable":true,"href":"https:\/\/www.cadexinc.com\/fr\/wp-json\/wp\/v2\/pages\/3152"}],"wp:featuredmedia":[{"embeddable":true,"href":"https:\/\/www.cadexinc.com\/fr\/wp-json\/wp\/v2\/media\/18126"}],"wp:attachment":[{"href":"https:\/\/www.cadexinc.com\/fr\/wp-json\/wp\/v2\/media?parent=18090"}],"wp:term":[{"taxonomy":"category","embeddable":true,"href":"https:\/\/www.cadexinc.com\/fr\/wp-json\/wp\/v2\/categories?post=18090"}],"curies":[{"name":"wp","href":"https:\/\/api.w.org\/{rel}","templated":true}]}}