{"id":177,"date":"2022-05-17T13:28:57","date_gmt":"2022-05-17T17:28:57","guid":{"rendered":"http:\/\/www.cadexinc.com\/?page_id=177"},"modified":"2026-03-19T14:21:25","modified_gmt":"2026-03-19T18:21:25","slug":"penetrateur-pour-fil-double","status":"publish","type":"page","link":"https:\/\/www.cadexinc.com\/fr\/equipement\/accessoires\/penetrateur-pour-fil-double\/","title":{"rendered":"Bras volant de p\u00e9n\u00e9trateur Twinwire"},"content":{"rendered":"<div data-elementor-type=\"wp-page\" data-elementor-id=\"177\" class=\"elementor elementor-177\">\n\t\t\t\t<div class=\"elementor-element elementor-element-3fb4c27b elementor-hidden-desktop elementor-hidden-tablet e-flex e-con-boxed e-con e-parent\" data-id=\"3fb4c27b\" data-element_type=\"container\">\n\t\t\t\t\t<div class=\"e-con-inner\">\n\t\t\t\t<div class=\"elementor-element elementor-element-9ee0c8e elementor-widget elementor-widget-image\" data-id=\"9ee0c8e\" data-element_type=\"widget\" data-widget_type=\"image.default\">\n\t\t\t\t<div class=\"elementor-widget-container\">\n\t\t\t\t\t\t\t\t\t\t\t\t\t\t\t<img fetchpriority=\"high\" decoding=\"async\" width=\"980\" height=\"929\" src=\"https:\/\/www.cadexinc.com\/wp-content\/uploads\/2022\/12\/pene-twin-1-1024x971.jpg\" class=\"attachment-large size-large wp-image-8414\" alt=\"\" srcset=\"https:\/\/www.cadexinc.com\/wp-content\/uploads\/2022\/12\/pene-twin-1-1024x971.jpg 1024w, https:\/\/www.cadexinc.com\/wp-content\/uploads\/2022\/12\/pene-twin-1-300x285.jpg 300w, https:\/\/www.cadexinc.com\/wp-content\/uploads\/2022\/12\/pene-twin-1-768x728.jpg 768w, https:\/\/www.cadexinc.com\/wp-content\/uploads\/2022\/12\/pene-twin-1-1536x1457.jpg 1536w, https:\/\/www.cadexinc.com\/wp-content\/uploads\/2022\/12\/pene-twin-1-416x395.jpg 416w, https:\/\/www.cadexinc.com\/wp-content\/uploads\/2022\/12\/pene-twin-1.jpg 2002w\" sizes=\"(max-width: 980px) 100vw, 980px\" \/>\t\t\t\t\t\t\t\t\t\t\t\t\t\t\t<\/div>\n\t\t\t\t<\/div>\n\t\t\t\t\t<\/div>\n\t\t\t\t<\/div>\n\t\t<div class=\"elementor-element elementor-element-2f4f2a0 e-flex e-con-boxed e-con e-parent\" data-id=\"2f4f2a0\" data-element_type=\"container\">\n\t\t\t\t\t<div class=\"e-con-inner\">\n\t\t<div class=\"elementor-element elementor-element-b65b91d e-con-full e-flex e-con e-child\" data-id=\"b65b91d\" data-element_type=\"container\">\n\t\t<div class=\"elementor-element elementor-element-48a0877 e-con-full e-flex e-con e-child\" data-id=\"48a0877\" data-element_type=\"container\">\n\t\t<div class=\"elementor-element elementor-element-b4c9d09 e-con-full equipment-main-right-block e-flex e-con e-child\" data-id=\"b4c9d09\" data-element_type=\"container\">\n\t\t<div class=\"elementor-element elementor-element-10c091d e-con-full e-flex e-con e-child\" data-id=\"10c091d\" data-element_type=\"container\">\n\t\t\t\t<div class=\"elementor-element elementor-element-3d1eba7 elementor-widget elementor-widget-text-editor\" data-id=\"3d1eba7\" data-element_type=\"widget\" data-widget_type=\"text-editor.default\">\n\t\t\t\t<div class=\"elementor-widget-container\">\n\t\t\t\t\t\t\t\t\t<p class=\"cdx-title cdx-text-align-justify\">Le bras volant de p\u00e9n\u00e9trateur Twinwire Cadex est con\u00e7u et fabriqu\u00e9 pour s\u2019adapter \u00e0 l\u2019\u00e9quipement Twinwire Cadex. Le centre de gravit\u00e9 est align\u00e9 avec l\u2019axe de la pointe de p\u00e9n\u00e9tration. La masse requise est atteinte lorsqu\u2019il est utilis\u00e9 en combinaison avec la pointe de p\u00e9n\u00e9tration.<\/p>\t\t\t\t\t\t\t\t<\/div>\n\t\t\t\t<\/div>\n\t\t\t\t<div class=\"elementor-element elementor-element-16bf136 equipment-sub-titles elementor-widget elementor-widget-heading\" data-id=\"16bf136\" data-element_type=\"widget\" data-widget_type=\"heading.default\">\n\t\t\t\t<div class=\"elementor-widget-container\">\n\t\t\t\t\t<h6 class=\"elementor-heading-title elementor-size-default\">DIMENSIONS (APPROX.) :<\/h6>\t\t\t\t<\/div>\n\t\t\t\t<\/div>\n\t\t\t\t<div class=\"elementor-element elementor-element-ec6e985 elementor-widget elementor-widget-text-editor\" data-id=\"ec6e985\" data-element_type=\"widget\" data-widget_type=\"text-editor.default\">\n\t\t\t\t<div class=\"elementor-widget-container\">\n\t\t\t\t\t\t\t\t\t<ul class=\"special-list\">\n<li>Longueur : 49,53 cm \/ 19,5 in<\/li>\n<li>Width:\u00a0 \u00a05.08 cm \/ 2 in<\/li>\n<li>Height:\u00a0 53.34 cm \/ 21 in<\/li>\n<\/ul>\t\t\t\t\t\t\t\t<\/div>\n\t\t\t\t<\/div>\n\t\t\t\t<div class=\"elementor-element elementor-element-8019635 equipment-sub-titles elementor-widget elementor-widget-heading\" data-id=\"8019635\" data-element_type=\"widget\" data-widget_type=\"heading.default\">\n\t\t\t\t<div class=\"elementor-widget-container\">\n\t\t\t\t\t<h6 class=\"elementor-heading-title elementor-size-default\">CARACT\u00c9RISTIQUES\u202f:<\/h6>\t\t\t\t<\/div>\n\t\t\t\t<\/div>\n\t\t\t\t<div class=\"elementor-element elementor-element-326baf1 elementor-widget elementor-widget-text-editor\" data-id=\"326baf1\" data-element_type=\"widget\" data-widget_type=\"text-editor.default\">\n\t\t\t\t<div class=\"elementor-widget-container\">\n\t\t\t\t\t\t\t\t\t<ul class=\"special-list\">\n<li>Livr\u00e9 avec 2 pointes de p\u00e9n\u00e9tration (la norme doit \u00eatre sp\u00e9cifi\u00e9e)<\/li>\n<li>Les pointes de p\u00e9n\u00e9tration sont accompagn\u00e9es d'un certificat de conformit\u00e9.<\/li>\n<li>Installation rapide et facile sur le fil double Cadex<\/li>\n<li>Centre de gravit\u00e9 align\u00e9 sur l'axe de la pointe du p\u00e9n\u00e9trateur<\/li>\n<li>Disponible en 18 ou 21 pouces<\/li>\n<\/ul>\t\t\t\t\t\t\t\t<\/div>\n\t\t\t\t<\/div>\n\t\t\t\t<\/div>\n\t\t\t\t<\/div>\n\t\t<div class=\"elementor-element elementor-element-5ab36d3 e-con-full e-grid equipment-page-multi-image-box e-con e-child\" data-id=\"5ab36d3\" data-element_type=\"container\">\n\t\t\t\t<div class=\"elementor-element elementor-element-a881c4b elementor-widget__width-auto elementor-widget elementor-widget-image\" data-id=\"a881c4b\" data-element_type=\"widget\" data-widget_type=\"image.default\">\n\t\t\t\t<div class=\"elementor-widget-container\">\n\t\t\t\t\t\t\t\t\t\t\t\t<figure class=\"wp-caption\">\n\t\t\t\t\t\t\t\t\t\t<img decoding=\"async\" width=\"425\" height=\"504\" src=\"https:\/\/www.cadexinc.com\/wp-content\/uploads\/2023\/07\/Shown-on-a-Cadex-twinwire.webp\" class=\"attachment-full size-full wp-image-14708\" alt=\"\" srcset=\"https:\/\/www.cadexinc.com\/wp-content\/uploads\/2023\/07\/Shown-on-a-Cadex-twinwire.webp 425w, https:\/\/www.cadexinc.com\/wp-content\/uploads\/2023\/07\/Shown-on-a-Cadex-twinwire-253x300.webp 253w, https:\/\/www.cadexinc.com\/wp-content\/uploads\/2023\/07\/Shown-on-a-Cadex-twinwire-416x493.webp 416w\" sizes=\"(max-width: 425px) 100vw, 425px\" \/>\t\t\t\t\t\t\t\t\t\t\t<figcaption class=\"widget-image-caption wp-caption-text\">Mont\u00e9 sur un Cadex Twinwire<\/figcaption>\n\t\t\t\t\t\t\t\t\t\t<\/figure>\n\t\t\t\t\t\t\t\t\t<\/div>\n\t\t\t\t<\/div>\n\t\t\t\t<div class=\"elementor-element elementor-element-732df69 elementor-widget__width-auto elementor-widget elementor-widget-image\" data-id=\"732df69\" data-element_type=\"widget\" data-widget_type=\"image.default\">\n\t\t\t\t<div class=\"elementor-widget-container\">\n\t\t\t\t\t\t\t\t\t\t\t\t<figure class=\"wp-caption\">\n\t\t\t\t\t\t\t\t\t\t<img decoding=\"async\" width=\"1004\" height=\"1200\" src=\"https:\/\/www.cadexinc.com\/wp-content\/uploads\/2023\/07\/Spare-penetrator.webp\" class=\"attachment-full size-full wp-image-12310\" alt=\"\" srcset=\"https:\/\/www.cadexinc.com\/wp-content\/uploads\/2023\/07\/Spare-penetrator.webp 1004w, https:\/\/www.cadexinc.com\/wp-content\/uploads\/2023\/07\/Spare-penetrator-251x300.webp 251w, https:\/\/www.cadexinc.com\/wp-content\/uploads\/2023\/07\/Spare-penetrator-857x1024.webp 857w, https:\/\/www.cadexinc.com\/wp-content\/uploads\/2023\/07\/Spare-penetrator-768x918.webp 768w, https:\/\/www.cadexinc.com\/wp-content\/uploads\/2023\/07\/Spare-penetrator-416x497.webp 416w\" sizes=\"(max-width: 1004px) 100vw, 1004px\" \/>\t\t\t\t\t\t\t\t\t\t\t<figcaption class=\"widget-image-caption wp-caption-text\">Pointe de p\u00e9n\u00e9tration de rechange incluse<\/figcaption>\n\t\t\t\t\t\t\t\t\t\t<\/figure>\n\t\t\t\t\t\t\t\t\t<\/div>\n\t\t\t\t<\/div>\n\t\t\t\t<\/div>\n\t\t\t\t<\/div>\n\t\t<div class=\"elementor-element elementor-element-b1e4532 e-con-full e-flex e-con e-child\" data-id=\"b1e4532\" data-element_type=\"container\">\n\t\t\t\t<div class=\"elementor-element elementor-element-538f028 elementor-hidden-mobile elementor-widget elementor-widget-image\" data-id=\"538f028\" data-element_type=\"widget\" data-widget_type=\"image.default\">\n\t\t\t\t<div class=\"elementor-widget-container\">\n\t\t\t\t\t\t\t\t\t\t\t\t\t\t\t<img fetchpriority=\"high\" decoding=\"async\" width=\"980\" height=\"929\" src=\"https:\/\/www.cadexinc.com\/wp-content\/uploads\/2022\/12\/pene-twin-1-1024x971.jpg\" class=\"attachment-large size-large wp-image-8414\" alt=\"\" srcset=\"https:\/\/www.cadexinc.com\/wp-content\/uploads\/2022\/12\/pene-twin-1-1024x971.jpg 1024w, https:\/\/www.cadexinc.com\/wp-content\/uploads\/2022\/12\/pene-twin-1-300x285.jpg 300w, https:\/\/www.cadexinc.com\/wp-content\/uploads\/2022\/12\/pene-twin-1-768x728.jpg 768w, https:\/\/www.cadexinc.com\/wp-content\/uploads\/2022\/12\/pene-twin-1-1536x1457.jpg 1536w, https:\/\/www.cadexinc.com\/wp-content\/uploads\/2022\/12\/pene-twin-1-416x395.jpg 416w, https:\/\/www.cadexinc.com\/wp-content\/uploads\/2022\/12\/pene-twin-1.jpg 2002w\" sizes=\"(max-width: 980px) 100vw, 980px\" \/>\t\t\t\t\t\t\t\t\t\t\t\t\t\t\t<\/div>\n\t\t\t\t<\/div>\n\t\t\t\t<\/div>\n\t\t\t\t<\/div>\n\t\t\t\t\t<\/div>\n\t\t\t\t<\/div>\n\t\t<div class=\"elementor-element elementor-element-19c06eb e-flex e-con-boxed e-con e-parent\" data-id=\"19c06eb\" data-element_type=\"container\">\n\t\t\t\t\t<div class=\"e-con-inner\">\n\t\t\t\t\t<\/div>\n\t\t\t\t<\/div>\n\t\t\t\t<\/div>","protected":false},"excerpt":{"rendered":"<p>The Cadex twinwire penetrator flying arm device is designed and manufactured to fit the Cadex twinwire equipment. The center of gravity is aligned with the penetrator tip\u2019s axis. The mass requirement is met when combined with the penetration tip. DIMENSIONS (APPROX.): Length: 49.53 cm \/ 19.5 in Width:\u00a0 \u00a05.08 cm \/ 2 in Height:\u00a0 53.34 [&hellip;]<\/p>","protected":false},"author":5,"featured_media":8414,"parent":3154,"menu_order":0,"comment_status":"closed","ping_status":"closed","template":"","meta":{"footnotes":""},"categories":[40],"class_list":["post-177","page","type-page","status-publish","has-post-thumbnail","hentry","category-accessories"],"_links":{"self":[{"href":"https:\/\/www.cadexinc.com\/fr\/wp-json\/wp\/v2\/pages\/177","targetHints":{"allow":["GET"]}}],"collection":[{"href":"https:\/\/www.cadexinc.com\/fr\/wp-json\/wp\/v2\/pages"}],"about":[{"href":"https:\/\/www.cadexinc.com\/fr\/wp-json\/wp\/v2\/types\/page"}],"author":[{"embeddable":true,"href":"https:\/\/www.cadexinc.com\/fr\/wp-json\/wp\/v2\/users\/5"}],"replies":[{"embeddable":true,"href":"https:\/\/www.cadexinc.com\/fr\/wp-json\/wp\/v2\/comments?post=177"}],"version-history":[{"count":60,"href":"https:\/\/www.cadexinc.com\/fr\/wp-json\/wp\/v2\/pages\/177\/revisions"}],"predecessor-version":[{"id":21166,"href":"https:\/\/www.cadexinc.com\/fr\/wp-json\/wp\/v2\/pages\/177\/revisions\/21166"}],"up":[{"embeddable":true,"href":"https:\/\/www.cadexinc.com\/fr\/wp-json\/wp\/v2\/pages\/3154"}],"wp:featuredmedia":[{"embeddable":true,"href":"https:\/\/www.cadexinc.com\/fr\/wp-json\/wp\/v2\/media\/8414"}],"wp:attachment":[{"href":"https:\/\/www.cadexinc.com\/fr\/wp-json\/wp\/v2\/media?parent=177"}],"wp:term":[{"taxonomy":"category","embeddable":true,"href":"https:\/\/www.cadexinc.com\/fr\/wp-json\/wp\/v2\/categories?post=177"}],"curies":[{"name":"wp","href":"https:\/\/api.w.org\/{rel}","templated":true}]}}