{"id":175,"date":"2022-05-17T13:28:38","date_gmt":"2022-05-17T17:28:38","guid":{"rendered":"http:\/\/www.cadexinc.com\/?page_id=175"},"modified":"2026-03-19T14:52:48","modified_gmt":"2026-03-19T18:52:48","slug":"enclume-plate-csa","status":"publish","type":"page","link":"https:\/\/www.cadexinc.com\/fr\/equipement\/accessoires\/enclume-plate-csa\/","title":{"rendered":"CSA-Flat Anvil (200 X 200 mm)"},"content":{"rendered":"<div data-elementor-type=\"wp-page\" data-elementor-id=\"175\" class=\"elementor elementor-175\">\n\t\t\t\t<div class=\"elementor-element elementor-element-616cf168 elementor-hidden-desktop elementor-hidden-tablet e-flex e-con-boxed e-con e-parent\" data-id=\"616cf168\" data-element_type=\"container\">\n\t\t\t\t\t<div class=\"e-con-inner\">\n\t\t\t\t<div class=\"elementor-element elementor-element-235f663 elementor-widget elementor-widget-image\" data-id=\"235f663\" data-element_type=\"widget\" data-widget_type=\"image.default\">\n\t\t\t\t<div class=\"elementor-widget-container\">\n\t\t\t\t\t\t\t\t\t\t\t\t\t\t\t<img fetchpriority=\"high\" decoding=\"async\" width=\"980\" height=\"997\" src=\"https:\/\/www.cadexinc.com\/wp-content\/uploads\/2025\/03\/CSA-Flat-Anvil_main-1007x1024.webp\" class=\"attachment-large size-large wp-image-16989\" alt=\"\" srcset=\"https:\/\/www.cadexinc.com\/wp-content\/uploads\/2025\/03\/CSA-Flat-Anvil_main-1007x1024.webp 1007w, https:\/\/www.cadexinc.com\/wp-content\/uploads\/2025\/03\/CSA-Flat-Anvil_main-295x300.webp 295w, https:\/\/www.cadexinc.com\/wp-content\/uploads\/2025\/03\/CSA-Flat-Anvil_main-768x781.webp 768w, https:\/\/www.cadexinc.com\/wp-content\/uploads\/2025\/03\/CSA-Flat-Anvil_main-12x12.webp 12w, https:\/\/www.cadexinc.com\/wp-content\/uploads\/2025\/03\/CSA-Flat-Anvil_main-416x423.webp 416w, https:\/\/www.cadexinc.com\/wp-content\/uploads\/2025\/03\/CSA-Flat-Anvil_main-50x50.webp 50w, https:\/\/www.cadexinc.com\/wp-content\/uploads\/2025\/03\/CSA-Flat-Anvil_main.webp 1105w\" sizes=\"(max-width: 980px) 100vw, 980px\" \/>\t\t\t\t\t\t\t\t\t\t\t\t\t\t\t<\/div>\n\t\t\t\t<\/div>\n\t\t\t\t\t<\/div>\n\t\t\t\t<\/div>\n\t\t<div class=\"elementor-element elementor-element-4293252 e-flex e-con-boxed e-con e-parent\" data-id=\"4293252\" data-element_type=\"container\">\n\t\t\t\t\t<div class=\"e-con-inner\">\n\t\t<div class=\"elementor-element elementor-element-c878ca6 e-con-full e-flex e-con e-child\" data-id=\"c878ca6\" data-element_type=\"container\">\n\t\t<div class=\"elementor-element elementor-element-d1937ee e-con-full e-flex e-con e-child\" data-id=\"d1937ee\" data-element_type=\"container\">\n\t\t<div class=\"elementor-element elementor-element-919dbd1 e-con-full equipment-main-right-block e-flex e-con e-child\" data-id=\"919dbd1\" data-element_type=\"container\">\n\t\t<div class=\"elementor-element elementor-element-b82a17f e-con-full e-flex e-con e-child\" data-id=\"b82a17f\" data-element_type=\"container\">\n\t\t\t\t<div class=\"elementor-element elementor-element-4e2688c elementor-widget elementor-widget-text-editor\" data-id=\"4e2688c\" data-element_type=\"widget\" data-widget_type=\"text-editor.default\">\n\t\t\t\t<div class=\"elementor-widget-container\">\n\t\t\t\t\t\t\t\t\t<p class=\"cdx-title cdx-text-align-justify\">L\u2019enclume plate Cadex CSA (200\u00d7200 mm) est con\u00e7ue pour r\u00e9aliser des tests d\u2019att\u00e9nuation des chocs sur casques industriels conform\u00e9ment \u00e0 la norme CSA Z94.1.<\/p>\t\t\t\t\t\t\t\t<\/div>\n\t\t\t\t<\/div>\n\t\t\t\t<div class=\"elementor-element elementor-element-41437d6 equipment-sub-titles elementor-widget elementor-widget-heading\" data-id=\"41437d6\" data-element_type=\"widget\" data-widget_type=\"heading.default\">\n\t\t\t\t<div class=\"elementor-widget-container\">\n\t\t\t\t\t<h6 class=\"elementor-heading-title elementor-size-default\">DIMENSIONS (APPROX.) :<\/h6>\t\t\t\t<\/div>\n\t\t\t\t<\/div>\n\t\t\t\t<div class=\"elementor-element elementor-element-75b8f2f elementor-widget elementor-widget-text-editor\" data-id=\"75b8f2f\" data-element_type=\"widget\" data-widget_type=\"text-editor.default\">\n\t\t\t\t<div class=\"elementor-widget-container\">\n\t\t\t\t\t\t\t\t\t<ul class=\"special-list\">\n<li>Longueur : 21,59 cm \/ 8,5 in<\/li>\n<li>Width:\u00a0 \u00a020.32 cm \/ 8 in<\/li>\n<li>Height:\u00a0 20.65 cm \/ 8.13 in<\/li>\n<\/ul>\t\t\t\t\t\t\t\t<\/div>\n\t\t\t\t<\/div>\n\t\t\t\t<div class=\"elementor-element elementor-element-4f0e6cf equipment-sub-titles elementor-widget elementor-widget-heading\" data-id=\"4f0e6cf\" data-element_type=\"widget\" data-widget_type=\"heading.default\">\n\t\t\t\t<div class=\"elementor-widget-container\">\n\t\t\t\t\t<h6 class=\"elementor-heading-title elementor-size-default\">CARACT\u00c9RISTIQUES\u202f:<\/h6>\t\t\t\t<\/div>\n\t\t\t\t<\/div>\n\t\t\t\t<div class=\"elementor-element elementor-element-f7ba259 elementor-widget elementor-widget-text-editor\" data-id=\"f7ba259\" data-element_type=\"widget\" data-widget_type=\"text-editor.default\">\n\t\t\t\t<div class=\"elementor-widget-container\">\n\t\t\t\t\t\t\t\t\t<ul class=\"special-list\">\n<li>Impacting surface: 200\u00d7200 mm<\/li>\n<li>Livr\u00e9 avec un certificat de conformit\u00e9<\/li>\n<\/ul>\t\t\t\t\t\t\t\t<\/div>\n\t\t\t\t<\/div>\n\t\t\t\t<\/div>\n\t\t\t\t<\/div>\n\t\t\t\t<\/div>\n\t\t<div class=\"elementor-element elementor-element-c898cce e-con-full e-flex e-con e-child\" data-id=\"c898cce\" data-element_type=\"container\">\n\t\t\t\t<div class=\"elementor-element elementor-element-0db6452 elementor-hidden-mobile elementor-widget elementor-widget-image\" data-id=\"0db6452\" data-element_type=\"widget\" data-widget_type=\"image.default\">\n\t\t\t\t<div class=\"elementor-widget-container\">\n\t\t\t\t\t\t\t\t\t\t\t\t\t\t\t<img fetchpriority=\"high\" decoding=\"async\" width=\"980\" height=\"997\" src=\"https:\/\/www.cadexinc.com\/wp-content\/uploads\/2025\/03\/CSA-Flat-Anvil_main-1007x1024.webp\" class=\"attachment-large size-large wp-image-16989\" alt=\"\" srcset=\"https:\/\/www.cadexinc.com\/wp-content\/uploads\/2025\/03\/CSA-Flat-Anvil_main-1007x1024.webp 1007w, https:\/\/www.cadexinc.com\/wp-content\/uploads\/2025\/03\/CSA-Flat-Anvil_main-295x300.webp 295w, https:\/\/www.cadexinc.com\/wp-content\/uploads\/2025\/03\/CSA-Flat-Anvil_main-768x781.webp 768w, https:\/\/www.cadexinc.com\/wp-content\/uploads\/2025\/03\/CSA-Flat-Anvil_main-12x12.webp 12w, https:\/\/www.cadexinc.com\/wp-content\/uploads\/2025\/03\/CSA-Flat-Anvil_main-416x423.webp 416w, https:\/\/www.cadexinc.com\/wp-content\/uploads\/2025\/03\/CSA-Flat-Anvil_main-50x50.webp 50w, https:\/\/www.cadexinc.com\/wp-content\/uploads\/2025\/03\/CSA-Flat-Anvil_main.webp 1105w\" sizes=\"(max-width: 980px) 100vw, 980px\" \/>\t\t\t\t\t\t\t\t\t\t\t\t\t\t\t<\/div>\n\t\t\t\t<\/div>\n\t\t\t\t<\/div>\n\t\t\t\t<\/div>\n\t\t\t\t\t<\/div>\n\t\t\t\t<\/div>\n\t\t\t\t<\/div>","protected":false},"excerpt":{"rendered":"<p>The Cadex CSA-Flat anvil (200&#215;200 mm) is designed to perform impact attenuation test on industrial hat as per CSA Z94.1. DIMENSIONS (APPROX.): Length: 21.59 cm \/ 8.5 in Width:\u00a0 \u00a020.32 cm \/ 8 in Height:\u00a0 20.65 cm \/ 8.13 in FEATURES: Impacting surface: 200\u00d7200 mm Comes with a certificate of conformity<\/p>","protected":false},"author":5,"featured_media":16989,"parent":3154,"menu_order":0,"comment_status":"closed","ping_status":"closed","template":"","meta":{"footnotes":""},"categories":[40],"class_list":["post-175","page","type-page","status-publish","has-post-thumbnail","hentry","category-accessories"],"_links":{"self":[{"href":"https:\/\/www.cadexinc.com\/fr\/wp-json\/wp\/v2\/pages\/175","targetHints":{"allow":["GET"]}}],"collection":[{"href":"https:\/\/www.cadexinc.com\/fr\/wp-json\/wp\/v2\/pages"}],"about":[{"href":"https:\/\/www.cadexinc.com\/fr\/wp-json\/wp\/v2\/types\/page"}],"author":[{"embeddable":true,"href":"https:\/\/www.cadexinc.com\/fr\/wp-json\/wp\/v2\/users\/5"}],"replies":[{"embeddable":true,"href":"https:\/\/www.cadexinc.com\/fr\/wp-json\/wp\/v2\/comments?post=175"}],"version-history":[{"count":79,"href":"https:\/\/www.cadexinc.com\/fr\/wp-json\/wp\/v2\/pages\/175\/revisions"}],"predecessor-version":[{"id":21180,"href":"https:\/\/www.cadexinc.com\/fr\/wp-json\/wp\/v2\/pages\/175\/revisions\/21180"}],"up":[{"embeddable":true,"href":"https:\/\/www.cadexinc.com\/fr\/wp-json\/wp\/v2\/pages\/3154"}],"wp:featuredmedia":[{"embeddable":true,"href":"https:\/\/www.cadexinc.com\/fr\/wp-json\/wp\/v2\/media\/16989"}],"wp:attachment":[{"href":"https:\/\/www.cadexinc.com\/fr\/wp-json\/wp\/v2\/media?parent=175"}],"wp:term":[{"taxonomy":"category","embeddable":true,"href":"https:\/\/www.cadexinc.com\/fr\/wp-json\/wp\/v2\/categories?post=175"}],"curies":[{"name":"wp","href":"https:\/\/api.w.org\/{rel}","templated":true}]}}