{"id":173,"date":"2022-05-17T13:28:14","date_gmt":"2022-05-17T17:28:14","guid":{"rendered":"http:\/\/www.cadexinc.com\/?page_id=173"},"modified":"2026-03-19T14:13:25","modified_gmt":"2026-03-19T18:13:25","slug":"nocsae-impact-flying-arm","status":"publish","type":"page","link":"https:\/\/www.cadexinc.com\/fr\/equipement\/accessoires\/nocsae-impact-flying-arm\/","title":{"rendered":"Bras volant d\u2019impact NOCSAE"},"content":{"rendered":"<div data-elementor-type=\"wp-page\" data-elementor-id=\"173\" class=\"elementor elementor-173\">\n\t\t\t\t<div class=\"elementor-element elementor-element-aca93b7 elementor-hidden-desktop elementor-hidden-tablet e-flex e-con-boxed e-con e-parent\" data-id=\"aca93b7\" data-element_type=\"container\">\n\t\t\t\t\t<div class=\"e-con-inner\">\n\t\t\t\t<div class=\"elementor-element elementor-element-0b12d97 elementor-widget elementor-widget-image\" data-id=\"0b12d97\" data-element_type=\"widget\" data-widget_type=\"image.default\">\n\t\t\t\t<div class=\"elementor-widget-container\">\n\t\t\t\t\t\t\t\t\t\t\t\t\t\t\t<img fetchpriority=\"high\" decoding=\"async\" width=\"2000\" height=\"1491\" src=\"https:\/\/www.cadexinc.com\/wp-content\/uploads\/2025\/05\/50-1-main.png\" class=\"attachment-2048x2048 size-2048x2048 wp-image-18551\" alt=\"\" srcset=\"https:\/\/www.cadexinc.com\/wp-content\/uploads\/2025\/05\/50-1-main.png 2000w, https:\/\/www.cadexinc.com\/wp-content\/uploads\/2025\/05\/50-1-main-300x224.png 300w, https:\/\/www.cadexinc.com\/wp-content\/uploads\/2025\/05\/50-1-main-1024x763.png 1024w, https:\/\/www.cadexinc.com\/wp-content\/uploads\/2025\/05\/50-1-main-768x573.png 768w, https:\/\/www.cadexinc.com\/wp-content\/uploads\/2025\/05\/50-1-main-1536x1145.png 1536w, https:\/\/www.cadexinc.com\/wp-content\/uploads\/2025\/05\/50-1-main-16x12.png 16w, https:\/\/www.cadexinc.com\/wp-content\/uploads\/2025\/05\/50-1-main-324x243.png 324w, https:\/\/www.cadexinc.com\/wp-content\/uploads\/2025\/05\/50-1-main-416x310.png 416w\" sizes=\"(max-width: 2000px) 100vw, 2000px\" \/>\t\t\t\t\t\t\t\t\t\t\t\t\t\t\t<\/div>\n\t\t\t\t<\/div>\n\t\t\t\t\t<\/div>\n\t\t\t\t<\/div>\n\t\t<div class=\"elementor-element elementor-element-dca8058 e-flex e-con-boxed e-con e-parent\" data-id=\"dca8058\" data-element_type=\"container\">\n\t\t\t\t\t<div class=\"e-con-inner\">\n\t\t<div class=\"elementor-element elementor-element-d03229b e-con-full e-flex e-con e-child\" data-id=\"d03229b\" data-element_type=\"container\">\n\t\t<div class=\"elementor-element elementor-element-2639785 e-con-full equipment-main-right-block e-flex e-con e-child\" data-id=\"2639785\" data-element_type=\"container\">\n\t\t<div class=\"elementor-element elementor-element-c63b666 e-con-full e-flex e-con e-child\" data-id=\"c63b666\" data-element_type=\"container\">\n\t\t\t\t<div class=\"elementor-element elementor-element-7dbb9d3 elementor-widget elementor-widget-text-editor\" data-id=\"7dbb9d3\" data-element_type=\"widget\" data-widget_type=\"text-editor.default\">\n\t\t\t\t<div class=\"elementor-widget-container\">\n\t\t\t\t\t\t\t\t\t<p class=\"cdx-title cdx-text-align-justify\">The Cadex NOCSAE impact flying arm is designed and manufactured for impact testing on sporting helmets. This flying arm is to be used in combination with the NOCSAE rotary neck (P\/N: 300_12_NCRNHA).<\/p>\t\t\t\t\t\t\t\t<\/div>\n\t\t\t\t<\/div>\n\t\t\t\t<div class=\"elementor-element elementor-element-717e8b9 equipment-sub-titles elementor-widget elementor-widget-heading\" data-id=\"717e8b9\" data-element_type=\"widget\" data-widget_type=\"heading.default\">\n\t\t\t\t<div class=\"elementor-widget-container\">\n\t\t\t\t\t<h6 class=\"elementor-heading-title elementor-size-default\">DIMENSIONS (APPROX.) :<\/h6>\t\t\t\t<\/div>\n\t\t\t\t<\/div>\n\t\t\t\t<div class=\"elementor-element elementor-element-c1276b9 elementor-widget elementor-widget-text-editor\" data-id=\"c1276b9\" data-element_type=\"widget\" data-widget_type=\"text-editor.default\">\n\t\t\t\t<div class=\"elementor-widget-container\">\n\t\t\t\t\t\t\t\t\t<ul class=\"special-list\">\n<li>Longueur : 58,12 cm \/ 22,88 in<\/li>\n<li>Width:\u00a0 \u00a03.81 cm \/ 1.5 in<\/li>\n<li>Height:\u00a0 41.91 cm \/ 16.5 in<\/li>\n<\/ul>\t\t\t\t\t\t\t\t<\/div>\n\t\t\t\t<\/div>\n\t\t\t\t<div class=\"elementor-element elementor-element-783b879 equipment-sub-titles elementor-widget elementor-widget-heading\" data-id=\"783b879\" data-element_type=\"widget\" data-widget_type=\"heading.default\">\n\t\t\t\t<div class=\"elementor-widget-container\">\n\t\t\t\t\t<h6 class=\"elementor-heading-title elementor-size-default\">CARACT\u00c9RISTIQUES\u202f:<\/h6>\t\t\t\t<\/div>\n\t\t\t\t<\/div>\n\t\t\t\t<div class=\"elementor-element elementor-element-8385a27 elementor-widget elementor-widget-text-editor\" data-id=\"8385a27\" data-element_type=\"widget\" data-widget_type=\"text-editor.default\">\n\t\t\t\t<div class=\"elementor-widget-container\">\n\t\t\t\t\t\t\t\t\t<ul class=\"special-list\">\n<li>Aluminium usin\u00e9 CNC<\/li>\n<li>Construction robuste<\/li>\n<\/ul>\n<p style=\"color: red; font-size: 12px !important; font-style: italic;\">*T\u00eate de test, acc\u00e9l\u00e9rom\u00e8tre et cou rotatif NOCSAE non inclus et vendus s\u00e9par\u00e9ment<\/p>\t\t\t\t\t\t\t\t<\/div>\n\t\t\t\t<\/div>\n\t\t\t\t<\/div>\n\t\t<div class=\"elementor-element elementor-element-209187b e-con-full e-grid equipment-page-multi-image-box e-con e-child\" data-id=\"209187b\" data-element_type=\"container\">\n\t\t<div class=\"elementor-element elementor-element-77b359a e-grid e-con-full equipment-images-left-block e-con e-child\" data-id=\"77b359a\" data-element_type=\"container\">\n\t\t\t\t<div class=\"elementor-element elementor-element-56a6080 elementor-widget elementor-widget-image\" data-id=\"56a6080\" data-element_type=\"widget\" data-widget_type=\"image.default\">\n\t\t\t\t<div class=\"elementor-widget-container\">\n\t\t\t\t\t\t\t\t\t\t\t\t<figure class=\"wp-caption\">\n\t\t\t\t\t\t\t\t\t\t<img decoding=\"async\" width=\"980\" height=\"687\" src=\"https:\/\/www.cadexinc.com\/wp-content\/uploads\/2026\/03\/Impact-Flying-Arm-Twinwire-1024x718.webp\" class=\"attachment-large size-large wp-image-20898\" alt=\"\" srcset=\"https:\/\/www.cadexinc.com\/wp-content\/uploads\/2026\/03\/Impact-Flying-Arm-Twinwire-1024x718.webp 1024w, https:\/\/www.cadexinc.com\/wp-content\/uploads\/2026\/03\/Impact-Flying-Arm-Twinwire-300x210.webp 300w, https:\/\/www.cadexinc.com\/wp-content\/uploads\/2026\/03\/Impact-Flying-Arm-Twinwire-768x538.webp 768w, https:\/\/www.cadexinc.com\/wp-content\/uploads\/2026\/03\/Impact-Flying-Arm-Twinwire-18x12.webp 18w, https:\/\/www.cadexinc.com\/wp-content\/uploads\/2026\/03\/Impact-Flying-Arm-Twinwire-416x292.webp 416w, https:\/\/www.cadexinc.com\/wp-content\/uploads\/2026\/03\/Impact-Flying-Arm-Twinwire.webp 1330w\" sizes=\"(max-width: 980px) 100vw, 980px\" \/>\t\t\t\t\t\t\t\t\t\t\t<figcaption class=\"widget-image-caption wp-caption-text\">Mont\u00e9 sur un Cadex Twinwire<\/figcaption>\n\t\t\t\t\t\t\t\t\t\t<\/figure>\n\t\t\t\t\t\t\t\t\t<\/div>\n\t\t\t\t<\/div>\n\t\t\t\t<\/div>\n\t\t\t\t<\/div>\n\t\t\t\t<\/div>\n\t\t\t\t<\/div>\n\t\t<div class=\"elementor-element elementor-element-87e7ce7 e-con-full e-flex e-con e-child\" data-id=\"87e7ce7\" data-element_type=\"container\">\n\t\t\t\t<div class=\"elementor-element elementor-element-198b402 elementor-hidden-mobile elementor-widget elementor-widget-image\" data-id=\"198b402\" data-element_type=\"widget\" data-widget_type=\"image.default\">\n\t\t\t\t<div class=\"elementor-widget-container\">\n\t\t\t\t\t\t\t\t\t\t\t\t\t\t\t<img decoding=\"async\" width=\"980\" height=\"730\" src=\"https:\/\/www.cadexinc.com\/wp-content\/uploads\/2025\/05\/50-1-main-1024x763.png\" class=\"attachment-large size-large wp-image-18551\" alt=\"\" srcset=\"https:\/\/www.cadexinc.com\/wp-content\/uploads\/2025\/05\/50-1-main-1024x763.png 1024w, https:\/\/www.cadexinc.com\/wp-content\/uploads\/2025\/05\/50-1-main-300x224.png 300w, https:\/\/www.cadexinc.com\/wp-content\/uploads\/2025\/05\/50-1-main-768x573.png 768w, https:\/\/www.cadexinc.com\/wp-content\/uploads\/2025\/05\/50-1-main-1536x1145.png 1536w, https:\/\/www.cadexinc.com\/wp-content\/uploads\/2025\/05\/50-1-main-16x12.png 16w, https:\/\/www.cadexinc.com\/wp-content\/uploads\/2025\/05\/50-1-main-416x310.png 416w, https:\/\/www.cadexinc.com\/wp-content\/uploads\/2025\/05\/50-1-main.png 2000w\" sizes=\"(max-width: 980px) 100vw, 980px\" \/>\t\t\t\t\t\t\t\t\t\t\t\t\t\t\t<\/div>\n\t\t\t\t<\/div>\n\t\t\t\t<\/div>\n\t\t\t\t\t<\/div>\n\t\t\t\t<\/div>\n\t\t\t\t<\/div>","protected":false},"excerpt":{"rendered":"<p>The Cadex NOCSAE impact flying arm is designed and manufactured for impact testing on sporting helmets. This flying arm is to be used in combination with the NOCSAE rotary neck (P\/N: 300_12_NCRNHA). DIMENSIONS (APPROX.): Length: 58.12 cm \/ 22.88 in Width:\u00a0 \u00a03.81 cm \/ 1.5 in Height:\u00a0 41.91 cm \/ 16.5 in FEATURES: CNC machined [&hellip;]<\/p>","protected":false},"author":5,"featured_media":0,"parent":3154,"menu_order":0,"comment_status":"closed","ping_status":"closed","template":"","meta":{"footnotes":""},"categories":[40],"class_list":["post-173","page","type-page","status-publish","hentry","category-accessories"],"_links":{"self":[{"href":"https:\/\/www.cadexinc.com\/fr\/wp-json\/wp\/v2\/pages\/173","targetHints":{"allow":["GET"]}}],"collection":[{"href":"https:\/\/www.cadexinc.com\/fr\/wp-json\/wp\/v2\/pages"}],"about":[{"href":"https:\/\/www.cadexinc.com\/fr\/wp-json\/wp\/v2\/types\/page"}],"author":[{"embeddable":true,"href":"https:\/\/www.cadexinc.com\/fr\/wp-json\/wp\/v2\/users\/5"}],"replies":[{"embeddable":true,"href":"https:\/\/www.cadexinc.com\/fr\/wp-json\/wp\/v2\/comments?post=173"}],"version-history":[{"count":90,"href":"https:\/\/www.cadexinc.com\/fr\/wp-json\/wp\/v2\/pages\/173\/revisions"}],"predecessor-version":[{"id":21160,"href":"https:\/\/www.cadexinc.com\/fr\/wp-json\/wp\/v2\/pages\/173\/revisions\/21160"}],"up":[{"embeddable":true,"href":"https:\/\/www.cadexinc.com\/fr\/wp-json\/wp\/v2\/pages\/3154"}],"wp:attachment":[{"href":"https:\/\/www.cadexinc.com\/fr\/wp-json\/wp\/v2\/media?parent=173"}],"wp:term":[{"taxonomy":"category","embeddable":true,"href":"https:\/\/www.cadexinc.com\/fr\/wp-json\/wp\/v2\/categories?post=173"}],"curies":[{"name":"wp","href":"https:\/\/api.w.org\/{rel}","templated":true}]}}