{"id":17205,"date":"2025-03-11T10:35:51","date_gmt":"2025-03-11T14:35:51","guid":{"rendered":"https:\/\/www.cadexinc.com\/?page_id=17205"},"modified":"2026-03-19T16:22:49","modified_gmt":"2026-03-19T20:22:49","slug":"tete-factice-complete-en-magnesium-gb811-22","status":"publish","type":"page","link":"https:\/\/www.cadexinc.com\/fr\/equipement\/tetes-de-betail\/tete-factice-complete-en-magnesium-gb811-22\/","title":{"rendered":"Forme de t\u00eate compl\u00e8te en magn\u00e9sium GB811-22"},"content":{"rendered":"<div data-elementor-type=\"wp-page\" data-elementor-id=\"17205\" class=\"elementor elementor-17205\">\n\t\t\t\t<div class=\"elementor-element elementor-element-723a19c3 elementor-hidden-desktop elementor-hidden-tablet e-flex e-con-boxed e-con e-parent\" data-id=\"723a19c3\" data-element_type=\"container\">\n\t\t\t\t\t<div class=\"e-con-inner\">\n\t\t\t\t<div class=\"elementor-element elementor-element-16d7c83 elementor-hidden-mobile elementor-widget elementor-widget-image\" data-id=\"16d7c83\" data-element_type=\"widget\" data-widget_type=\"image.default\">\n\t\t\t\t<div class=\"elementor-widget-container\">\n\t\t\t\t\t\t\t\t\t\t\t\t\t\t\t<img fetchpriority=\"high\" decoding=\"async\" width=\"752\" height=\"1000\" src=\"https:\/\/www.cadexinc.com\/wp-content\/uploads\/2025\/03\/Full-Magnesium-Headform-GB811_main.webp\" class=\"attachment-full size-full wp-image-17210\" alt=\"\" srcset=\"https:\/\/www.cadexinc.com\/wp-content\/uploads\/2025\/03\/Full-Magnesium-Headform-GB811_main.webp 752w, https:\/\/www.cadexinc.com\/wp-content\/uploads\/2025\/03\/Full-Magnesium-Headform-GB811_main-226x300.webp 226w, https:\/\/www.cadexinc.com\/wp-content\/uploads\/2025\/03\/Full-Magnesium-Headform-GB811_main-9x12.webp 9w, https:\/\/www.cadexinc.com\/wp-content\/uploads\/2025\/03\/Full-Magnesium-Headform-GB811_main-416x553.webp 416w\" sizes=\"(max-width: 752px) 100vw, 752px\" \/>\t\t\t\t\t\t\t\t\t\t\t\t\t\t\t<\/div>\n\t\t\t\t<\/div>\n\t\t\t\t\t<\/div>\n\t\t\t\t<\/div>\n\t\t<div class=\"elementor-element elementor-element-603beb9 e-flex e-con-boxed e-con e-parent\" data-id=\"603beb9\" data-element_type=\"container\">\n\t\t\t\t\t<div class=\"e-con-inner\">\n\t\t<div class=\"elementor-element elementor-element-f93b617 e-con-full e-flex e-con e-child\" data-id=\"f93b617\" data-element_type=\"container\">\n\t\t<div class=\"elementor-element elementor-element-545ea21 e-con-full e-flex e-con e-child\" data-id=\"545ea21\" data-element_type=\"container\">\n\t\t<div class=\"elementor-element elementor-element-41ded7d e-con-full equipment-main-right-block e-flex e-con e-child\" data-id=\"41ded7d\" data-element_type=\"container\">\n\t\t<div class=\"elementor-element elementor-element-1eb85e1 e-con-full e-flex e-con e-child\" data-id=\"1eb85e1\" data-element_type=\"container\">\n\t\t\t\t<div class=\"elementor-element elementor-element-7051505 elementor-widget elementor-widget-text-editor\" data-id=\"7051505\" data-element_type=\"widget\" data-widget_type=\"text-editor.default\">\n\t\t\t\t<div class=\"elementor-widget-container\">\n\t\t\t\t\t\t\t\t\t<p class=\"cdx-title cdx-text-align-justify\">Les t\u00eates factices K1A en magn\u00e9sium ont \u00e9t\u00e9 con\u00e7ues et fabriqu\u00e9es pour r\u00e9pondre \u00e0 la norme GB811-22.<\/p>\t\t\t\t\t\t\t\t<\/div>\n\t\t\t\t<\/div>\n\t\t\t\t<div class=\"elementor-element elementor-element-7852cc2 equipment-sub-titles elementor-widget elementor-widget-heading\" data-id=\"7852cc2\" data-element_type=\"widget\" data-widget_type=\"heading.default\">\n\t\t\t\t<div class=\"elementor-widget-container\">\n\t\t\t\t\t<h6 class=\"elementor-heading-title elementor-size-default\">CARACT\u00c9RISTIQUES\u202f:<\/h6>\t\t\t\t<\/div>\n\t\t\t\t<\/div>\n\t\t\t\t<div class=\"elementor-element elementor-element-6d2efd3 elementor-widget elementor-widget-text-editor\" data-id=\"6d2efd3\" data-element_type=\"widget\" data-widget_type=\"text-editor.default\">\n\t\t\t\t<div class=\"elementor-widget-container\">\n\t\t\t\t\t\t\t\t\t<ul class=\"special-list\">\n<li>Les t\u00eates de s\u00e9rie sont accompagn\u00e9es de leur fiche technique.<\/li>\n<li>Mat\u00e9riau : magn\u00e9sium K1A<\/li>\n<li>100% CNC usin\u00e9<\/li>\n<li>Les lignes d'essai sont grav\u00e9es par CNC<\/li>\n<li>Letter sizes available: A \u2013 E \u2013 J \u2013 M \u2013 O<\/li>\n<\/ul>\t\t\t\t\t\t\t\t<\/div>\n\t\t\t\t<\/div>\n\t\t\t\t<\/div>\n\t\t\t\t<\/div>\n\t\t\t\t<\/div>\n\t\t<div class=\"elementor-element elementor-element-65502cc e-con-full elementor-hidden-mobile e-flex e-con e-child\" data-id=\"65502cc\" data-element_type=\"container\">\n\t\t\t\t<div class=\"elementor-element elementor-element-75a6d88 elementor-hidden-mobile elementor-widget elementor-widget-image\" data-id=\"75a6d88\" data-element_type=\"widget\" data-widget_type=\"image.default\">\n\t\t\t\t<div class=\"elementor-widget-container\">\n\t\t\t\t\t\t\t\t\t\t\t\t\t\t\t<img fetchpriority=\"high\" decoding=\"async\" width=\"752\" height=\"1000\" src=\"https:\/\/www.cadexinc.com\/wp-content\/uploads\/2025\/03\/Full-Magnesium-Headform-GB811_main.webp\" class=\"attachment-full size-full wp-image-17210\" alt=\"\" srcset=\"https:\/\/www.cadexinc.com\/wp-content\/uploads\/2025\/03\/Full-Magnesium-Headform-GB811_main.webp 752w, https:\/\/www.cadexinc.com\/wp-content\/uploads\/2025\/03\/Full-Magnesium-Headform-GB811_main-226x300.webp 226w, https:\/\/www.cadexinc.com\/wp-content\/uploads\/2025\/03\/Full-Magnesium-Headform-GB811_main-9x12.webp 9w, https:\/\/www.cadexinc.com\/wp-content\/uploads\/2025\/03\/Full-Magnesium-Headform-GB811_main-416x553.webp 416w\" sizes=\"(max-width: 752px) 100vw, 752px\" \/>\t\t\t\t\t\t\t\t\t\t\t\t\t\t\t<\/div>\n\t\t\t\t<\/div>\n\t\t\t\t<\/div>\n\t\t\t\t<\/div>\n\t\t\t\t\t<\/div>\n\t\t\t\t<\/div>\n\t\t\t\t<\/div>","protected":false},"excerpt":{"rendered":"<p>The full magnesium K1A headforms have been designed and manufactured to meet the GB811-22 standard. FEATURES: Headforms comes with their technical datasheet Material: magnesium K1A 100% CNC machined Testing lines are CNC engraved Letter sizes available: A \u2013 E \u2013 J \u2013 M \u2013 O<\/p>","protected":false},"author":5,"featured_media":17210,"parent":3156,"menu_order":0,"comment_status":"closed","ping_status":"closed","template":"","meta":{"footnotes":""},"categories":[41],"class_list":["post-17205","page","type-page","status-publish","has-post-thumbnail","hentry","category-headforms"],"_links":{"self":[{"href":"https:\/\/www.cadexinc.com\/fr\/wp-json\/wp\/v2\/pages\/17205","targetHints":{"allow":["GET"]}}],"collection":[{"href":"https:\/\/www.cadexinc.com\/fr\/wp-json\/wp\/v2\/pages"}],"about":[{"href":"https:\/\/www.cadexinc.com\/fr\/wp-json\/wp\/v2\/types\/page"}],"author":[{"embeddable":true,"href":"https:\/\/www.cadexinc.com\/fr\/wp-json\/wp\/v2\/users\/5"}],"replies":[{"embeddable":true,"href":"https:\/\/www.cadexinc.com\/fr\/wp-json\/wp\/v2\/comments?post=17205"}],"version-history":[{"count":11,"href":"https:\/\/www.cadexinc.com\/fr\/wp-json\/wp\/v2\/pages\/17205\/revisions"}],"predecessor-version":[{"id":21237,"href":"https:\/\/www.cadexinc.com\/fr\/wp-json\/wp\/v2\/pages\/17205\/revisions\/21237"}],"up":[{"embeddable":true,"href":"https:\/\/www.cadexinc.com\/fr\/wp-json\/wp\/v2\/pages\/3156"}],"wp:featuredmedia":[{"embeddable":true,"href":"https:\/\/www.cadexinc.com\/fr\/wp-json\/wp\/v2\/media\/17210"}],"wp:attachment":[{"href":"https:\/\/www.cadexinc.com\/fr\/wp-json\/wp\/v2\/media?parent=17205"}],"wp:term":[{"taxonomy":"category","embeddable":true,"href":"https:\/\/www.cadexinc.com\/fr\/wp-json\/wp\/v2\/categories?post=17205"}],"curies":[{"name":"wp","href":"https:\/\/api.w.org\/{rel}","templated":true}]}}