{"id":17166,"date":"2025-03-11T09:09:38","date_gmt":"2025-03-11T13:09:38","guid":{"rendered":"https:\/\/www.cadexinc.com\/?page_id=17166"},"modified":"2026-03-19T16:09:06","modified_gmt":"2026-03-19T20:09:06","slug":"forme-de-tete-iso-18526-4-1-m","status":"publish","type":"page","link":"https:\/\/www.cadexinc.com\/fr\/equipement\/tetes-de-betail\/forme-de-tete-iso-18526-4-1-m\/","title":{"rendered":"Forme de t\u00eate ISO 18526-4 1-M"},"content":{"rendered":"<div data-elementor-type=\"wp-page\" data-elementor-id=\"17166\" class=\"elementor elementor-17166\">\n\t\t\t\t<div class=\"elementor-element elementor-element-2f40927a elementor-hidden-desktop elementor-hidden-tablet e-flex e-con-boxed e-con e-parent\" data-id=\"2f40927a\" data-element_type=\"container\">\n\t\t\t\t\t<div class=\"e-con-inner\">\n\t\t\t\t<div class=\"elementor-element elementor-element-643b1a8 elementor-widget elementor-widget-image\" data-id=\"643b1a8\" data-element_type=\"widget\" data-widget_type=\"image.default\">\n\t\t\t\t<div class=\"elementor-widget-container\">\n\t\t\t\t\t\t\t\t\t\t\t\t\t\t\t<img fetchpriority=\"high\" decoding=\"async\" width=\"734\" height=\"1000\" src=\"https:\/\/www.cadexinc.com\/wp-content\/uploads\/2025\/03\/Headform-ISO-18526_main.webp\" class=\"attachment-full size-full wp-image-17171\" alt=\"\" srcset=\"https:\/\/www.cadexinc.com\/wp-content\/uploads\/2025\/03\/Headform-ISO-18526_main.webp 734w, https:\/\/www.cadexinc.com\/wp-content\/uploads\/2025\/03\/Headform-ISO-18526_main-220x300.webp 220w, https:\/\/www.cadexinc.com\/wp-content\/uploads\/2025\/03\/Headform-ISO-18526_main-9x12.webp 9w, https:\/\/www.cadexinc.com\/wp-content\/uploads\/2025\/03\/Headform-ISO-18526_main-416x567.webp 416w\" sizes=\"(max-width: 734px) 100vw, 734px\" \/>\t\t\t\t\t\t\t\t\t\t\t\t\t\t\t<\/div>\n\t\t\t\t<\/div>\n\t\t\t\t\t<\/div>\n\t\t\t\t<\/div>\n\t\t<div class=\"elementor-element elementor-element-f27aa65 e-flex e-con-boxed e-con e-parent\" data-id=\"f27aa65\" data-element_type=\"container\">\n\t\t\t\t\t<div class=\"e-con-inner\">\n\t\t<div class=\"elementor-element elementor-element-e62aa18 e-con-full e-flex e-con e-child\" data-id=\"e62aa18\" data-element_type=\"container\">\n\t\t<div class=\"elementor-element elementor-element-22dc000 e-con-full e-flex e-con e-child\" data-id=\"22dc000\" data-element_type=\"container\">\n\t\t<div class=\"elementor-element elementor-element-1ccf77b e-con-full equipment-main-right-block e-flex e-con e-child\" data-id=\"1ccf77b\" data-element_type=\"container\">\n\t\t<div class=\"elementor-element elementor-element-49625ce e-con-full e-flex e-con e-child\" data-id=\"49625ce\" data-element_type=\"container\">\n\t\t\t\t<div class=\"elementor-element elementor-element-15f9ac8 elementor-widget elementor-widget-text-editor\" data-id=\"15f9ac8\" data-element_type=\"widget\" data-widget_type=\"text-editor.default\">\n\t\t\t\t<div class=\"elementor-widget-container\">\n\t\t\t\t\t\t\t\t\t<p class=\"cdx-title cdx-text-align-justify\">La forme de t\u00eate compl\u00e8te en aluminium a \u00e9t\u00e9 con\u00e7ue et fabriqu\u00e9e pour r\u00e9pondre \u00e0 la norme ISO 18526-4 1-M.<\/p>\t\t\t\t\t\t\t\t<\/div>\n\t\t\t\t<\/div>\n\t\t\t\t<div class=\"elementor-element elementor-element-f915fb4 equipment-sub-titles elementor-widget elementor-widget-heading\" data-id=\"f915fb4\" data-element_type=\"widget\" data-widget_type=\"heading.default\">\n\t\t\t\t<div class=\"elementor-widget-container\">\n\t\t\t\t\t<h6 class=\"elementor-heading-title elementor-size-default\">CARACT\u00c9RISTIQUES\u202f:<\/h6>\t\t\t\t<\/div>\n\t\t\t\t<\/div>\n\t\t\t\t<div class=\"elementor-element elementor-element-de2b766 elementor-widget elementor-widget-text-editor\" data-id=\"de2b766\" data-element_type=\"widget\" data-widget_type=\"text-editor.default\">\n\t\t\t\t<div class=\"elementor-widget-container\">\n\t\t\t\t\t\t\t\t\t<ul class=\"special-list\">\n<li>Headform comes with it\u2019s technical datasheet<\/li>\n<li>Mat\u00e9riau : aluminium avec une couche de peinture<\/li>\n<li>100% CNC usin\u00e9<\/li>\n<li>Taille disponible : 1-M<\/li>\n<\/ul>\t\t\t\t\t\t\t\t<\/div>\n\t\t\t\t<\/div>\n\t\t\t\t<\/div>\n\t\t\t\t<\/div>\n\t\t\t\t<\/div>\n\t\t<div class=\"elementor-element elementor-element-dc45026 e-con-full elementor-hidden-mobile e-flex e-con e-child\" data-id=\"dc45026\" data-element_type=\"container\">\n\t\t\t\t<div class=\"elementor-element elementor-element-a9cd206 elementor-hidden-mobile elementor-widget elementor-widget-image\" data-id=\"a9cd206\" data-element_type=\"widget\" data-widget_type=\"image.default\">\n\t\t\t\t<div class=\"elementor-widget-container\">\n\t\t\t\t\t\t\t\t\t\t\t\t\t\t\t<img fetchpriority=\"high\" decoding=\"async\" width=\"734\" height=\"1000\" src=\"https:\/\/www.cadexinc.com\/wp-content\/uploads\/2025\/03\/Headform-ISO-18526_main.webp\" class=\"attachment-full size-full wp-image-17171\" alt=\"\" srcset=\"https:\/\/www.cadexinc.com\/wp-content\/uploads\/2025\/03\/Headform-ISO-18526_main.webp 734w, https:\/\/www.cadexinc.com\/wp-content\/uploads\/2025\/03\/Headform-ISO-18526_main-220x300.webp 220w, https:\/\/www.cadexinc.com\/wp-content\/uploads\/2025\/03\/Headform-ISO-18526_main-9x12.webp 9w, https:\/\/www.cadexinc.com\/wp-content\/uploads\/2025\/03\/Headform-ISO-18526_main-416x567.webp 416w\" sizes=\"(max-width: 734px) 100vw, 734px\" \/>\t\t\t\t\t\t\t\t\t\t\t\t\t\t\t<\/div>\n\t\t\t\t<\/div>\n\t\t\t\t<\/div>\n\t\t\t\t<\/div>\n\t\t\t\t\t<\/div>\n\t\t\t\t<\/div>\n\t\t\t\t<\/div>","protected":false},"excerpt":{"rendered":"<p>The full aluminum headform has been designed and manufactured to meet the ISO 18526-4 1-M standard. FEATURES: Headform comes with it\u2019s technical datasheet Material: aluminum with a coat of paint 100% CNC machined Size available: 1-M<\/p>","protected":false},"author":5,"featured_media":17171,"parent":3156,"menu_order":0,"comment_status":"closed","ping_status":"closed","template":"","meta":{"footnotes":""},"categories":[41],"class_list":["post-17166","page","type-page","status-publish","has-post-thumbnail","hentry","category-headforms"],"_links":{"self":[{"href":"https:\/\/www.cadexinc.com\/fr\/wp-json\/wp\/v2\/pages\/17166","targetHints":{"allow":["GET"]}}],"collection":[{"href":"https:\/\/www.cadexinc.com\/fr\/wp-json\/wp\/v2\/pages"}],"about":[{"href":"https:\/\/www.cadexinc.com\/fr\/wp-json\/wp\/v2\/types\/page"}],"author":[{"embeddable":true,"href":"https:\/\/www.cadexinc.com\/fr\/wp-json\/wp\/v2\/users\/5"}],"replies":[{"embeddable":true,"href":"https:\/\/www.cadexinc.com\/fr\/wp-json\/wp\/v2\/comments?post=17166"}],"version-history":[{"count":14,"href":"https:\/\/www.cadexinc.com\/fr\/wp-json\/wp\/v2\/pages\/17166\/revisions"}],"predecessor-version":[{"id":21228,"href":"https:\/\/www.cadexinc.com\/fr\/wp-json\/wp\/v2\/pages\/17166\/revisions\/21228"}],"up":[{"embeddable":true,"href":"https:\/\/www.cadexinc.com\/fr\/wp-json\/wp\/v2\/pages\/3156"}],"wp:featuredmedia":[{"embeddable":true,"href":"https:\/\/www.cadexinc.com\/fr\/wp-json\/wp\/v2\/media\/17171"}],"wp:attachment":[{"href":"https:\/\/www.cadexinc.com\/fr\/wp-json\/wp\/v2\/media?parent=17166"}],"wp:term":[{"taxonomy":"category","embeddable":true,"href":"https:\/\/www.cadexinc.com\/fr\/wp-json\/wp\/v2\/categories?post=17166"}],"curies":[{"name":"wp","href":"https:\/\/api.w.org\/{rel}","templated":true}]}}