{"id":17155,"date":"2025-03-11T08:44:47","date_gmt":"2025-03-11T12:44:47","guid":{"rendered":"https:\/\/www.cadexinc.com\/?page_id=17155"},"modified":"2026-03-19T16:13:01","modified_gmt":"2026-03-19T20:13:01","slug":"demi-forme-de-tete-en-magnesium-astm-f2220-15","status":"publish","type":"page","link":"https:\/\/www.cadexinc.com\/fr\/equipement\/tetes-de-betail\/demi-forme-de-tete-en-magnesium-astm-f2220-15\/","title":{"rendered":"Forme de t\u00eate semi-magn\u00e9sium <br>ASTM F2220-15"},"content":{"rendered":"<div data-elementor-type=\"wp-page\" data-elementor-id=\"17155\" class=\"elementor elementor-17155\">\n\t\t\t\t<div class=\"elementor-element elementor-element-15931349 elementor-hidden-desktop elementor-hidden-tablet e-flex e-con-boxed e-con e-parent\" data-id=\"15931349\" data-element_type=\"container\">\n\t\t\t\t\t<div class=\"e-con-inner\">\n\t\t\t\t<div class=\"elementor-element elementor-element-5d5c122 elementor-widget elementor-widget-image\" data-id=\"5d5c122\" data-element_type=\"widget\" data-widget_type=\"image.default\">\n\t\t\t\t<div class=\"elementor-widget-container\">\n\t\t\t\t\t\t\t\t\t\t\t\t\t\t\t<img fetchpriority=\"high\" decoding=\"async\" width=\"1099\" height=\"926\" src=\"https:\/\/www.cadexinc.com\/wp-content\/uploads\/2025\/03\/Half-Magnesium-Headform-ASTM_main.webp\" class=\"attachment-full size-full wp-image-17163\" alt=\"\" srcset=\"https:\/\/www.cadexinc.com\/wp-content\/uploads\/2025\/03\/Half-Magnesium-Headform-ASTM_main.webp 1099w, https:\/\/www.cadexinc.com\/wp-content\/uploads\/2025\/03\/Half-Magnesium-Headform-ASTM_main-300x253.webp 300w, https:\/\/www.cadexinc.com\/wp-content\/uploads\/2025\/03\/Half-Magnesium-Headform-ASTM_main-1024x863.webp 1024w, https:\/\/www.cadexinc.com\/wp-content\/uploads\/2025\/03\/Half-Magnesium-Headform-ASTM_main-768x647.webp 768w, https:\/\/www.cadexinc.com\/wp-content\/uploads\/2025\/03\/Half-Magnesium-Headform-ASTM_main-14x12.webp 14w, https:\/\/www.cadexinc.com\/wp-content\/uploads\/2025\/03\/Half-Magnesium-Headform-ASTM_main-416x351.webp 416w\" sizes=\"(max-width: 1099px) 100vw, 1099px\" \/>\t\t\t\t\t\t\t\t\t\t\t\t\t\t\t<\/div>\n\t\t\t\t<\/div>\n\t\t\t\t\t<\/div>\n\t\t\t\t<\/div>\n\t\t<div class=\"elementor-element elementor-element-62e7983 e-flex e-con-boxed e-con e-parent\" data-id=\"62e7983\" data-element_type=\"container\">\n\t\t\t\t\t<div class=\"e-con-inner\">\n\t\t<div class=\"elementor-element elementor-element-77291bb e-con-full e-flex e-con e-child\" data-id=\"77291bb\" data-element_type=\"container\">\n\t\t<div class=\"elementor-element elementor-element-be51a98 e-con-full e-flex e-con e-child\" data-id=\"be51a98\" data-element_type=\"container\">\n\t\t<div class=\"elementor-element elementor-element-86de615 e-con-full equipment-main-right-block e-flex e-con e-child\" data-id=\"86de615\" data-element_type=\"container\">\n\t\t<div class=\"elementor-element elementor-element-c5d2506 e-con-full e-flex e-con e-child\" data-id=\"c5d2506\" data-element_type=\"container\">\n\t\t\t\t<div class=\"elementor-element elementor-element-75d33c6 elementor-widget elementor-widget-text-editor\" data-id=\"75d33c6\" data-element_type=\"widget\" data-widget_type=\"text-editor.default\">\n\t\t\t\t<div class=\"elementor-widget-container\">\n\t\t\t\t\t\t\t\t\t<p class=\"cdx-title cdx-text-align-justify\">Les formes de t\u00eate semi-compl\u00e8tes en magn\u00e9sium K1A ont \u00e9t\u00e9 con\u00e7ues et fabriqu\u00e9es pour r\u00e9pondre \u00e0 la norme ASTM F2220-15.<\/p>\t\t\t\t\t\t\t\t<\/div>\n\t\t\t\t<\/div>\n\t\t\t\t<div class=\"elementor-element elementor-element-59797dd equipment-sub-titles elementor-widget elementor-widget-heading\" data-id=\"59797dd\" data-element_type=\"widget\" data-widget_type=\"heading.default\">\n\t\t\t\t<div class=\"elementor-widget-container\">\n\t\t\t\t\t<h6 class=\"elementor-heading-title elementor-size-default\">CARACT\u00c9RISTIQUES\u202f:<\/h6>\t\t\t\t<\/div>\n\t\t\t\t<\/div>\n\t\t\t\t<div class=\"elementor-element elementor-element-1f48626 elementor-widget elementor-widget-text-editor\" data-id=\"1f48626\" data-element_type=\"widget\" data-widget_type=\"text-editor.default\">\n\t\t\t\t<div class=\"elementor-widget-container\">\n\t\t\t\t\t\t\t\t\t<ul class=\"special-list\">\n<li>Mat\u00e9riau : magn\u00e9sium K1A<\/li>\n<li>100% CNC usin\u00e9<\/li>\n<li>Les lignes d'essai sont grav\u00e9es par CNC<\/li>\n<li>Letter sizes available: A \u2013 C \u2013 D \u2013 E \u2013 G \u2013 J \u2013 M \u2013 O<\/li>\n<\/ul>\t\t\t\t\t\t\t\t<\/div>\n\t\t\t\t<\/div>\n\t\t\t\t<\/div>\n\t\t\t\t<\/div>\n\t\t\t\t<\/div>\n\t\t<div class=\"elementor-element elementor-element-5027262 e-con-full elementor-hidden-mobile e-flex e-con e-child\" data-id=\"5027262\" data-element_type=\"container\">\n\t\t\t\t<div class=\"elementor-element elementor-element-48d27af elementor-hidden-mobile elementor-widget elementor-widget-image\" data-id=\"48d27af\" data-element_type=\"widget\" data-widget_type=\"image.default\">\n\t\t\t\t<div class=\"elementor-widget-container\">\n\t\t\t\t\t\t\t\t\t\t\t\t\t\t\t<img fetchpriority=\"high\" decoding=\"async\" width=\"1099\" height=\"926\" src=\"https:\/\/www.cadexinc.com\/wp-content\/uploads\/2025\/03\/Half-Magnesium-Headform-ASTM_main.webp\" class=\"attachment-full size-full wp-image-17163\" alt=\"\" srcset=\"https:\/\/www.cadexinc.com\/wp-content\/uploads\/2025\/03\/Half-Magnesium-Headform-ASTM_main.webp 1099w, https:\/\/www.cadexinc.com\/wp-content\/uploads\/2025\/03\/Half-Magnesium-Headform-ASTM_main-300x253.webp 300w, https:\/\/www.cadexinc.com\/wp-content\/uploads\/2025\/03\/Half-Magnesium-Headform-ASTM_main-1024x863.webp 1024w, https:\/\/www.cadexinc.com\/wp-content\/uploads\/2025\/03\/Half-Magnesium-Headform-ASTM_main-768x647.webp 768w, https:\/\/www.cadexinc.com\/wp-content\/uploads\/2025\/03\/Half-Magnesium-Headform-ASTM_main-14x12.webp 14w, https:\/\/www.cadexinc.com\/wp-content\/uploads\/2025\/03\/Half-Magnesium-Headform-ASTM_main-416x351.webp 416w\" sizes=\"(max-width: 1099px) 100vw, 1099px\" \/>\t\t\t\t\t\t\t\t\t\t\t\t\t\t\t<\/div>\n\t\t\t\t<\/div>\n\t\t\t\t<\/div>\n\t\t\t\t<\/div>\n\t\t\t\t\t<\/div>\n\t\t\t\t<\/div>\n\t\t\t\t<\/div>","protected":false},"excerpt":{"rendered":"<p>The half magnesium K1A headforms have been designed and manufactured to meet the ASTM F2220-15 standard. FEATURES: Material: magnesium K1A 100% CNC machined Testing lines are CNC engraved Letter sizes available: A \u2013 C \u2013 D \u2013 E \u2013 G \u2013 J \u2013 M \u2013 O<\/p>","protected":false},"author":5,"featured_media":17163,"parent":3156,"menu_order":0,"comment_status":"closed","ping_status":"closed","template":"","meta":{"footnotes":""},"categories":[41],"class_list":["post-17155","page","type-page","status-publish","has-post-thumbnail","hentry","category-headforms"],"_links":{"self":[{"href":"https:\/\/www.cadexinc.com\/fr\/wp-json\/wp\/v2\/pages\/17155","targetHints":{"allow":["GET"]}}],"collection":[{"href":"https:\/\/www.cadexinc.com\/fr\/wp-json\/wp\/v2\/pages"}],"about":[{"href":"https:\/\/www.cadexinc.com\/fr\/wp-json\/wp\/v2\/types\/page"}],"author":[{"embeddable":true,"href":"https:\/\/www.cadexinc.com\/fr\/wp-json\/wp\/v2\/users\/5"}],"replies":[{"embeddable":true,"href":"https:\/\/www.cadexinc.com\/fr\/wp-json\/wp\/v2\/comments?post=17155"}],"version-history":[{"count":14,"href":"https:\/\/www.cadexinc.com\/fr\/wp-json\/wp\/v2\/pages\/17155\/revisions"}],"predecessor-version":[{"id":21231,"href":"https:\/\/www.cadexinc.com\/fr\/wp-json\/wp\/v2\/pages\/17155\/revisions\/21231"}],"up":[{"embeddable":true,"href":"https:\/\/www.cadexinc.com\/fr\/wp-json\/wp\/v2\/pages\/3156"}],"wp:featuredmedia":[{"embeddable":true,"href":"https:\/\/www.cadexinc.com\/fr\/wp-json\/wp\/v2\/media\/17163"}],"wp:attachment":[{"href":"https:\/\/www.cadexinc.com\/fr\/wp-json\/wp\/v2\/media?parent=17155"}],"wp:term":[{"taxonomy":"category","embeddable":true,"href":"https:\/\/www.cadexinc.com\/fr\/wp-json\/wp\/v2\/categories?post=17155"}],"curies":[{"name":"wp","href":"https:\/\/api.w.org\/{rel}","templated":true}]}}