{"id":171,"date":"2022-05-17T13:27:50","date_gmt":"2022-05-17T17:27:50","guid":{"rendered":"http:\/\/www.cadexinc.com\/?page_id=171"},"modified":"2026-03-19T15:24:09","modified_gmt":"2026-03-19T19:24:09","slug":"dispositif-de-penetration-pour-monorail","status":"publish","type":"page","link":"https:\/\/www.cadexinc.com\/fr\/equipement\/accessoires\/dispositif-de-penetration-pour-monorail\/","title":{"rendered":"P\u00e9n\u00e9trateur \u00e9quilibr\u00e9 pour monorail"},"content":{"rendered":"<div data-elementor-type=\"wp-page\" data-elementor-id=\"171\" class=\"elementor elementor-171\">\n\t\t\t\t<div class=\"elementor-element elementor-element-3f47b6a4 elementor-hidden-desktop elementor-hidden-tablet e-flex e-con-boxed e-con e-parent\" data-id=\"3f47b6a4\" data-element_type=\"container\">\n\t\t\t\t\t<div class=\"e-con-inner\">\n\t\t\t\t<div class=\"elementor-element elementor-element-15e708a elementor-widget elementor-widget-image\" data-id=\"15e708a\" data-element_type=\"widget\" data-widget_type=\"image.default\">\n\t\t\t\t<div class=\"elementor-widget-container\">\n\t\t\t\t\t\t\t\t\t\t\t\t\t\t\t<img fetchpriority=\"high\" decoding=\"async\" width=\"980\" height=\"459\" src=\"https:\/\/www.cadexinc.com\/wp-content\/uploads\/2022\/12\/SB093-1-1024x480.jpg\" class=\"attachment-large size-large wp-image-8325\" alt=\"\" srcset=\"https:\/\/www.cadexinc.com\/wp-content\/uploads\/2022\/12\/SB093-1-1024x480.jpg 1024w, https:\/\/www.cadexinc.com\/wp-content\/uploads\/2022\/12\/SB093-1-300x141.jpg 300w, https:\/\/www.cadexinc.com\/wp-content\/uploads\/2022\/12\/SB093-1-768x360.jpg 768w, https:\/\/www.cadexinc.com\/wp-content\/uploads\/2022\/12\/SB093-1-416x195.jpg 416w, https:\/\/www.cadexinc.com\/wp-content\/uploads\/2022\/12\/SB093-1.jpg 1095w\" sizes=\"(max-width: 980px) 100vw, 980px\" \/>\t\t\t\t\t\t\t\t\t\t\t\t\t\t\t<\/div>\n\t\t\t\t<\/div>\n\t\t\t\t\t<\/div>\n\t\t\t\t<\/div>\n\t\t<div class=\"elementor-element elementor-element-827b97f e-flex e-con-boxed e-con e-parent\" data-id=\"827b97f\" data-element_type=\"container\">\n\t\t\t\t\t<div class=\"e-con-inner\">\n\t\t<div class=\"elementor-element elementor-element-0b37542 e-con-full e-flex e-con e-child\" data-id=\"0b37542\" data-element_type=\"container\">\n\t\t<div class=\"elementor-element elementor-element-c4e50d4 e-con-full e-flex e-con e-child\" data-id=\"c4e50d4\" data-element_type=\"container\">\n\t\t<div class=\"elementor-element elementor-element-59fb532 e-con-full equipment-main-right-block e-flex e-con e-child\" data-id=\"59fb532\" data-element_type=\"container\">\n\t\t<div class=\"elementor-element elementor-element-bb2d8c4 e-con-full e-flex e-con e-child\" data-id=\"bb2d8c4\" data-element_type=\"container\">\n\t\t\t\t<div class=\"elementor-element elementor-element-14f8e7e elementor-widget elementor-widget-text-editor\" data-id=\"14f8e7e\" data-element_type=\"widget\" data-widget_type=\"text-editor.default\">\n\t\t\t\t<div class=\"elementor-widget-container\">\n\t\t\t\t\t\t\t\t\t<p class=\"cdx-title cdx-text-align-justify\">Le centre de gravit\u00e9 du p\u00e9n\u00e9trateur \u00e9quilibr\u00e9 Cadex pour monorail est align\u00e9 avec l\u2019axe de la pointe de p\u00e9n\u00e9tration. La masse requise est atteinte lorsqu\u2019il est utilis\u00e9 en combinaison avec la pointe de p\u00e9n\u00e9tration.<\/p>\t\t\t\t\t\t\t\t<\/div>\n\t\t\t\t<\/div>\n\t\t\t\t<div class=\"elementor-element elementor-element-bab3a62 equipment-sub-titles elementor-widget elementor-widget-heading\" data-id=\"bab3a62\" data-element_type=\"widget\" data-widget_type=\"heading.default\">\n\t\t\t\t<div class=\"elementor-widget-container\">\n\t\t\t\t\t<h6 class=\"elementor-heading-title elementor-size-default\">DIMENSIONS (APPROX.) :<\/h6>\t\t\t\t<\/div>\n\t\t\t\t<\/div>\n\t\t\t\t<div class=\"elementor-element elementor-element-caa802c elementor-widget elementor-widget-text-editor\" data-id=\"caa802c\" data-element_type=\"widget\" data-widget_type=\"text-editor.default\">\n\t\t\t\t<div class=\"elementor-widget-container\">\n\t\t\t\t\t\t\t\t\t<ul class=\"special-list\"><li>Longueur : 33,99 cm \/ 13,38 in<\/li>\n<li>Width:\u00a0 \u00a06.05 cm \/ 2.38 in<\/li>\n<li>Hauteur : 12,4 cm (sans pointe de p\u00e9n\u00e9tration)<\/li>\n<\/ul>\t\t\t\t\t\t\t\t<\/div>\n\t\t\t\t<\/div>\n\t\t\t\t<div class=\"elementor-element elementor-element-8fcd65f equipment-sub-titles elementor-widget elementor-widget-heading\" data-id=\"8fcd65f\" data-element_type=\"widget\" data-widget_type=\"heading.default\">\n\t\t\t\t<div class=\"elementor-widget-container\">\n\t\t\t\t\t<h6 class=\"elementor-heading-title elementor-size-default\">CARACT\u00c9RISTIQUES\u202f:<\/h6>\t\t\t\t<\/div>\n\t\t\t\t<\/div>\n\t\t\t\t<div class=\"elementor-element elementor-element-3ccdf28 elementor-widget elementor-widget-text-editor\" data-id=\"3ccdf28\" data-element_type=\"widget\" data-widget_type=\"text-editor.default\">\n\t\t\t\t<div class=\"elementor-widget-container\">\n\t\t\t\t\t\t\t\t\t<ul class=\"special-list\"><li>Livr\u00e9 avec 2 pointes de p\u00e9n\u00e9tration<\/li>\n<li>Livr\u00e9 avec un certificat de conformit\u00e9<\/li>\n<li>Montage rapide et facile sur le pistolet de chute monorail<\/li>\n<li>Centre de gravit\u00e9 align\u00e9 sur l'axe de la pointe du p\u00e9n\u00e9trateur<\/li>\n<\/ul>\n<p class=\"fst-italic mt-4 fs-7 cdx-notation\" style=\"color: red;\">*Les techniciens d\u2019essai n\u2019ont qu\u2019\u00e0 interchanger les t\u00eates anthropomorphiques avec le dispositif de p\u00e9n\u00e9tration afin de pr\u00e9parer l\u2019essai de p\u00e9n\u00e9tration.<\/p>\t\t\t\t\t\t\t\t<\/div>\n\t\t\t\t<\/div>\n\t\t\t\t<\/div>\n\t\t\t\t<\/div>\n\t\t\t\t<\/div>\n\t\t<div class=\"elementor-element elementor-element-6b998b0 e-con-full e-flex e-con e-child\" data-id=\"6b998b0\" data-element_type=\"container\">\n\t\t\t\t<div class=\"elementor-element elementor-element-a3d8fab elementor-hidden-mobile elementor-widget elementor-widget-image\" data-id=\"a3d8fab\" data-element_type=\"widget\" data-widget_type=\"image.default\">\n\t\t\t\t<div class=\"elementor-widget-container\">\n\t\t\t\t\t\t\t\t\t\t\t\t\t\t\t<img fetchpriority=\"high\" decoding=\"async\" width=\"980\" height=\"459\" src=\"https:\/\/www.cadexinc.com\/wp-content\/uploads\/2022\/12\/SB093-1-1024x480.jpg\" class=\"attachment-large size-large wp-image-8325\" alt=\"\" srcset=\"https:\/\/www.cadexinc.com\/wp-content\/uploads\/2022\/12\/SB093-1-1024x480.jpg 1024w, https:\/\/www.cadexinc.com\/wp-content\/uploads\/2022\/12\/SB093-1-300x141.jpg 300w, https:\/\/www.cadexinc.com\/wp-content\/uploads\/2022\/12\/SB093-1-768x360.jpg 768w, https:\/\/www.cadexinc.com\/wp-content\/uploads\/2022\/12\/SB093-1-416x195.jpg 416w, https:\/\/www.cadexinc.com\/wp-content\/uploads\/2022\/12\/SB093-1.jpg 1095w\" sizes=\"(max-width: 980px) 100vw, 980px\" \/>\t\t\t\t\t\t\t\t\t\t\t\t\t\t\t<\/div>\n\t\t\t\t<\/div>\n\t\t\t\t<\/div>\n\t\t\t\t<\/div>\n\t\t\t\t\t<\/div>\n\t\t\t\t<\/div>\n\t\t<div class=\"elementor-element elementor-element-7014e3a e-flex e-con-boxed e-con e-parent\" data-id=\"7014e3a\" data-element_type=\"container\">\n\t\t\t\t\t<div class=\"e-con-inner\">\n\t\t<div class=\"elementor-element elementor-element-6c94471 e-con-full e-grid equipment-page-multi-image-box e-con e-child\" data-id=\"6c94471\" data-element_type=\"container\">\n\t\t\t\t<div class=\"elementor-element elementor-element-21e42d1 elementor-widget elementor-widget-image\" data-id=\"21e42d1\" data-element_type=\"widget\" data-widget_type=\"image.default\">\n\t\t\t\t<div class=\"elementor-widget-container\">\n\t\t\t\t\t\t\t\t\t\t\t\t<figure class=\"wp-caption\">\n\t\t\t\t\t\t\t\t\t\t<img decoding=\"async\" width=\"905\" height=\"523\" src=\"https:\/\/www.cadexinc.com\/wp-content\/uploads\/2022\/12\/SB093-3.jpg\" class=\"attachment-large size-large wp-image-8330\" alt=\"\" srcset=\"https:\/\/www.cadexinc.com\/wp-content\/uploads\/2022\/12\/SB093-3.jpg 905w, https:\/\/www.cadexinc.com\/wp-content\/uploads\/2022\/12\/SB093-3-300x173.jpg 300w, https:\/\/www.cadexinc.com\/wp-content\/uploads\/2022\/12\/SB093-3-768x444.jpg 768w, https:\/\/www.cadexinc.com\/wp-content\/uploads\/2022\/12\/SB093-3-416x240.jpg 416w\" sizes=\"(max-width: 905px) 100vw, 905px\" \/>\t\t\t\t\t\t\t\t\t\t\t<figcaption class=\"widget-image-caption wp-caption-text\"><span style=\"font-size:12px !important\">Centre de gravit\u00e9 align\u00e9 avec la pointe de p\u00e9n\u00e9tration lorsqu\u2019il est install\u00e9 sur le chariot Cadex<\/span><\/figcaption>\n\t\t\t\t\t\t\t\t\t\t<\/figure>\n\t\t\t\t\t\t\t\t\t<\/div>\n\t\t\t\t<\/div>\n\t\t\t\t<div class=\"elementor-element elementor-element-23e6ec7 elementor-widget elementor-widget-image\" data-id=\"23e6ec7\" data-element_type=\"widget\" data-widget_type=\"image.default\">\n\t\t\t\t<div class=\"elementor-widget-container\">\n\t\t\t\t\t\t\t\t\t\t\t\t<figure class=\"wp-caption\">\n\t\t\t\t\t\t\t\t\t\t<img decoding=\"async\" width=\"347\" height=\"685\" src=\"https:\/\/www.cadexinc.com\/wp-content\/uploads\/2022\/12\/SB093-2.jpg\" class=\"attachment-large size-large wp-image-8329\" alt=\"\" srcset=\"https:\/\/www.cadexinc.com\/wp-content\/uploads\/2022\/12\/SB093-2.jpg 347w, https:\/\/www.cadexinc.com\/wp-content\/uploads\/2022\/12\/SB093-2-152x300.jpg 152w\" sizes=\"(max-width: 347px) 100vw, 347px\" \/>\t\t\t\t\t\t\t\t\t\t\t<figcaption class=\"widget-image-caption wp-caption-text\">Pr\u00e9sent\u00e9 sur un monorail Cadex<\/figcaption>\n\t\t\t\t\t\t\t\t\t\t<\/figure>\n\t\t\t\t\t\t\t\t\t<\/div>\n\t\t\t\t<\/div>\n\t\t\t\t<div class=\"elementor-element elementor-element-a531e83 elementor-widget elementor-widget-image\" data-id=\"a531e83\" data-element_type=\"widget\" data-widget_type=\"image.default\">\n\t\t\t\t<div class=\"elementor-widget-container\">\n\t\t\t\t\t\t\t\t\t\t\t\t<figure class=\"wp-caption\">\n\t\t\t\t\t\t\t\t\t\t<img loading=\"lazy\" decoding=\"async\" width=\"673\" height=\"1024\" src=\"https:\/\/www.cadexinc.com\/wp-content\/uploads\/2023\/07\/Balanced-Monorail-Penetrator_Quickly-interchangeable-673x1024.webp\" class=\"attachment-large size-large wp-image-12271\" alt=\"\" srcset=\"https:\/\/www.cadexinc.com\/wp-content\/uploads\/2023\/07\/Balanced-Monorail-Penetrator_Quickly-interchangeable-673x1024.webp 673w, https:\/\/www.cadexinc.com\/wp-content\/uploads\/2023\/07\/Balanced-Monorail-Penetrator_Quickly-interchangeable-197x300.webp 197w, https:\/\/www.cadexinc.com\/wp-content\/uploads\/2023\/07\/Balanced-Monorail-Penetrator_Quickly-interchangeable-768x1169.webp 768w, https:\/\/www.cadexinc.com\/wp-content\/uploads\/2023\/07\/Balanced-Monorail-Penetrator_Quickly-interchangeable-1009x1536.webp 1009w, https:\/\/www.cadexinc.com\/wp-content\/uploads\/2023\/07\/Balanced-Monorail-Penetrator_Quickly-interchangeable-416x633.webp 416w, https:\/\/www.cadexinc.com\/wp-content\/uploads\/2023\/07\/Balanced-Monorail-Penetrator_Quickly-interchangeable.webp 1080w\" sizes=\"(max-width: 673px) 100vw, 673px\" \/>\t\t\t\t\t\t\t\t\t\t\t<figcaption class=\"widget-image-caption wp-caption-text\">Rapidement interchangeable<\/figcaption>\n\t\t\t\t\t\t\t\t\t\t<\/figure>\n\t\t\t\t\t\t\t\t\t<\/div>\n\t\t\t\t<\/div>\n\t\t\t\t<\/div>\n\t\t\t\t\t<\/div>\n\t\t\t\t<\/div>\n\t\t\t\t<\/div>","protected":false},"excerpt":{"rendered":"<p>The Cadex monorail balanced penetrator\u2019s center of gravity is aligned with the penetrator tip\u2019s axis. The mass requirement is met when combined with the penetration tip. DIMENSIONS (APPROX.): Length: 33.99 cm \/ 13.38 in Width:\u00a0 \u00a06.05 cm \/ 2.38 in Height: 12.4 cm \/ 4.88 in (without penetration tip) FEATURES: Comes with 2 penetration tips [&hellip;]<\/p>","protected":false},"author":5,"featured_media":8325,"parent":3154,"menu_order":0,"comment_status":"closed","ping_status":"closed","template":"","meta":{"footnotes":""},"categories":[40],"class_list":["post-171","page","type-page","status-publish","has-post-thumbnail","hentry","category-accessories"],"_links":{"self":[{"href":"https:\/\/www.cadexinc.com\/fr\/wp-json\/wp\/v2\/pages\/171","targetHints":{"allow":["GET"]}}],"collection":[{"href":"https:\/\/www.cadexinc.com\/fr\/wp-json\/wp\/v2\/pages"}],"about":[{"href":"https:\/\/www.cadexinc.com\/fr\/wp-json\/wp\/v2\/types\/page"}],"author":[{"embeddable":true,"href":"https:\/\/www.cadexinc.com\/fr\/wp-json\/wp\/v2\/users\/5"}],"replies":[{"embeddable":true,"href":"https:\/\/www.cadexinc.com\/fr\/wp-json\/wp\/v2\/comments?post=171"}],"version-history":[{"count":135,"href":"https:\/\/www.cadexinc.com\/fr\/wp-json\/wp\/v2\/pages\/171\/revisions"}],"predecessor-version":[{"id":21205,"href":"https:\/\/www.cadexinc.com\/fr\/wp-json\/wp\/v2\/pages\/171\/revisions\/21205"}],"up":[{"embeddable":true,"href":"https:\/\/www.cadexinc.com\/fr\/wp-json\/wp\/v2\/pages\/3154"}],"wp:featuredmedia":[{"embeddable":true,"href":"https:\/\/www.cadexinc.com\/fr\/wp-json\/wp\/v2\/media\/8325"}],"wp:attachment":[{"href":"https:\/\/www.cadexinc.com\/fr\/wp-json\/wp\/v2\/media?parent=171"}],"wp:term":[{"taxonomy":"category","embeddable":true,"href":"https:\/\/www.cadexinc.com\/fr\/wp-json\/wp\/v2\/categories?post=171"}],"curies":[{"name":"wp","href":"https:\/\/api.w.org\/{rel}","templated":true}]}}