{"id":169,"date":"2022-05-17T13:27:25","date_gmt":"2022-05-17T17:27:25","guid":{"rendered":"http:\/\/www.cadexinc.com\/?page_id=169"},"modified":"2026-03-19T15:09:00","modified_gmt":"2026-03-19T19:09:00","slug":"support-de-mouvement-lineaire","status":"publish","type":"page","link":"https:\/\/www.cadexinc.com\/fr\/equipement\/accessoires\/support-de-mouvement-lineaire\/","title":{"rendered":"Support pour mouvement lin\u00e9aire"},"content":{"rendered":"<div data-elementor-type=\"wp-page\" data-elementor-id=\"169\" class=\"elementor elementor-169\">\n\t\t\t\t<div class=\"elementor-element elementor-element-71f09cf3 elementor-hidden-desktop elementor-hidden-tablet e-flex e-con-boxed e-con e-parent\" data-id=\"71f09cf3\" data-element_type=\"container\">\n\t\t\t\t\t<div class=\"e-con-inner\">\n\t\t\t\t<div class=\"elementor-element elementor-element-bf89259 elementor-widget elementor-widget-image\" data-id=\"bf89259\" data-element_type=\"widget\" data-widget_type=\"image.default\">\n\t\t\t\t<div class=\"elementor-widget-container\">\n\t\t\t\t\t\t\t\t\t\t\t\t\t\t\t<img fetchpriority=\"high\" decoding=\"async\" width=\"980\" height=\"996\" src=\"https:\/\/www.cadexinc.com\/wp-content\/uploads\/2025\/03\/LinearMotionHolder_main-1008x1024.webp\" class=\"attachment-large size-large wp-image-17615\" alt=\"\" srcset=\"https:\/\/www.cadexinc.com\/wp-content\/uploads\/2025\/03\/LinearMotionHolder_main-1008x1024.webp 1008w, https:\/\/www.cadexinc.com\/wp-content\/uploads\/2025\/03\/LinearMotionHolder_main-295x300.webp 295w, https:\/\/www.cadexinc.com\/wp-content\/uploads\/2025\/03\/LinearMotionHolder_main-768x780.webp 768w, https:\/\/www.cadexinc.com\/wp-content\/uploads\/2025\/03\/LinearMotionHolder_main-12x12.webp 12w, https:\/\/www.cadexinc.com\/wp-content\/uploads\/2025\/03\/LinearMotionHolder_main-416x423.webp 416w, https:\/\/www.cadexinc.com\/wp-content\/uploads\/2025\/03\/LinearMotionHolder_main-50x50.webp 50w, https:\/\/www.cadexinc.com\/wp-content\/uploads\/2025\/03\/LinearMotionHolder_main.webp 1012w\" sizes=\"(max-width: 980px) 100vw, 980px\" \/>\t\t\t\t\t\t\t\t\t\t\t\t\t\t\t<\/div>\n\t\t\t\t<\/div>\n\t\t\t\t\t<\/div>\n\t\t\t\t<\/div>\n\t\t<div class=\"elementor-element elementor-element-f727a08 e-flex e-con-boxed e-con e-parent\" data-id=\"f727a08\" data-element_type=\"container\">\n\t\t\t\t\t<div class=\"e-con-inner\">\n\t\t<div class=\"elementor-element elementor-element-136df52 e-con-full e-flex e-con e-child\" data-id=\"136df52\" data-element_type=\"container\">\n\t\t<div class=\"elementor-element elementor-element-2d58410 e-con-full e-flex e-con e-child\" data-id=\"2d58410\" data-element_type=\"container\">\n\t\t<div class=\"elementor-element elementor-element-440c18f e-con-full equipment-main-right-block e-flex e-con e-child\" data-id=\"440c18f\" data-element_type=\"container\">\n\t\t<div class=\"elementor-element elementor-element-1127c4f e-con-full e-flex e-con e-child\" data-id=\"1127c4f\" data-element_type=\"container\">\n\t\t\t\t<div class=\"elementor-element elementor-element-c845f13 elementor-widget elementor-widget-text-editor\" data-id=\"c845f13\" data-element_type=\"widget\" data-widget_type=\"text-editor.default\">\n\t\t\t\t<div class=\"elementor-widget-container\">\n\t\t\t\t\t\t\t\t\t<p class=\"cdx-title cdx-text-align-justify\">Le support pour mouvement lin\u00e9aire Cadex est con\u00e7u pour \u00eatre utilis\u00e9 avec le p\u00e9n\u00e9trateur et l\u2019impacteur \u00e0 mouvement lin\u00e9aire (vendus s\u00e9par\u00e9ment).<\/p>\t\t\t\t\t\t\t\t<\/div>\n\t\t\t\t<\/div>\n\t\t\t\t<div class=\"elementor-element elementor-element-ab4b097 equipment-sub-titles elementor-widget elementor-widget-heading\" data-id=\"ab4b097\" data-element_type=\"widget\" data-widget_type=\"heading.default\">\n\t\t\t\t<div class=\"elementor-widget-container\">\n\t\t\t\t\t<h6 class=\"elementor-heading-title elementor-size-default\">CARACT\u00c9RISTIQUES\u202f:<\/h6>\t\t\t\t<\/div>\n\t\t\t\t<\/div>\n\t\t\t\t<div class=\"elementor-element elementor-element-812206f elementor-widget elementor-widget-text-editor\" data-id=\"812206f\" data-element_type=\"widget\" data-widget_type=\"text-editor.default\">\n\t\t\t\t<div class=\"elementor-widget-container\">\n\t\t\t\t\t\t\t\t\t<ul class=\"special-list\">\n<li>Capteur de rebond int\u00e9gr\u00e9<\/li>\n<li>P\u00e9n\u00e9trateur ou impacteur facilement interchangeable utilisant le m\u00eame support de mouvement lin\u00e9aire<\/li>\n<li>Con\u00e7u pour \u00eatre utilis\u00e9 avec le monorail Cadex<\/li>\n<\/ul>\n<p class=\"cdx-tooltip pt-3 text-danger text-start fst-italic fs-7\">*N\u00e9cessite le frein dynamique Cadex (vendu s\u00e9par\u00e9ment)<\/p>\t\t\t\t\t\t\t\t<\/div>\n\t\t\t\t<\/div>\n\t\t\t\t<\/div>\n\t\t\t\t<\/div>\n\t\t\t\t<\/div>\n\t\t<div class=\"elementor-element elementor-element-f76917b e-con-full e-flex e-con e-child\" data-id=\"f76917b\" data-element_type=\"container\">\n\t\t\t\t<div class=\"elementor-element elementor-element-0db9a4e elementor-hidden-mobile elementor-widget elementor-widget-image\" data-id=\"0db9a4e\" data-element_type=\"widget\" data-widget_type=\"image.default\">\n\t\t\t\t<div class=\"elementor-widget-container\">\n\t\t\t\t\t\t\t\t\t\t\t\t\t\t\t<img fetchpriority=\"high\" decoding=\"async\" width=\"980\" height=\"996\" src=\"https:\/\/www.cadexinc.com\/wp-content\/uploads\/2025\/03\/LinearMotionHolder_main-1008x1024.webp\" class=\"attachment-large size-large wp-image-17615\" alt=\"\" srcset=\"https:\/\/www.cadexinc.com\/wp-content\/uploads\/2025\/03\/LinearMotionHolder_main-1008x1024.webp 1008w, https:\/\/www.cadexinc.com\/wp-content\/uploads\/2025\/03\/LinearMotionHolder_main-295x300.webp 295w, https:\/\/www.cadexinc.com\/wp-content\/uploads\/2025\/03\/LinearMotionHolder_main-768x780.webp 768w, https:\/\/www.cadexinc.com\/wp-content\/uploads\/2025\/03\/LinearMotionHolder_main-12x12.webp 12w, https:\/\/www.cadexinc.com\/wp-content\/uploads\/2025\/03\/LinearMotionHolder_main-416x423.webp 416w, https:\/\/www.cadexinc.com\/wp-content\/uploads\/2025\/03\/LinearMotionHolder_main-50x50.webp 50w, https:\/\/www.cadexinc.com\/wp-content\/uploads\/2025\/03\/LinearMotionHolder_main.webp 1012w\" sizes=\"(max-width: 980px) 100vw, 980px\" \/>\t\t\t\t\t\t\t\t\t\t\t\t\t\t\t<\/div>\n\t\t\t\t<\/div>\n\t\t\t\t<\/div>\n\t\t\t\t<\/div>\n\t\t\t\t\t<\/div>\n\t\t\t\t<\/div>\n\t\t\t\t<\/div>","protected":false},"excerpt":{"rendered":"<p>The Cadex linear motion holder is designed to be used with the linear motion penetrator and impactor (sold separately). FEATURES: Integrated rebound catcher Easily interchangeable penetrator or impactor using the same linear motion holder Designed to be used with the Cadex monorail *Requires the Cadex dynamic brake (sold separately)<\/p>","protected":false},"author":5,"featured_media":17615,"parent":3154,"menu_order":0,"comment_status":"closed","ping_status":"closed","template":"","meta":{"footnotes":""},"categories":[40],"class_list":["post-169","page","type-page","status-publish","has-post-thumbnail","hentry","category-accessories"],"_links":{"self":[{"href":"https:\/\/www.cadexinc.com\/fr\/wp-json\/wp\/v2\/pages\/169","targetHints":{"allow":["GET"]}}],"collection":[{"href":"https:\/\/www.cadexinc.com\/fr\/wp-json\/wp\/v2\/pages"}],"about":[{"href":"https:\/\/www.cadexinc.com\/fr\/wp-json\/wp\/v2\/types\/page"}],"author":[{"embeddable":true,"href":"https:\/\/www.cadexinc.com\/fr\/wp-json\/wp\/v2\/users\/5"}],"replies":[{"embeddable":true,"href":"https:\/\/www.cadexinc.com\/fr\/wp-json\/wp\/v2\/comments?post=169"}],"version-history":[{"count":120,"href":"https:\/\/www.cadexinc.com\/fr\/wp-json\/wp\/v2\/pages\/169\/revisions"}],"predecessor-version":[{"id":21193,"href":"https:\/\/www.cadexinc.com\/fr\/wp-json\/wp\/v2\/pages\/169\/revisions\/21193"}],"up":[{"embeddable":true,"href":"https:\/\/www.cadexinc.com\/fr\/wp-json\/wp\/v2\/pages\/3154"}],"wp:featuredmedia":[{"embeddable":true,"href":"https:\/\/www.cadexinc.com\/fr\/wp-json\/wp\/v2\/media\/17615"}],"wp:attachment":[{"href":"https:\/\/www.cadexinc.com\/fr\/wp-json\/wp\/v2\/media?parent=169"}],"wp:term":[{"taxonomy":"category","embeddable":true,"href":"https:\/\/www.cadexinc.com\/fr\/wp-json\/wp\/v2\/categories?post=169"}],"curies":[{"name":"wp","href":"https:\/\/api.w.org\/{rel}","templated":true}]}}