{"id":167,"date":"2022-05-17T13:26:56","date_gmt":"2022-05-17T17:26:56","guid":{"rendered":"http:\/\/www.cadexinc.com\/?page_id=167"},"modified":"2026-03-19T15:19:47","modified_gmt":"2026-03-19T19:19:47","slug":"bras-a-bille","status":"publish","type":"page","link":"https:\/\/www.cadexinc.com\/fr\/equipement\/accessoires\/bras-a-bille\/","title":{"rendered":"Bras \u00e0 bille"},"content":{"rendered":"<div data-elementor-type=\"wp-page\" data-elementor-id=\"167\" class=\"elementor elementor-167\">\n\t\t\t\t<div class=\"elementor-element elementor-element-70fac35c elementor-hidden-desktop elementor-hidden-tablet e-flex e-con-boxed e-con e-parent\" data-id=\"70fac35c\" data-element_type=\"container\">\n\t\t\t\t\t<div class=\"e-con-inner\">\n\t\t\t\t<div class=\"elementor-element elementor-element-7efa0f5 elementor-widget elementor-widget-image\" data-id=\"7efa0f5\" data-element_type=\"widget\" data-widget_type=\"image.default\">\n\t\t\t\t<div class=\"elementor-widget-container\">\n\t\t\t\t\t\t\t\t\t\t\t\t\t\t\t<img fetchpriority=\"high\" decoding=\"async\" width=\"980\" height=\"610\" src=\"https:\/\/www.cadexinc.com\/wp-content\/uploads\/2025\/03\/Ball-Arm_main-1024x637.webp\" class=\"attachment-large size-large wp-image-17037\" alt=\"\" srcset=\"https:\/\/www.cadexinc.com\/wp-content\/uploads\/2025\/03\/Ball-Arm_main-1024x637.webp 1024w, https:\/\/www.cadexinc.com\/wp-content\/uploads\/2025\/03\/Ball-Arm_main-300x187.webp 300w, https:\/\/www.cadexinc.com\/wp-content\/uploads\/2025\/03\/Ball-Arm_main-768x478.webp 768w, https:\/\/www.cadexinc.com\/wp-content\/uploads\/2025\/03\/Ball-Arm_main-18x12.webp 18w, https:\/\/www.cadexinc.com\/wp-content\/uploads\/2025\/03\/Ball-Arm_main-416x259.webp 416w, https:\/\/www.cadexinc.com\/wp-content\/uploads\/2025\/03\/Ball-Arm_main.webp 1344w\" sizes=\"(max-width: 980px) 100vw, 980px\" \/>\t\t\t\t\t\t\t\t\t\t\t\t\t\t\t<\/div>\n\t\t\t\t<\/div>\n\t\t\t\t\t<\/div>\n\t\t\t\t<\/div>\n\t\t<div class=\"elementor-element elementor-element-1dcd4d0 e-flex e-con-boxed e-con e-parent\" data-id=\"1dcd4d0\" data-element_type=\"container\">\n\t\t\t\t\t<div class=\"e-con-inner\">\n\t\t<div class=\"elementor-element elementor-element-0f2d97c e-con-full e-flex e-con e-child\" data-id=\"0f2d97c\" data-element_type=\"container\">\n\t\t<div class=\"elementor-element elementor-element-b412dd3 e-con-full e-flex e-con e-child\" data-id=\"b412dd3\" data-element_type=\"container\">\n\t\t<div class=\"elementor-element elementor-element-a6d2a43 e-con-full equipment-main-right-block e-flex e-con e-child\" data-id=\"a6d2a43\" data-element_type=\"container\">\n\t\t<div class=\"elementor-element elementor-element-6b29d4f e-con-full e-flex e-con e-child\" data-id=\"6b29d4f\" data-element_type=\"container\">\n\t\t\t\t<div class=\"elementor-element elementor-element-1e37d8b elementor-widget elementor-widget-text-editor\" data-id=\"1e37d8b\" data-element_type=\"widget\" data-widget_type=\"text-editor.default\">\n\t\t\t\t<div class=\"elementor-widget-container\">\n\t\t\t\t\t\t\t\t\t<p class=\"cdx-title cdx-text-align-justify\">Le bras \u00e0 bille Cadex maintient l\u2019acc\u00e9l\u00e9rom\u00e8tre et permet la rotation des formes de t\u00eate.<\/p>\t\t\t\t\t\t\t\t<\/div>\n\t\t\t\t<\/div>\n\t\t\t\t<div class=\"elementor-element elementor-element-ce15fc1 equipment-sub-titles elementor-widget elementor-widget-heading\" data-id=\"ce15fc1\" data-element_type=\"widget\" data-widget_type=\"heading.default\">\n\t\t\t\t<div class=\"elementor-widget-container\">\n\t\t\t\t\t<h6 class=\"elementor-heading-title elementor-size-default\">CARACT\u00c9RISTIQUES\u202f:<\/h6>\t\t\t\t<\/div>\n\t\t\t\t<\/div>\n\t\t\t\t<div class=\"elementor-element elementor-element-ab92b0f elementor-widget elementor-widget-text-editor\" data-id=\"ab92b0f\" data-element_type=\"widget\" data-widget_type=\"text-editor.default\">\n\t\t\t\t<div class=\"elementor-widget-container\">\n\t\t\t\t\t\t\t\t\t<ul class=\"special-list\">\n<li>Disponible en magn\u00e9sium, en aluminium ou en acier inoxydable pour l'ajustement de la masse de chute<\/li>\n<li>Convient au monorail et au twinwire de Cadex<\/li>\n<\/ul>\t\t\t\t\t\t\t\t<\/div>\n\t\t\t\t<\/div>\n\t\t\t\t<\/div>\n\t\t<div class=\"elementor-element elementor-element-83ef31c e-con-full e-grid equipment-page-multi-image-box e-con e-child\" data-id=\"83ef31c\" data-element_type=\"container\">\n\t\t\t\t<div class=\"elementor-element elementor-element-0193ac4 elementor-widget elementor-widget-image\" data-id=\"0193ac4\" data-element_type=\"widget\" data-widget_type=\"image.default\">\n\t\t\t\t<div class=\"elementor-widget-container\">\n\t\t\t\t\t\t\t\t\t\t\t\t<figure class=\"wp-caption\">\n\t\t\t\t\t\t\t\t\t\t<img decoding=\"async\" width=\"902\" height=\"614\" src=\"https:\/\/www.cadexinc.com\/wp-content\/uploads\/2022\/12\/ballarm-2.jpg\" class=\"attachment-large size-large wp-image-8263\" alt=\"\" srcset=\"https:\/\/www.cadexinc.com\/wp-content\/uploads\/2022\/12\/ballarm-2.jpg 902w, https:\/\/www.cadexinc.com\/wp-content\/uploads\/2022\/12\/ballarm-2-300x204.jpg 300w, https:\/\/www.cadexinc.com\/wp-content\/uploads\/2022\/12\/ballarm-2-768x523.jpg 768w, https:\/\/www.cadexinc.com\/wp-content\/uploads\/2022\/12\/ballarm-2-416x283.jpg 416w\" sizes=\"(max-width: 902px) 100vw, 902px\" \/>\t\t\t\t\t\t\t\t\t\t\t<figcaption class=\"widget-image-caption wp-caption-text\">Bras sph\u00e9rique assembl\u00e9 avec une bride \u00e0 anneau fendu<\/figcaption>\n\t\t\t\t\t\t\t\t\t\t<\/figure>\n\t\t\t\t\t\t\t\t\t<\/div>\n\t\t\t\t<\/div>\n\t\t\t\t<\/div>\n\t\t\t\t<\/div>\n\t\t\t\t<\/div>\n\t\t<div class=\"elementor-element elementor-element-53e1183 e-con-full e-flex e-con e-child\" data-id=\"53e1183\" data-element_type=\"container\">\n\t\t\t\t<div class=\"elementor-element elementor-element-b02a4ff elementor-hidden-mobile elementor-widget elementor-widget-image\" data-id=\"b02a4ff\" data-element_type=\"widget\" data-widget_type=\"image.default\">\n\t\t\t\t<div class=\"elementor-widget-container\">\n\t\t\t\t\t\t\t\t\t\t\t\t\t\t\t<img fetchpriority=\"high\" decoding=\"async\" width=\"980\" height=\"610\" src=\"https:\/\/www.cadexinc.com\/wp-content\/uploads\/2025\/03\/Ball-Arm_main-1024x637.webp\" class=\"attachment-large size-large wp-image-17037\" alt=\"\" srcset=\"https:\/\/www.cadexinc.com\/wp-content\/uploads\/2025\/03\/Ball-Arm_main-1024x637.webp 1024w, https:\/\/www.cadexinc.com\/wp-content\/uploads\/2025\/03\/Ball-Arm_main-300x187.webp 300w, https:\/\/www.cadexinc.com\/wp-content\/uploads\/2025\/03\/Ball-Arm_main-768x478.webp 768w, https:\/\/www.cadexinc.com\/wp-content\/uploads\/2025\/03\/Ball-Arm_main-18x12.webp 18w, https:\/\/www.cadexinc.com\/wp-content\/uploads\/2025\/03\/Ball-Arm_main-416x259.webp 416w, https:\/\/www.cadexinc.com\/wp-content\/uploads\/2025\/03\/Ball-Arm_main.webp 1344w\" sizes=\"(max-width: 980px) 100vw, 980px\" \/>\t\t\t\t\t\t\t\t\t\t\t\t\t\t\t<\/div>\n\t\t\t\t<\/div>\n\t\t\t\t<\/div>\n\t\t\t\t<\/div>\n\t\t\t\t\t<\/div>\n\t\t\t\t<\/div>\n\t\t<div class=\"elementor-element elementor-element-7d31373 e-flex e-con-boxed e-con e-parent\" data-id=\"7d31373\" data-element_type=\"container\">\n\t\t\t\t\t<div class=\"e-con-inner\">\n\t\t<div class=\"elementor-element elementor-element-415d35a e-grid e-con-full e-con e-child\" data-id=\"415d35a\" data-element_type=\"container\">\n\t\t\t\t<div class=\"elementor-element elementor-element-3b7de0b elementor-widget elementor-widget-image\" data-id=\"3b7de0b\" data-element_type=\"widget\" data-widget_type=\"image.default\">\n\t\t\t\t<div class=\"elementor-widget-container\">\n\t\t\t\t\t\t\t\t\t\t\t\t\t\t\t<img decoding=\"async\" width=\"980\" height=\"835\" src=\"https:\/\/www.cadexinc.com\/wp-content\/uploads\/2022\/12\/ballarm-3-1024x872.jpg\" class=\"attachment-large size-large wp-image-8266\" alt=\"\" srcset=\"https:\/\/www.cadexinc.com\/wp-content\/uploads\/2022\/12\/ballarm-3-1024x872.jpg 1024w, https:\/\/www.cadexinc.com\/wp-content\/uploads\/2022\/12\/ballarm-3-300x255.jpg 300w, https:\/\/www.cadexinc.com\/wp-content\/uploads\/2022\/12\/ballarm-3-768x654.jpg 768w, https:\/\/www.cadexinc.com\/wp-content\/uploads\/2022\/12\/ballarm-3-416x354.jpg 416w, https:\/\/www.cadexinc.com\/wp-content\/uploads\/2022\/12\/ballarm-3.jpg 1379w\" sizes=\"(max-width: 980px) 100vw, 980px\" \/>\t\t\t\t\t\t\t\t\t\t\t\t\t\t\t<\/div>\n\t\t\t\t<\/div>\n\t\t\t\t<div class=\"elementor-element elementor-element-a3dc56f inside-view-block elementor-widget elementor-widget-text-editor\" data-id=\"a3dc56f\" data-element_type=\"widget\" data-widget_type=\"text-editor.default\">\n\t\t\t\t<div class=\"elementor-widget-container\">\n\t\t\t\t\t\t\t\t\t<br>\n<br>\n<br>\n<h4 class=\"text-uppercase fw-bold fs-sm ps-4 text-decoration-underline\" style=\"padding-left: 0 !important;\">Vue int\u00e9rieure :<\/h4><br>\n1\u00a0 \u00a0 Plateforme d\u2019acc\u00e9l\u00e9rom\u00e8tre<br>\n2\u00a0 \u00a0 Bras \u00e0 bille<br>\n3\u00a0 \u00a0 Bride \u00e0 anneau fendu<br>\n4\u00a0 \u00a0 Forme de t\u00eate<br>\n5\u00a0 \u00a0 Boulons et rondelles (x4)<br>\t\t\t\t\t\t\t\t<\/div>\n\t\t\t\t<\/div>\n\t\t\t\t<\/div>\n\t\t\t\t\t<\/div>\n\t\t\t\t<\/div>\n\t\t\t\t<\/div>","protected":false},"excerpt":{"rendered":"<p>The Cadex ball arm holds the accelerometer and allows the headform to rotate. FEATURES: Available in magnesium, aluminum or stainless steel for drop mass adjustment Suitable for the Cadex monorail and twinwire Ball arm assembled with a split ring clamp Inside view: 1\u00a0 \u00a0 Accelerometer bed 2\u00a0 \u00a0 Ball arm 3\u00a0 \u00a0 Split ring clamp [&hellip;]<\/p>","protected":false},"author":5,"featured_media":0,"parent":3154,"menu_order":0,"comment_status":"closed","ping_status":"closed","template":"","meta":{"footnotes":""},"categories":[40],"class_list":["post-167","page","type-page","status-publish","hentry","category-accessories"],"_links":{"self":[{"href":"https:\/\/www.cadexinc.com\/fr\/wp-json\/wp\/v2\/pages\/167","targetHints":{"allow":["GET"]}}],"collection":[{"href":"https:\/\/www.cadexinc.com\/fr\/wp-json\/wp\/v2\/pages"}],"about":[{"href":"https:\/\/www.cadexinc.com\/fr\/wp-json\/wp\/v2\/types\/page"}],"author":[{"embeddable":true,"href":"https:\/\/www.cadexinc.com\/fr\/wp-json\/wp\/v2\/users\/5"}],"replies":[{"embeddable":true,"href":"https:\/\/www.cadexinc.com\/fr\/wp-json\/wp\/v2\/comments?post=167"}],"version-history":[{"count":162,"href":"https:\/\/www.cadexinc.com\/fr\/wp-json\/wp\/v2\/pages\/167\/revisions"}],"predecessor-version":[{"id":21202,"href":"https:\/\/www.cadexinc.com\/fr\/wp-json\/wp\/v2\/pages\/167\/revisions\/21202"}],"up":[{"embeddable":true,"href":"https:\/\/www.cadexinc.com\/fr\/wp-json\/wp\/v2\/pages\/3154"}],"wp:attachment":[{"href":"https:\/\/www.cadexinc.com\/fr\/wp-json\/wp\/v2\/media?parent=167"}],"wp:term":[{"taxonomy":"category","embeddable":true,"href":"https:\/\/www.cadexinc.com\/fr\/wp-json\/wp\/v2\/categories?post=167"}],"curies":[{"name":"wp","href":"https:\/\/api.w.org\/{rel}","templated":true}]}}