{"id":165,"date":"2022-05-17T13:26:38","date_gmt":"2022-05-17T17:26:38","guid":{"rendered":"http:\/\/www.cadexinc.com\/?page_id=165"},"modified":"2026-03-19T15:17:18","modified_gmt":"2026-03-19T19:17:18","slug":"pince","status":"publish","type":"page","link":"https:\/\/www.cadexinc.com\/fr\/equipement\/accessoires\/pince\/","title":{"rendered":"Pince \u00e0 anneau fendu"},"content":{"rendered":"<div data-elementor-type=\"wp-page\" data-elementor-id=\"165\" class=\"elementor elementor-165\">\n\t\t\t\t<div class=\"elementor-element elementor-element-7624350c elementor-hidden-desktop elementor-hidden-tablet e-flex e-con-boxed e-con e-parent\" data-id=\"7624350c\" data-element_type=\"container\">\n\t\t\t\t\t<div class=\"e-con-inner\">\n\t\t\t\t<div class=\"elementor-element elementor-element-a854e40 elementor-widget elementor-widget-image\" data-id=\"a854e40\" data-element_type=\"widget\" data-widget_type=\"image.default\">\n\t\t\t\t<div class=\"elementor-widget-container\">\n\t\t\t\t\t\t\t\t\t\t\t\t\t\t\t<img fetchpriority=\"high\" decoding=\"async\" width=\"980\" height=\"706\" src=\"https:\/\/www.cadexinc.com\/wp-content\/uploads\/2025\/03\/Split-Ring-Clamp_main.webp\" class=\"attachment-large size-large wp-image-17047\" alt=\"\" srcset=\"https:\/\/www.cadexinc.com\/wp-content\/uploads\/2025\/03\/Split-Ring-Clamp_main.webp 1005w, https:\/\/www.cadexinc.com\/wp-content\/uploads\/2025\/03\/Split-Ring-Clamp_main-300x216.webp 300w, https:\/\/www.cadexinc.com\/wp-content\/uploads\/2025\/03\/Split-Ring-Clamp_main-768x553.webp 768w, https:\/\/www.cadexinc.com\/wp-content\/uploads\/2025\/03\/Split-Ring-Clamp_main-18x12.webp 18w, https:\/\/www.cadexinc.com\/wp-content\/uploads\/2025\/03\/Split-Ring-Clamp_main-416x300.webp 416w\" sizes=\"(max-width: 980px) 100vw, 980px\" \/>\t\t\t\t\t\t\t\t\t\t\t\t\t\t\t<\/div>\n\t\t\t\t<\/div>\n\t\t\t\t\t<\/div>\n\t\t\t\t<\/div>\n\t\t<div class=\"elementor-element elementor-element-8870a7c e-flex e-con-boxed e-con e-parent\" data-id=\"8870a7c\" data-element_type=\"container\">\n\t\t\t\t\t<div class=\"e-con-inner\">\n\t\t<div class=\"elementor-element elementor-element-90a6406 e-con-full e-flex e-con e-child\" data-id=\"90a6406\" data-element_type=\"container\">\n\t\t<div class=\"elementor-element elementor-element-f94ff93 e-con-full e-flex e-con e-child\" data-id=\"f94ff93\" data-element_type=\"container\">\n\t\t<div class=\"elementor-element elementor-element-cc54ff4 e-con-full equipment-main-right-block e-flex e-con e-child\" data-id=\"cc54ff4\" data-element_type=\"container\">\n\t\t<div class=\"elementor-element elementor-element-9f898f5 e-con-full e-flex e-con e-child\" data-id=\"9f898f5\" data-element_type=\"container\">\n\t\t\t\t<div class=\"elementor-element elementor-element-0bfe7cb elementor-widget elementor-widget-text-editor\" data-id=\"0bfe7cb\" data-element_type=\"widget\" data-widget_type=\"text-editor.default\">\n\t\t\t\t<div class=\"elementor-widget-container\">\n\t\t\t\t\t\t\t\t\t<p class=\"cdx-title cdx-text-align-justify\">La pince \u00e0 anneau fendu Cadex est utilis\u00e9e pour verrouiller la t\u00eate de test dans une position pr\u00e9cise et la maintenir pendant l\u2019essai d\u2019impact. Le poids de la pince est ajust\u00e9 selon votre configuration de test afin de permettre d\u2019atteindre la masse totale de chute requise par la norme.<\/p>\t\t\t\t\t\t\t\t<\/div>\n\t\t\t\t<\/div>\n\t\t\t\t<div class=\"elementor-element elementor-element-cb73213 equipment-sub-titles elementor-widget elementor-widget-heading\" data-id=\"cb73213\" data-element_type=\"widget\" data-widget_type=\"heading.default\">\n\t\t\t\t<div class=\"elementor-widget-container\">\n\t\t\t\t\t<h6 class=\"elementor-heading-title elementor-size-default\">CARACT\u00c9RISTIQUES\u202f:<\/h6>\t\t\t\t<\/div>\n\t\t\t\t<\/div>\n\t\t\t\t<div class=\"elementor-element elementor-element-154442b elementor-widget elementor-widget-text-editor\" data-id=\"154442b\" data-element_type=\"widget\" data-widget_type=\"text-editor.default\">\n\t\t\t\t<div class=\"elementor-widget-container\">\n\t\t\t\t\t\t\t\t\t<ul class=\"special-list\">\n<li>Le poids peut \u00eatre personnalis\u00e9 de 225 grammes \u00e0 1250 grammes (\u00b1 5 grammes).<\/li>\n<li>En alliage de magn\u00e9sium, d'aluminium ou de laiton (selon le poids requis)<\/li>\n<\/ul>\t\t\t\t\t\t\t\t<\/div>\n\t\t\t\t<\/div>\n\t\t\t\t<\/div>\n\t\t\t\t<\/div>\n\t\t\t\t<\/div>\n\t\t<div class=\"elementor-element elementor-element-bf28d6c e-con-full e-flex e-con e-child\" data-id=\"bf28d6c\" data-element_type=\"container\">\n\t\t\t\t<div class=\"elementor-element elementor-element-4b3a76d elementor-hidden-mobile elementor-widget elementor-widget-image\" data-id=\"4b3a76d\" data-element_type=\"widget\" data-widget_type=\"image.default\">\n\t\t\t\t<div class=\"elementor-widget-container\">\n\t\t\t\t\t\t\t\t\t\t\t\t\t\t\t<img fetchpriority=\"high\" decoding=\"async\" width=\"980\" height=\"706\" src=\"https:\/\/www.cadexinc.com\/wp-content\/uploads\/2025\/03\/Split-Ring-Clamp_main.webp\" class=\"attachment-large size-large wp-image-17047\" alt=\"\" srcset=\"https:\/\/www.cadexinc.com\/wp-content\/uploads\/2025\/03\/Split-Ring-Clamp_main.webp 1005w, https:\/\/www.cadexinc.com\/wp-content\/uploads\/2025\/03\/Split-Ring-Clamp_main-300x216.webp 300w, https:\/\/www.cadexinc.com\/wp-content\/uploads\/2025\/03\/Split-Ring-Clamp_main-768x553.webp 768w, https:\/\/www.cadexinc.com\/wp-content\/uploads\/2025\/03\/Split-Ring-Clamp_main-18x12.webp 18w, https:\/\/www.cadexinc.com\/wp-content\/uploads\/2025\/03\/Split-Ring-Clamp_main-416x300.webp 416w\" sizes=\"(max-width: 980px) 100vw, 980px\" \/>\t\t\t\t\t\t\t\t\t\t\t\t\t\t\t<\/div>\n\t\t\t\t<\/div>\n\t\t\t\t<\/div>\n\t\t\t\t<\/div>\n\t\t\t\t\t<\/div>\n\t\t\t\t<\/div>\n\t\t\t\t<\/div>","protected":false},"excerpt":{"rendered":"<p>The Cadex split ring clamp is used to lock the headform in a particular position and hold it during the impact test. The clamp\u2019s weight is adjusted to your testing setup to help you reach the required total drop mass assembly required by the standard. FEATURES: The weight can be customized from 225 grams up [&hellip;]<\/p>","protected":false},"author":5,"featured_media":17047,"parent":3154,"menu_order":0,"comment_status":"closed","ping_status":"closed","template":"","meta":{"footnotes":""},"categories":[40],"class_list":["post-165","page","type-page","status-publish","has-post-thumbnail","hentry","category-accessories"],"_links":{"self":[{"href":"https:\/\/www.cadexinc.com\/fr\/wp-json\/wp\/v2\/pages\/165","targetHints":{"allow":["GET"]}}],"collection":[{"href":"https:\/\/www.cadexinc.com\/fr\/wp-json\/wp\/v2\/pages"}],"about":[{"href":"https:\/\/www.cadexinc.com\/fr\/wp-json\/wp\/v2\/types\/page"}],"author":[{"embeddable":true,"href":"https:\/\/www.cadexinc.com\/fr\/wp-json\/wp\/v2\/users\/5"}],"replies":[{"embeddable":true,"href":"https:\/\/www.cadexinc.com\/fr\/wp-json\/wp\/v2\/comments?post=165"}],"version-history":[{"count":65,"href":"https:\/\/www.cadexinc.com\/fr\/wp-json\/wp\/v2\/pages\/165\/revisions"}],"predecessor-version":[{"id":21199,"href":"https:\/\/www.cadexinc.com\/fr\/wp-json\/wp\/v2\/pages\/165\/revisions\/21199"}],"up":[{"embeddable":true,"href":"https:\/\/www.cadexinc.com\/fr\/wp-json\/wp\/v2\/pages\/3154"}],"wp:featuredmedia":[{"embeddable":true,"href":"https:\/\/www.cadexinc.com\/fr\/wp-json\/wp\/v2\/media\/17047"}],"wp:attachment":[{"href":"https:\/\/www.cadexinc.com\/fr\/wp-json\/wp\/v2\/media?parent=165"}],"wp:term":[{"taxonomy":"category","embeddable":true,"href":"https:\/\/www.cadexinc.com\/fr\/wp-json\/wp\/v2\/categories?post=165"}],"curies":[{"name":"wp","href":"https:\/\/api.w.org\/{rel}","templated":true}]}}