{"id":163,"date":"2022-05-17T13:26:16","date_gmt":"2022-05-17T17:26:16","guid":{"rendered":"http:\/\/www.cadexinc.com\/?page_id=163"},"modified":"2026-03-19T15:07:00","modified_gmt":"2026-03-19T19:07:00","slug":"support-de-tete-factice-de-penetration","status":"publish","type":"page","link":"https:\/\/www.cadexinc.com\/fr\/equipement\/accessoires\/support-de-tete-factice-de-penetration\/","title":{"rendered":"Support pour t\u00eate de test de p\u00e9n\u00e9tration"},"content":{"rendered":"<div data-elementor-type=\"wp-page\" data-elementor-id=\"163\" class=\"elementor elementor-163\">\n\t\t\t\t<div class=\"elementor-element elementor-element-40ae717f elementor-hidden-desktop elementor-hidden-tablet e-flex e-con-boxed e-con e-parent\" data-id=\"40ae717f\" data-element_type=\"container\">\n\t\t\t\t\t<div class=\"e-con-inner\">\n\t\t\t\t<div class=\"elementor-element elementor-element-c91b5a5 elementor-widget elementor-widget-image\" data-id=\"c91b5a5\" data-element_type=\"widget\" data-widget_type=\"image.default\">\n\t\t\t\t<div class=\"elementor-widget-container\">\n\t\t\t\t\t\t\t\t\t\t\t\t<figure class=\"wp-caption\">\n\t\t\t\t\t\t\t\t\t\t<img fetchpriority=\"high\" decoding=\"async\" width=\"631\" height=\"1000\" src=\"https:\/\/www.cadexinc.com\/wp-content\/uploads\/2022\/12\/hf-holder-1.png\" class=\"attachment-full size-full wp-image-9415\" alt=\"\" srcset=\"https:\/\/www.cadexinc.com\/wp-content\/uploads\/2022\/12\/hf-holder-1.png 631w, https:\/\/www.cadexinc.com\/wp-content\/uploads\/2022\/12\/hf-holder-1-189x300.png 189w, https:\/\/www.cadexinc.com\/wp-content\/uploads\/2022\/12\/hf-holder-1-416x659.png 416w\" sizes=\"(max-width: 631px) 100vw, 631px\" \/>\t\t\t\t\t\t\t\t\t\t\t<figcaption class=\"widget-image-caption wp-caption-text\"><p class=\"text-danger fs-7 fst-italic text-center cdx-notation\">*T\u00eate de test non incluse<\/p><\/figcaption>\n\t\t\t\t\t\t\t\t\t\t<\/figure>\n\t\t\t\t\t\t\t\t\t<\/div>\n\t\t\t\t<\/div>\n\t\t\t\t\t<\/div>\n\t\t\t\t<\/div>\n\t\t<div class=\"elementor-element elementor-element-d33318f e-flex e-con-boxed e-con e-parent\" data-id=\"d33318f\" data-element_type=\"container\">\n\t\t\t\t\t<div class=\"e-con-inner\">\n\t\t<div class=\"elementor-element elementor-element-ba78c3a e-con-full e-flex e-con e-child\" data-id=\"ba78c3a\" data-element_type=\"container\">\n\t\t<div class=\"elementor-element elementor-element-a0e9379 e-con-full equipment-main-right-block e-flex e-con e-child\" data-id=\"a0e9379\" data-element_type=\"container\">\n\t\t<div class=\"elementor-element elementor-element-3259845 e-con-full e-flex e-con e-child\" data-id=\"3259845\" data-element_type=\"container\">\n\t\t\t\t<div class=\"elementor-element elementor-element-f95f0ad elementor-widget elementor-widget-text-editor\" data-id=\"f95f0ad\" data-element_type=\"widget\" data-widget_type=\"text-editor.default\">\n\t\t\t\t<div class=\"elementor-widget-container\">\n\t\t\t\t\t\t\t\t\t<p class=\"cdx-title cdx-text-align-justify\">Le support de t\u00eate de p\u00e9n\u00e9tration Cadex est con\u00e7u et fabriqu\u00e9 pour offrir une capacit\u00e9 de positionnement multiple solide.<\/p>\t\t\t\t\t\t\t\t<\/div>\n\t\t\t\t<\/div>\n\t\t\t\t<div class=\"elementor-element elementor-element-363f09f equipment-sub-titles elementor-widget elementor-widget-heading\" data-id=\"363f09f\" data-element_type=\"widget\" data-widget_type=\"heading.default\">\n\t\t\t\t<div class=\"elementor-widget-container\">\n\t\t\t\t\t<h6 class=\"elementor-heading-title elementor-size-default\">DIMENSIONS (APPROX.) :<\/h6>\t\t\t\t<\/div>\n\t\t\t\t<\/div>\n\t\t\t\t<div class=\"elementor-element elementor-element-5a85f32 elementor-widget elementor-widget-text-editor\" data-id=\"5a85f32\" data-element_type=\"widget\" data-widget_type=\"text-editor.default\">\n\t\t\t\t<div class=\"elementor-widget-container\">\n\t\t\t\t\t\t\t\t\t<ul class=\"special-list\">\n<li>Longueur : 41,91 cm \/ 16,5 in<\/li>\n<li>Width:\u00a0 \u00a022.86 cm \/ 9 in<\/li>\n<li>Hauteur : 58,42 cm \/ 23 in<\/li>\n<\/ul>\t\t\t\t\t\t\t\t<\/div>\n\t\t\t\t<\/div>\n\t\t\t\t<div class=\"elementor-element elementor-element-e1a0e11 equipment-sub-titles elementor-widget elementor-widget-heading\" data-id=\"e1a0e11\" data-element_type=\"widget\" data-widget_type=\"heading.default\">\n\t\t\t\t<div class=\"elementor-widget-container\">\n\t\t\t\t\t<h6 class=\"elementor-heading-title elementor-size-default\">CARACT\u00c9RISTIQUES\u202f:<\/h6>\t\t\t\t<\/div>\n\t\t\t\t<\/div>\n\t\t\t\t<div class=\"elementor-element elementor-element-1cc6cf4 elementor-widget elementor-widget-text-editor\" data-id=\"1cc6cf4\" data-element_type=\"widget\" data-widget_type=\"text-editor.default\">\n\t\t\t\t<div class=\"elementor-widget-container\">\n\t\t\t\t\t\t\t\t\t<ul class=\"special-list\">\n<li>Positionnement angulaire tous les 5\u00b0 de 0\u00b0 \u00e0 90\u00b0<\/li>\n<li>360\u00b0 rotation on the Z axis<\/li>\n<li>Peut \u00eatre install\u00e9 sur le monorail ou le twinwire<\/li>\n<li>Compatible avec les t\u00eates d\u00e9tectrices conductrices <span style=\"color: red;\">(vendu s\u00e9par\u00e9ment)<\/span><\/li><\/ul>\t\t\t\t\t\t\t\t<\/div>\n\t\t\t\t<\/div>\n\t\t\t\t<\/div>\n\t\t<div class=\"elementor-element elementor-element-ee625c2 e-con-full e-grid equipment-page-multi-image-box e-con e-child\" data-id=\"ee625c2\" data-element_type=\"container\">\n\t\t<div class=\"elementor-element elementor-element-3d0e6d9 e-grid e-con-full equipment-images-left-block e-con e-child\" data-id=\"3d0e6d9\" data-element_type=\"container\">\n\t\t\t\t<div class=\"elementor-element elementor-element-a09b5ee elementor-widget elementor-widget-image\" data-id=\"a09b5ee\" data-element_type=\"widget\" data-widget_type=\"image.default\">\n\t\t\t\t<div class=\"elementor-widget-container\">\n\t\t\t\t\t\t\t\t\t\t\t\t<figure class=\"wp-caption\">\n\t\t\t\t\t\t\t\t\t\t<img decoding=\"async\" width=\"225\" height=\"300\" src=\"https:\/\/www.cadexinc.com\/wp-content\/uploads\/2022\/12\/hf-holder-3-225x300.jpg\" class=\"attachment-medium size-medium wp-image-8133\" alt=\"\" srcset=\"https:\/\/www.cadexinc.com\/wp-content\/uploads\/2022\/12\/hf-holder-3-225x300.jpg 225w, https:\/\/www.cadexinc.com\/wp-content\/uploads\/2022\/12\/hf-holder-3-768x1024.jpg 768w, https:\/\/www.cadexinc.com\/wp-content\/uploads\/2022\/12\/hf-holder-3-1152x1536.jpg 1152w, https:\/\/www.cadexinc.com\/wp-content\/uploads\/2022\/12\/hf-holder-3-1536x2048.jpg 1536w, https:\/\/www.cadexinc.com\/wp-content\/uploads\/2022\/12\/hf-holder-3-416x555.jpg 416w, https:\/\/www.cadexinc.com\/wp-content\/uploads\/2022\/12\/hf-holder-3.jpg 1920w\" sizes=\"(max-width: 225px) 100vw, 225px\" \/>\t\t\t\t\t\t\t\t\t\t\t<figcaption class=\"widget-image-caption wp-caption-text\"><span style=\"font-size:12px\">Positionnement angulaire tous les 5\u00b0 de 0\u00b0 \u00e0 90\u00b0<\/span><\/figcaption>\n\t\t\t\t\t\t\t\t\t\t<\/figure>\n\t\t\t\t\t\t\t\t\t<\/div>\n\t\t\t\t<\/div>\n\t\t\t\t<\/div>\n\t\t<div class=\"elementor-element elementor-element-08565f5 e-grid e-con-full equipment-images-left-block e-con e-child\" data-id=\"08565f5\" data-element_type=\"container\">\n\t\t\t\t<div class=\"elementor-element elementor-element-c53f7f6 elementor-widget elementor-widget-image\" data-id=\"c53f7f6\" data-element_type=\"widget\" data-widget_type=\"image.default\">\n\t\t\t\t<div class=\"elementor-widget-container\">\n\t\t\t\t\t\t\t\t\t\t\t\t<figure class=\"wp-caption\">\n\t\t\t\t\t\t\t\t\t\t<img decoding=\"async\" width=\"233\" height=\"300\" src=\"https:\/\/www.cadexinc.com\/wp-content\/uploads\/2022\/12\/hf-holder-4-233x300.jpg\" class=\"attachment-medium size-medium wp-image-8147\" alt=\"\" srcset=\"https:\/\/www.cadexinc.com\/wp-content\/uploads\/2022\/12\/hf-holder-4-233x300.jpg 233w, https:\/\/www.cadexinc.com\/wp-content\/uploads\/2022\/12\/hf-holder-4-794x1024.jpg 794w, https:\/\/www.cadexinc.com\/wp-content\/uploads\/2022\/12\/hf-holder-4-768x991.jpg 768w, https:\/\/www.cadexinc.com\/wp-content\/uploads\/2022\/12\/hf-holder-4-1191x1536.jpg 1191w, https:\/\/www.cadexinc.com\/wp-content\/uploads\/2022\/12\/hf-holder-4-1588x2048.jpg 1588w, https:\/\/www.cadexinc.com\/wp-content\/uploads\/2022\/12\/hf-holder-4-416x537.jpg 416w, https:\/\/www.cadexinc.com\/wp-content\/uploads\/2022\/12\/hf-holder-4-scaled.jpg 1985w\" sizes=\"(max-width: 233px) 100vw, 233px\" \/>\t\t\t\t\t\t\t\t\t\t\t<figcaption class=\"widget-image-caption wp-caption-text\">Compatible avec les t\u00eates de test conductrices*<\/figcaption>\n\t\t\t\t\t\t\t\t\t\t<\/figure>\n\t\t\t\t\t\t\t\t\t<\/div>\n\t\t\t\t<\/div>\n\t\t\t\t<\/div>\n\t\t\t\t<\/div>\n\t\t\t\t<\/div>\n\t\t\t\t<\/div>\n\t\t<div class=\"elementor-element elementor-element-46ccb1b e-con-full elementor-hidden-mobile e-flex e-con e-child\" data-id=\"46ccb1b\" data-element_type=\"container\">\n\t\t\t\t<div class=\"elementor-element elementor-element-779e513 elementor-hidden-mobile caption-no-border elementor-widget elementor-widget-image\" data-id=\"779e513\" data-element_type=\"widget\" data-widget_type=\"image.default\">\n\t\t\t\t<div class=\"elementor-widget-container\">\n\t\t\t\t\t\t\t\t\t\t\t\t<figure class=\"wp-caption\">\n\t\t\t\t\t\t\t\t\t\t<img fetchpriority=\"high\" decoding=\"async\" width=\"631\" height=\"1000\" src=\"https:\/\/www.cadexinc.com\/wp-content\/uploads\/2022\/12\/hf-holder-1.png\" class=\"attachment-full size-full wp-image-9415\" alt=\"\" srcset=\"https:\/\/www.cadexinc.com\/wp-content\/uploads\/2022\/12\/hf-holder-1.png 631w, https:\/\/www.cadexinc.com\/wp-content\/uploads\/2022\/12\/hf-holder-1-189x300.png 189w, https:\/\/www.cadexinc.com\/wp-content\/uploads\/2022\/12\/hf-holder-1-416x659.png 416w\" sizes=\"(max-width: 631px) 100vw, 631px\" \/>\t\t\t\t\t\t\t\t\t\t\t<figcaption class=\"widget-image-caption wp-caption-text\"><p class=\"text-danger fs-7 fst-italic text-center cdx-notation\">*T\u00eate de test non incluse<\/p><\/figcaption>\n\t\t\t\t\t\t\t\t\t\t<\/figure>\n\t\t\t\t\t\t\t\t\t<\/div>\n\t\t\t\t<\/div>\n\t\t\t\t<\/div>\n\t\t\t\t\t<\/div>\n\t\t\t\t<\/div>\n\t\t\t\t<\/div>","protected":false},"excerpt":{"rendered":"<p>*Headform not included The Cadex penetration headform holder is designed and manufactured to offer a solid multi positioning capability. DIMENSIONS (APPROX.): Length: 41.91 cm \/ 16.5 in Width:\u00a0 \u00a022.86 cm \/ 9 in Height: 58.42 cm \/ 23 in FEATURES: Angle positioning every 5\u00b0 from 0\u00b0 to 90\u00b0 360\u00b0 rotation on the Z axis Can [&hellip;]<\/p>","protected":false},"author":5,"featured_media":9415,"parent":3154,"menu_order":0,"comment_status":"closed","ping_status":"closed","template":"","meta":{"footnotes":""},"categories":[40],"class_list":["post-163","page","type-page","status-publish","has-post-thumbnail","hentry","category-accessories"],"_links":{"self":[{"href":"https:\/\/www.cadexinc.com\/fr\/wp-json\/wp\/v2\/pages\/163","targetHints":{"allow":["GET"]}}],"collection":[{"href":"https:\/\/www.cadexinc.com\/fr\/wp-json\/wp\/v2\/pages"}],"about":[{"href":"https:\/\/www.cadexinc.com\/fr\/wp-json\/wp\/v2\/types\/page"}],"author":[{"embeddable":true,"href":"https:\/\/www.cadexinc.com\/fr\/wp-json\/wp\/v2\/users\/5"}],"replies":[{"embeddable":true,"href":"https:\/\/www.cadexinc.com\/fr\/wp-json\/wp\/v2\/comments?post=163"}],"version-history":[{"count":92,"href":"https:\/\/www.cadexinc.com\/fr\/wp-json\/wp\/v2\/pages\/163\/revisions"}],"predecessor-version":[{"id":21190,"href":"https:\/\/www.cadexinc.com\/fr\/wp-json\/wp\/v2\/pages\/163\/revisions\/21190"}],"up":[{"embeddable":true,"href":"https:\/\/www.cadexinc.com\/fr\/wp-json\/wp\/v2\/pages\/3154"}],"wp:featuredmedia":[{"embeddable":true,"href":"https:\/\/www.cadexinc.com\/fr\/wp-json\/wp\/v2\/media\/9415"}],"wp:attachment":[{"href":"https:\/\/www.cadexinc.com\/fr\/wp-json\/wp\/v2\/media?parent=163"}],"wp:term":[{"taxonomy":"category","embeddable":true,"href":"https:\/\/www.cadexinc.com\/fr\/wp-json\/wp\/v2\/categories?post=163"}],"curies":[{"name":"wp","href":"https:\/\/api.w.org\/{rel}","templated":true}]}}