{"id":16193,"date":"2024-01-26T08:23:32","date_gmt":"2024-01-26T13:23:32","guid":{"rendered":"https:\/\/www.cadexinc.com\/?page_id=16193"},"modified":"2024-01-26T09:58:43","modified_gmt":"2024-01-26T14:58:43","slug":"politique-de-confidentialite","status":"publish","type":"page","link":"https:\/\/www.cadexinc.com\/fr\/politique-de-confidentialite\/","title":{"rendered":"Politique de confidentialit\u00e9"},"content":{"rendered":"<div class=\"cdx-privacy-policy\">\r\n<h2 class=\"text-uppercase mt-5\">1. \u00c0 qui s'adresse cette politique ?<\/h2>\r\n\r\n<p>Les r\u00e8gles d\u00e9crites dans cette politique vous concernent si nous recueillons vos renseignements personnels par un moyen technologique dans le cadre de nos activit\u00e9s. Par exemple, cette politique s'applique :<\/p>\r\n<ul class=\"text_justify list-group cdx-policy mb-3\">\r\n<li> si vous nous contactez par courriel ;<\/li>\r\n<li> si vous nous contacter par t\u00e9l\u00e9phone ;<\/li>\r\n<li> si vous nous contacter par notre site internet.<\/li>\r\n<\/ul>\r\n<p>Notre Politique de gouvernance et de gestion des renseignements personnels d\u00e9crit plus en d\u00e9tail nos pratiques de gestion et de protection des renseignements personnels.<\/p>\r\n\r\n\r\n<h2 class=\"text-uppercase mt-5\">2. Dans quelles situations recueillons-nous vos renseignements personnels, et comment en limiter la collecte ?<\/h2>\r\n<p>Nous recueillons des renseignements personnels par un moyen technologique dans les situations list\u00e9es ci dessous. Consultez les pour connaitre :<\/p>\r\n<ul class=\"list-group cdx-policy mb-3\">\r\n<li> les types de renseignements personnels que nous recueillons ;<\/li>\r\n<li> aupr\u00e8s de qui et pourquoi nous les recueillons ;<\/li>\r\n<li> les mesures que vous pouvez prendre pour limiter la collecte.<\/li>\r\n<\/ul>\r\n<p>Nous consid\u00e9rons comme un \" renseignement personnel \" tout renseignement qui vous concerne et qui permet de vous identifier directement ou indirectement (par exemple, en l'associant \u00e0 d'autres renseignements).<\/p>\r\n<p>Nous faisons de notre mieux pour que vos renseignements personnels soient exacts, complets et \u00e0 jour lorsque nous les utilisons. Nous comptons sur vous pour nous informer lorsque ces renseignements changent. Pour ce faire, vous pouvez nous \u00e9crire \u00e0 l'adresse <a href=\"mailto:accounting@cadexinc.com\">accounting@cadexinc.com<\/a>.<\/p>\r\n\r\n<ul class=\"list-group\"><li class=\"text-uppercase text-dark fw-semibold fs-5 mb-3\">2.1 Quand vous nous appelez<\/li><\/ul>\r\n<p>Lorsque vous nous appelez, nous recueillons certains renseignements personnels pour nous assurer d'\u00eatre en tout temps pr\u00eat \u00e0 traiter vos demandes. Ces renseignements sont recueillis pour faciliter les transactions. Nous recueillons les renseignements personnels suivants en lien avec le paiement des factures ou de commandes :<\/p>\r\n<ul class=\"list-group cdx-policy mb-3\">\r\n<li>Date et heure de l'appel ;<\/li>\r\n<li>Nom du client, ou de l'appelant ;<\/li>\r\n<li>Confirmation des documents l\u00e9gaux autorisant la commande et livraison de marchandises ;<\/li>\r\n<li>Adresse de livraison ;<\/li>\r\n<li>Num\u00e9ro de facture et le solde ;<\/li>\r\n<li>Information carte de cr\u00e9dit, date d'expiration et code de s\u00e9curit\u00e9.<\/li>\r\n<\/ul>\r\n<ul class=\"list-group\"><li class=\"text-uppercase text-dark fw-semibold fs-5 mb-3\">2.2 Quand vous naviguez sur notre site internet<\/li><\/ul>\r\n<p>Notre site internet ne recueille aucun renseignement personnel. Les adresses IP des personnes qui le visitent ne sont pas conserv\u00e9es. Des t\u00e9moins de navigation (cookies) sont g\u00e9n\u00e9r\u00e9s \u00e0 chaque visite, mais ils sont supprim\u00e9s lorsque vous terminez votre session.<\/p>\r\n<ul class=\"list-group\"><li class=\"text-uppercase text-dark fw-semibold fs-5 mb-3\">2.3 Quand vous r\u00e9pondez \u00e0 un sondage<\/li><\/ul>\r\n<p>Nous pouvons recueillir des renseignements personnels lorsque nous menons des sondages, par exemple pour obtenir votre opinion sur la qualit\u00e9 de nos services.<\/p>\r\n<p>Chaque sondage est diff\u00e9rent. Si nous vous demandons de participer \u00e0 un sondage, nous vous informerons du moyen technologique utilis\u00e9, des renseignements personnels qui seront recueillis, des fins de la collecte et des fa\u00e7ons de limiter la collecte. Bien s\u00fbr, vous \u00eates libre d'accepter ou de refuser de r\u00e9pondre \u00e0 un sondage.<\/p>\r\n<ul class=\"list-group\"><li class=\"text-uppercase text-dark fw-semibold fs-5 mb-3\">2.4 Quand vous postulez un emploi chez Cadex Inc.<\/li><\/ul>\r\n<p>Lorsque vous postulez pour un emploi, un stage ou un autre poste, nous recueillons les renseignements personnels n\u00e9cessaires pour \u00e9valuer votre candidature et pour vous contacter dans le cadre du processus.<\/p>\r\n<p>Nous recueillons les renseignements personnels suivants :<\/p>\r\n<ul class=\"list-group cdx-policy mb-3\">\r\n<li>votre curriculum vitae, votre lettre de motivation, votre adresse courriel et votre num\u00e9ro de t\u00e9l\u00e9phone. Pour un emploi \u00e9tudiant ou un stage, nous recueillons aussi votre relev\u00e9 de notes ;<\/li>\r\n<li>les renseignements discut\u00e9s lors d'une conversation t\u00e9l\u00e9phonique de v\u00e9rification des r\u00e9f\u00e9rences, par exemple au sujet de votre performance au travail.<\/li>\r\n<\/ul>\r\n<p>Nous v\u00e9rifions deux r\u00e9f\u00e9rences pour la ou les personnes les plus susceptibles d'obtenir le poste, et non pour toutes les personnes candidates. Nous contactons les r\u00e9f\u00e9rences que vous nous fournissez, avec votre consentement.<\/p>\r\n<ul class=\"list-group\"><li class=\"text-uppercase text-dark fw-semibold fs-5 mb-3\">2.5 Quand vous nous \u00e9crivez par courriel<\/li><\/ul>\r\n<p>Lorsque vous correspondez avec nous par courriel, nous recueillons votre adresse courriel et les renseignements personnels contenus dans vos courriels. Les types de renseignements et la raison de la collecte d\u00e9pendent du contexte de nos \u00e9changes.<\/p>\r\n\r\n<h2 class=\"text-uppercase mt-5\">3. Nous respectons votre consentement<\/h2>\r\n<p class=\"text_justify lh-lg\">Quand nous recueillons, utilisons et communiquons vos renseignements personnels, nous le faisons toujours dans des buts pr\u00e9cis. Votre consentement est valide pour la dur\u00e9e n\u00e9cessaire \u00e0 l'atteinte de ces buts. Nous pouvons ensuite conserver vos renseignements personnels le temps n\u00e9cessaire pour remplir nos obligations de conservation d\u00e9crites dans la loi et dans nos archives.<\/p>\r\n<p>Nous respectons toujours les buts pour lesquels nous avons recueilli vos renseignements personnels. Si nous souhaitons utiliser ou communiquer vos renseignements personnels pour d'autres buts, nous vous demanderons votre consentement, sauf dans les cas permis par la loi.<\/p>\r\n\r\n<h2 class=\"text-uppercase mt-5\">4. Nous pouvons communiquer vos renseignements personnels \u00e0 d'autres personnes et organisations<\/h2>\r\n<ul class=\"list-group\"><li class=\"text-uppercase text-dark fw-semibold fs-5 mb-3\">4.1 \u00c0 qui nous pouvons communiquer vos renseignements personnels<\/li><\/ul>\r\n<p>Nous pouvons communiquer vos renseignements personnels \u00e0 une agence gouvernementale Provinciale ou F\u00e9d\u00e9rales, si cela est n\u00e9cessaire et si la loi nous y contraint. Le type de renseignements communiqu\u00e9s d\u00e9pend de votre situation.<\/p>\r\n<p>Avant de communiquer vos renseignements personnels, nous prenons des mesures de protection. Nous r\u00e9alisons une \u00e9valuation des facteurs relatifs \u00e0 la vie priv\u00e9e, une d\u00e9marche o\u00f9 nous consid\u00e9rons tous les facteurs qui peuvent avoir un impact sur votre vie priv\u00e9e et \u00e9valuons si les renseignements seront ad\u00e9quatement prot\u00e9g\u00e9s. Nous signons aussi un contrat ou une entente qui inclut des mesures de s\u00e9curit\u00e9 appropri\u00e9es aux renseignements communiqu\u00e9s.<\/p>\r\n\r\n<h2 class=\"text-uppercase mt-5\">5. Comment nous prot\u00e9geons vos renseignements personnels<\/h2>\r\n<ul class=\"list-group\"><li class=\"text-uppercase text-dark fw-semibold fs-5 mb-3\">5.1 Nous limitons l'acc\u00e8s \u00e0 vos renseignements personnels<\/li><\/ul>\r\n<p>Seuls les membres du personnel qui doivent traiter vos renseignements personnels pour remplir leurs fonctions peuvent y acc\u00e9der. Ces personnes ont seulement acc\u00e8s aux renseignements n\u00e9cessaires pour r\u00e9aliser leurs t\u00e2ches.<\/p>\r\n<p>Nous avons \u00e9tabli les r\u00f4les et responsabilit\u00e9s des membres du personnel tout au long du cycle de traitement de vos renseignements personnels, de leur collecte \u00e0 leur destruction. Ces r\u00f4les et responsabilit\u00e9s sont d\u00e9crits dans notre Politique de gouvernance et de gestion des renseignements personnels. Nous les r\u00e9visons r\u00e9guli\u00e8rement pour les mettre \u00e0 jour.<\/p>\r\n<ul class=\"list-group\"><li class=\"text-uppercase text-dark fw-semibold fs-5 mb-3\">5.2 Nous mettons en place des mesures de s\u00e9curit\u00e9 robustes<\/li><\/ul>\r\n<p>Nous avons mis en place plusieurs types de mesures pour prot\u00e9ger vos renseignements personnels contre la perte, le vol et tout acc\u00e8s, utilisation ou communication non autoris\u00e9. Elles incluent :<\/p>\r\n<ul class=\"list-group cdx-policy mb-3\">\r\n<li>des mesures physiques, par exemple des locaux verrouill\u00e9s ;<\/li>\r\n<li>des mesures technologiques, par exemple des pare-feux ;<\/li>\r\n<li>des mesures organisationnelles, par exemple l'adoption d'une politique de s\u00e9curit\u00e9 de l'information.<\/li>\r\n<\/ul>\r\n<ul class=\"list-group\"><li class=\"text-uppercase text-dark fw-semibold fs-5 mb-3\">5.3 Nous d\u00e9truisons vos renseignements personnels apr\u00e8s avoir rempli nos obligations<\/li><\/ul>\r\n<p>Nous conservons vos renseignements aussi longtemps que n\u00e9cessaire pour atteindre les buts d\u00e9crits dans cette politique. M\u00eame si vous n'avez plus de lien avec nous, nous devons conserver vos renseignements personnels pendant une certaine p\u00e9riode pour respecter nos obligations l\u00e9gales. Tant que nous les conservons, nous continuons de prot\u00e9ger vos renseignements personnels et d'en assurer la confidentialit\u00e9.<\/p>\r\n<p>Nous avons mis en place un calendrier de conservation pour \u00e9tablir clairement le d\u00e9lai de conservation pour certains types de renseignements. Une fois que ce d\u00e9lai est pass\u00e9, nous d\u00e9truisons vos renseignements personnels de fa\u00e7on d\u00e9finitive et s\u00e9curitaire.<\/p>\r\n\r\n<h2 class=\"text-uppercase mt-5\">6. Acc\u00e9der \u00e0 vos renseignements personnels et les faire corriger<\/h2>\r\n<p class=\"mb-1\">Vous avez des droits li\u00e9s \u00e0 vos renseignements personnels. Vous pouvez nous demander :<\/p>\r\n<ul class=\"list-group cdx-policy mb-1\">\r\n<li>d'y acc\u00e9der ;<\/li>\r\n<li>de les corriger ou de les mettre \u00e0 jour.<\/li>\r\n<\/ul>\r\n<p>Vous recevrez une confirmation de notre part lorsque les changements ou corrections seront compl\u00e9t\u00e9s.<\/p>\r\n\r\n<h2 class=\"text-uppercase mt-5\">7. Une question, une plainte, un commentaire ?<\/h2>\r\n<p class=\"text_justify mb-1 lh-lg\">Nous avons d\u00e9sign\u00e9 un responsable de la protection des renseignements personnels. Cette personne s'assure que nous respectons les r\u00e8gles d\u00e9crites dans cette politique et dans la loi. Vous pouvez communiquer avec notre responsable de la protection des renseignements personnels aux coordonn\u00e9es suivantes :<\/p>\r\n<h4 class=\"mt-3 chantal\">Madame Chantal Benoit<\/h4>\r\n<p class=\"mb-1\">Responsable de la protection des renseignements personnels<\/p>\r\n<p class=\"mb-1\">Directrice des finances et ressources humaines<\/p>\r\n<p> Cadex Inc.<\/p>\r\n<p class=\"text_justify mb-1 lh-lg\"><a href=\"https:\/\/goo.gl\/maps\/AtXZ6MoEMkeqZzpr9\" rel=\"noopener\" target=\"_blank\">755 Avenue Montrichard St-Jean-sur-Richelieu, Qu\u00e9bec J2X 5K8, Canada<\/a><\/p>\r\n<p class=\"mb-1\">T\u00e9l. :  <a href=\"tel:4503486774\" class=\"\">450-348-6774<\/a><\/p>\r\n<p class=\"text_justify lh-lg\">Courriel : <a href=\"mailto:accounting@cadexinc.com\">accounting@cadexinc.com<\/a><\/p>\r\n\r\n<p class=\"text_justify fw-semibold lh-lg\">Cette politique entre en vigueur le 21 septembre 2023. Mise \u00e0 jour : 25 janvier 2024\r\n<\/p>\r\n<\/div>","protected":false},"excerpt":{"rendered":"<p>1. \u00c0 qui s'adresse cette politique ? Les r\u00e8gles d\u00e9crites dans cette politique vous concernent si nous recueillons vos renseignements personnels par un moyen technologique dans le cadre de nos activit\u00e9s. Par exemple, cette politique s'applique : si vous nous contactez par courriel ; si vous nous contacter par t\u00e9l\u00e9phone ; si vous nous contacter par notre site [...]<\/p>","protected":false},"author":5,"featured_media":0,"parent":0,"menu_order":0,"comment_status":"closed","ping_status":"closed","template":"","meta":{"footnotes":""},"categories":[1],"class_list":["post-16193","page","type-page","status-publish","hentry","category-uncategorized"],"_links":{"self":[{"href":"https:\/\/www.cadexinc.com\/fr\/wp-json\/wp\/v2\/pages\/16193","targetHints":{"allow":["GET"]}}],"collection":[{"href":"https:\/\/www.cadexinc.com\/fr\/wp-json\/wp\/v2\/pages"}],"about":[{"href":"https:\/\/www.cadexinc.com\/fr\/wp-json\/wp\/v2\/types\/page"}],"author":[{"embeddable":true,"href":"https:\/\/www.cadexinc.com\/fr\/wp-json\/wp\/v2\/users\/5"}],"replies":[{"embeddable":true,"href":"https:\/\/www.cadexinc.com\/fr\/wp-json\/wp\/v2\/comments?post=16193"}],"version-history":[{"count":16,"href":"https:\/\/www.cadexinc.com\/fr\/wp-json\/wp\/v2\/pages\/16193\/revisions"}],"predecessor-version":[{"id":16210,"href":"https:\/\/www.cadexinc.com\/fr\/wp-json\/wp\/v2\/pages\/16193\/revisions\/16210"}],"wp:attachment":[{"href":"https:\/\/www.cadexinc.com\/fr\/wp-json\/wp\/v2\/media?parent=16193"}],"wp:term":[{"taxonomy":"category","embeddable":true,"href":"https:\/\/www.cadexinc.com\/fr\/wp-json\/wp\/v2\/categories?post=16193"}],"curies":[{"name":"wp","href":"https:\/\/api.w.org\/{rel}","templated":true}]}}