{"id":161,"date":"2022-05-17T13:25:57","date_gmt":"2022-05-17T17:25:57","guid":{"rendered":"http:\/\/www.cadexinc.com\/?page_id=161"},"modified":"2026-03-19T14:48:03","modified_gmt":"2026-03-19T18:48:03","slug":"enclumes","status":"publish","type":"page","link":"https:\/\/www.cadexinc.com\/fr\/equipement\/accessoires\/enclumes\/","title":{"rendered":"Enclumes"},"content":{"rendered":"<div data-elementor-type=\"wp-page\" data-elementor-id=\"161\" class=\"elementor elementor-161\">\n\t\t\t\t<div class=\"elementor-element elementor-element-1b27af36 e-flex e-con-boxed e-con e-parent\" data-id=\"1b27af36\" data-element_type=\"container\">\n\t\t\t\t\t<div class=\"e-con-inner\">\n\t\t\t\t<div class=\"elementor-element elementor-element-c37d233 elementor-hidden-desktop elementor-hidden-tablet elementor-widget elementor-widget-image\" data-id=\"c37d233\" data-element_type=\"widget\" data-widget_type=\"image.default\">\n\t\t\t\t<div class=\"elementor-widget-container\">\n\t\t\t\t\t\t\t\t\t\t\t\t\t\t\t<img fetchpriority=\"high\" decoding=\"async\" width=\"768\" height=\"1024\" src=\"https:\/\/www.cadexinc.com\/wp-content\/uploads\/2022\/12\/anvil-1-768x1024.jpg\" class=\"attachment-large size-large wp-image-8165\" alt=\"\" srcset=\"https:\/\/www.cadexinc.com\/wp-content\/uploads\/2022\/12\/anvil-1-768x1024.jpg 768w, https:\/\/www.cadexinc.com\/wp-content\/uploads\/2022\/12\/anvil-1-225x300.jpg 225w, https:\/\/www.cadexinc.com\/wp-content\/uploads\/2022\/12\/anvil-1-1152x1536.jpg 1152w, https:\/\/www.cadexinc.com\/wp-content\/uploads\/2022\/12\/anvil-1-1536x2048.jpg 1536w, https:\/\/www.cadexinc.com\/wp-content\/uploads\/2022\/12\/anvil-1-416x555.jpg 416w, https:\/\/www.cadexinc.com\/wp-content\/uploads\/2022\/12\/anvil-1.jpg 1920w\" sizes=\"(max-width: 768px) 100vw, 768px\" \/>\t\t\t\t\t\t\t\t\t\t\t\t\t\t\t<\/div>\n\t\t\t\t<\/div>\n\t\t\t\t\t<\/div>\n\t\t\t\t<\/div>\n\t\t<div class=\"elementor-element elementor-element-1af2634 e-flex e-con-boxed e-con e-parent\" data-id=\"1af2634\" data-element_type=\"container\">\n\t\t\t\t\t<div class=\"e-con-inner\">\n\t\t<div class=\"elementor-element elementor-element-be26019 e-con-full e-flex e-con e-child\" data-id=\"be26019\" data-element_type=\"container\">\n\t\t<div class=\"elementor-element elementor-element-fc51ddd e-con-full e-flex e-con e-child\" data-id=\"fc51ddd\" data-element_type=\"container\">\n\t\t<div class=\"elementor-element elementor-element-94ea93a e-con-full equipment-main-right-block e-flex e-con e-child\" data-id=\"94ea93a\" data-element_type=\"container\">\n\t\t<div class=\"elementor-element elementor-element-e2bcf5c e-con-full e-flex e-con e-child\" data-id=\"e2bcf5c\" data-element_type=\"container\">\n\t\t\t\t<div class=\"elementor-element elementor-element-ef53741 elementor-widget elementor-widget-text-editor\" data-id=\"ef53741\" data-element_type=\"widget\" data-widget_type=\"text-editor.default\">\n\t\t\t\t<div class=\"elementor-widget-container\">\n\t\t\t\t\t\t\t\t\t<p class=\"cdx-title cdx-text-align-justify\">Cadex fabrique une multitude d\u2019enclumes conformes aux normes en vigueur. Le syst\u00e8me de lib\u00e9ration rapide (fonction exclusive Cadex) permet aux techniciens de tests d\u2019interchanger rapidement les configurations d\u2019impact.<\/p>\t\t\t\t\t\t\t\t<\/div>\n\t\t\t\t<\/div>\n\t\t\t\t<div class=\"elementor-element elementor-element-250c683 equipment-sub-titles elementor-widget elementor-widget-heading\" data-id=\"250c683\" data-element_type=\"widget\" data-widget_type=\"heading.default\">\n\t\t\t\t<div class=\"elementor-widget-container\">\n\t\t\t\t\t<h6 class=\"elementor-heading-title elementor-size-default\">CARACT\u00c9RISTIQUES\u202f:<\/h6>\t\t\t\t<\/div>\n\t\t\t\t<\/div>\n\t\t\t\t<div class=\"elementor-element elementor-element-8f8e7d7 elementor-widget elementor-widget-text-editor\" data-id=\"8f8e7d7\" data-element_type=\"widget\" data-widget_type=\"text-editor.default\">\n\t\t\t\t<div class=\"elementor-widget-container\">\n\t\t\t\t\t\t\t\t\t<ul class=\"special-list\">\n<li>Chaque enclume est accompagn\u00e9e d'un certificat de conformit\u00e9<\/li>\n<li>Chaque enclume est livr\u00e9e avec une attache rapide femelle.<\/li>\n<li>Positionnement des enclumes sur 360\u030a<\/li>\n<li>Plus de 20 mod\u00e8les diff\u00e9rents disponibles<\/li>\n<\/ul>\n<p class=\"cdx-tooltip pt-3 text-danger text-start fst-italic fs-7\">*Le connecteur m\u00e2le et la pince \u00e0 verrouillage rapide sont vendus s\u00e9par\u00e9ment.<\/p>\t\t\t\t\t\t\t\t<\/div>\n\t\t\t\t<\/div>\n\t\t\t\t<\/div>\n\t\t<div class=\"elementor-element elementor-element-d437cf5 e-con-full e-grid equipment-page-multi-image-box e-con e-child\" data-id=\"d437cf5\" data-element_type=\"container\">\n\t\t<div class=\"elementor-element elementor-element-175d0f6 e-grid e-con-full equipment-images-left-block e-con e-child\" data-id=\"175d0f6\" data-element_type=\"container\">\n\t\t\t\t<div class=\"elementor-element elementor-element-3d3b95f elementor-widget elementor-widget-image\" data-id=\"3d3b95f\" data-element_type=\"widget\" data-widget_type=\"image.default\">\n\t\t\t\t<div class=\"elementor-widget-container\">\n\t\t\t\t\t\t\t\t\t\t\t\t<figure class=\"wp-caption\">\n\t\t\t\t\t\t\t\t\t\t<img decoding=\"async\" width=\"800\" height=\"722\" src=\"https:\/\/www.cadexinc.com\/wp-content\/uploads\/2023\/07\/anvil-0.jpg\" class=\"attachment-large size-large wp-image-13263\" alt=\"\" srcset=\"https:\/\/www.cadexinc.com\/wp-content\/uploads\/2023\/07\/anvil-0.jpg 800w, https:\/\/www.cadexinc.com\/wp-content\/uploads\/2023\/07\/anvil-0-300x271.jpg 300w, https:\/\/www.cadexinc.com\/wp-content\/uploads\/2023\/07\/anvil-0-768x693.jpg 768w, https:\/\/www.cadexinc.com\/wp-content\/uploads\/2023\/07\/anvil-0-416x375.jpg 416w\" sizes=\"(max-width: 800px) 100vw, 800px\" \/>\t\t\t\t\t\t\t\t\t\t\t<figcaption class=\"widget-image-caption wp-caption-text\">Oblique 45\u00b0- P\/N : 300_01_AO45<\/figcaption>\n\t\t\t\t\t\t\t\t\t\t<\/figure>\n\t\t\t\t\t\t\t\t\t<\/div>\n\t\t\t\t<\/div>\n\t\t\t\t<\/div>\n\t\t\t\t<\/div>\n\t\t\t\t<\/div>\n\t\t\t\t<\/div>\n\t\t<div class=\"elementor-element elementor-element-af4f12c e-con-full e-flex e-con e-child\" data-id=\"af4f12c\" data-element_type=\"container\">\n\t\t\t\t<div class=\"elementor-element elementor-element-f00eedd elementor-hidden-mobile elementor-widget elementor-widget-image\" data-id=\"f00eedd\" data-element_type=\"widget\" data-widget_type=\"image.default\">\n\t\t\t\t<div class=\"elementor-widget-container\">\n\t\t\t\t\t\t\t\t\t\t\t\t\t\t\t<img fetchpriority=\"high\" decoding=\"async\" width=\"768\" height=\"1024\" src=\"https:\/\/www.cadexinc.com\/wp-content\/uploads\/2022\/12\/anvil-1-768x1024.jpg\" class=\"attachment-large size-large wp-image-8165\" alt=\"\" srcset=\"https:\/\/www.cadexinc.com\/wp-content\/uploads\/2022\/12\/anvil-1-768x1024.jpg 768w, https:\/\/www.cadexinc.com\/wp-content\/uploads\/2022\/12\/anvil-1-225x300.jpg 225w, https:\/\/www.cadexinc.com\/wp-content\/uploads\/2022\/12\/anvil-1-1152x1536.jpg 1152w, https:\/\/www.cadexinc.com\/wp-content\/uploads\/2022\/12\/anvil-1-1536x2048.jpg 1536w, https:\/\/www.cadexinc.com\/wp-content\/uploads\/2022\/12\/anvil-1-416x555.jpg 416w, https:\/\/www.cadexinc.com\/wp-content\/uploads\/2022\/12\/anvil-1.jpg 1920w\" sizes=\"(max-width: 768px) 100vw, 768px\" \/>\t\t\t\t\t\t\t\t\t\t\t\t\t\t\t<\/div>\n\t\t\t\t<\/div>\n\t\t\t\t<\/div>\n\t\t\t\t<\/div>\n\t\t\t\t\t<\/div>\n\t\t\t\t<\/div>\n\t\t<div class=\"elementor-element elementor-element-60c2992 e-flex e-con-boxed e-con e-parent\" data-id=\"60c2992\" data-element_type=\"container\">\n\t\t\t\t\t<div class=\"e-con-inner\">\n\t\t<div class=\"elementor-element elementor-element-dc6162f e-con-full e-grid equipment-page-multi-image-box e-con e-child\" data-id=\"dc6162f\" data-element_type=\"container\">\n\t\t\t\t<div class=\"elementor-element elementor-element-2f6db9a elementor-widget elementor-widget-image\" data-id=\"2f6db9a\" data-element_type=\"widget\" data-widget_type=\"image.default\">\n\t\t\t\t<div class=\"elementor-widget-container\">\n\t\t\t\t\t\t\t\t\t\t\t\t<figure class=\"wp-caption\">\n\t\t\t\t\t\t\t\t\t\t<img decoding=\"async\" width=\"800\" height=\"530\" src=\"https:\/\/www.cadexinc.com\/wp-content\/uploads\/2023\/07\/anvil-2-1.jpg\" class=\"attachment-large size-large wp-image-13271\" alt=\"\" srcset=\"https:\/\/www.cadexinc.com\/wp-content\/uploads\/2023\/07\/anvil-2-1.jpg 800w, https:\/\/www.cadexinc.com\/wp-content\/uploads\/2023\/07\/anvil-2-1-300x199.jpg 300w, https:\/\/www.cadexinc.com\/wp-content\/uploads\/2023\/07\/anvil-2-1-768x509.jpg 768w, https:\/\/www.cadexinc.com\/wp-content\/uploads\/2023\/07\/anvil-2-1-416x276.jpg 416w\" sizes=\"(max-width: 800px) 100vw, 800px\" \/>\t\t\t\t\t\t\t\t\t\t\t<figcaption class=\"widget-image-caption wp-caption-text\">Pierre de bordure - P\/N : 300_01_ACPSC<\/figcaption>\n\t\t\t\t\t\t\t\t\t\t<\/figure>\n\t\t\t\t\t\t\t\t\t<\/div>\n\t\t\t\t<\/div>\n\t\t\t\t<div class=\"elementor-element elementor-element-b7a7862 elementor-widget elementor-widget-image\" data-id=\"b7a7862\" data-element_type=\"widget\" data-widget_type=\"image.default\">\n\t\t\t\t<div class=\"elementor-widget-container\">\n\t\t\t\t\t\t\t\t\t\t\t\t<figure class=\"wp-caption\">\n\t\t\t\t\t\t\t\t\t\t<img loading=\"lazy\" decoding=\"async\" width=\"800\" height=\"530\" src=\"https:\/\/www.cadexinc.com\/wp-content\/uploads\/2023\/07\/anvil-8-1.jpg\" class=\"attachment-large size-large wp-image-13292\" alt=\"\" srcset=\"https:\/\/www.cadexinc.com\/wp-content\/uploads\/2023\/07\/anvil-8-1.jpg 800w, https:\/\/www.cadexinc.com\/wp-content\/uploads\/2023\/07\/anvil-8-1-300x199.jpg 300w, https:\/\/www.cadexinc.com\/wp-content\/uploads\/2023\/07\/anvil-8-1-768x509.jpg 768w, https:\/\/www.cadexinc.com\/wp-content\/uploads\/2023\/07\/anvil-8-1-416x276.jpg 416w\" sizes=\"(max-width: 800px) 100vw, 800px\" \/>\t\t\t\t\t\t\t\t\t\t\t<figcaption class=\"widget-image-caption wp-caption-text\">Cylindrique \u00d875mm - P\/N : 300_01_AC75<\/figcaption>\n\t\t\t\t\t\t\t\t\t\t<\/figure>\n\t\t\t\t\t\t\t\t\t<\/div>\n\t\t\t\t<\/div>\n\t\t\t\t<div class=\"elementor-element elementor-element-d6ec233 elementor-widget elementor-widget-image\" data-id=\"d6ec233\" data-element_type=\"widget\" data-widget_type=\"image.default\">\n\t\t\t\t<div class=\"elementor-widget-container\">\n\t\t\t\t\t\t\t\t\t\t\t\t<figure class=\"wp-caption\">\n\t\t\t\t\t\t\t\t\t\t<img loading=\"lazy\" decoding=\"async\" width=\"800\" height=\"530\" src=\"https:\/\/www.cadexinc.com\/wp-content\/uploads\/2023\/07\/anvil-7-1.jpg\" class=\"attachment-large size-large wp-image-13289\" alt=\"\" srcset=\"https:\/\/www.cadexinc.com\/wp-content\/uploads\/2023\/07\/anvil-7-1.jpg 800w, https:\/\/www.cadexinc.com\/wp-content\/uploads\/2023\/07\/anvil-7-1-300x199.jpg 300w, https:\/\/www.cadexinc.com\/wp-content\/uploads\/2023\/07\/anvil-7-1-768x509.jpg 768w, https:\/\/www.cadexinc.com\/wp-content\/uploads\/2023\/07\/anvil-7-1-416x276.jpg 416w\" sizes=\"(max-width: 800px) 100vw, 800px\" \/>\t\t\t\t\t\t\t\t\t\t\t<figcaption class=\"widget-image-caption wp-caption-text\">Plat - P\/N : 300_01_AF130<\/figcaption>\n\t\t\t\t\t\t\t\t\t\t<\/figure>\n\t\t\t\t\t\t\t\t\t<\/div>\n\t\t\t\t<\/div>\n\t\t\t\t<div class=\"elementor-element elementor-element-9023d85 elementor-widget elementor-widget-image\" data-id=\"9023d85\" data-element_type=\"widget\" data-widget_type=\"image.default\">\n\t\t\t\t<div class=\"elementor-widget-container\">\n\t\t\t\t\t\t\t\t\t\t\t\t<figure class=\"wp-caption\">\n\t\t\t\t\t\t\t\t\t\t<img loading=\"lazy\" decoding=\"async\" width=\"800\" height=\"530\" src=\"https:\/\/www.cadexinc.com\/wp-content\/uploads\/2023\/07\/Hemispherical-anvil.jpg\" class=\"attachment-large size-large wp-image-13299\" alt=\"\" srcset=\"https:\/\/www.cadexinc.com\/wp-content\/uploads\/2023\/07\/Hemispherical-anvil.jpg 800w, https:\/\/www.cadexinc.com\/wp-content\/uploads\/2023\/07\/Hemispherical-anvil-300x199.jpg 300w, https:\/\/www.cadexinc.com\/wp-content\/uploads\/2023\/07\/Hemispherical-anvil-768x509.jpg 768w, https:\/\/www.cadexinc.com\/wp-content\/uploads\/2023\/07\/Hemispherical-anvil-416x276.jpg 416w\" sizes=\"(max-width: 800px) 100vw, 800px\" \/>\t\t\t\t\t\t\t\t\t\t\t<figcaption class=\"widget-image-caption wp-caption-text\">H\u00e9misph\u00e9rique - P\/N : 300_01_AH48<\/figcaption>\n\t\t\t\t\t\t\t\t\t\t<\/figure>\n\t\t\t\t\t\t\t\t\t<\/div>\n\t\t\t\t<\/div>\n\t\t\t\t<\/div>\n\t\t<div class=\"elementor-element elementor-element-ee46c8b e-con-full e-grid equipment-page-multi-image-box e-con e-child\" data-id=\"ee46c8b\" data-element_type=\"container\">\n\t\t\t\t<div class=\"elementor-element elementor-element-e0b1547 elementor-widget elementor-widget-image\" data-id=\"e0b1547\" data-element_type=\"widget\" data-widget_type=\"image.default\">\n\t\t\t\t<div class=\"elementor-widget-container\">\n\t\t\t\t\t\t\t\t\t\t\t\t<figure class=\"wp-caption\">\n\t\t\t\t\t\t\t\t\t\t<img loading=\"lazy\" decoding=\"async\" width=\"800\" height=\"530\" src=\"https:\/\/www.cadexinc.com\/wp-content\/uploads\/2023\/07\/anvil-6-1.jpg\" class=\"attachment-large size-large wp-image-13286\" alt=\"\" srcset=\"https:\/\/www.cadexinc.com\/wp-content\/uploads\/2023\/07\/anvil-6-1.jpg 800w, https:\/\/www.cadexinc.com\/wp-content\/uploads\/2023\/07\/anvil-6-1-300x199.jpg 300w, https:\/\/www.cadexinc.com\/wp-content\/uploads\/2023\/07\/anvil-6-1-768x509.jpg 768w, https:\/\/www.cadexinc.com\/wp-content\/uploads\/2023\/07\/anvil-6-1-416x276.jpg 416w\" sizes=\"(max-width: 800px) 100vw, 800px\" \/>\t\t\t\t\t\t\t\t\t\t\t<figcaption class=\"widget-image-caption wp-caption-text\">Edge - P\/N : 300_01_AEQR<\/figcaption>\n\t\t\t\t\t\t\t\t\t\t<\/figure>\n\t\t\t\t\t\t\t\t\t<\/div>\n\t\t\t\t<\/div>\n\t\t\t\t<div class=\"elementor-element elementor-element-1319783 elementor-widget elementor-widget-image\" data-id=\"1319783\" data-element_type=\"widget\" data-widget_type=\"image.default\">\n\t\t\t\t<div class=\"elementor-widget-container\">\n\t\t\t\t\t\t\t\t\t\t\t\t<figure class=\"wp-caption\">\n\t\t\t\t\t\t\t\t\t\t<img loading=\"lazy\" decoding=\"async\" width=\"800\" height=\"530\" src=\"https:\/\/www.cadexinc.com\/wp-content\/uploads\/2023\/07\/anvil-3-1.jpg\" class=\"attachment-large size-large wp-image-13273\" alt=\"\" srcset=\"https:\/\/www.cadexinc.com\/wp-content\/uploads\/2023\/07\/anvil-3-1.jpg 800w, https:\/\/www.cadexinc.com\/wp-content\/uploads\/2023\/07\/anvil-3-1-300x199.jpg 300w, https:\/\/www.cadexinc.com\/wp-content\/uploads\/2023\/07\/anvil-3-1-768x509.jpg 768w, https:\/\/www.cadexinc.com\/wp-content\/uploads\/2023\/07\/anvil-3-1-416x276.jpg 416w\" sizes=\"(max-width: 800px) 100vw, 800px\" \/>\t\t\t\t\t\t\t\t\t\t\t<figcaption class=\"widget-image-caption wp-caption-text\">Curbstone - P\/N : 300_01_AC22<\/figcaption>\n\t\t\t\t\t\t\t\t\t\t<\/figure>\n\t\t\t\t\t\t\t\t\t<\/div>\n\t\t\t\t<\/div>\n\t\t\t\t<div class=\"elementor-element elementor-element-0574ebe elementor-widget elementor-widget-image\" data-id=\"0574ebe\" data-element_type=\"widget\" data-widget_type=\"image.default\">\n\t\t\t\t<div class=\"elementor-widget-container\">\n\t\t\t\t\t\t\t\t\t\t\t\t<figure class=\"wp-caption\">\n\t\t\t\t\t\t\t\t\t\t<img loading=\"lazy\" decoding=\"async\" width=\"800\" height=\"530\" src=\"https:\/\/www.cadexinc.com\/wp-content\/uploads\/2023\/07\/anvil-4.1-1.jpg\" class=\"attachment-large size-large wp-image-13277\" alt=\"\" srcset=\"https:\/\/www.cadexinc.com\/wp-content\/uploads\/2023\/07\/anvil-4.1-1.jpg 800w, https:\/\/www.cadexinc.com\/wp-content\/uploads\/2023\/07\/anvil-4.1-1-300x199.jpg 300w, https:\/\/www.cadexinc.com\/wp-content\/uploads\/2023\/07\/anvil-4.1-1-768x509.jpg 768w, https:\/\/www.cadexinc.com\/wp-content\/uploads\/2023\/07\/anvil-4.1-1-416x276.jpg 416w\" sizes=\"(max-width: 800px) 100vw, 800px\" \/>\t\t\t\t\t\t\t\t\t\t\t<figcaption class=\"widget-image-caption wp-caption-text\">Casque de receveur - P\/N : 300_01_ACHND<\/figcaption>\n\t\t\t\t\t\t\t\t\t\t<\/figure>\n\t\t\t\t\t\t\t\t\t<\/div>\n\t\t\t\t<\/div>\n\t\t\t\t<div class=\"elementor-element elementor-element-05caa02 elementor-widget elementor-widget-image\" data-id=\"05caa02\" data-element_type=\"widget\" data-widget_type=\"image.default\">\n\t\t\t\t<div class=\"elementor-widget-container\">\n\t\t\t\t\t\t\t\t\t\t\t\t<figure class=\"wp-caption\">\n\t\t\t\t\t\t\t\t\t\t<img loading=\"lazy\" decoding=\"async\" width=\"800\" height=\"530\" src=\"https:\/\/www.cadexinc.com\/wp-content\/uploads\/2023\/07\/anvil-5-1.jpg\" class=\"attachment-large size-large wp-image-13283\" alt=\"\" srcset=\"https:\/\/www.cadexinc.com\/wp-content\/uploads\/2023\/07\/anvil-5-1.jpg 800w, https:\/\/www.cadexinc.com\/wp-content\/uploads\/2023\/07\/anvil-5-1-300x199.jpg 300w, https:\/\/www.cadexinc.com\/wp-content\/uploads\/2023\/07\/anvil-5-1-768x509.jpg 768w, https:\/\/www.cadexinc.com\/wp-content\/uploads\/2023\/07\/anvil-5-1-416x276.jpg 416w\" sizes=\"(max-width: 800px) 100vw, 800px\" \/>\t\t\t\t\t\t\t\t\t\t\t<figcaption class=\"widget-image-caption wp-caption-text\">Risque triangulaire - P\/N : 300_01_ATH1<\/figcaption>\n\t\t\t\t\t\t\t\t\t\t<\/figure>\n\t\t\t\t\t\t\t\t\t<\/div>\n\t\t\t\t<\/div>\n\t\t\t\t<\/div>\n\t\t\t\t\t<\/div>\n\t\t\t\t<\/div>\n\t\t\t\t<\/div>","protected":false},"excerpt":{"rendered":"<p>Cadex manufactures a multitude of anvils in accordance with existing standards. The quick-release system (exclusive Cadex feature) allows test technicians to quickly interchange impact setups. FEATURES: Each anvil comes with a certificate of conformity Each anvil comes with a female quick release 360\u030a positioning of the anvils More than 20 different models available *Male quick [&hellip;]<\/p>","protected":false},"author":5,"featured_media":8165,"parent":3154,"menu_order":0,"comment_status":"closed","ping_status":"closed","template":"","meta":{"footnotes":""},"categories":[40],"class_list":["post-161","page","type-page","status-publish","has-post-thumbnail","hentry","category-accessories"],"_links":{"self":[{"href":"https:\/\/www.cadexinc.com\/fr\/wp-json\/wp\/v2\/pages\/161","targetHints":{"allow":["GET"]}}],"collection":[{"href":"https:\/\/www.cadexinc.com\/fr\/wp-json\/wp\/v2\/pages"}],"about":[{"href":"https:\/\/www.cadexinc.com\/fr\/wp-json\/wp\/v2\/types\/page"}],"author":[{"embeddable":true,"href":"https:\/\/www.cadexinc.com\/fr\/wp-json\/wp\/v2\/users\/5"}],"replies":[{"embeddable":true,"href":"https:\/\/www.cadexinc.com\/fr\/wp-json\/wp\/v2\/comments?post=161"}],"version-history":[{"count":353,"href":"https:\/\/www.cadexinc.com\/fr\/wp-json\/wp\/v2\/pages\/161\/revisions"}],"predecessor-version":[{"id":21177,"href":"https:\/\/www.cadexinc.com\/fr\/wp-json\/wp\/v2\/pages\/161\/revisions\/21177"}],"up":[{"embeddable":true,"href":"https:\/\/www.cadexinc.com\/fr\/wp-json\/wp\/v2\/pages\/3154"}],"wp:featuredmedia":[{"embeddable":true,"href":"https:\/\/www.cadexinc.com\/fr\/wp-json\/wp\/v2\/media\/8165"}],"wp:attachment":[{"href":"https:\/\/www.cadexinc.com\/fr\/wp-json\/wp\/v2\/media?parent=161"}],"wp:term":[{"taxonomy":"category","embeddable":true,"href":"https:\/\/www.cadexinc.com\/fr\/wp-json\/wp\/v2\/categories?post=161"}],"curies":[{"name":"wp","href":"https:\/\/api.w.org\/{rel}","templated":true}]}}