{"id":159,"date":"2022-05-17T13:25:40","date_gmt":"2022-05-17T17:25:40","guid":{"rendered":"http:\/\/www.cadexinc.com\/?page_id=159"},"modified":"2026-03-19T14:26:29","modified_gmt":"2026-03-19T18:26:29","slug":"tampon-mep","status":"publish","type":"page","link":"https:\/\/www.cadexinc.com\/fr\/equipement\/accessoires\/tampon-mep\/","title":{"rendered":"Tampon MEP"},"content":{"rendered":"<div data-elementor-type=\"wp-page\" data-elementor-id=\"159\" class=\"elementor elementor-159\">\n\t\t\t\t<div class=\"elementor-element elementor-element-13521ec2 e-flex e-con-boxed e-con e-parent\" data-id=\"13521ec2\" data-element_type=\"container\">\n\t\t\t\t\t<div class=\"e-con-inner\">\n\t\t\t\t\t<\/div>\n\t\t\t\t<\/div>\n\t\t<div class=\"elementor-element elementor-element-5c1f68e e-flex e-con-boxed e-con e-parent\" data-id=\"5c1f68e\" data-element_type=\"container\">\n\t\t\t\t\t<div class=\"e-con-inner\">\n\t\t<div class=\"elementor-element elementor-element-4f612e6 e-con-full e-flex e-con e-child\" data-id=\"4f612e6\" data-element_type=\"container\">\n\t\t<div class=\"elementor-element elementor-element-faba967 e-con-full e-flex e-con e-child\" data-id=\"faba967\" data-element_type=\"container\">\n\t\t<div class=\"elementor-element elementor-element-15ea274 e-con-full equipment-main-right-block e-flex e-con e-child\" data-id=\"15ea274\" data-element_type=\"container\">\n\t\t<div class=\"elementor-element elementor-element-3301e3b e-con-full e-flex e-con e-child\" data-id=\"3301e3b\" data-element_type=\"container\">\n\t\t\t\t<div class=\"elementor-element elementor-element-b23e2b2 elementor-widget elementor-widget-text-editor\" data-id=\"b23e2b2\" data-element_type=\"widget\" data-widget_type=\"text-editor.default\">\n\t\t\t\t<div class=\"elementor-widget-container\">\n\t\t\t\t\t\t\t\t\t<p class=\"cdx-title cdx-text-align-justify\">Le tampon MEP Cadex (Modular Elastomer Programmer) est utilis\u00e9 pour effectuer les proc\u00e9dures de v\u00e9rification du syst\u00e8me. Le MEP est conforme aux normes SNELL, CPSC, ANSI, DOT et autres.<\/p>\t\t\t\t\t\t\t\t<\/div>\n\t\t\t\t<\/div>\n\t\t\t\t<div class=\"elementor-element elementor-element-ae225c5 equipment-sub-titles elementor-widget elementor-widget-heading\" data-id=\"ae225c5\" data-element_type=\"widget\" data-widget_type=\"heading.default\">\n\t\t\t\t<div class=\"elementor-widget-container\">\n\t\t\t\t\t<h6 class=\"elementor-heading-title elementor-size-default\">CARACT\u00c9RISTIQUES\u202f:<\/h6>\t\t\t\t<\/div>\n\t\t\t\t<\/div>\n\t\t\t\t<div class=\"elementor-element elementor-element-5e7c0e8 elementor-widget elementor-widget-text-editor\" data-id=\"5e7c0e8\" data-element_type=\"widget\" data-widget_type=\"text-editor.default\">\n\t\t\t\t<div class=\"elementor-widget-container\">\n\t\t\t\t\t\t\t\t\t<ul class=\"special-list\">\n<li>Livr\u00e9 avec un certificat de conformit\u00e9<\/li>\n<li>Duret\u00e9 : 60 +\/- 2 Shore A<\/li>\n<li>\u00c9paisseur : 1 pouce<\/li>\n<li>Diam\u00e8tre : 6 pouces<\/li>\n<li>Diff\u00e9rentes tailles et duret\u00e9s disponibles<\/li>\n<li>NOCSAE MEP \u00e9galement disponible avec le certificat de conformit\u00e9 SIRC<\/li>\n<\/ul>\t\t\t\t\t\t\t\t<\/div>\n\t\t\t\t<\/div>\n\t\t\t\t<\/div>\n\t\t\t\t<\/div>\n\t\t\t\t<\/div>\n\t\t<div class=\"elementor-element elementor-element-f242b00 e-con-full e-grid e-con e-child\" data-id=\"f242b00\" data-element_type=\"container\">\n\t\t<div class=\"elementor-element elementor-element-06017b5 e-con-full e-grid equipment-page-multi-image-box e-con e-child\" data-id=\"06017b5\" data-element_type=\"container\">\n\t\t\t\t<div class=\"elementor-element elementor-element-72408b0 elementor-widget elementor-widget-image\" data-id=\"72408b0\" data-element_type=\"widget\" data-widget_type=\"image.default\">\n\t\t\t\t<div class=\"elementor-widget-container\">\n\t\t\t\t\t\t\t\t\t\t\t\t\t\t\t<img fetchpriority=\"high\" decoding=\"async\" width=\"980\" height=\"512\" src=\"https:\/\/www.cadexinc.com\/wp-content\/uploads\/2025\/03\/MEP-pad_main.webp\" class=\"attachment-large size-large wp-image-16919\" alt=\"\" srcset=\"https:\/\/www.cadexinc.com\/wp-content\/uploads\/2025\/03\/MEP-pad_main.webp 1000w, https:\/\/www.cadexinc.com\/wp-content\/uploads\/2025\/03\/MEP-pad_main-300x157.webp 300w, https:\/\/www.cadexinc.com\/wp-content\/uploads\/2025\/03\/MEP-pad_main-768x401.webp 768w, https:\/\/www.cadexinc.com\/wp-content\/uploads\/2025\/03\/MEP-pad_main-18x9.webp 18w, https:\/\/www.cadexinc.com\/wp-content\/uploads\/2025\/03\/MEP-pad_main-416x217.webp 416w\" sizes=\"(max-width: 980px) 100vw, 980px\" \/>\t\t\t\t\t\t\t\t\t\t\t\t\t\t\t<\/div>\n\t\t\t\t<\/div>\n\t\t\t\t<div class=\"elementor-element elementor-element-b2b2ab8 elementor-widget elementor-widget-image\" data-id=\"b2b2ab8\" data-element_type=\"widget\" data-widget_type=\"image.default\">\n\t\t\t\t<div class=\"elementor-widget-container\">\n\t\t\t\t\t\t\t\t\t\t\t\t<figure class=\"wp-caption\">\n\t\t\t\t\t\t\t\t\t\t<img decoding=\"async\" width=\"842\" height=\"466\" src=\"https:\/\/www.cadexinc.com\/wp-content\/uploads\/2025\/03\/Optional-multipurpose-MEP.webp\" class=\"attachment-large size-large wp-image-16920\" alt=\"\" srcset=\"https:\/\/www.cadexinc.com\/wp-content\/uploads\/2025\/03\/Optional-multipurpose-MEP.webp 842w, https:\/\/www.cadexinc.com\/wp-content\/uploads\/2025\/03\/Optional-multipurpose-MEP-300x166.webp 300w, https:\/\/www.cadexinc.com\/wp-content\/uploads\/2025\/03\/Optional-multipurpose-MEP-768x425.webp 768w, https:\/\/www.cadexinc.com\/wp-content\/uploads\/2025\/03\/Optional-multipurpose-MEP-18x10.webp 18w, https:\/\/www.cadexinc.com\/wp-content\/uploads\/2025\/03\/Optional-multipurpose-MEP-416x230.webp 416w\" sizes=\"(max-width: 842px) 100vw, 842px\" \/>\t\t\t\t\t\t\t\t\t\t\t<figcaption class=\"widget-image-caption wp-caption-text\">Plaque de support polyvalente optionnelle P\/N : 300_11_AMRI<\/figcaption>\n\t\t\t\t\t\t\t\t\t\t<\/figure>\n\t\t\t\t\t\t\t\t\t<\/div>\n\t\t\t\t<\/div>\n\t\t\t\t<\/div>\n\t\t\t\t<\/div>\n\t\t\t\t<\/div>\n\t\t\t\t\t<\/div>\n\t\t\t\t<\/div>\n\t\t<div class=\"elementor-element elementor-element-f0b1afe e-flex e-con-boxed e-con e-parent\" data-id=\"f0b1afe\" data-element_type=\"container\">\n\t\t\t\t\t<div class=\"e-con-inner\">\n\t\t\t\t<div class=\"elementor-element elementor-element-eddb20c elementor-widget elementor-widget-spacer\" data-id=\"eddb20c\" data-element_type=\"widget\" data-widget_type=\"spacer.default\">\n\t\t\t\t<div class=\"elementor-widget-container\">\n\t\t\t\t\t\t\t<div class=\"elementor-spacer\">\n\t\t\t<div class=\"elementor-spacer-inner\"><\/div>\n\t\t<\/div>\n\t\t\t\t\t\t<\/div>\n\t\t\t\t<\/div>\n\t\t\t\t\t<\/div>\n\t\t\t\t<\/div>\n\t\t<div class=\"elementor-element elementor-element-6a70439 e-flex e-con-boxed e-con e-parent\" data-id=\"6a70439\" data-element_type=\"container\">\n\t\t\t\t\t<div class=\"e-con-inner\">\n\t\t<div class=\"elementor-element elementor-element-5af4286 e-con-full e-grid equipment-page-multi-image-box e-con e-child\" data-id=\"5af4286\" data-element_type=\"container\">\n\t\t\t\t<div class=\"elementor-element elementor-element-91dfee1 elementor-widget__width-inherit elementor-widget elementor-widget-text-editor\" data-id=\"91dfee1\" data-element_type=\"widget\" data-widget_type=\"text-editor.default\">\n\t\t\t\t<div class=\"elementor-widget-container\">\n\t\t\t\t\t\t\t\t\t<p>Duret\u00e9\u202f: 70 \u00b1 5 Shore A<br \/>\u00c9paisseur : 1 pouce Diam\u00e8tre : 6 pouces<\/p>\t\t\t\t\t\t\t\t<\/div>\n\t\t\t\t<\/div>\n\t\t\t\t<div class=\"elementor-element elementor-element-bf2cd4f elementor-widget__width-inherit elementor-widget elementor-widget-text-editor\" data-id=\"bf2cd4f\" data-element_type=\"widget\" data-widget_type=\"text-editor.default\">\n\t\t\t\t<div class=\"elementor-widget-container\">\n\t\t\t\t\t\t\t\t\t<p>Duret\u00e9 : 90 +\/- 5 Shore A<br \/>\u00c9paisseur : 1\/8 po Diam\u00e8tre : 6 po<\/p>\t\t\t\t\t\t\t\t<\/div>\n\t\t\t\t<\/div>\n\t\t\t\t<div class=\"elementor-element elementor-element-995745b elementor-widget__width-inherit elementor-widget elementor-widget-text-editor\" data-id=\"995745b\" data-element_type=\"widget\" data-widget_type=\"text-editor.default\">\n\t\t\t\t<div class=\"elementor-widget-container\">\n\t\t\t\t\t\t\t\t\t<p>Duret\u00e9 : 60 +\/- 2 Shore A<br \/>\u00c9paisseur : 1 pouce Diam\u00e8tre : 5 pouces<\/p>\t\t\t\t\t\t\t\t<\/div>\n\t\t\t\t<\/div>\n\t\t\t\t<\/div>\n\t\t<div class=\"elementor-element elementor-element-8a87b9d e-con-full e-grid equipment-page-multi-image-box e-con e-child\" data-id=\"8a87b9d\" data-element_type=\"container\">\n\t\t\t\t<div class=\"elementor-element elementor-element-faaad34 elementor-widget elementor-widget-image\" data-id=\"faaad34\" data-element_type=\"widget\" data-widget_type=\"image.default\">\n\t\t\t\t<div class=\"elementor-widget-container\">\n\t\t\t\t\t\t\t\t\t\t\t\t<figure class=\"wp-caption\">\n\t\t\t\t\t\t\t\t\t\t<img decoding=\"async\" width=\"537\" height=\"492\" src=\"https:\/\/www.cadexinc.com\/wp-content\/uploads\/2025\/03\/300_11_M70.webp\" class=\"attachment-large size-large wp-image-16917\" alt=\"\" srcset=\"https:\/\/www.cadexinc.com\/wp-content\/uploads\/2025\/03\/300_11_M70.webp 537w, https:\/\/www.cadexinc.com\/wp-content\/uploads\/2025\/03\/300_11_M70-300x275.webp 300w, https:\/\/www.cadexinc.com\/wp-content\/uploads\/2025\/03\/300_11_M70-13x12.webp 13w, https:\/\/www.cadexinc.com\/wp-content\/uploads\/2025\/03\/300_11_M70-416x381.webp 416w\" sizes=\"(max-width: 537px) 100vw, 537px\" \/>\t\t\t\t\t\t\t\t\t\t\t<figcaption class=\"widget-image-caption wp-caption-text\">300_11_M70.webp<\/figcaption>\n\t\t\t\t\t\t\t\t\t\t<\/figure>\n\t\t\t\t\t\t\t\t\t<\/div>\n\t\t\t\t<\/div>\n\t\t\t\t<div class=\"elementor-element elementor-element-3f31469 elementor-widget elementor-widget-image\" data-id=\"3f31469\" data-element_type=\"widget\" data-widget_type=\"image.default\">\n\t\t\t\t<div class=\"elementor-widget-container\">\n\t\t\t\t\t\t\t\t\t\t\t\t<figure class=\"wp-caption\">\n\t\t\t\t\t\t\t\t\t\t<img loading=\"lazy\" decoding=\"async\" width=\"537\" height=\"492\" src=\"https:\/\/www.cadexinc.com\/wp-content\/uploads\/2025\/03\/300_11_M90N.webp\" class=\"attachment-large size-large wp-image-16918\" alt=\"\" srcset=\"https:\/\/www.cadexinc.com\/wp-content\/uploads\/2025\/03\/300_11_M90N.webp 537w, https:\/\/www.cadexinc.com\/wp-content\/uploads\/2025\/03\/300_11_M90N-300x275.webp 300w, https:\/\/www.cadexinc.com\/wp-content\/uploads\/2025\/03\/300_11_M90N-13x12.webp 13w, https:\/\/www.cadexinc.com\/wp-content\/uploads\/2025\/03\/300_11_M90N-416x381.webp 416w\" sizes=\"(max-width: 537px) 100vw, 537px\" \/>\t\t\t\t\t\t\t\t\t\t\t<figcaption class=\"widget-image-caption wp-caption-text\">P\/N : 300_11_M90N<\/figcaption>\n\t\t\t\t\t\t\t\t\t\t<\/figure>\n\t\t\t\t\t\t\t\t\t<\/div>\n\t\t\t\t<\/div>\n\t\t\t\t<div class=\"elementor-element elementor-element-3c6b0fe elementor-widget elementor-widget-image\" data-id=\"3c6b0fe\" data-element_type=\"widget\" data-widget_type=\"image.default\">\n\t\t\t\t<div class=\"elementor-widget-container\">\n\t\t\t\t\t\t\t\t\t\t\t\t<figure class=\"wp-caption\">\n\t\t\t\t\t\t\t\t\t\t<img loading=\"lazy\" decoding=\"async\" width=\"537\" height=\"492\" src=\"https:\/\/www.cadexinc.com\/wp-content\/uploads\/2025\/03\/300_11_M60T.webp\" class=\"attachment-large size-large wp-image-16916\" alt=\"\" srcset=\"https:\/\/www.cadexinc.com\/wp-content\/uploads\/2025\/03\/300_11_M60T.webp 537w, https:\/\/www.cadexinc.com\/wp-content\/uploads\/2025\/03\/300_11_M60T-300x275.webp 300w, https:\/\/www.cadexinc.com\/wp-content\/uploads\/2025\/03\/300_11_M60T-13x12.webp 13w, https:\/\/www.cadexinc.com\/wp-content\/uploads\/2025\/03\/300_11_M60T-416x381.webp 416w\" sizes=\"(max-width: 537px) 100vw, 537px\" \/>\t\t\t\t\t\t\t\t\t\t\t<figcaption class=\"widget-image-caption wp-caption-text\">Pour les essais triaxiaux - P\/N : 300_11_M60T<\/figcaption>\n\t\t\t\t\t\t\t\t\t\t<\/figure>\n\t\t\t\t\t\t\t\t\t<\/div>\n\t\t\t\t<\/div>\n\t\t\t\t<\/div>\n\t\t\t\t\t<\/div>\n\t\t\t\t<\/div>\n\t\t\t\t<\/div>","protected":false},"excerpt":{"rendered":"<p>The Cadex\u2019s MEP pad (Modular Elastomer Programmer) is used to perform system check procedures. The MEP complies with SNELL, CPSC, ANSI, DOT and other standards. FEATURES: Comes with a certificate of conformity Hardness: 60 +\/- 2 Shore A Thickness: 1 in Diameter: 6 in Different sizes and hardness available NOCSAE MEP also available with SIRC [&hellip;]<\/p>","protected":false},"author":5,"featured_media":16919,"parent":3154,"menu_order":0,"comment_status":"closed","ping_status":"closed","template":"","meta":{"footnotes":""},"categories":[40],"class_list":["post-159","page","type-page","status-publish","has-post-thumbnail","hentry","category-accessories"],"_links":{"self":[{"href":"https:\/\/www.cadexinc.com\/fr\/wp-json\/wp\/v2\/pages\/159","targetHints":{"allow":["GET"]}}],"collection":[{"href":"https:\/\/www.cadexinc.com\/fr\/wp-json\/wp\/v2\/pages"}],"about":[{"href":"https:\/\/www.cadexinc.com\/fr\/wp-json\/wp\/v2\/types\/page"}],"author":[{"embeddable":true,"href":"https:\/\/www.cadexinc.com\/fr\/wp-json\/wp\/v2\/users\/5"}],"replies":[{"embeddable":true,"href":"https:\/\/www.cadexinc.com\/fr\/wp-json\/wp\/v2\/comments?post=159"}],"version-history":[{"count":182,"href":"https:\/\/www.cadexinc.com\/fr\/wp-json\/wp\/v2\/pages\/159\/revisions"}],"predecessor-version":[{"id":21170,"href":"https:\/\/www.cadexinc.com\/fr\/wp-json\/wp\/v2\/pages\/159\/revisions\/21170"}],"up":[{"embeddable":true,"href":"https:\/\/www.cadexinc.com\/fr\/wp-json\/wp\/v2\/pages\/3154"}],"wp:featuredmedia":[{"embeddable":true,"href":"https:\/\/www.cadexinc.com\/fr\/wp-json\/wp\/v2\/media\/16919"}],"wp:attachment":[{"href":"https:\/\/www.cadexinc.com\/fr\/wp-json\/wp\/v2\/media?parent=159"}],"wp:term":[{"taxonomy":"category","embeddable":true,"href":"https:\/\/www.cadexinc.com\/fr\/wp-json\/wp\/v2\/categories?post=159"}],"curies":[{"name":"wp","href":"https:\/\/api.w.org\/{rel}","templated":true}]}}