{"id":157,"date":"2022-05-17T13:25:20","date_gmt":"2022-05-17T17:25:20","guid":{"rendered":"http:\/\/www.cadexinc.com\/?page_id=157"},"modified":"2026-03-19T13:54:51","modified_gmt":"2026-03-19T17:54:51","slug":"supports-de-tete-de-stylo","status":"publish","type":"page","link":"https:\/\/www.cadexinc.com\/fr\/equipement\/accessoires\/supports-de-tete-de-stylo\/","title":{"rendered":"Support pour p\u00e9n\u00e9trateur et t\u00eate de test"},"content":{"rendered":"<div data-elementor-type=\"wp-page\" data-elementor-id=\"157\" class=\"elementor elementor-157\">\n\t\t\t\t<div class=\"elementor-element elementor-element-28602af8 elementor-hidden-desktop elementor-hidden-tablet e-flex e-con-boxed e-con e-parent\" data-id=\"28602af8\" data-element_type=\"container\">\n\t\t\t\t\t<div class=\"e-con-inner\">\n\t\t\t\t<div class=\"elementor-element elementor-element-dcab601 elementor-widget elementor-widget-image\" data-id=\"dcab601\" data-element_type=\"widget\" data-widget_type=\"image.default\">\n\t\t\t\t<div class=\"elementor-widget-container\">\n\t\t\t\t\t\t\t\t\t\t\t\t\t\t\t<img fetchpriority=\"high\" decoding=\"async\" width=\"546\" height=\"1024\" src=\"https:\/\/www.cadexinc.com\/wp-content\/uploads\/2023\/07\/PenHeadform-main-546x1024.webp\" class=\"attachment-large size-large wp-image-14690\" alt=\"\" srcset=\"https:\/\/www.cadexinc.com\/wp-content\/uploads\/2023\/07\/PenHeadform-main-546x1024.webp 546w, https:\/\/www.cadexinc.com\/wp-content\/uploads\/2023\/07\/PenHeadform-main-160x300.webp 160w, https:\/\/www.cadexinc.com\/wp-content\/uploads\/2023\/07\/PenHeadform-main-768x1441.webp 768w, https:\/\/www.cadexinc.com\/wp-content\/uploads\/2023\/07\/PenHeadform-main-818x1536.webp 818w, https:\/\/www.cadexinc.com\/wp-content\/uploads\/2023\/07\/PenHeadform-main-416x781.webp 416w, https:\/\/www.cadexinc.com\/wp-content\/uploads\/2023\/07\/PenHeadform-main.webp 1023w\" sizes=\"(max-width: 546px) 100vw, 546px\" \/>\t\t\t\t\t\t\t\t\t\t\t\t\t\t\t<\/div>\n\t\t\t\t<\/div>\n\t\t\t\t\t<\/div>\n\t\t\t\t<\/div>\n\t\t<div class=\"elementor-element elementor-element-c413285 e-flex e-con-boxed e-con e-parent\" data-id=\"c413285\" data-element_type=\"container\">\n\t\t\t\t\t<div class=\"e-con-inner\">\n\t\t<div class=\"elementor-element elementor-element-97c207c e-con-full e-flex e-con e-child\" data-id=\"97c207c\" data-element_type=\"container\">\n\t\t<div class=\"elementor-element elementor-element-e41f805 e-con-full e-flex e-con e-child\" data-id=\"e41f805\" data-element_type=\"container\">\n\t\t<div class=\"elementor-element elementor-element-a78a4fa e-con-full equipment-main-right-block e-flex e-con e-child\" data-id=\"a78a4fa\" data-element_type=\"container\">\n\t\t<div class=\"elementor-element elementor-element-18a926b e-con-full e-flex e-con e-child\" data-id=\"18a926b\" data-element_type=\"container\">\n\t\t\t\t<div class=\"elementor-element elementor-element-1bd0894 elementor-widget elementor-widget-text-editor\" data-id=\"1bd0894\" data-element_type=\"widget\" data-widget_type=\"text-editor.default\">\n\t\t\t\t<div class=\"elementor-widget-container\">\n\t\t\t\t\t\t\t\t\t<p class=\"cdx-title cdx-text-align-justify\">Le support pour p\u00e9n\u00e9trateur et le socle rotatif pour t\u00eate de test Cadex sont utilis\u00e9s pour tracer des lignes de test horizontales. Ce produit est principalement utilis\u00e9 pour le tra\u00e7age de lignes.<\/p>\t\t\t\t\t\t\t\t<\/div>\n\t\t\t\t<\/div>\n\t\t\t\t<div class=\"elementor-element elementor-element-b1d6196 equipment-sub-titles elementor-widget elementor-widget-heading\" data-id=\"b1d6196\" data-element_type=\"widget\" data-widget_type=\"heading.default\">\n\t\t\t\t<div class=\"elementor-widget-container\">\n\t\t\t\t\t<h6 class=\"elementor-heading-title elementor-size-default\">Dimensions (approx.) :<\/h6>\t\t\t\t<\/div>\n\t\t\t\t<\/div>\n\t\t\t\t<div class=\"elementor-element elementor-element-b8570e2 elementor-widget elementor-widget-text-editor\" data-id=\"b8570e2\" data-element_type=\"widget\" data-widget_type=\"text-editor.default\">\n\t\t\t\t<div class=\"elementor-widget-container\">\n\t\t\t\t\t\t\t\t\t<p><span class=\"fw-semibold text-decoration-underline pt-2 ps-0\">Porte-stylo<\/span><\/p><ul class=\"special-list\"><li>Longueur : 15,24 cm<\/li><li>Width:\u00a0 \u00a015.24 cm \/ 6 in<\/li><li>Height:\u00a0 50.8 cm \/ 20 in<\/li><\/ul><p><span class=\"fw-semibold text-decoration-underline pt-2 ps-0\">Support pour t\u00eate de test<\/span><\/p><ul class=\"special-list\"><li>Longueur : 10,16 cm<\/li><li>Width:\u00a0 \u00a010.16 cm \/ 4 in<\/li><li>Height:\u00a0 34.29 cm \/ 13.5 in<\/li><\/ul><p class=\"text-danger fst-italic fs-7 mb-1 pt-3 cdx-notation\">*Stylo et t\u00eate de test non inclus<\/p><p class=\"text-danger fst-italic fs-7 mb-1 pt-3 cdx-notation\">*T\u00eate de test vendue s\u00e9par\u00e9ment<\/p>\t\t\t\t\t\t\t\t<\/div>\n\t\t\t\t<\/div>\n\t\t<div class=\"elementor-element elementor-element-334bc91 e-con-full e-grid equipment-page-multi-image-box e-con e-child\" data-id=\"334bc91\" data-element_type=\"container\">\n\t\t\t\t<div class=\"elementor-element elementor-element-aa1309d elementor-widget elementor-widget-image\" data-id=\"aa1309d\" data-element_type=\"widget\" data-widget_type=\"image.default\">\n\t\t\t\t<div class=\"elementor-widget-container\">\n\t\t\t\t\t\t\t\t\t\t\t\t<figure class=\"wp-caption\">\n\t\t\t\t\t\t\t\t\t\t<img decoding=\"async\" width=\"980\" height=\"893\" src=\"https:\/\/www.cadexinc.com\/wp-content\/uploads\/2022\/12\/SB004-2-1024x933.jpg\" class=\"attachment-large size-large wp-image-8960\" alt=\"\" srcset=\"https:\/\/www.cadexinc.com\/wp-content\/uploads\/2022\/12\/SB004-2-1024x933.jpg 1024w, https:\/\/www.cadexinc.com\/wp-content\/uploads\/2022\/12\/SB004-2-300x273.jpg 300w, https:\/\/www.cadexinc.com\/wp-content\/uploads\/2022\/12\/SB004-2-768x700.jpg 768w, https:\/\/www.cadexinc.com\/wp-content\/uploads\/2022\/12\/SB004-2-1536x1399.jpg 1536w, https:\/\/www.cadexinc.com\/wp-content\/uploads\/2022\/12\/SB004-2-2048x1865.jpg 2048w, https:\/\/www.cadexinc.com\/wp-content\/uploads\/2022\/12\/SB004-2-416x379.jpg 416w\" sizes=\"(max-width: 980px) 100vw, 980px\" \/>\t\t\t\t\t\t\t\t\t\t\t<figcaption class=\"widget-image-caption wp-caption-text\">Tracer des rep\u00e8res pr\u00e9cis sur la t\u00eate de test<\/figcaption>\n\t\t\t\t\t\t\t\t\t\t<\/figure>\n\t\t\t\t\t\t\t\t\t<\/div>\n\t\t\t\t<\/div>\n\t\t\t\t<\/div>\n\t\t\t\t<\/div>\n\t\t\t\t<\/div>\n\t\t\t\t<\/div>\n\t\t<div class=\"elementor-element elementor-element-5ed1923 e-con-full e-flex e-con e-child\" data-id=\"5ed1923\" data-element_type=\"container\">\n\t\t\t\t<div class=\"elementor-element elementor-element-baf96de elementor-hidden-mobile elementor-widget elementor-widget-image\" data-id=\"baf96de\" data-element_type=\"widget\" data-widget_type=\"image.default\">\n\t\t\t\t<div class=\"elementor-widget-container\">\n\t\t\t\t\t\t\t\t\t\t\t\t\t\t\t<img fetchpriority=\"high\" decoding=\"async\" width=\"546\" height=\"1024\" src=\"https:\/\/www.cadexinc.com\/wp-content\/uploads\/2023\/07\/PenHeadform-main-546x1024.webp\" class=\"attachment-large size-large wp-image-14690\" alt=\"\" srcset=\"https:\/\/www.cadexinc.com\/wp-content\/uploads\/2023\/07\/PenHeadform-main-546x1024.webp 546w, https:\/\/www.cadexinc.com\/wp-content\/uploads\/2023\/07\/PenHeadform-main-160x300.webp 160w, https:\/\/www.cadexinc.com\/wp-content\/uploads\/2023\/07\/PenHeadform-main-768x1441.webp 768w, https:\/\/www.cadexinc.com\/wp-content\/uploads\/2023\/07\/PenHeadform-main-818x1536.webp 818w, https:\/\/www.cadexinc.com\/wp-content\/uploads\/2023\/07\/PenHeadform-main-416x781.webp 416w, https:\/\/www.cadexinc.com\/wp-content\/uploads\/2023\/07\/PenHeadform-main.webp 1023w\" sizes=\"(max-width: 546px) 100vw, 546px\" \/>\t\t\t\t\t\t\t\t\t\t\t\t\t\t\t<\/div>\n\t\t\t\t<\/div>\n\t\t\t\t<\/div>\n\t\t\t\t<\/div>\n\t\t\t\t\t<\/div>\n\t\t\t\t<\/div>\n\t\t\t\t<\/div>","protected":false},"excerpt":{"rendered":"<p>The Cadex pen holder and rotating headform stand is used to trace horizontal test lines. This product is mostly used for tracing lines. Dimensions (Approx.): Pen HolderLength: 15.24 cm \/ 6 inWidth:\u00a0 \u00a015.24 cm \/ 6 inHeight:\u00a0 50.8 cm \/ 20 inHeadform HolderLength: 10.16 cm \/ 4 inWidth:\u00a0 \u00a010.16 cm \/ 4 inHeight:\u00a0 34.29 cm [&hellip;]<\/p>","protected":false},"author":5,"featured_media":14690,"parent":3154,"menu_order":0,"comment_status":"closed","ping_status":"closed","template":"","meta":{"footnotes":""},"categories":[40],"class_list":["post-157","page","type-page","status-publish","has-post-thumbnail","hentry","category-accessories"],"_links":{"self":[{"href":"https:\/\/www.cadexinc.com\/fr\/wp-json\/wp\/v2\/pages\/157","targetHints":{"allow":["GET"]}}],"collection":[{"href":"https:\/\/www.cadexinc.com\/fr\/wp-json\/wp\/v2\/pages"}],"about":[{"href":"https:\/\/www.cadexinc.com\/fr\/wp-json\/wp\/v2\/types\/page"}],"author":[{"embeddable":true,"href":"https:\/\/www.cadexinc.com\/fr\/wp-json\/wp\/v2\/users\/5"}],"replies":[{"embeddable":true,"href":"https:\/\/www.cadexinc.com\/fr\/wp-json\/wp\/v2\/comments?post=157"}],"version-history":[{"count":90,"href":"https:\/\/www.cadexinc.com\/fr\/wp-json\/wp\/v2\/pages\/157\/revisions"}],"predecessor-version":[{"id":21153,"href":"https:\/\/www.cadexinc.com\/fr\/wp-json\/wp\/v2\/pages\/157\/revisions\/21153"}],"up":[{"embeddable":true,"href":"https:\/\/www.cadexinc.com\/fr\/wp-json\/wp\/v2\/pages\/3154"}],"wp:featuredmedia":[{"embeddable":true,"href":"https:\/\/www.cadexinc.com\/fr\/wp-json\/wp\/v2\/media\/14690"}],"wp:attachment":[{"href":"https:\/\/www.cadexinc.com\/fr\/wp-json\/wp\/v2\/media?parent=157"}],"wp:term":[{"taxonomy":"category","embeddable":true,"href":"https:\/\/www.cadexinc.com\/fr\/wp-json\/wp\/v2\/categories?post=157"}],"curies":[{"name":"wp","href":"https:\/\/api.w.org\/{rel}","templated":true}]}}