{"id":155,"date":"2022-05-17T13:24:53","date_gmt":"2022-05-17T17:24:53","guid":{"rendered":"http:\/\/www.cadexinc.com\/?page_id=155"},"modified":"2026-03-17T12:45:03","modified_gmt":"2026-03-17T16:45:03","slug":"table-laser","status":"publish","type":"page","link":"https:\/\/www.cadexinc.com\/fr\/equipement\/machines\/machines-a-chocs\/table-laser\/","title":{"rendered":"Table laser"},"content":{"rendered":"<div data-elementor-type=\"wp-page\" data-elementor-id=\"155\" class=\"elementor elementor-155\">\n\t\t\t\t<div class=\"elementor-element elementor-element-5a212e38 elementor-hidden-desktop elementor-hidden-tablet e-flex e-con-boxed e-con e-parent\" data-id=\"5a212e38\" data-element_type=\"container\">\n\t\t\t\t\t<div class=\"e-con-inner\">\n\t\t\t\t<div class=\"elementor-element elementor-element-ee963d8 elementor-widget elementor-widget-image\" data-id=\"ee963d8\" data-element_type=\"widget\" data-widget_type=\"image.default\">\n\t\t\t\t<div class=\"elementor-widget-container\">\n\t\t\t\t\t\t\t\t\t\t\t\t\t\t\t<img fetchpriority=\"high\" decoding=\"async\" width=\"1325\" height=\"2000\" src=\"https:\/\/www.cadexinc.com\/wp-content\/uploads\/2022\/12\/SB005-1.jpg\" class=\"attachment-full size-full wp-image-8631\" alt=\"\" srcset=\"https:\/\/www.cadexinc.com\/wp-content\/uploads\/2022\/12\/SB005-1.jpg 1325w, https:\/\/www.cadexinc.com\/wp-content\/uploads\/2022\/12\/SB005-1-199x300.jpg 199w, https:\/\/www.cadexinc.com\/wp-content\/uploads\/2022\/12\/SB005-1-678x1024.jpg 678w, https:\/\/www.cadexinc.com\/wp-content\/uploads\/2022\/12\/SB005-1-768x1159.jpg 768w, https:\/\/www.cadexinc.com\/wp-content\/uploads\/2022\/12\/SB005-1-1018x1536.jpg 1018w, https:\/\/www.cadexinc.com\/wp-content\/uploads\/2022\/12\/SB005-1-416x628.jpg 416w\" sizes=\"(max-width: 1325px) 100vw, 1325px\" \/>\t\t\t\t\t\t\t\t\t\t\t\t\t\t\t<\/div>\n\t\t\t\t<\/div>\n\t\t\t\t\t<\/div>\n\t\t\t\t<\/div>\n\t\t<div class=\"elementor-element elementor-element-7d7319f e-flex e-con-boxed e-con e-parent\" data-id=\"7d7319f\" data-element_type=\"container\">\n\t\t\t\t\t<div class=\"e-con-inner\">\n\t\t<div class=\"elementor-element elementor-element-16886d7 e-con-full e-flex e-con e-child\" data-id=\"16886d7\" data-element_type=\"container\">\n\t\t<div class=\"elementor-element elementor-element-91bb101 e-con-full e-flex e-con e-child\" data-id=\"91bb101\" data-element_type=\"container\">\n\t\t<div class=\"elementor-element elementor-element-8757e00 e-con-full equipment-main-right-block e-flex e-con e-child\" data-id=\"8757e00\" data-element_type=\"container\">\n\t\t<div class=\"elementor-element elementor-element-0bfbe43 e-con-full e-flex e-con e-child\" data-id=\"0bfbe43\" data-element_type=\"container\">\n\t\t\t\t<div class=\"elementor-element elementor-element-ee8564c elementor-widget elementor-widget-text-editor\" data-id=\"ee8564c\" data-element_type=\"widget\" data-widget_type=\"text-editor.default\">\n\t\t\t\t<div class=\"elementor-widget-container\">\n\t\t\t\t\t\t\t\t\t<p class=\"cdx-title cdx-text-align-justify\">La table laser Cadex est con\u00e7ue conform\u00e9ment aux r\u00e9glementations ECE\u202fR22 et EN\u202f1078. Elle est utilis\u00e9e pour tracer les lignes de test et les points d\u2019impact \u00e0 l\u2019aide de lasers guides sur les formes de t\u00eate.<\/p>\t\t\t\t\t\t\t\t<\/div>\n\t\t\t\t<\/div>\n\t\t\t\t<div class=\"elementor-element elementor-element-2935799 equipment-sub-titles elementor-widget elementor-widget-heading\" data-id=\"2935799\" data-element_type=\"widget\" data-widget_type=\"heading.default\">\n\t\t\t\t<div class=\"elementor-widget-container\">\n\t\t\t\t\t<h6 class=\"elementor-heading-title elementor-size-default\">DIMENSIONS (APPROX.) :<\/h6>\t\t\t\t<\/div>\n\t\t\t\t<\/div>\n\t\t\t\t<div class=\"elementor-element elementor-element-6ba65f5 elementor-widget elementor-widget-text-editor\" data-id=\"6ba65f5\" data-element_type=\"widget\" data-widget_type=\"text-editor.default\">\n\t\t\t\t<div class=\"elementor-widget-container\">\n\t\t\t\t\t\t\t\t\t<ul class=\"special-list\">\n<li>Longueur : 86,69 cm \/ 34,13 in<\/li>\n<li>Width:\u00a0 \u00a096.52 cm \/ 38 in<\/li>\n<li>Hauteur : 192,4 cm \/ 75,75 in<\/li>\n<\/ul>\t\t\t\t\t\t\t\t<\/div>\n\t\t\t\t<\/div>\n\t\t\t\t<div class=\"elementor-element elementor-element-1e8c02b equipment-sub-titles elementor-widget elementor-widget-heading\" data-id=\"1e8c02b\" data-element_type=\"widget\" data-widget_type=\"heading.default\">\n\t\t\t\t<div class=\"elementor-widget-container\">\n\t\t\t\t\t<h6 class=\"elementor-heading-title elementor-size-default\">EXIGENCES\u202f:<\/h6>\t\t\t\t<\/div>\n\t\t\t\t<\/div>\n\t\t\t\t<div class=\"elementor-element elementor-element-c90cdf7 elementor-widget elementor-widget-text-editor\" data-id=\"c90cdf7\" data-element_type=\"widget\" data-widget_type=\"text-editor.default\">\n\t\t\t\t<div class=\"elementor-widget-container\">\n\t\t\t\t\t\t\t\t\t<ul class=\"special-list\">\n<li>Power: 110v\/220v \u2013 50\/60 Hz<\/li>\n<\/ul>\t\t\t\t\t\t\t\t<\/div>\n\t\t\t\t<\/div>\n\t\t\t\t<div class=\"elementor-element elementor-element-e4cb1c6 equipment-sub-titles elementor-widget elementor-widget-heading\" data-id=\"e4cb1c6\" data-element_type=\"widget\" data-widget_type=\"heading.default\">\n\t\t\t\t<div class=\"elementor-widget-container\">\n\t\t\t\t\t<h6 class=\"elementor-heading-title elementor-size-default\">CARACT\u00c9RISTIQUES\u202f:<\/h6>\t\t\t\t<\/div>\n\t\t\t\t<\/div>\n\t\t\t\t<div class=\"elementor-element elementor-element-a6f6551 elementor-widget elementor-widget-text-editor\" data-id=\"a6f6551\" data-element_type=\"widget\" data-widget_type=\"text-editor.default\">\n\t\t\t\t<div class=\"elementor-widget-container\">\n\t\t\t\t\t\t\t\t\t<ul class=\"special-list\">\n<li>Support de forme de t\u00eate inclinable et rotatif<\/li>\n<li>5 lasers r\u00e9glables (hauteur et angle)<\/li>\n<\/ul>\t\t\t\t\t\t\t\t<\/div>\n\t\t\t\t<\/div>\n\t\t<div class=\"elementor-element elementor-element-1dd90de e-con-full e-grid equipment-page-multi-image-box e-con e-child\" data-id=\"1dd90de\" data-element_type=\"container\">\n\t\t<div class=\"elementor-element elementor-element-61dde63 e-grid e-con-full equipment-images-left-block e-con e-child\" data-id=\"61dde63\" data-element_type=\"container\">\n\t\t\t\t<div class=\"elementor-element elementor-element-22e1b8b elementor-widget elementor-widget-image\" data-id=\"22e1b8b\" data-element_type=\"widget\" data-widget_type=\"image.default\">\n\t\t\t\t<div class=\"elementor-widget-container\">\n\t\t\t\t\t\t\t\t\t\t\t\t<figure class=\"wp-caption\">\n\t\t\t\t\t\t\t\t\t\t<img decoding=\"async\" src=\"https:\/\/www.cadexinc.com\/wp-content\/uploads\/2022\/12\/SB005-2.jpg\" title=\"SB005-2\" alt=\"SB005-2\" loading=\"lazy\" \/>\t\t\t\t\t\t\t\t\t\t\t<figcaption class=\"widget-image-caption wp-caption-text\">R\u00e9glage du laser<\/figcaption>\n\t\t\t\t\t\t\t\t\t\t<\/figure>\n\t\t\t\t\t\t\t\t\t<\/div>\n\t\t\t\t<\/div>\n\t\t\t\t<\/div>\n\t\t\t\t<\/div>\n\t\t\t\t<\/div>\n\t\t\t\t<\/div>\n\t\t\t\t<\/div>\n\t\t<div class=\"elementor-element elementor-element-8c57599 e-con-full elementor-hidden-mobile e-flex e-con e-child\" data-id=\"8c57599\" data-element_type=\"container\">\n\t\t\t\t<div class=\"elementor-element elementor-element-b333db9 elementor-hidden-mobile elementor-widget elementor-widget-image\" data-id=\"b333db9\" data-element_type=\"widget\" data-widget_type=\"image.default\">\n\t\t\t\t<div class=\"elementor-widget-container\">\n\t\t\t\t\t\t\t\t\t\t\t\t\t\t\t<img fetchpriority=\"high\" decoding=\"async\" width=\"1325\" height=\"2000\" src=\"https:\/\/www.cadexinc.com\/wp-content\/uploads\/2022\/12\/SB005-1.jpg\" class=\"attachment-full size-full wp-image-8631\" alt=\"\" srcset=\"https:\/\/www.cadexinc.com\/wp-content\/uploads\/2022\/12\/SB005-1.jpg 1325w, https:\/\/www.cadexinc.com\/wp-content\/uploads\/2022\/12\/SB005-1-199x300.jpg 199w, https:\/\/www.cadexinc.com\/wp-content\/uploads\/2022\/12\/SB005-1-678x1024.jpg 678w, https:\/\/www.cadexinc.com\/wp-content\/uploads\/2022\/12\/SB005-1-768x1159.jpg 768w, https:\/\/www.cadexinc.com\/wp-content\/uploads\/2022\/12\/SB005-1-1018x1536.jpg 1018w, https:\/\/www.cadexinc.com\/wp-content\/uploads\/2022\/12\/SB005-1-416x628.jpg 416w\" sizes=\"(max-width: 1325px) 100vw, 1325px\" \/>\t\t\t\t\t\t\t\t\t\t\t\t\t\t\t<\/div>\n\t\t\t\t<\/div>\n\t\t\t\t<\/div>\n\t\t\t\t<\/div>\n\t\t\t\t\t<\/div>\n\t\t\t\t<\/div>\n\t\t<div class=\"elementor-element elementor-element-7edfb94 e-flex e-con-boxed e-con e-parent\" data-id=\"7edfb94\" data-element_type=\"container\">\n\t\t\t\t\t<div class=\"e-con-inner\">\n\t\t<div class=\"elementor-element elementor-element-78995cf e-con-full e-grid equipment-page-multi-image-box e-con e-child\" data-id=\"78995cf\" data-element_type=\"container\">\n\t\t<div class=\"elementor-element elementor-element-57488a5 e-grid e-con-full equipment-images-left-block e-con e-child\" data-id=\"57488a5\" data-element_type=\"container\">\n\t\t\t\t<div class=\"elementor-element elementor-element-6549769 elementor-widget elementor-widget-image\" data-id=\"6549769\" data-element_type=\"widget\" data-widget_type=\"image.default\">\n\t\t\t\t<div class=\"elementor-widget-container\">\n\t\t\t\t\t\t\t\t\t\t\t\t<figure class=\"wp-caption\">\n\t\t\t\t\t\t\t\t\t\t<img decoding=\"async\" src=\"https:\/\/www.cadexinc.com\/wp-content\/uploads\/2022\/12\/SB005-3.jpg\" title=\"SB005-3\" alt=\"SB005-3\" loading=\"lazy\" \/>\t\t\t\t\t\t\t\t\t\t\t<figcaption class=\"widget-image-caption wp-caption-text\">Support de forme de t\u00eate inclinable et rotatif<\/figcaption>\n\t\t\t\t\t\t\t\t\t\t<\/figure>\n\t\t\t\t\t\t\t\t\t<\/div>\n\t\t\t\t<\/div>\n\t\t\t\t<div class=\"elementor-element elementor-element-b538b10 elementor-widget elementor-widget-image\" data-id=\"b538b10\" data-element_type=\"widget\" data-widget_type=\"image.default\">\n\t\t\t\t<div class=\"elementor-widget-container\">\n\t\t\t\t\t\t\t\t\t\t\t\t<figure class=\"wp-caption\">\n\t\t\t\t\t\t\t\t\t\t<img decoding=\"async\" width=\"491\" height=\"279\" src=\"https:\/\/www.cadexinc.com\/wp-content\/uploads\/2022\/11\/tableau_lumiere-5.jpg\" class=\"attachment-large size-large wp-image-6120\" alt=\"\" srcset=\"https:\/\/www.cadexinc.com\/wp-content\/uploads\/2022\/11\/tableau_lumiere-5.jpg 491w, https:\/\/www.cadexinc.com\/wp-content\/uploads\/2022\/11\/tableau_lumiere-5-300x170.jpg 300w, https:\/\/www.cadexinc.com\/wp-content\/uploads\/2022\/11\/tableau_lumiere-5-416x236.jpg 416w\" sizes=\"(max-width: 491px) 100vw, 491px\" \/>\t\t\t\t\t\t\t\t\t\t\t<figcaption class=\"widget-image-caption wp-caption-text\">Bo\u00eetier de contr\u00f4le \u00e9clair\u00e9 par LED<\/figcaption>\n\t\t\t\t\t\t\t\t\t\t<\/figure>\n\t\t\t\t\t\t\t\t\t<\/div>\n\t\t\t\t<\/div>\n\t\t\t\t<div class=\"elementor-element elementor-element-550f790 elementor-widget elementor-widget-image\" data-id=\"550f790\" data-element_type=\"widget\" data-widget_type=\"image.default\">\n\t\t\t\t<div class=\"elementor-widget-container\">\n\t\t\t\t\t\t\t\t\t\t\t\t<figure class=\"wp-caption\">\n\t\t\t\t\t\t\t\t\t\t<img decoding=\"async\" width=\"579\" height=\"558\" src=\"https:\/\/www.cadexinc.com\/wp-content\/uploads\/2022\/12\/SB005-4.jpg\" class=\"attachment-full size-full wp-image-8628\" alt=\"\" srcset=\"https:\/\/www.cadexinc.com\/wp-content\/uploads\/2022\/12\/SB005-4.jpg 579w, https:\/\/www.cadexinc.com\/wp-content\/uploads\/2022\/12\/SB005-4-300x289.jpg 300w, https:\/\/www.cadexinc.com\/wp-content\/uploads\/2022\/12\/SB005-4-416x401.jpg 416w\" sizes=\"(max-width: 579px) 100vw, 579px\" \/>\t\t\t\t\t\t\t\t\t\t\t<figcaption class=\"widget-image-caption wp-caption-text\">5 lasers guides inclus<\/figcaption>\n\t\t\t\t\t\t\t\t\t\t<\/figure>\n\t\t\t\t\t\t\t\t\t<\/div>\n\t\t\t\t<\/div>\n\t\t\t\t<\/div>\n\t\t\t\t<\/div>\n\t\t\t\t\t<\/div>\n\t\t\t\t<\/div>\n\t\t\t\t<\/div>","protected":false},"excerpt":{"rendered":"<p>The Cadex laser table is designed in accordance with ECE R22 and EN 1078 regulation. It is used to draw test lines and impact points with guiding lasers on the headforms. DIMENSIONS (APPROX.): Length: 86.69 cm \/ 34.13 in Width:\u00a0 \u00a096.52 cm \/ 38 in Height: 192.4 cm \/ 75.75 in REQUIREMENTS: Power: 110v\/220v \u2013 [&hellip;]<\/p>","protected":false},"author":5,"featured_media":8631,"parent":3180,"menu_order":0,"comment_status":"closed","ping_status":"closed","template":"","meta":{"footnotes":""},"categories":[36],"class_list":["post-155","page","type-page","status-publish","has-post-thumbnail","hentry","category-impact-machines"],"_links":{"self":[{"href":"https:\/\/www.cadexinc.com\/fr\/wp-json\/wp\/v2\/pages\/155","targetHints":{"allow":["GET"]}}],"collection":[{"href":"https:\/\/www.cadexinc.com\/fr\/wp-json\/wp\/v2\/pages"}],"about":[{"href":"https:\/\/www.cadexinc.com\/fr\/wp-json\/wp\/v2\/types\/page"}],"author":[{"embeddable":true,"href":"https:\/\/www.cadexinc.com\/fr\/wp-json\/wp\/v2\/users\/5"}],"replies":[{"embeddable":true,"href":"https:\/\/www.cadexinc.com\/fr\/wp-json\/wp\/v2\/comments?post=155"}],"version-history":[{"count":76,"href":"https:\/\/www.cadexinc.com\/fr\/wp-json\/wp\/v2\/pages\/155\/revisions"}],"predecessor-version":[{"id":21013,"href":"https:\/\/www.cadexinc.com\/fr\/wp-json\/wp\/v2\/pages\/155\/revisions\/21013"}],"up":[{"embeddable":true,"href":"https:\/\/www.cadexinc.com\/fr\/wp-json\/wp\/v2\/pages\/3180"}],"wp:featuredmedia":[{"embeddable":true,"href":"https:\/\/www.cadexinc.com\/fr\/wp-json\/wp\/v2\/media\/8631"}],"wp:attachment":[{"href":"https:\/\/www.cadexinc.com\/fr\/wp-json\/wp\/v2\/media?parent=155"}],"wp:term":[{"taxonomy":"category","embeddable":true,"href":"https:\/\/www.cadexinc.com\/fr\/wp-json\/wp\/v2\/categories?post=155"}],"curies":[{"name":"wp","href":"https:\/\/api.w.org\/{rel}","templated":true}]}}