{"id":153,"date":"2022-05-17T13:24:17","date_gmt":"2022-05-17T17:24:17","guid":{"rendered":"http:\/\/www.cadexinc.com\/?page_id=153"},"modified":"2026-03-19T13:46:16","modified_gmt":"2026-03-19T17:46:16","slug":"systeme-de-test-dielectrique-ansi","status":"publish","type":"page","link":"https:\/\/www.cadexinc.com\/fr\/equipement\/machines\/machines-dielectriques\/systeme-de-test-dielectrique-ansi\/","title":{"rendered":"\u00c9quipement de test di\u00e9lectrique (ANSI)"},"content":{"rendered":"<div data-elementor-type=\"wp-page\" data-elementor-id=\"153\" class=\"elementor elementor-153\">\n\t\t\t\t<div class=\"elementor-element elementor-element-21052f44 elementor-hidden-desktop elementor-hidden-tablet e-flex e-con-boxed e-con e-parent\" data-id=\"21052f44\" data-element_type=\"container\">\n\t\t\t\t\t<div class=\"e-con-inner\">\n\t\t\t\t<div class=\"elementor-element elementor-element-8346e0b elementor-widget elementor-widget-image\" data-id=\"8346e0b\" data-element_type=\"widget\" data-widget_type=\"image.default\">\n\t\t\t\t<div class=\"elementor-widget-container\">\n\t\t\t\t\t\t\t\t\t\t\t\t\t\t\t<img fetchpriority=\"high\" decoding=\"async\" width=\"980\" height=\"910\" src=\"https:\/\/www.cadexinc.com\/wp-content\/uploads\/2025\/03\/Dielectric-Testing-Equipment-ANSI_main-1024x951.webp\" class=\"attachment-large size-large wp-image-16858\" alt=\"\" srcset=\"https:\/\/www.cadexinc.com\/wp-content\/uploads\/2025\/03\/Dielectric-Testing-Equipment-ANSI_main-1024x951.webp 1024w, https:\/\/www.cadexinc.com\/wp-content\/uploads\/2025\/03\/Dielectric-Testing-Equipment-ANSI_main-300x279.webp 300w, https:\/\/www.cadexinc.com\/wp-content\/uploads\/2025\/03\/Dielectric-Testing-Equipment-ANSI_main-768x713.webp 768w, https:\/\/www.cadexinc.com\/wp-content\/uploads\/2025\/03\/Dielectric-Testing-Equipment-ANSI_main-13x12.webp 13w, https:\/\/www.cadexinc.com\/wp-content\/uploads\/2025\/03\/Dielectric-Testing-Equipment-ANSI_main-416x386.webp 416w, https:\/\/www.cadexinc.com\/wp-content\/uploads\/2025\/03\/Dielectric-Testing-Equipment-ANSI_main.webp 1200w\" sizes=\"(max-width: 980px) 100vw, 980px\" \/>\t\t\t\t\t\t\t\t\t\t\t\t\t\t\t<\/div>\n\t\t\t\t<\/div>\n\t\t\t\t\t<\/div>\n\t\t\t\t<\/div>\n\t\t<div class=\"elementor-element elementor-element-3d7e2f0 e-flex e-con-boxed e-con e-parent\" data-id=\"3d7e2f0\" data-element_type=\"container\">\n\t\t\t\t\t<div class=\"e-con-inner\">\n\t\t<div class=\"elementor-element elementor-element-4fedbe9 e-con-full e-flex e-con e-child\" data-id=\"4fedbe9\" data-element_type=\"container\">\n\t\t<div class=\"elementor-element elementor-element-bb62a10 e-con-full e-flex e-con e-child\" data-id=\"bb62a10\" data-element_type=\"container\">\n\t\t<div class=\"elementor-element elementor-element-0b70b7f e-con-full equipment-main-right-block e-flex e-con e-child\" data-id=\"0b70b7f\" data-element_type=\"container\">\n\t\t<div class=\"elementor-element elementor-element-e1f474a e-con-full e-flex e-con e-child\" data-id=\"e1f474a\" data-element_type=\"container\">\n\t\t\t\t<div class=\"elementor-element elementor-element-5b94596 elementor-widget elementor-widget-text-editor\" data-id=\"5b94596\" data-element_type=\"widget\" data-widget_type=\"text-editor.default\">\n\t\t\t\t<div class=\"elementor-widget-container\">\n\t\t\t\t\t\t\t\t\t<p class=\"cdx-title cdx-text-align-justify\">L\u2019\u00e9quipement de test di\u00e9lectrique Cadex (ANSI) est con\u00e7u et fabriqu\u00e9 pour mesurer les propri\u00e9t\u00e9s di\u00e9lectriques de la coque d\u2019un casque de s\u00e9curit\u00e9. Le courant \u00e9lectrique de fuite est mesur\u00e9 lorsqu\u2019une tension \u00e0 haute tension est appliqu\u00e9e sur un c\u00f4t\u00e9 de la coque du casque, dans des conditions humides. Con\u00e7u selon les normes ANSI\/ISEA Z89.1.<\/p>\t\t\t\t\t\t\t\t<\/div>\n\t\t\t\t<\/div>\n\t\t\t\t<div class=\"elementor-element elementor-element-349a971 equipment-sub-titles elementor-widget elementor-widget-heading\" data-id=\"349a971\" data-element_type=\"widget\" data-widget_type=\"heading.default\">\n\t\t\t\t<div class=\"elementor-widget-container\">\n\t\t\t\t\t<h6 class=\"elementor-heading-title elementor-size-default\">DIMENSIONS (APPROX.) :<\/h6>\t\t\t\t<\/div>\n\t\t\t\t<\/div>\n\t\t\t\t<div class=\"elementor-element elementor-element-0aa7dec elementor-widget elementor-widget-text-editor\" data-id=\"0aa7dec\" data-element_type=\"widget\" data-widget_type=\"text-editor.default\">\n\t\t\t\t<div class=\"elementor-widget-container\">\n\t\t\t\t\t\t\t\t\t<ul class=\"special-list\">\n<li>Longueur : 152,4 cm \/ 60 in<\/li>\n<li>Width:\u00a0 \u00a060.96 cm \/ 24 in<\/li>\n<li>Hauteur : 127 cm<\/li>\n<\/ul>\t\t\t\t\t\t\t\t<\/div>\n\t\t\t\t<\/div>\n\t\t\t\t<div class=\"elementor-element elementor-element-81741f7 equipment-sub-titles elementor-widget elementor-widget-heading\" data-id=\"81741f7\" data-element_type=\"widget\" data-widget_type=\"heading.default\">\n\t\t\t\t<div class=\"elementor-widget-container\">\n\t\t\t\t\t<h6 class=\"elementor-heading-title elementor-size-default\">CARACT\u00c9RISTIQUES\u202f:<\/h6>\t\t\t\t<\/div>\n\t\t\t\t<\/div>\n\t\t\t\t<div class=\"elementor-element elementor-element-8c9c360 elementor-widget elementor-widget-text-editor\" data-id=\"8c9c360\" data-element_type=\"widget\" data-widget_type=\"text-editor.default\">\n\t\t\t\t<div class=\"elementor-widget-container\">\n\t\t\t\t\t\t\t\t\t<ul class=\"special-list\">\n<li>System generating up to 40,000 VAC\/60Hz<\/li>\n<li>Analog voltmeter and ammeter display<\/li>\n<li>R\u00e9glage manuel de la tension d'alimentation<\/li>\n<li>C\u00e2blage \u00e9lectrique de haute qualit\u00e9<\/li>\n<li>Interrupteurs de s\u00e9curit\u00e9 int\u00e9gr\u00e9s<\/li>\n<li>R\u00e9cipient en polycarbonate pour contenir l'eau douce<\/li>\n<li>Ventilateur lat\u00e9ral pour l'extraction des gaz g\u00e9n\u00e9r\u00e9s pendant l'essai (ces gaz doivent \u00eatre \u00e9vacu\u00e9s \u00e0 l'ext\u00e9rieur de la salle d'essai et du b\u00e2timent).<\/li>\n<\/ul>\t\t\t\t\t\t\t\t<\/div>\n\t\t\t\t<\/div>\n\t\t\t\t<div class=\"elementor-element elementor-element-ba41fb6 equipment-sub-titles elementor-widget elementor-widget-heading\" data-id=\"ba41fb6\" data-element_type=\"widget\" data-widget_type=\"heading.default\">\n\t\t\t\t<div class=\"elementor-widget-container\">\n\t\t\t\t\t<h6 class=\"elementor-heading-title elementor-size-default\">EXIGENCES\u202f:<\/h6>\t\t\t\t<\/div>\n\t\t\t\t<\/div>\n\t\t\t\t<div class=\"elementor-element elementor-element-fb50479 elementor-widget elementor-widget-text-editor\" data-id=\"fb50479\" data-element_type=\"widget\" data-widget_type=\"text-editor.default\">\n\t\t\t\t<div class=\"elementor-widget-container\">\n\t\t\t\t\t\t\t\t\t<ul class=\"special-list\">\n<li>Power: 110v\/220v \u2013 50\/60 Hz<\/li>\n<\/ul>\t\t\t\t\t\t\t\t<\/div>\n\t\t\t\t<\/div>\n\t\t\t\t<\/div>\n\t\t\t\t<\/div>\n\t\t<div class=\"elementor-element elementor-element-eabf015 e-con-full e-grid equipment-page-multi-image-box e-con e-child\" data-id=\"eabf015\" data-element_type=\"container\">\n\t\t<div class=\"elementor-element elementor-element-7a3762d e-grid e-con-full equipment-images-left-block e-con e-child\" data-id=\"7a3762d\" data-element_type=\"container\">\n\t\t\t\t<div class=\"elementor-element elementor-element-ff9bc0d elementor-widget elementor-widget-image\" data-id=\"ff9bc0d\" data-element_type=\"widget\" data-widget_type=\"image.default\">\n\t\t\t\t<div class=\"elementor-widget-container\">\n\t\t\t\t\t\t\t\t\t\t\t\t<figure class=\"wp-caption\">\n\t\t\t\t\t\t\t\t\t\t<img decoding=\"async\" width=\"980\" height=\"649\" src=\"https:\/\/www.cadexinc.com\/wp-content\/uploads\/2022\/12\/SB188-2-1024x678.jpg\" class=\"attachment-large size-large wp-image-9112\" alt=\"\" srcset=\"https:\/\/www.cadexinc.com\/wp-content\/uploads\/2022\/12\/SB188-2-1024x678.jpg 1024w, https:\/\/www.cadexinc.com\/wp-content\/uploads\/2022\/12\/SB188-2-300x199.jpg 300w, https:\/\/www.cadexinc.com\/wp-content\/uploads\/2022\/12\/SB188-2-768x509.jpg 768w, https:\/\/www.cadexinc.com\/wp-content\/uploads\/2022\/12\/SB188-2-1536x1018.jpg 1536w, https:\/\/www.cadexinc.com\/wp-content\/uploads\/2022\/12\/SB188-2-416x276.jpg 416w, https:\/\/www.cadexinc.com\/wp-content\/uploads\/2022\/12\/SB188-2.jpg 2000w\" sizes=\"(max-width: 980px) 100vw, 980px\" \/>\t\t\t\t\t\t\t\t\t\t\t<figcaption class=\"widget-image-caption wp-caption-text\">C\u00e2blage \u00e9lectrique de haute qualit\u00e9<\/figcaption>\n\t\t\t\t\t\t\t\t\t\t<\/figure>\n\t\t\t\t\t\t\t\t\t<\/div>\n\t\t\t\t<\/div>\n\t\t\t\t<\/div>\n\t\t\t\t<div class=\"elementor-element elementor-element-1139e72 elementor-widget elementor-widget-image\" data-id=\"1139e72\" data-element_type=\"widget\" data-widget_type=\"image.default\">\n\t\t\t\t<div class=\"elementor-widget-container\">\n\t\t\t\t\t\t\t\t\t\t\t\t<figure class=\"wp-caption\">\n\t\t\t\t\t\t\t\t\t\t<img decoding=\"async\" width=\"675\" height=\"550\" src=\"https:\/\/www.cadexinc.com\/wp-content\/uploads\/2025\/03\/Dielectric-Testing-Equipment-ANSI_Control-panel.webp\" class=\"attachment-large size-large wp-image-16864\" alt=\"\" srcset=\"https:\/\/www.cadexinc.com\/wp-content\/uploads\/2025\/03\/Dielectric-Testing-Equipment-ANSI_Control-panel.webp 675w, https:\/\/www.cadexinc.com\/wp-content\/uploads\/2025\/03\/Dielectric-Testing-Equipment-ANSI_Control-panel-300x244.webp 300w, https:\/\/www.cadexinc.com\/wp-content\/uploads\/2025\/03\/Dielectric-Testing-Equipment-ANSI_Control-panel-15x12.webp 15w, https:\/\/www.cadexinc.com\/wp-content\/uploads\/2025\/03\/Dielectric-Testing-Equipment-ANSI_Control-panel-416x339.webp 416w\" sizes=\"(max-width: 675px) 100vw, 675px\" \/>\t\t\t\t\t\t\t\t\t\t\t<figcaption class=\"widget-image-caption wp-caption-text\">Panneau de contr\u00f4le avec bouton d\u2019arr\u00eat d\u2019urgence<\/figcaption>\n\t\t\t\t\t\t\t\t\t\t<\/figure>\n\t\t\t\t\t\t\t\t\t<\/div>\n\t\t\t\t<\/div>\n\t\t\t\t<\/div>\n\t\t\t\t<\/div>\n\t\t<div class=\"elementor-element elementor-element-e6c7e81 e-con-full e-flex e-con e-child\" data-id=\"e6c7e81\" data-element_type=\"container\">\n\t\t\t\t<div class=\"elementor-element elementor-element-b821eea elementor-hidden-mobile elementor-widget elementor-widget-image\" data-id=\"b821eea\" data-element_type=\"widget\" data-widget_type=\"image.default\">\n\t\t\t\t<div class=\"elementor-widget-container\">\n\t\t\t\t\t\t\t\t\t\t\t\t\t\t\t<img fetchpriority=\"high\" decoding=\"async\" width=\"980\" height=\"910\" src=\"https:\/\/www.cadexinc.com\/wp-content\/uploads\/2025\/03\/Dielectric-Testing-Equipment-ANSI_main-1024x951.webp\" class=\"attachment-large size-large wp-image-16858\" alt=\"\" srcset=\"https:\/\/www.cadexinc.com\/wp-content\/uploads\/2025\/03\/Dielectric-Testing-Equipment-ANSI_main-1024x951.webp 1024w, https:\/\/www.cadexinc.com\/wp-content\/uploads\/2025\/03\/Dielectric-Testing-Equipment-ANSI_main-300x279.webp 300w, https:\/\/www.cadexinc.com\/wp-content\/uploads\/2025\/03\/Dielectric-Testing-Equipment-ANSI_main-768x713.webp 768w, https:\/\/www.cadexinc.com\/wp-content\/uploads\/2025\/03\/Dielectric-Testing-Equipment-ANSI_main-13x12.webp 13w, https:\/\/www.cadexinc.com\/wp-content\/uploads\/2025\/03\/Dielectric-Testing-Equipment-ANSI_main-416x386.webp 416w, https:\/\/www.cadexinc.com\/wp-content\/uploads\/2025\/03\/Dielectric-Testing-Equipment-ANSI_main.webp 1200w\" sizes=\"(max-width: 980px) 100vw, 980px\" \/>\t\t\t\t\t\t\t\t\t\t\t\t\t\t\t<\/div>\n\t\t\t\t<\/div>\n\t\t\t\t<\/div>\n\t\t\t\t<\/div>\n\t\t\t\t\t<\/div>\n\t\t\t\t<\/div>\n\t\t\t\t<\/div>","protected":false},"excerpt":{"rendered":"<p>The Cadex dielectric testing equipment (ANSI) is designed and manufactured to measure the dielectric properties of a hard hat&#8217;s shell. The leaking electric current is measured when a high-voltage tension is applied on one side of the helmet\u2019s shell, under wet conditions. Designed according to the ANSI\/ISEA Z89.1 standards. DIMENSIONS (APPROX.): Length: 152.4 cm \/ [&hellip;]<\/p>","protected":false},"author":5,"featured_media":16858,"parent":3204,"menu_order":0,"comment_status":"closed","ping_status":"closed","template":"","meta":{"footnotes":""},"categories":[39],"class_list":["post-153","page","type-page","status-publish","has-post-thumbnail","hentry","category-electronic-data-equipment"],"_links":{"self":[{"href":"https:\/\/www.cadexinc.com\/fr\/wp-json\/wp\/v2\/pages\/153","targetHints":{"allow":["GET"]}}],"collection":[{"href":"https:\/\/www.cadexinc.com\/fr\/wp-json\/wp\/v2\/pages"}],"about":[{"href":"https:\/\/www.cadexinc.com\/fr\/wp-json\/wp\/v2\/types\/page"}],"author":[{"embeddable":true,"href":"https:\/\/www.cadexinc.com\/fr\/wp-json\/wp\/v2\/users\/5"}],"replies":[{"embeddable":true,"href":"https:\/\/www.cadexinc.com\/fr\/wp-json\/wp\/v2\/comments?post=153"}],"version-history":[{"count":90,"href":"https:\/\/www.cadexinc.com\/fr\/wp-json\/wp\/v2\/pages\/153\/revisions"}],"predecessor-version":[{"id":21146,"href":"https:\/\/www.cadexinc.com\/fr\/wp-json\/wp\/v2\/pages\/153\/revisions\/21146"}],"up":[{"embeddable":true,"href":"https:\/\/www.cadexinc.com\/fr\/wp-json\/wp\/v2\/pages\/3204"}],"wp:featuredmedia":[{"embeddable":true,"href":"https:\/\/www.cadexinc.com\/fr\/wp-json\/wp\/v2\/media\/16858"}],"wp:attachment":[{"href":"https:\/\/www.cadexinc.com\/fr\/wp-json\/wp\/v2\/media?parent=153"}],"wp:term":[{"taxonomy":"category","embeddable":true,"href":"https:\/\/www.cadexinc.com\/fr\/wp-json\/wp\/v2\/categories?post=153"}],"curies":[{"name":"wp","href":"https:\/\/api.w.org\/{rel}","templated":true}]}}