{"id":151,"date":"2022-05-17T13:23:57","date_gmt":"2022-05-17T17:23:57","guid":{"rendered":"http:\/\/www.cadexinc.com\/?page_id=151"},"modified":"2026-03-19T13:35:40","modified_gmt":"2026-03-19T17:35:40","slug":"systeme-dessai-dielectrique-double","status":"publish","type":"page","link":"https:\/\/www.cadexinc.com\/fr\/equipement\/machines\/machines-dielectriques\/systeme-dessai-dielectrique-double\/","title":{"rendered":"\u00c9quipement de test di\u00e9lectrique <\/br>(CSA &amp; ANSI)"},"content":{"rendered":"<div data-elementor-type=\"wp-page\" data-elementor-id=\"151\" class=\"elementor elementor-151\">\n\t\t\t\t<div class=\"elementor-element elementor-element-40800905 elementor-hidden-desktop elementor-hidden-tablet e-flex e-con-boxed e-con e-parent\" data-id=\"40800905\" data-element_type=\"container\">\n\t\t\t\t\t<div class=\"e-con-inner\">\n\t\t\t\t<div class=\"elementor-element elementor-element-2f197f3 elementor-widget elementor-widget-image\" data-id=\"2f197f3\" data-element_type=\"widget\" data-widget_type=\"image.default\">\n\t\t\t\t<div class=\"elementor-widget-container\">\n\t\t\t\t\t\t\t\t\t\t\t\t\t\t\t<img fetchpriority=\"high\" decoding=\"async\" width=\"980\" height=\"746\" src=\"https:\/\/www.cadexinc.com\/wp-content\/uploads\/2025\/03\/Dielectric-Testing-Equipment-CSA-ANSI_main-1024x779.webp\" class=\"attachment-large size-large wp-image-16832\" alt=\"\" srcset=\"https:\/\/www.cadexinc.com\/wp-content\/uploads\/2025\/03\/Dielectric-Testing-Equipment-CSA-ANSI_main-1024x779.webp 1024w, https:\/\/www.cadexinc.com\/wp-content\/uploads\/2025\/03\/Dielectric-Testing-Equipment-CSA-ANSI_main-300x228.webp 300w, https:\/\/www.cadexinc.com\/wp-content\/uploads\/2025\/03\/Dielectric-Testing-Equipment-CSA-ANSI_main-768x584.webp 768w, https:\/\/www.cadexinc.com\/wp-content\/uploads\/2025\/03\/Dielectric-Testing-Equipment-CSA-ANSI_main-16x12.webp 16w, https:\/\/www.cadexinc.com\/wp-content\/uploads\/2025\/03\/Dielectric-Testing-Equipment-CSA-ANSI_main-416x317.webp 416w, https:\/\/www.cadexinc.com\/wp-content\/uploads\/2025\/03\/Dielectric-Testing-Equipment-CSA-ANSI_main.webp 1200w\" sizes=\"(max-width: 980px) 100vw, 980px\" \/>\t\t\t\t\t\t\t\t\t\t\t\t\t\t\t<\/div>\n\t\t\t\t<\/div>\n\t\t\t\t\t<\/div>\n\t\t\t\t<\/div>\n\t\t<div class=\"elementor-element elementor-element-81f610a e-flex e-con-boxed e-con e-parent\" data-id=\"81f610a\" data-element_type=\"container\">\n\t\t\t\t\t<div class=\"e-con-inner\">\n\t\t<div class=\"elementor-element elementor-element-6a48a73 e-con-full e-flex e-con e-child\" data-id=\"6a48a73\" data-element_type=\"container\">\n\t\t<div class=\"elementor-element elementor-element-60e7dbb e-con-full e-flex e-con e-child\" data-id=\"60e7dbb\" data-element_type=\"container\">\n\t\t<div class=\"elementor-element elementor-element-9c031b2 e-con-full equipment-main-right-block e-flex e-con e-child\" data-id=\"9c031b2\" data-element_type=\"container\">\n\t\t<div class=\"elementor-element elementor-element-c2553a7 e-con-full e-flex e-con e-child\" data-id=\"c2553a7\" data-element_type=\"container\">\n\t\t\t\t<div class=\"elementor-element elementor-element-81309db elementor-widget elementor-widget-text-editor\" data-id=\"81309db\" data-element_type=\"widget\" data-widget_type=\"text-editor.default\">\n\t\t\t\t<div class=\"elementor-widget-container\">\n\t\t\t\t\t\t\t\t\t<p class=\"cdx-title cdx-text-align-justify\">Le mat\u00e9riel de test di\u00e9lectrique Cadex (CSA &amp; ANSI) est con\u00e7u et fabriqu\u00e9 pour mesurer les propri\u00e9t\u00e9s di\u00e9lectriques de la coque d\u2019un casque de s\u00e9curit\u00e9. Le courant \u00e9lectrique de fuite est mesur\u00e9 lorsqu\u2019une tension haute tension est appliqu\u00e9e sur un c\u00f4t\u00e9 de la coque du casque. Con\u00e7u selon les normes CSA Z94.1 et ANSI\/ISEA Z89.1.<\/p>\t\t\t\t\t\t\t\t<\/div>\n\t\t\t\t<\/div>\n\t\t\t\t<div class=\"elementor-element elementor-element-34dd56e equipment-sub-titles elementor-widget elementor-widget-heading\" data-id=\"34dd56e\" data-element_type=\"widget\" data-widget_type=\"heading.default\">\n\t\t\t\t<div class=\"elementor-widget-container\">\n\t\t\t\t\t<h6 class=\"elementor-heading-title elementor-size-default\">DIMENSIONS (APPROX.) :<\/h6>\t\t\t\t<\/div>\n\t\t\t\t<\/div>\n\t\t\t\t<div class=\"elementor-element elementor-element-e3c1d2a elementor-widget elementor-widget-text-editor\" data-id=\"e3c1d2a\" data-element_type=\"widget\" data-widget_type=\"text-editor.default\">\n\t\t\t\t<div class=\"elementor-widget-container\">\n\t\t\t\t\t\t\t\t\t<ul class=\"special-list\">\n<li>Longueur : 259,08 cm \/ 102 in<\/li>\n<li>Width:\u00a0 60.96 cm \/ 24 in<\/li>\n<li>Hauteur : 127 cm<\/li>\n<\/ul>\t\t\t\t\t\t\t\t<\/div>\n\t\t\t\t<\/div>\n\t\t\t\t<div class=\"elementor-element elementor-element-1f1f8e7 equipment-sub-titles elementor-widget elementor-widget-heading\" data-id=\"1f1f8e7\" data-element_type=\"widget\" data-widget_type=\"heading.default\">\n\t\t\t\t<div class=\"elementor-widget-container\">\n\t\t\t\t\t<h6 class=\"elementor-heading-title elementor-size-default\">CARACT\u00c9RISTIQUES\u202f:<\/h6>\t\t\t\t<\/div>\n\t\t\t\t<\/div>\n\t\t\t\t<div class=\"elementor-element elementor-element-d8d36b5 elementor-widget elementor-widget-text-editor\" data-id=\"d8d36b5\" data-element_type=\"widget\" data-widget_type=\"text-editor.default\">\n\t\t\t\t<div class=\"elementor-widget-container\">\n\t\t\t\t\t\t\t\t\t<ul class=\"special-list\">\n<li>System generating up to 40,000 VAC\/60Hz<\/li>\n<li>Analog voltmeter and ammeter display<\/li>\n<li>R\u00e9glage manuel de la tension d'alimentation<\/li>\n<li>R\u00e9cipient en polycarbonate pour contenir l'eau douce<\/li>\n<li>Sph\u00e8res m\u00e9talliques solides de 3 mm incluses<\/li>\n<li>C\u00e2blage \u00e9lectrique de haute qualit\u00e9<\/li>\n<li>Interrupteurs de s\u00e9curit\u00e9 int\u00e9gr\u00e9s<\/li>\n<li>Ventilateur lat\u00e9ral pour l'extraction des gaz g\u00e9n\u00e9r\u00e9s pendant l'essai (ces gaz doivent \u00eatre \u00e9vacu\u00e9s \u00e0 l'ext\u00e9rieur de la salle d'essai et du b\u00e2timent).<\/li>\n<\/ul>\t\t\t\t\t\t\t\t<\/div>\n\t\t\t\t<\/div>\n\t\t\t\t<div class=\"elementor-element elementor-element-b0c398e equipment-sub-titles elementor-widget elementor-widget-heading\" data-id=\"b0c398e\" data-element_type=\"widget\" data-widget_type=\"heading.default\">\n\t\t\t\t<div class=\"elementor-widget-container\">\n\t\t\t\t\t<h6 class=\"elementor-heading-title elementor-size-default\">EXIGENCES\u202f:<\/h6>\t\t\t\t<\/div>\n\t\t\t\t<\/div>\n\t\t\t\t<div class=\"elementor-element elementor-element-08ec78c elementor-widget elementor-widget-text-editor\" data-id=\"08ec78c\" data-element_type=\"widget\" data-widget_type=\"text-editor.default\">\n\t\t\t\t<div class=\"elementor-widget-container\">\n\t\t\t\t\t\t\t\t\t<ul class=\"special-list\">\n<li>Power: 110v\/220v \u2013 50\/60 Hz<\/li>\n<\/ul>\t\t\t\t\t\t\t\t<\/div>\n\t\t\t\t<\/div>\n\t\t\t\t<\/div>\n\t\t\t\t<\/div>\n\t\t<div class=\"elementor-element elementor-element-caca9ce e-con-full e-grid equipment-page-multi-image-box e-con e-child\" data-id=\"caca9ce\" data-element_type=\"container\">\n\t\t<div class=\"elementor-element elementor-element-f0a2886 e-grid e-con-full equipment-images-left-block e-con e-child\" data-id=\"f0a2886\" data-element_type=\"container\">\n\t\t\t\t<div class=\"elementor-element elementor-element-ba09970 elementor-widget elementor-widget-image\" data-id=\"ba09970\" data-element_type=\"widget\" data-widget_type=\"image.default\">\n\t\t\t\t<div class=\"elementor-widget-container\">\n\t\t\t\t\t\t\t\t\t\t\t\t<figure class=\"wp-caption\">\n\t\t\t\t\t\t\t\t\t\t<img decoding=\"async\" width=\"253\" height=\"279\" src=\"https:\/\/www.cadexinc.com\/wp-content\/uploads\/2023\/07\/Dielectric-Testing_Using-tap-water.webp\" class=\"attachment-large size-large wp-image-13883\" alt=\"\" \/>\t\t\t\t\t\t\t\t\t\t\t<figcaption class=\"widget-image-caption wp-caption-text\">Utilisation d'eau douce<\/figcaption>\n\t\t\t\t\t\t\t\t\t\t<\/figure>\n\t\t\t\t\t\t\t\t\t<\/div>\n\t\t\t\t<\/div>\n\t\t\t\t<\/div>\n\t\t\t\t<div class=\"elementor-element elementor-element-1b379ca elementor-widget elementor-widget-image\" data-id=\"1b379ca\" data-element_type=\"widget\" data-widget_type=\"image.default\">\n\t\t\t\t<div class=\"elementor-widget-container\">\n\t\t\t\t\t\t\t\t\t\t\t\t<figure class=\"wp-caption\">\n\t\t\t\t\t\t\t\t\t\t<img decoding=\"async\" width=\"253\" height=\"279\" src=\"https:\/\/www.cadexinc.com\/wp-content\/uploads\/2023\/07\/Dielectric-Testing_Using_3mm.webp\" class=\"attachment-large size-large wp-image-13886\" alt=\"\" \/>\t\t\t\t\t\t\t\t\t\t\t<figcaption class=\"widget-image-caption wp-caption-text\">Utilisation de sph\u00e8res m\u00e9talliques solides de 3 mm<\/figcaption>\n\t\t\t\t\t\t\t\t\t\t<\/figure>\n\t\t\t\t\t\t\t\t\t<\/div>\n\t\t\t\t<\/div>\n\t\t\t\t<\/div>\n\t\t\t\t<\/div>\n\t\t<div class=\"elementor-element elementor-element-afa19e1 e-con-full e-flex e-con e-child\" data-id=\"afa19e1\" data-element_type=\"container\">\n\t\t\t\t<div class=\"elementor-element elementor-element-6d4dcf1 elementor-hidden-mobile elementor-widget elementor-widget-image\" data-id=\"6d4dcf1\" data-element_type=\"widget\" data-widget_type=\"image.default\">\n\t\t\t\t<div class=\"elementor-widget-container\">\n\t\t\t\t\t\t\t\t\t\t\t\t\t\t\t<img fetchpriority=\"high\" decoding=\"async\" width=\"980\" height=\"746\" src=\"https:\/\/www.cadexinc.com\/wp-content\/uploads\/2025\/03\/Dielectric-Testing-Equipment-CSA-ANSI_main-1024x779.webp\" class=\"attachment-large size-large wp-image-16832\" alt=\"\" srcset=\"https:\/\/www.cadexinc.com\/wp-content\/uploads\/2025\/03\/Dielectric-Testing-Equipment-CSA-ANSI_main-1024x779.webp 1024w, https:\/\/www.cadexinc.com\/wp-content\/uploads\/2025\/03\/Dielectric-Testing-Equipment-CSA-ANSI_main-300x228.webp 300w, https:\/\/www.cadexinc.com\/wp-content\/uploads\/2025\/03\/Dielectric-Testing-Equipment-CSA-ANSI_main-768x584.webp 768w, https:\/\/www.cadexinc.com\/wp-content\/uploads\/2025\/03\/Dielectric-Testing-Equipment-CSA-ANSI_main-16x12.webp 16w, https:\/\/www.cadexinc.com\/wp-content\/uploads\/2025\/03\/Dielectric-Testing-Equipment-CSA-ANSI_main-416x317.webp 416w, https:\/\/www.cadexinc.com\/wp-content\/uploads\/2025\/03\/Dielectric-Testing-Equipment-CSA-ANSI_main.webp 1200w\" sizes=\"(max-width: 980px) 100vw, 980px\" \/>\t\t\t\t\t\t\t\t\t\t\t\t\t\t\t<\/div>\n\t\t\t\t<\/div>\n\t\t\t\t<\/div>\n\t\t\t\t<\/div>\n\t\t\t\t\t<\/div>\n\t\t\t\t<\/div>\n\t\t\t\t<\/div>","protected":false},"excerpt":{"rendered":"<p>The Cadex dielectric testing equipment (CSA &amp; ANSI) is designed and manufactured to measure the dielectric properties of a hard hat\u2019s shell. The leaking electric current is measured when a high-voltage tension is applied on one side of the helmet\u2019s shell. Designed according to the CSA Z94.1 and ANSI\/ISEA Z89.1 standards. DIMENSIONS (APPROX.): Length: 259.08 [&hellip;]<\/p>","protected":false},"author":5,"featured_media":16832,"parent":3204,"menu_order":0,"comment_status":"closed","ping_status":"closed","template":"","meta":{"footnotes":""},"categories":[39],"class_list":["post-151","page","type-page","status-publish","has-post-thumbnail","hentry","category-electronic-data-equipment"],"_links":{"self":[{"href":"https:\/\/www.cadexinc.com\/fr\/wp-json\/wp\/v2\/pages\/151","targetHints":{"allow":["GET"]}}],"collection":[{"href":"https:\/\/www.cadexinc.com\/fr\/wp-json\/wp\/v2\/pages"}],"about":[{"href":"https:\/\/www.cadexinc.com\/fr\/wp-json\/wp\/v2\/types\/page"}],"author":[{"embeddable":true,"href":"https:\/\/www.cadexinc.com\/fr\/wp-json\/wp\/v2\/users\/5"}],"replies":[{"embeddable":true,"href":"https:\/\/www.cadexinc.com\/fr\/wp-json\/wp\/v2\/comments?post=151"}],"version-history":[{"count":71,"href":"https:\/\/www.cadexinc.com\/fr\/wp-json\/wp\/v2\/pages\/151\/revisions"}],"predecessor-version":[{"id":21140,"href":"https:\/\/www.cadexinc.com\/fr\/wp-json\/wp\/v2\/pages\/151\/revisions\/21140"}],"up":[{"embeddable":true,"href":"https:\/\/www.cadexinc.com\/fr\/wp-json\/wp\/v2\/pages\/3204"}],"wp:featuredmedia":[{"embeddable":true,"href":"https:\/\/www.cadexinc.com\/fr\/wp-json\/wp\/v2\/media\/16832"}],"wp:attachment":[{"href":"https:\/\/www.cadexinc.com\/fr\/wp-json\/wp\/v2\/media?parent=151"}],"wp:term":[{"taxonomy":"category","embeddable":true,"href":"https:\/\/www.cadexinc.com\/fr\/wp-json\/wp\/v2\/categories?post=151"}],"curies":[{"name":"wp","href":"https:\/\/api.w.org\/{rel}","templated":true}]}}