{"id":147,"date":"2022-05-17T13:23:12","date_gmt":"2022-05-17T17:23:12","guid":{"rendered":"http:\/\/www.cadexinc.com\/?page_id=147"},"modified":"2023-07-14T12:37:08","modified_gmt":"2023-07-14T16:37:08","slug":"porte-temporelle-velocimetrique","status":"publish","type":"page","link":"https:\/\/www.cadexinc.com\/fr\/equipement\/electronique\/porte-temporelle-velocimetrique\/","title":{"rendered":"V\u00e9locim\u00e8tre (timegate)"},"content":{"rendered":"<div class=\"container pt-5\">\r\n\r\n<style>\r\na:hover{\r\ncolor: yellow !important;\r\n}\r\n<\/style>\r\n\r\n<h3 class=\"fw-light  mb-3 model_title text-uppercase\">Pourquoi un v\u00e9locim\u00e8tre est-il si important ?<\/h3>\r\n<p class=\"fw-light fs-6\">Les <b>v\u00e9locim\u00e8tre (timegate)<\/b> est un outil qui vous permet de savoir si votre impact a atteint la vitesse souhait\u00e9e. Sans cet outil ou un simulateur, il vous serait impossible de conna\u00eetre le niveau d'\u00e9nergie pr\u00e9cis de la machine au moment de l'impact. Il est \u00e9galement utilis\u00e9 pour d\u00e9terminer le niveau de friction de la machine d'essai.<\/p>\r\n\r\n\t\t\t\r\n<h3 class=\"fw-light mt-5 mb-3 model_title text-uppercase\">Comment cela fonctionne-t-il ?<\/h3>\r\n\r\n<p class=\"fw-light fs-6\">Les <b>v\u00e9locim\u00e8tre (timegate)<\/b> est le m\u00eame dispositif \u00e9lectronique qui calcule le temps n\u00e9cessaire \u00e0 un objet pour passer devant un faisceau infrarouge quelques millim\u00e8tres avant l'impact. Le temps en millisecondes et la longueur de l'objet sont ensuite utilis\u00e9s pour d\u00e9terminer la vitesse.<\/p>\r\n\t\t\t\r\n<p class=\"fw-light fs-6\">Vitesse (m\u00e8tre\/seconde) = objet (milim\u00e8tre) \/ temps (milisecondes)<\/p>\r\n\r\n<p class=\"fw-light fs-6\">L'objet qui coupe le faisceau infrarouge est appel\u00e9 <b>drapeau<\/b>. Le drapeau est une petite plaque d'aluminium ou d'acier d'une \u00e9paisseur pr\u00e9f\u00e9rentielle de 0,020 \u00e0 0,100 pouces. La largeur du drapeau que nous recommandons est de 25,4 mm. Il est important de v\u00e9rifier cette valeur pour \u00eatre s\u00fbr que votre calcul de la vitesse est exact.<\/p>\r\n\r\n\t\t\t\r\n<h3 class=\"fw-light mt-5 mb-3 model_title text-uppercase\">Pourquoi choisir le v\u00e9locim\u00e8tre Cadex (timegate) ?<\/h3>\r\n<ul class=\"list-group fw-light fs-6\">\t\t\r\n\t<li>Le v\u00e9locim\u00e8tre Cadex (timegate) est disponible en diff\u00e9rents mod\u00e8les.<\/li>\r\n\t<li>Nous n'utilisons que des cartes de circuits imprim\u00e9s de la plus haute qualit\u00e9 afin de r\u00e9duire le c\u00e2blage et d'accro\u00eetre la pr\u00e9cision et la durabilit\u00e9.<\/li>\r\n\t<li>A partir de la carte de circuit imprim\u00e9, vous pouvez choisir l'\u00e9tat normal du signal de sortie. (voir figures 2 et 3)<\/li>\r\n\t<li>Le syst\u00e8me est calibr\u00e9 dynamiquement pour une lecture constante.<\/li>\r\n\t<li>Aucun dispositif d'alimentation sans coupure n'est n\u00e9cessaire. Le syst\u00e8me a \u00e9t\u00e9 con\u00e7u avec une alimentation de haute qualit\u00e9 qui peut supporter diff\u00e9rentes tensions. L'unit\u00e9 ne modifiera pas la lecture de sortie m\u00eame si votre alimentation \u00e9lectrique est instable.<\/li>\r\n<\/ul>\r\n\r\n\t\t\t\r\n<h3  class=\"fw-light mt-5 mb-3 model_title text-uppercase\">Bo\u00eete de pr\u00e9sentation du v\u00e9locim\u00e8tre (timegate)<\/h3>\r\n\r\n<p class=\"fw-light fs-6\">Le bo\u00eetier d'affichage du v\u00e9locim\u00e8tre (timegate) n'est n\u00e9cessaire que pour ceux qui n'ont pas d'ordinateur. Le bo\u00eetier re\u00e7oit et affiche les informations captur\u00e9es par la porte temporelle.<\/p>\r\n\r\n<a href=\"http:\/\/www.cadexinc.com\/fr\/equipement\/electronique\/boite-de-presentation-du-velocimetre\/\" target=\"_blank\" class=\"btn btn-lg btn-cdx btn-danger text-uppercase shadow-sm btn-sm mb-5 text-light\" rel=\"noopener\">Plus d'informations<\/a>\r\n\r\n\r\n<br >\r\n\r\n<h3 class=\"fw-light mt-2 mb-3 model_title text-uppercase\">Le v\u00e9locim\u00e8tre \u00e0 grande vitesse (timegate)<\/h3>\r\n<p class=\"fw-light fs-6\">Le v\u00e9locim\u00e8tre \u00e0 grande vitesse (timegate) est con\u00e7u pour recevoir des objets plus grands que le v\u00e9locim\u00e8tre normal.<\/p>\r\n<div class=\"row align-items-center\">\r\n<div class=\"col-6\">\r\n<center><figure class=\"figure\"><img decoding=\"async\" src=\"http:\/\/www.cadexinc.com\/wp-content\/uploads\/2022\/10\/VelocimeterHV3.png\" title=\"\" alt=\"V\u00e9locim\u00e8tre haute vitesse\" class=\"img-fluid border\" \/><figcaption class=\"figure-caption text-center text-dark fs-7 mt-1\"><p class=\"d-flex flex-column m-0 fs-7 fst-italic p-2 mx-auto justify-content-center\">V\u00e9locim\u00e8tre haute vitesse<\/p><\/figcaption><\/figure><\/center>\r\n<\/div>\r\n<div class=\"col-6\">\r\n<ul class=\"fw-light fs-6\">\r\n\t<li>Balle de tennis<\/li>\r\n\t<li>Balle de baseball<\/li>\r\n\t<li>Palet de hockey<\/li>\r\n\t<li>Balle de squash<\/li>\r\n\t<li>Balle de golf<\/li>\r\n\t<li>etc ...<\/li>\r\n<\/ul>\r\n<\/div>\r\n<\/div>\r\n\r\n<table class=\"mt-5\">\r\n\t<tr>\r\n\t\t<td><h4>Mod\u00e8le de v\u00e9locim\u00e8tre (timegate) pour machine monorail<\/h4><\/td>\r\n\t\t<td><h4>Mod\u00e8le de v\u00e9locim\u00e8tre (timegate) pour machine \u00e0 double fil<\/h4><\/td>\r\n\t<\/tr>\r\n\t<tr>\r\n\t\t<td>\r\n<center><center><figure class=\"figure\"><img decoding=\"async\" src=\"http:\/\/www.cadexinc.com\/wp-content\/uploads\/2022\/10\/TimeGate1inchA.png\" title=\"\" alt=\"Mod\u00e8le Timegate pour machine monorail\" class=\"img-fluid border\" \/><figcaption class=\"figure-caption text-center text-dark fs-7 mt-1\"><p class=\"d-flex flex-column m-0 fs-7 fst-italic p-2 mx-auto justify-content-center\">Mod\u00e8le Timegate pour machine monorail<\/p><\/figcaption><\/figure><\/center><\/center>\r\n<\/td>\r\n\t\t<td>\r\n<center><center><figure class=\"figure\"><img decoding=\"async\" src=\"http:\/\/www.cadexinc.com\/wp-content\/uploads\/2022\/10\/TimeGate4inchA.png\" title=\"\" alt=\"Mod\u00e8le Timegate pour une machine \u00e0 double fil\" class=\"img-fluid border\" \/><figcaption class=\"figure-caption text-center text-dark fs-7 mt-1\"><p class=\"d-flex flex-column m-0 fs-7 fst-italic p-2 mx-auto justify-content-center\">Mod\u00e8le Timegate pour une machine \u00e0 double fil<\/p><\/figcaption><\/figure><\/center><\/center>\r\n<\/td>\r\n\t<\/tr>\r\n\t<tr>\r\n\t\t<td>\r\n\t\t\t<table class=\"table table-sm table-hover\">\r\n\t\t\t\t<tr>\r\n\t\t\t\t\t<td><strong>Param\u00e8tres<\/strong><\/td>\r\n\t\t\t\t\t<td><strong>Dimension<\/strong><\/td>\r\n\t\t\t\t\t<td><strong>Unit\u00e9<\/strong><\/td>\r\n\t\t\t\t<\/tr>\r\n\t\t\t\t<tr>\r\n\t\t\t\t\t<td>Hauteur<\/td>\r\n\t\t\t\t\t<td>49<\/td>\r\n\t\t\t\t\t<td>mm.<\/td>\r\n\t\t\t\t<\/tr>\r\n\t\t\t\t<tr>\r\n\t\t\t\t\t<td>Largeur<\/td>\r\n\t\t\t\t\t<td>64<\/td>\r\n\t\t\t\t\t<td>mm.<\/td>\r\n\t\t\t\t<\/tr>\r\n\t\t\t\t<tr>\r\n\t\t\t\t\t<td>Largeur Int.<\/td>\r\n\t\t\t\t\t<td>38<\/td>\r\n\t\t\t\t\t<td>mm.<\/td>\r\n\t\t\t\t<\/tr>\r\n\t\t\t\t<tr>\r\n\t\t\t\t\t<td>Longueur<\/td>\r\n\t\t\t\t\t<td>105<\/td>\r\n\t\t\t\t\t<td>mm.<\/td>\r\n\t\t\t\r\n\t\t\t\t<\/tr>\r\n\t\t\t\t<tr>\r\n\t\t\t\t\t<td>Int Longueur<\/td>\r\n\t\t\t\t\t<td>47<\/td>\r\n\t\t\t\t\t<td>mm.<\/td>\r\n\t\t\t\t<\/tr>\r\n\t\t\t<\/table>\r\n\t\t\t\r\n\t\t<\/td>\r\n\t\t<td>\r\n\t\t\t<table class=\"table table-sm table-hover\">\r\n\t\t\t\t<tr>\r\n\t\t\t\t\t<td><strong>Param\u00e8tres<\/strong><\/td>\r\n\t\t\t\t\t<td><strong>Dimension<\/strong><\/td>\r\n\t\t\t\t\t<td><strong>Unit\u00e9<\/strong><\/td>\r\n\t\t\t\t<\/tr>\r\n\t\t\t\t<tr>\r\n\t\t\t\t\t<td>Hauteur<\/td>\r\n\t\t\t\t\t<td>49<\/td>\r\n\t\t\t\t\t<td>mm.<\/td>\r\n\t\t\t\t<\/tr>\r\n\t\t\t\t<tr>\r\n\t\t\t\t\t<td>Largeur<\/td>\r\n\t\t\t\t\t<td>127<\/td>\r\n\t\t\t\t\t<td>mm.<\/td>\r\n\t\t\t\t<\/tr>\r\n\t\t\t\t<tr>\r\n\t\t\t\t\t<td>Int. Largeur<\/td>\r\n\t\t\t\t\t<td>101<\/td>\r\n\t\t\t\t\t<td>mm.<\/td>\r\n\t\t\t\t<\/tr>\r\n\t\t\t\t<tr>\r\n\t\t\t\t\t<td>Longueur<\/td>\r\n\t\t\t\t\t<td>154<\/td>\r\n\t\t\t\t\t<td>mm.<\/td>\r\n\t\t\t\t<\/tr>\r\n\t\t\t\r\n\t\t\t\t<tr>\r\n\t\t\t\t\t<td>Int. Longueur<\/td>\r\n\t\t\t\t\t<td>99<\/td>\r\n\t\t\t\t\t<td>mm.<\/td>\r\n\t\t\t\t<\/tr>\r\n\t\t\t<\/table>\r\n\t\t<\/td>\t\t\r\n\t<\/tr>\r\n<\/table>\r\n\r\n<h4>Autres caract\u00e9ristiques<\/h4>\r\n\r\n<table class=\"table table-sm table-hover\">\r\n\t<tr>\r\n\t\t<td>Longueur du c\u00e2ble<\/td>\r\n\t\t<td>Sur mesure<\/td>\r\n\t<\/tr>\r\n\t<tr>\r\n\t\t<td>Distance entre l'\u00e9metteur et le r\u00e9cepteur<\/td>\r\n\t\t<td>r\u00e9guli\u00e8re = 40 mm.\r\n\t\t<br>\r\n\t\tsur mesure = jusqu'\u00e0 100 mm. disponible<\/td>\r\n\t<\/tr>\r\n\t<tr>\r\n\t\t<td>La construction<\/td>\r\n\t\t<td>Aluminium<\/td>\r\n\t<\/tr>\r\n<\/table>\r\n\r\n<h4>Caract\u00e9ristiques \u00e9lectriques internes<\/h4>\r\n\r\n<table class=\"table table-sm table-hover\">\r\n\t<tr>\r\n\t\t<td>Param\u00e8tres<\/td>\r\n\t\t<td>Valeurs typiques<\/td>\r\n\t\t<td>Unit\u00e9s<\/td>\r\n\t<\/tr>\r\n\t<tr>\r\n\t\t<td>Tension d'alimentation interne <tt>1-2<\/tt><\/td>\r\n\t\t<td class=\"Font12Centre\">voir figure ci-contre<\/td>\r\n\t\t<td class=\"Font12Centre\">V.D.C.<\/td>\t\r\n\t<\/tr>\r\n\t<tr>\r\n\t\t<td>Sortie de tension normalement \u00e9lev\u00e9e <tt>2-3<\/tt><\/td>\r\n\t\t<td class=\"Font12Centre\">5 \u00b1 0.2<\/td>\r\n\t\t<td class=\"Font12Centre\">V.D.C.<\/td>\r\n\t<\/tr>\r\n\t<tr>\r\n\t\t<td>Sortie normalement basse tension <tt>2-3<\/tt><\/td>\r\n\t\t<td class=\"Font12Centre\">0 \u00b1 0.2<\/td>\r\n\t\t<td class=\"Font12Centre\">V.D.C.<\/td>\r\n\t<\/tr>\r\n\t<tr>\r\n\t\t<td>Tension de l'\u00e9metteur entre A et K (\u00e9lev\u00e9e)<\/td>\r\n\t\t<td class=\"Font12Centre\">1.3 \u00b1 0.1<\/td>\r\n\t\t<td class=\"Font12Centre\">V.D.C.<\/td>\r\n\t<\/tr>\r\n\t<tr>\r\n\t\t<td>Tension de l'\u00e9metteur entre A et K (faible)<\/td>\r\n\t\t<td class=\"Font12Centre\">1.3V \u00b1 0.1<\/td>\r\n\t\t<td class=\"Font12Centre\">V.D.C.<\/td>\r\n\t<\/tr>\r\n\t<tr>\r\n\t\t<td>Tension du r\u00e9cepteur entre C et E (\u00e9lev\u00e9e)<\/td>\r\n\t\t<td class=\"Font12Centre\">4.9 \u00b1 0.1<\/td>\r\n\t\t<td class=\"Font12Centre\">V.D.C.<\/td>\r\n\t<\/tr>\r\n\t<tr>\r\n\t\t<td>Tension du r\u00e9cepteur entre C et E (faible)<\/td>\r\n\t\t<td class=\"Font12Centre\">4.9 \u00b1 0.1<\/td>\r\n\t\t<td class=\"Font12Centre\">V.D.C.<\/td>\r\n\t<\/tr>\r\n\t<tr>\r\n\t\t<td>R\u00e9p\u00e9tabilit\u00e9<\/td>\r\n\t\t<td class=\"Font12Centre\">0.005<\/td>\r\n\t\t<td class=\"Font12Centre\">ms.<\/td>\r\n\t<\/tr>\r\n\t<tr>\r\n\t\t<td>Pr\u00e9cision du syst\u00e8me<\/td>\r\n\t\t<td class=\"Font12Centre\">0.005<\/td>\r\n\t\t<td class=\"Font12Centre\">ms.<\/td>\r\n\t<\/tr>\r\n\t<tr>\r\n\t\t<td>Affichage des chiffres<\/td>\r\n\t\t<td class=\"Font12Centre\">XX.XX<\/td>\r\n\t\t<td class=\"Font12Centre\">ms.<\/td>\r\n\t<\/tr>\r\n\t<tr>\r\n\t\t<td>Pr\u00e9cision de l'\u00e9talonnage<\/td>\r\n\t\t<td class=\"Font12Centre\">0.001<\/td>\r\n\t\t<td class=\"Font12Centre\">ms.<\/td>\r\n\t<\/tr>\r\n<\/table>\r\n\r\n<p class=\"fw-light fs-6\"><tt>1<\/tt> La tension d'alimentation doit \u00eatre ajust\u00e9e \u00e0 5,00 Volts ou 5,01 Volts D.C. pendant la s\u00e9quence d'ajustement de l'\u00e9talonnage.<\/p>\r\n\r\n<p class=\"fw-light fs-6\"><tt>2<\/tt> Toute modification de l'alimentation \u00e9lectrique modifiera l'\u00e9talonnage de l'appareil. Il doit \u00eatre renvoy\u00e9 pour \u00e9talonnage au service technique de Cadex inc. du fabricant.<\/p>\r\n\r\n<p class=\"fw-light fs-6\"><tt>3<\/tt> La tension des \u00e9tats haut et bas est d\u00e9termin\u00e9e par la tension d'alimentation. Cette caract\u00e9ristique est valable pour la tension de l'\u00e9metteur et du r\u00e9cepteur.<\/p>\r\n\t\t\t\r\n<p class=\"fw-light fs-6\">L'image suivante montre les diff\u00e9rents \u00e9tats du signal de sortie du syst\u00e8me v\u00e9locim\u00e9trique.<\/p>\r\n\r\n<center><center><figure class=\"figure pt-2 cdx-border bg-white\"><img decoding=\"async\" src=\"http:\/\/www.cadexinc.com\/wp-content\/uploads\/2022\/10\/TG_specSheet2.png\" alt=\"Figure 3\" class=\"img-fluid border\" \/><figcaption class=\"figure-caption text-center text-dark fs-7 mt-1\"><p class=\"d-flex flex-column p-2 m-0 fs-7 fst-italic mx-auto justify-content-center bg-light\">Figure 3<\/p><\/figcaption><\/figure><\/center><\/center>\r\n\r\n\t\t\t\r\n<h3 class=\"fw-light mt-5 mb-3 model_title text-uppercase text-danger\">Attention !<\/h3>\r\n\r\n<div class=\"row align-items-center\">\r\n<div class=\"col-2\">\r\n<center><figure class=\"figure\"><img decoding=\"async\" src=\"http:\/\/www.cadexinc.com\/wp-content\/uploads\/2022\/10\/TG_Warning.png\" title=\"\" alt=\"V\u00e9locim\u00e8tre\" class=\"img-fluid border\" \/><figcaption class=\"figure-caption text-center text-dark fs-7 mt-1\"><p class=\"d-flex flex-column m-0 fs-7 fst-italic p-2 mx-auto justify-content-center\">V\u00e9locim\u00e8tre<\/p><\/figcaption><\/figure><\/center>\r\n<\/div>\r\n<div class=\"col-10\">\r\n<p class=\"fw-light fs-6 text-danger text-uppercase\">Il est important - <b>ne pas toucher les capteurs optiques<\/b>. L'\u00e9talonnage pourrait \u00eatre perturb\u00e9.<\/p>\r\n<\/div>\r\n<\/div>\r\n\r\n<br>\r\n\r\n<h3 class=\"fw-light mt-5 mb-3 model_title text-uppercase\">Impulsion verrouill\u00e9e et libre<\/h3>\r\n\r\n<p class=\"fw-light fs-6\">Deux signaux de sortie peuvent \u00eatre s\u00e9lectionn\u00e9s \u00e0 l'arri\u00e8re du bo\u00eetier Time Gate :<\/p>\r\n<ul class=\"fw-light list-group fs-6\">\r\n\t<li>Impulsion verrouill\u00e9e<\/li>\r\n\t<li>Impulsion gratuite<\/li>\r\n\t<li>Les <b>impulsion verrouill\u00e9e<\/b> n'enverra qu'une seule pulsation \u00e0 la fois. Par exemple, si l'impacteur rebondit plusieurs fois au cours d'un essai d'impact et passe plus d'une fois devant le faisceau infrarouge, vous ne recevrez que le premier signal. Apr\u00e8s un impact, l'\u00e9cran verrouille le dernier r\u00e9sultat. Pour d\u00e9verrouiller la sortie d'impulsion verrouill\u00e9e, appuyez sur le bouton de r\u00e9initialisation situ\u00e9 devant le bo\u00eetier de la porte temporelle. L'\u00e9cran affichera 00,00 ms si la porte est correctement connect\u00e9e \u00e0 l'arri\u00e8re. Si l'affichage ne se r\u00e9initialise pas, v\u00e9rifiez les connexions du portillon, \u00e9teignez le syst\u00e8me puis rallumez-le. Si tout est en ordre, une lumi\u00e8re verte devant le bo\u00eetier vous indique que vous \u00eates pr\u00eat pour l'acquisition suivante.<\/li>\r\n\t<li>Les <b>impulsion libre<\/b> vous permettra de mesurer chaque \u00e9v\u00e9nement en acquisition temps r\u00e9el. Cette sortie est utilis\u00e9e pour la s\u00e9quence d'\u00e9talonnage et la mesure du coefficient de restitution. Dans ce cas, l'\u00e9cran affichera l'heure de la premi\u00e8re coupure IR, m\u00eame s'il y en a plus sur la sortie.<\/li>\r\n<\/ul>\r\n\r\n\r\n<h3 class=\"fw-light mt-5 mb-3 model_title text-uppercase\">Calibrage<\/h3>\r\n\r\n<p class=\"fw-light fs-6\">Pour calibrer correctement ce syst\u00e8me, il faut disposer d'une h\u00e9lice avec un pas de 18\u00b0 aux dimensions exactes. L'alimentation en courant continu doit \u00eatre r\u00e9gl\u00e9e avant l'\u00e9talonnage \u00e0 5,00 \u00b1 0,01 V.D.C. puis avoir une h\u00e9lice tournant entre 700 et 900 RPM et pas moins de 650 RPM.<\/p>\r\n\r\n<table>\r\n\t\t\t\t\t<tr>\r\n\t\t\t\t\t\t<td>Sch\u00e9ma d'\u00e9talonnage de la porte temporelle<\/td>\r\n\t\t\t\r\n\t\t\t\t\t<\/tr>\r\n\t\t\t\t\t<tr>\r\n\t\t\t\t\t\t<td class=\"center\">\r\n<center><figure class=\"figure pt-2 cdx-border bg-white\"><img decoding=\"async\" src=\"http:\/\/www.cadexinc.com\/wp-content\/uploads\/2022\/10\/TG_specSheet4.png\" alt=\"Figure 6\" class=\"img-fluid border\" \/><figcaption class=\"figure-caption text-center text-dark fs-7 mt-1\"><p class=\"d-flex flex-column p-2 m-0 fs-7 fst-italic mx-auto justify-content-center bg-light\">Figure 6<\/p><\/figcaption><\/figure><\/center>\r\n<\/td>\r\n\t\t\t\t\t<\/tr>\r\n\t\t\t\t\t<tr>\r\n\t\t\t\t\t\t<td><p class=\"fw-light fs-6\">Maintenant, avec un syst\u00e8me d'oscilloscope pr\u00e9cis ou en utilisant un logiciel d'acquisition de donn\u00e9es, vous serez en mesure de lire le signal de sortie pour d\u00e9finir la valeur T2 (voir figure 7). En utilisant la valeur RPM et la formule ci-dessous, vous d\u00e9finirez la valeur th\u00e9orique de T1 \u00e0 comparer avec la mesure T1 en temps r\u00e9el.<\/p>\r\n\t\t\t\t\t\t\t<p class=\"fw-light fs-6\">Temps (en millisecondes)= ((60 minutes \/ vitesse (RPM)) \/ 360\u00b0) * 18\u00b0\r\n\t\t\t\t\t\t\t(pas) * 1000<\/p><\/td>\r\n\t\t\t\t\t<\/tr>\r\n\t\t\t\t\t<tr>\r\n\t\t\t\r\n\t\t\t\t\t\t<td class=\"centre\" align=\"center\">\r\n<center><figure class=\"figure pt-2 cdx-border bg-white\"><img decoding=\"async\" src=\"http:\/\/www.cadexinc.com\/wp-content\/uploads\/2022\/10\/TG_specSheet5.png\" alt=\"Figure 7\" class=\"img-fluid border\" \/><figcaption class=\"figure-caption text-center text-dark fs-7 mt-1\"><p class=\"d-flex flex-column p-2 m-0 fs-7 fst-italic mx-auto justify-content-center bg-light\">Figure 7<\/p><\/figcaption><\/figure><\/center>\r\n<\/td>\r\n\t\t\t\t\t<\/tr>\r\n<\/table>\r\n\r\n<p class=\"fw-light fs-6\">Une fois le calcul effectu\u00e9, vous devez utiliser cette valeur th\u00e9orique pour la comparer \u00e0 une acquisition en temps r\u00e9el du syst\u00e8me. Cela vous montrera si le v\u00e9locim\u00e8tre est calibr\u00e9 correctement. Si la variation de la valeur est sup\u00e9rieure \u00e0 \u00b1 0,02 ms, vous devez modifier le potentiom\u00e8tre r\u00e9glable sur la carte interne jusqu'\u00e0 ce que vous trouviez la meilleure correspondance. Nous vous recommandons vivement de ne pas essayer ce calibrage par vous-m\u00eame, \u00e0 moins que vous ne compreniez l'ensemble de la proc\u00e9dure ou que vous ne poss\u00e9diez les connaissances\/expertises requises pour ces manipulations.<\/p>\r\n\r\n<h3 class=\"fw-light mt-5 mb-3 model_title text-uppercase\">Mod\u00e8les<\/h3>\r\n<p class=\"fw-light fs-6\">Dans notre gamme de produits \u00e9lectroniques, nous proposons deux mod\u00e8les diff\u00e9rents pour le v\u00e9locim\u00e8tre ou le syst\u00e8me de porte horaire. Ces deux mod\u00e8les sont destin\u00e9s \u00e0 tout dispositif de chute d'impact ou de vitesse inf\u00e9rieure \u00e0 20 m\u00e8tres\/seconde.<\/p>\r\n\r\n<p class=\"fw-light fs-6\">Le premier mod\u00e8le est un bo\u00eetier complet avec un affichage num\u00e9rique du temps en millisecondes et est livr\u00e9 avec le dispositif \u00e0 faisceau infrarouge qui peut \u00eatre install\u00e9 sur n'importe quelle machine. Ce produit est ind\u00e9pendant de toute autre source et dispose de deux possibilit\u00e9s de sortie (impulsion verrouill\u00e9e et impulsion libre). ARTICLE # 5012<\/p>\r\n\r\n<p class=\"fw-light fs-6\">Le second mod\u00e8le est un dispositif \u00e0 faisceau infrarouge assembl\u00e9 \u00e0 l'int\u00e9rieur avec une petite carte \u00e9lectronique. Le transport du signal et l'alimentation de l'appareil se font \u00e0 l'aide d'un c\u00e2ble de 3,6 m\u00e8tres de long avec un connecteur D-SUB 9 femelle (voir la description des broches ci-dessous). Aucun affichage n'a \u00e9t\u00e9 r\u00e9alis\u00e9 pour ce mod\u00e8le, mais il est n\u00e9cessaire de le connecter \u00e0 un syst\u00e8me d'acquisition de donn\u00e9es.<\/p>\r\n\t\t\t\r\n<h4>Connecteur D-SUB 9 femelle<\/h4>\r\n\r\n<table class=\"table table-sm table-hover\">\r\n\t<tr>\r\n\t\t<td>Broche #<\/td>\r\n\t\t<td>1<\/td>\r\n\t\t<td>2<\/td>\r\n\t\t<td>3<\/td>\r\n\t\t<td>4<\/td>\r\n\t\t<td>5<\/td>\r\n\t\t<td>6<\/td>\r\n\t\t<td>7<\/td>\r\n\t\t<td>8<\/td>\r\n\t\t<td>9<\/td>\r\n\t<\/tr>\r\n\t<tr>\r\n\t\t<td>Description<\/td>\r\n\t\t<td>NC<\/td>\r\n\t\t<td>NC<\/td>\r\n\t\t<td>NC<\/td>\r\n\t\t<td>Led A<\/td>\r\n\t\t<td>NC<\/td>\r\n\t\t<td>Led K<\/td>\r\n\t\t<td>Com<\/td>\r\n\t\t<td>D\u00e9clencheur<\/td>\r\n\t\t<td>5 VDC<\/td>\r\n\t<\/tr>\r\n<\/table>\r\n\r\n<p class=\"fw-light fs-6\">Le mod\u00e8le #5012 ne peut pas \u00eatre utilis\u00e9 avec une connexion autre que celle utilis\u00e9e par la bo\u00eete de minuterie car l'IR ne b\u00e9n\u00e9ficie pas d'une carte de circuit interne \u00e0 l'int\u00e9rieur du dispositif IR. Le mod\u00e8le #5013 ne peut pas \u00eatre connect\u00e9 au contr\u00f4leur de la bo\u00eete de minuterie. Pour \u00e9viter tout probl\u00e8me, nous utilisons d'autres types de connecteurs. Pour plus d'informations sur ce sujet, n'h\u00e9sitez pas \u00e0 nous faire part de vos questions.<\/p>\r\n\r\n<\/div>","protected":false},"excerpt":{"rendered":"<p>Pourquoi le v\u00e9locim\u00e8tre est-il si important ? Le v\u00e9locim\u00e8tre (timegate) est un outil qui vous permet de savoir si votre impact a atteint la vitesse souhait\u00e9e. Sans cet outil ou un simulateur, il vous serait impossible de conna\u00eetre le niveau d'\u00e9nergie pr\u00e9cis de la machine au moment de l'impact. Il est \u00e9galement utilis\u00e9 [...]<\/p>","protected":false},"author":5,"featured_media":0,"parent":3152,"menu_order":0,"comment_status":"closed","ping_status":"closed","template":"","meta":{"footnotes":""},"categories":[39],"class_list":["post-147","page","type-page","status-publish","hentry","category-electronic-data-equipment"],"_links":{"self":[{"href":"https:\/\/www.cadexinc.com\/fr\/wp-json\/wp\/v2\/pages\/147","targetHints":{"allow":["GET"]}}],"collection":[{"href":"https:\/\/www.cadexinc.com\/fr\/wp-json\/wp\/v2\/pages"}],"about":[{"href":"https:\/\/www.cadexinc.com\/fr\/wp-json\/wp\/v2\/types\/page"}],"author":[{"embeddable":true,"href":"https:\/\/www.cadexinc.com\/fr\/wp-json\/wp\/v2\/users\/5"}],"replies":[{"embeddable":true,"href":"https:\/\/www.cadexinc.com\/fr\/wp-json\/wp\/v2\/comments?post=147"}],"version-history":[{"count":77,"href":"https:\/\/www.cadexinc.com\/fr\/wp-json\/wp\/v2\/pages\/147\/revisions"}],"predecessor-version":[{"id":6649,"href":"https:\/\/www.cadexinc.com\/fr\/wp-json\/wp\/v2\/pages\/147\/revisions\/6649"}],"up":[{"embeddable":true,"href":"https:\/\/www.cadexinc.com\/fr\/wp-json\/wp\/v2\/pages\/3152"}],"wp:attachment":[{"href":"https:\/\/www.cadexinc.com\/fr\/wp-json\/wp\/v2\/media?parent=147"}],"wp:term":[{"taxonomy":"category","embeddable":true,"href":"https:\/\/www.cadexinc.com\/fr\/wp-json\/wp\/v2\/categories?post=147"}],"curies":[{"name":"wp","href":"https:\/\/api.w.org\/{rel}","templated":true}]}}