{"id":145,"date":"2022-05-17T13:22:53","date_gmt":"2022-05-17T17:22:53","guid":{"rendered":"http:\/\/www.cadexinc.com\/?page_id=145"},"modified":"2026-03-24T11:10:56","modified_gmt":"2026-03-24T15:10:56","slug":"boite-de-presentation-du-velocimetre","status":"publish","type":"page","link":"https:\/\/www.cadexinc.com\/fr\/equipement\/electronique\/boite-de-presentation-du-velocimetre\/","title":{"rendered":"Bo\u00eetier d\u2019affichage pour v\u00e9locim\u00e8tre"},"content":{"rendered":"<div data-elementor-type=\"wp-page\" data-elementor-id=\"145\" class=\"elementor elementor-145\">\n\t\t\t\t<div class=\"elementor-element elementor-element-35105c64 elementor-hidden-desktop elementor-hidden-tablet e-flex e-con-boxed e-con e-parent\" data-id=\"35105c64\" data-element_type=\"container\">\n\t\t\t\t\t<div class=\"e-con-inner\">\n\t\t\t\t<div class=\"elementor-element elementor-element-d43589a elementor-widget elementor-widget-image\" data-id=\"d43589a\" data-element_type=\"widget\" data-widget_type=\"image.default\">\n\t\t\t\t<div class=\"elementor-widget-container\">\n\t\t\t\t\t\t\t\t\t\t\t\t\t\t\t<img fetchpriority=\"high\" decoding=\"async\" width=\"1500\" height=\"1211\" src=\"https:\/\/www.cadexinc.com\/wp-content\/uploads\/2023\/06\/display-box.webp\" class=\"attachment-full size-full wp-image-11768\" alt=\"\" srcset=\"https:\/\/www.cadexinc.com\/wp-content\/uploads\/2023\/06\/display-box.webp 1500w, https:\/\/www.cadexinc.com\/wp-content\/uploads\/2023\/06\/display-box-300x242.webp 300w, https:\/\/www.cadexinc.com\/wp-content\/uploads\/2023\/06\/display-box-1024x827.webp 1024w, https:\/\/www.cadexinc.com\/wp-content\/uploads\/2023\/06\/display-box-768x620.webp 768w, https:\/\/www.cadexinc.com\/wp-content\/uploads\/2023\/06\/display-box-416x336.webp 416w\" sizes=\"(max-width: 1500px) 100vw, 1500px\" \/>\t\t\t\t\t\t\t\t\t\t\t\t\t\t\t<\/div>\n\t\t\t\t<\/div>\n\t\t\t\t\t<\/div>\n\t\t\t\t<\/div>\n\t\t<div class=\"elementor-element elementor-element-75c8e92 e-flex e-con-boxed e-con e-parent\" data-id=\"75c8e92\" data-element_type=\"container\">\n\t\t\t\t\t<div class=\"e-con-inner\">\n\t\t<div class=\"elementor-element elementor-element-420ead3 e-con-full e-flex e-con e-child\" data-id=\"420ead3\" data-element_type=\"container\">\n\t\t<div class=\"elementor-element elementor-element-344e866 e-con-full e-flex e-con e-child\" data-id=\"344e866\" data-element_type=\"container\">\n\t\t<div class=\"elementor-element elementor-element-b54e578 e-con-full equipment-main-right-block e-flex e-con e-child\" data-id=\"b54e578\" data-element_type=\"container\">\n\t\t<div class=\"elementor-element elementor-element-a74f944 e-con-full e-flex e-con e-child\" data-id=\"a74f944\" data-element_type=\"container\">\n\t\t\t\t<div class=\"elementor-element elementor-element-2dc0027 elementor-widget elementor-widget-text-editor\" data-id=\"2dc0027\" data-element_type=\"widget\" data-widget_type=\"text-editor.default\">\n\t\t\t\t<div class=\"elementor-widget-container\">\n\t\t\t\t\t\t\t\t\t<p class=\"cdx-title cdx-text-align-justify\">Le bo\u00eetier d\u2019affichage du v\u00e9locim\u00e8tre (timegate) constitue une alternative pratique pour toute application de test n\u00e9cessitant une lecture de vitesse, lorsque le logiciel Cadex n\u2019est pas disponible. L\u2019affichage indique le temps qu\u2019un objet met \u00e0 traverser le faisceau lumineux du v\u00e9locim\u00e8tre (timegate). Ce syst\u00e8me peut \u00eatre utilis\u00e9 avec tous les mod\u00e8les de v\u00e9locim\u00e8tres Cadex (timegate).<\/p>\t\t\t\t\t\t\t\t<\/div>\n\t\t\t\t<\/div>\n\t\t\t\t<div class=\"elementor-element elementor-element-294f814 equipment-sub-titles elementor-widget elementor-widget-heading\" data-id=\"294f814\" data-element_type=\"widget\" data-widget_type=\"heading.default\">\n\t\t\t\t<div class=\"elementor-widget-container\">\n\t\t\t\t\t<h6 class=\"elementor-heading-title elementor-size-default\">DIMENSIONS (Approx.) :<\/h6>\t\t\t\t<\/div>\n\t\t\t\t<\/div>\n\t\t\t\t<div class=\"elementor-element elementor-element-4a2bf69 elementor-widget elementor-widget-text-editor\" data-id=\"4a2bf69\" data-element_type=\"widget\" data-widget_type=\"text-editor.default\">\n\t\t\t\t<div class=\"elementor-widget-container\">\n\t\t\t\t\t\t\t\t\t<ul class=\"special-list\">\n<li>Longueur : 20 cm<\/li>\n<li>Width:\u00a0 \u00a06 cm \/ 2.36 in<\/li>\n<li>Height: 16.5 cm \/ 6.5 in (without bracket)<\/li>\n<\/ul>\t\t\t\t\t\t\t\t<\/div>\n\t\t\t\t<\/div>\n\t\t\t\t<div class=\"elementor-element elementor-element-b0caccf equipment-sub-titles elementor-widget elementor-widget-heading\" data-id=\"b0caccf\" data-element_type=\"widget\" data-widget_type=\"heading.default\">\n\t\t\t\t<div class=\"elementor-widget-container\">\n\t\t\t\t\t<h6 class=\"elementor-heading-title elementor-size-default\">EXIGENCES\u202f:<\/h6>\t\t\t\t<\/div>\n\t\t\t\t<\/div>\n\t\t\t\t<div class=\"elementor-element elementor-element-6cf5ab0 elementor-widget elementor-widget-text-editor\" data-id=\"6cf5ab0\" data-element_type=\"widget\" data-widget_type=\"text-editor.default\">\n\t\t\t\t<div class=\"elementor-widget-container\">\n\t\t\t\t\t\t\t\t\t<ul class=\"special-list\">\n<li>Power: 110v\/220v \u2013 50\/60 Hz<\/li>\n<\/ul>\t\t\t\t\t\t\t\t<\/div>\n\t\t\t\t<\/div>\n\t\t\t\t<div class=\"elementor-element elementor-element-6352fb7 equipment-sub-titles elementor-widget elementor-widget-heading\" data-id=\"6352fb7\" data-element_type=\"widget\" data-widget_type=\"heading.default\">\n\t\t\t\t<div class=\"elementor-widget-container\">\n\t\t\t\t\t<h6 class=\"elementor-heading-title elementor-size-default\">CARACT\u00c9RISTIQUES\u202f:<\/h6>\t\t\t\t<\/div>\n\t\t\t\t<\/div>\n\t\t\t\t<div class=\"elementor-element elementor-element-c5812d9 elementor-widget elementor-widget-text-editor\" data-id=\"c5812d9\" data-element_type=\"widget\" data-widget_type=\"text-editor.default\">\n\t\t\t\t<div class=\"elementor-widget-container\">\n\t\t\t\t\t\t\t\t\t<ul class=\"special-list\">\n<li>\u00c9cran tactile<\/li>\n<li>Peut \u00eatre utilis\u00e9 avec les mod\u00e8les de v\u00e9locim\u00e8tres Cadex (timegate) \u00e0 simple ou double faisceau.<\/li>\n<li>Lecture de la vitesse en m\/s, km\/h, pieds\/s et miles\/h<\/li>\n<li>Fournit une alimentation stable au v\u00e9locim\u00e8tre (timegate)<\/li>\n<li>Entr\u00e9e pour la lecture d'un signal TTL (0-5 volts)<\/li>\n<li>Option d'entr\u00e9e par connecteurs DB9 et BNC<\/li>\n<\/ul>\t\t\t\t\t\t\t\t<\/div>\n\t\t\t\t<\/div>\n\t\t\t\t<\/div>\n\t\t\t\t<\/div>\n\t\t\t\t<\/div>\n\t\t<div class=\"elementor-element elementor-element-b507442 e-con-full e-flex e-con e-child\" data-id=\"b507442\" data-element_type=\"container\">\n\t\t<div class=\"elementor-element elementor-element-b05cb58 e-con-full e-grid equipment-page-multi-image-box elementor-hidden-mobile e-con e-child\" data-id=\"b05cb58\" data-element_type=\"container\">\n\t\t\t\t<div class=\"elementor-element elementor-element-8c74af9 elementor-widget elementor-widget-image\" data-id=\"8c74af9\" data-element_type=\"widget\" data-widget_type=\"image.default\">\n\t\t\t\t<div class=\"elementor-widget-container\">\n\t\t\t\t\t\t\t\t\t\t\t\t\t\t\t<img fetchpriority=\"high\" decoding=\"async\" width=\"1500\" height=\"1211\" src=\"https:\/\/www.cadexinc.com\/wp-content\/uploads\/2023\/06\/display-box.webp\" class=\"attachment-full size-full wp-image-11768\" alt=\"\" srcset=\"https:\/\/www.cadexinc.com\/wp-content\/uploads\/2023\/06\/display-box.webp 1500w, https:\/\/www.cadexinc.com\/wp-content\/uploads\/2023\/06\/display-box-300x242.webp 300w, https:\/\/www.cadexinc.com\/wp-content\/uploads\/2023\/06\/display-box-1024x827.webp 1024w, https:\/\/www.cadexinc.com\/wp-content\/uploads\/2023\/06\/display-box-768x620.webp 768w, https:\/\/www.cadexinc.com\/wp-content\/uploads\/2023\/06\/display-box-416x336.webp 416w\" sizes=\"(max-width: 1500px) 100vw, 1500px\" \/>\t\t\t\t\t\t\t\t\t\t\t\t\t\t\t<\/div>\n\t\t\t\t<\/div>\n\t\t\t\t<\/div>\n\t\t\t\t<\/div>\n\t\t\t\t<\/div>\n\t\t\t\t\t<\/div>\n\t\t\t\t<\/div>\n\t\t<div class=\"elementor-element elementor-element-7e2357e e-flex e-con-boxed e-con e-parent\" data-id=\"7e2357e\" data-element_type=\"container\">\n\t\t\t\t\t<div class=\"e-con-inner\">\n\t\t<div class=\"elementor-element elementor-element-0c278f1 e-con-full e-grid equipment-page-multi-image-box e-con e-child\" data-id=\"0c278f1\" data-element_type=\"container\">\n\t\t\t\t<div class=\"elementor-element elementor-element-115a5b9 elementor-widget elementor-widget-image\" data-id=\"115a5b9\" data-element_type=\"widget\" data-widget_type=\"image.default\">\n\t\t\t\t<div class=\"elementor-widget-container\">\n\t\t\t\t\t\t\t\t\t\t\t\t<figure class=\"wp-caption\">\n\t\t\t\t\t\t\t\t\t\t<img decoding=\"async\" width=\"980\" height=\"739\" src=\"https:\/\/www.cadexinc.com\/wp-content\/uploads\/2022\/11\/display-box-2-1024x772.jpg\" class=\"attachment-large size-large wp-image-6626\" alt=\"\" srcset=\"https:\/\/www.cadexinc.com\/wp-content\/uploads\/2022\/11\/display-box-2-1024x772.jpg 1024w, https:\/\/www.cadexinc.com\/wp-content\/uploads\/2022\/11\/display-box-2-300x226.jpg 300w, https:\/\/www.cadexinc.com\/wp-content\/uploads\/2022\/11\/display-box-2-768x579.jpg 768w, https:\/\/www.cadexinc.com\/wp-content\/uploads\/2022\/11\/display-box-2-324x243.jpg 324w, https:\/\/www.cadexinc.com\/wp-content\/uploads\/2022\/11\/display-box-2-416x314.jpg 416w, https:\/\/www.cadexinc.com\/wp-content\/uploads\/2022\/11\/display-box-2.jpg 1085w\" sizes=\"(max-width: 980px) 100vw, 980px\" \/>\t\t\t\t\t\t\t\t\t\t\t<figcaption class=\"widget-image-caption wp-caption-text\">Exemple de v\u00e9locim\u00e8tres Cadex (vendus s\u00e9par\u00e9ment)<\/figcaption>\n\t\t\t\t\t\t\t\t\t\t<\/figure>\n\t\t\t\t\t\t\t\t\t<\/div>\n\t\t\t\t<\/div>\n\t\t\t\t<div class=\"elementor-element elementor-element-5b573de elementor-widget elementor-widget-image\" data-id=\"5b573de\" data-element_type=\"widget\" data-widget_type=\"image.default\">\n\t\t\t\t<div class=\"elementor-widget-container\">\n\t\t\t\t\t\t\t\t\t\t\t\t<figure class=\"wp-caption\">\n\t\t\t\t\t\t\t\t\t\t<img decoding=\"async\" width=\"894\" height=\"794\" src=\"https:\/\/www.cadexinc.com\/wp-content\/uploads\/2025\/03\/VelocimeterDisplayBox-SideView.webp\" class=\"attachment-large size-large wp-image-17258\" alt=\"\" srcset=\"https:\/\/www.cadexinc.com\/wp-content\/uploads\/2025\/03\/VelocimeterDisplayBox-SideView.webp 894w, https:\/\/www.cadexinc.com\/wp-content\/uploads\/2025\/03\/VelocimeterDisplayBox-SideView-300x266.webp 300w, https:\/\/www.cadexinc.com\/wp-content\/uploads\/2025\/03\/VelocimeterDisplayBox-SideView-768x682.webp 768w, https:\/\/www.cadexinc.com\/wp-content\/uploads\/2025\/03\/VelocimeterDisplayBox-SideView-14x12.webp 14w, https:\/\/www.cadexinc.com\/wp-content\/uploads\/2025\/03\/VelocimeterDisplayBox-SideView-416x369.webp 416w\" sizes=\"(max-width: 894px) 100vw, 894px\" \/>\t\t\t\t\t\t\t\t\t\t\t<figcaption class=\"widget-image-caption wp-caption-text\">Vue lat\u00e9rale avec les connecteurs et les d\u00e9tails des supports<\/figcaption>\n\t\t\t\t\t\t\t\t\t\t<\/figure>\n\t\t\t\t\t\t\t\t\t<\/div>\n\t\t\t\t<\/div>\n\t\t\t\t<\/div>\n\t\t\t\t\t<\/div>\n\t\t\t\t<\/div>\n\t\t\t\t<\/div>","protected":false},"excerpt":{"rendered":"<p>The velocimeter (timegate) display box is a convenient alternative for any testing application which required a speed reading, when the Cadex software is not accessible. The display reads the time from which an object takes to cut the light beam of the velocimeter (timegate). This system can be use with every Cadex velocimeter (timegate) models. [&hellip;]<\/p>","protected":false},"author":5,"featured_media":11768,"parent":3152,"menu_order":0,"comment_status":"closed","ping_status":"closed","template":"","meta":{"footnotes":""},"categories":[39],"class_list":["post-145","page","type-page","status-publish","has-post-thumbnail","hentry","category-electronic-data-equipment"],"_links":{"self":[{"href":"https:\/\/www.cadexinc.com\/fr\/wp-json\/wp\/v2\/pages\/145","targetHints":{"allow":["GET"]}}],"collection":[{"href":"https:\/\/www.cadexinc.com\/fr\/wp-json\/wp\/v2\/pages"}],"about":[{"href":"https:\/\/www.cadexinc.com\/fr\/wp-json\/wp\/v2\/types\/page"}],"author":[{"embeddable":true,"href":"https:\/\/www.cadexinc.com\/fr\/wp-json\/wp\/v2\/users\/5"}],"replies":[{"embeddable":true,"href":"https:\/\/www.cadexinc.com\/fr\/wp-json\/wp\/v2\/comments?post=145"}],"version-history":[{"count":95,"href":"https:\/\/www.cadexinc.com\/fr\/wp-json\/wp\/v2\/pages\/145\/revisions"}],"predecessor-version":[{"id":21343,"href":"https:\/\/www.cadexinc.com\/fr\/wp-json\/wp\/v2\/pages\/145\/revisions\/21343"}],"up":[{"embeddable":true,"href":"https:\/\/www.cadexinc.com\/fr\/wp-json\/wp\/v2\/pages\/3152"}],"wp:featuredmedia":[{"embeddable":true,"href":"https:\/\/www.cadexinc.com\/fr\/wp-json\/wp\/v2\/media\/11768"}],"wp:attachment":[{"href":"https:\/\/www.cadexinc.com\/fr\/wp-json\/wp\/v2\/media?parent=145"}],"wp:term":[{"taxonomy":"category","embeddable":true,"href":"https:\/\/www.cadexinc.com\/fr\/wp-json\/wp\/v2\/categories?post=145"}],"curies":[{"name":"wp","href":"https:\/\/api.w.org\/{rel}","templated":true}]}}