{"id":143,"date":"2022-05-17T13:22:30","date_gmt":"2022-05-17T17:22:30","guid":{"rendered":"http:\/\/www.cadexinc.com\/?page_id=143"},"modified":"2023-07-06T10:32:34","modified_gmt":"2023-07-06T14:32:34","slug":"boitier-de-controle","status":"publish","type":"page","link":"https:\/\/www.cadexinc.com\/fr\/equipement\/electronique\/boitier-de-controle\/","title":{"rendered":"Bo\u00eete de contr\u00f4le"},"content":{"rendered":"<div class=\"container\">\r\n\r\n<div class=\"row align-items-start\">\r\n<div class=\"col-sm-4\">\r\n<center><figure class=\"figure pt-2 cdx-border bg-white\"><img decoding=\"async\" src=\"http:\/\/www.cadexinc.com\/wp-content\/uploads\/2022\/11\/electronic-c-box-1.png\" alt=\"Bo\u00eetier de contr\u00f4le \u00e9lectronique\" class=\"img-fluid cdx-img-90 pt-5 mx-auto\" \/><figcaption class=\"figure-caption text-center text-dark fs-7 mt-1\"><p class=\"d-flex flex-column p-2 m-0 fs-7 fst-italic mx-auto justify-content-center bg-light\">Bo\u00eetier de contr\u00f4le \u00e9lectronique<\/p><\/figcaption><\/figure><\/center>\r\n<\/div>\r\n<div class=\"col-sm-4 pt-4 shadow-sm border rounded-1 bg-light\">\r\n\r\n<ol class=\"list-group list-group-numbered fw-normal text-dark px-5 mb-3 rounded-1 cdx-control\" style=\"margin-left: 0 !important;\">\r\n<li class=\"list-group-item\">Interrupteur d'alimentation<\/li>\r\n<li class=\"list-group-item\">Disjoncteur<\/li>\r\n<li class=\"list-group-item\">Port de connexion PC<\/li>\r\n<li class=\"list-group-item\">Port du capteur de cage<br\/>\r\n (activation de l'interrupteur de s\u00e9curit\u00e9)<\/li>\r\n<li class=\"list-group-item\">Remise \u00e0 z\u00e9ro<\/li>\r\n<li class=\"list-group-item\">Cordon d'alimentation<\/li>\r\n<li class=\"list-group-item\">Port de connexion du p\u00e9n\u00e9trateur<\/li>\r\n<li class=\"list-group-item\">Port clavier<\/li>\r\n<li class=\"list-group-item\">Port de connexion de la tour<\/li>\r\n<li class=\"list-group-item\">\u00c9cran<\/li>\r\n<li class=\"list-group-item\">Arr\u00eat de la d\u00e9rivation D<\/li>\r\n<\/ol>\r\n\r\n<center><figure class=\"figure\"><img decoding=\"async\" src=\"http:\/\/www.cadexinc.com\/wp-content\/uploads\/2022\/11\/electronic-c-box-screen.png\" title=\"\" alt=\"\u00c9cran du bo\u00eetier de commande \u00e9lectronique\" class=\"img-fluid cdx-electronic mx-auto\" \/><figcaption class=\"figure-caption text-center text-dark fs-7 mt-1\"><p class=\"d-flex flex-column m-0 fs-7 fst-italic p-2 mx-auto justify-content-center\">\u00c9cran du bo\u00eetier de commande \u00e9lectronique<\/p><\/figcaption><\/figure><\/center>\r\n<\/div>\r\n\r\n<div class=\"col-sm-4 pt-4\">\r\n<center><figure class=\"figure pt-2 cdx-border bg-white\"><img decoding=\"async\" src=\"http:\/\/www.cadexinc.com\/wp-content\/uploads\/2022\/11\/cadex-c-box-1.png\" alt=\"Bo\u00eete de contr\u00f4le Cadex\" class=\"\" \/><figcaption class=\"figure-caption text-center text-dark fs-7 mt-1\"><p class=\"d-flex flex-column p-2 m-0 fs-7 fst-italic mx-auto justify-content-center bg-light\">Bo\u00eete de contr\u00f4le Cadex<\/p><\/figcaption><\/figure><\/center>\r\n<\/div>\r\n\r\n<\/div>\r\n<\/div>","protected":false},"excerpt":{"rendered":"<p>Interrupteur d'alimentation Disjoncteur Port de connexion PC Port du capteur de cage (activation de l'interrupteur de s\u00e9curit\u00e9) R\u00e9initialisation Cordon d'alimentation Port de connexion du p\u00e9n\u00e9trateur Port du clavier Port de connexion de la tour \u00c9cran Arr\u00eat de d\u00e9rivation D<\/p>","protected":false},"author":5,"featured_media":0,"parent":3152,"menu_order":0,"comment_status":"closed","ping_status":"closed","template":"","meta":{"footnotes":""},"categories":[39],"class_list":["post-143","page","type-page","status-publish","hentry","category-electronic-data-equipment"],"_links":{"self":[{"href":"https:\/\/www.cadexinc.com\/fr\/wp-json\/wp\/v2\/pages\/143","targetHints":{"allow":["GET"]}}],"collection":[{"href":"https:\/\/www.cadexinc.com\/fr\/wp-json\/wp\/v2\/pages"}],"about":[{"href":"https:\/\/www.cadexinc.com\/fr\/wp-json\/wp\/v2\/types\/page"}],"author":[{"embeddable":true,"href":"https:\/\/www.cadexinc.com\/fr\/wp-json\/wp\/v2\/users\/5"}],"replies":[{"embeddable":true,"href":"https:\/\/www.cadexinc.com\/fr\/wp-json\/wp\/v2\/comments?post=143"}],"version-history":[{"count":86,"href":"https:\/\/www.cadexinc.com\/fr\/wp-json\/wp\/v2\/pages\/143\/revisions"}],"predecessor-version":[{"id":12356,"href":"https:\/\/www.cadexinc.com\/fr\/wp-json\/wp\/v2\/pages\/143\/revisions\/12356"}],"up":[{"embeddable":true,"href":"https:\/\/www.cadexinc.com\/fr\/wp-json\/wp\/v2\/pages\/3152"}],"wp:attachment":[{"href":"https:\/\/www.cadexinc.com\/fr\/wp-json\/wp\/v2\/media?parent=143"}],"wp:term":[{"taxonomy":"category","embeddable":true,"href":"https:\/\/www.cadexinc.com\/fr\/wp-json\/wp\/v2\/categories?post=143"}],"curies":[{"name":"wp","href":"https:\/\/api.w.org\/{rel}","templated":true}]}}