{"id":141,"date":"2022-05-17T13:22:11","date_gmt":"2022-05-17T17:22:11","guid":{"rendered":"http:\/\/www.cadexinc.com\/?page_id=141"},"modified":"2026-03-24T11:07:24","modified_gmt":"2026-03-24T15:07:24","slug":"boitier-de-controle-de-la-penetration","status":"publish","type":"page","link":"https:\/\/www.cadexinc.com\/fr\/equipement\/electronique\/boitier-de-controle-de-la-penetration\/","title":{"rendered":"Bo\u00eetier de contr\u00f4le de p\u00e9n\u00e9tration"},"content":{"rendered":"<div data-elementor-type=\"wp-page\" data-elementor-id=\"141\" class=\"elementor elementor-141\">\n\t\t\t\t<div class=\"elementor-element elementor-element-22756155 elementor-hidden-desktop elementor-hidden-tablet e-flex e-con-boxed e-con e-parent\" data-id=\"22756155\" data-element_type=\"container\">\n\t\t\t\t\t<div class=\"e-con-inner\">\n\t\t\t\t<div class=\"elementor-element elementor-element-d5d5866 elementor-widget elementor-widget-image\" data-id=\"d5d5866\" data-element_type=\"widget\" data-widget_type=\"image.default\">\n\t\t\t\t<div class=\"elementor-widget-container\">\n\t\t\t\t\t\t\t\t\t\t\t\t\t\t\t<img fetchpriority=\"high\" decoding=\"async\" width=\"823\" height=\"1500\" src=\"https:\/\/www.cadexinc.com\/wp-content\/uploads\/2023\/06\/Penetration-Control-Box_new.webp\" class=\"attachment-full size-full wp-image-11167\" alt=\"\" srcset=\"https:\/\/www.cadexinc.com\/wp-content\/uploads\/2023\/06\/Penetration-Control-Box_new.webp 823w, https:\/\/www.cadexinc.com\/wp-content\/uploads\/2023\/06\/Penetration-Control-Box_new-165x300.webp 165w, https:\/\/www.cadexinc.com\/wp-content\/uploads\/2023\/06\/Penetration-Control-Box_new-562x1024.webp 562w, https:\/\/www.cadexinc.com\/wp-content\/uploads\/2023\/06\/Penetration-Control-Box_new-768x1400.webp 768w, https:\/\/www.cadexinc.com\/wp-content\/uploads\/2023\/06\/Penetration-Control-Box_new-416x758.webp 416w\" sizes=\"(max-width: 823px) 100vw, 823px\" \/>\t\t\t\t\t\t\t\t\t\t\t\t\t\t\t<\/div>\n\t\t\t\t<\/div>\n\t\t\t\t\t<\/div>\n\t\t\t\t<\/div>\n\t\t<div class=\"elementor-element elementor-element-770131e e-flex e-con-boxed e-con e-parent\" data-id=\"770131e\" data-element_type=\"container\">\n\t\t\t\t\t<div class=\"e-con-inner\">\n\t\t<div class=\"elementor-element elementor-element-d4399b9 e-con-full e-flex e-con e-child\" data-id=\"d4399b9\" data-element_type=\"container\">\n\t\t<div class=\"elementor-element elementor-element-c80d143 e-con-full e-flex e-con e-child\" data-id=\"c80d143\" data-element_type=\"container\">\n\t\t<div class=\"elementor-element elementor-element-d513179 e-con-full equipment-main-right-block e-flex e-con e-child\" data-id=\"d513179\" data-element_type=\"container\">\n\t\t<div class=\"elementor-element elementor-element-001b843 e-con-full e-flex e-con e-child\" data-id=\"001b843\" data-element_type=\"container\">\n\t\t\t\t<div class=\"elementor-element elementor-element-18c35d9 elementor-widget elementor-widget-text-editor\" data-id=\"18c35d9\" data-element_type=\"widget\" data-widget_type=\"text-editor.default\">\n\t\t\t\t<div class=\"elementor-widget-container\">\n\t\t\t\t\t\t\t\t\t<p class=\"cdx-title cdx-text-align-justify\">Le bo\u00eetier de contr\u00f4le pour p\u00e9n\u00e9tration est un dispositif d\u00e9tecteur de contact. Utilis\u00e9 en combinaison avec une forme de t\u00eate conductrice, il fournit un signal de d\u00e9tection en cas de p\u00e9n\u00e9tration.<\/p>\t\t\t\t\t\t\t\t<\/div>\n\t\t\t\t<\/div>\n\t\t\t\t<div class=\"elementor-element elementor-element-956c211 equipment-sub-titles elementor-widget elementor-widget-heading\" data-id=\"956c211\" data-element_type=\"widget\" data-widget_type=\"heading.default\">\n\t\t\t\t<div class=\"elementor-widget-container\">\n\t\t\t\t\t<h6 class=\"elementor-heading-title elementor-size-default\">DIMENSIONS (Approx.) :<\/h6>\t\t\t\t<\/div>\n\t\t\t\t<\/div>\n\t\t\t\t<div class=\"elementor-element elementor-element-d194b2b elementor-widget elementor-widget-text-editor\" data-id=\"d194b2b\" data-element_type=\"widget\" data-widget_type=\"text-editor.default\">\n\t\t\t\t<div class=\"elementor-widget-container\">\n\t\t\t\t\t\t\t\t\t<ul class=\"special-list\">\n<li>Longueur : 6,98 cm \/ 2,75 in<\/li>\n<li>Width:\u00a0 \u00a02.54 cm \/ 1 in<\/li>\n<li>Hauteur : 13,3 cm \/ 5,25 in<\/li>\n<\/ul>\t\t\t\t\t\t\t\t<\/div>\n\t\t\t\t<\/div>\n\t\t\t\t<div class=\"elementor-element elementor-element-f3fa616 equipment-sub-titles elementor-widget elementor-widget-heading\" data-id=\"f3fa616\" data-element_type=\"widget\" data-widget_type=\"heading.default\">\n\t\t\t\t<div class=\"elementor-widget-container\">\n\t\t\t\t\t<h6 class=\"elementor-heading-title elementor-size-default\">CARACT\u00c9RISTIQUES\u202f:<\/h6>\t\t\t\t<\/div>\n\t\t\t\t<\/div>\n\t\t\t\t<div class=\"elementor-element elementor-element-c06461c elementor-widget elementor-widget-text-editor\" data-id=\"c06461c\" data-element_type=\"widget\" data-widget_type=\"text-editor.default\">\n\t\t\t\t<div class=\"elementor-widget-container\">\n\t\t\t\t\t\t\t\t\t<ul class=\"special-list\">\n<li>Indicateurs de d\u00e9tection de contact visibles et audibles<\/li>\n<li>Utilise une pile normale de 9 VDC<\/li>\n<li>Indicateur de poids avec bouton de remise \u00e0 z\u00e9ro<\/li>\n<li>Interrupteur ON\/OFF<\/li>\n<\/ul>\t\t\t\t\t\t\t\t<\/div>\n\t\t\t\t<\/div>\n\t\t\t\t<\/div>\n\t\t\t\t<\/div>\n\t\t\t\t<\/div>\n\t\t<div class=\"elementor-element elementor-element-2b08338 e-con-full e-flex e-con e-child\" data-id=\"2b08338\" data-element_type=\"container\">\n\t\t<div class=\"elementor-element elementor-element-cb8ea29 e-con-full e-grid equipment-page-multi-image-box elementor-hidden-mobile e-con e-child\" data-id=\"cb8ea29\" data-element_type=\"container\">\n\t\t\t\t<div class=\"elementor-element elementor-element-7acd2b3 elementor-widget elementor-widget-image\" data-id=\"7acd2b3\" data-element_type=\"widget\" data-widget_type=\"image.default\">\n\t\t\t\t<div class=\"elementor-widget-container\">\n\t\t\t\t\t\t\t\t\t\t\t\t\t\t\t<img fetchpriority=\"high\" decoding=\"async\" width=\"823\" height=\"1500\" src=\"https:\/\/www.cadexinc.com\/wp-content\/uploads\/2023\/06\/Penetration-Control-Box_new.webp\" class=\"attachment-full size-full wp-image-11167\" alt=\"\" srcset=\"https:\/\/www.cadexinc.com\/wp-content\/uploads\/2023\/06\/Penetration-Control-Box_new.webp 823w, https:\/\/www.cadexinc.com\/wp-content\/uploads\/2023\/06\/Penetration-Control-Box_new-165x300.webp 165w, https:\/\/www.cadexinc.com\/wp-content\/uploads\/2023\/06\/Penetration-Control-Box_new-562x1024.webp 562w, https:\/\/www.cadexinc.com\/wp-content\/uploads\/2023\/06\/Penetration-Control-Box_new-768x1400.webp 768w, https:\/\/www.cadexinc.com\/wp-content\/uploads\/2023\/06\/Penetration-Control-Box_new-416x758.webp 416w\" sizes=\"(max-width: 823px) 100vw, 823px\" \/>\t\t\t\t\t\t\t\t\t\t\t\t\t\t\t<\/div>\n\t\t\t\t<\/div>\n\t\t\t\t<\/div>\n\t\t\t\t<\/div>\n\t\t\t\t<\/div>\n\t\t\t\t\t<\/div>\n\t\t\t\t<\/div>\n\t\t<div class=\"elementor-element elementor-element-93b0487 e-flex e-con-boxed e-con e-parent\" data-id=\"93b0487\" data-element_type=\"container\">\n\t\t\t\t\t<div class=\"e-con-inner\">\n\t\t<div class=\"elementor-element elementor-element-b3bfbc9 e-con-full e-grid equipment-page-multi-image-box e-con e-child\" data-id=\"b3bfbc9\" data-element_type=\"container\">\n\t\t\t\t<div class=\"elementor-element elementor-element-17c4124 elementor-widget elementor-widget-image\" data-id=\"17c4124\" data-element_type=\"widget\" data-widget_type=\"image.default\">\n\t\t\t\t<div class=\"elementor-widget-container\">\n\t\t\t\t\t\t\t\t\t\t\t\t<figure class=\"wp-caption\">\n\t\t\t\t\t\t\t\t\t\t<img decoding=\"async\" width=\"520\" height=\"323\" src=\"https:\/\/www.cadexinc.com\/wp-content\/uploads\/2023\/06\/Penetration-Control-Box_Lights_indicator.webp\" class=\"attachment-large size-large wp-image-11176\" alt=\"\" srcset=\"https:\/\/www.cadexinc.com\/wp-content\/uploads\/2023\/06\/Penetration-Control-Box_Lights_indicator.webp 520w, https:\/\/www.cadexinc.com\/wp-content\/uploads\/2023\/06\/Penetration-Control-Box_Lights_indicator-300x186.webp 300w, https:\/\/www.cadexinc.com\/wp-content\/uploads\/2023\/06\/Penetration-Control-Box_Lights_indicator-416x258.webp 416w\" sizes=\"(max-width: 520px) 100vw, 520px\" \/>\t\t\t\t\t\t\t\t\t\t\t<figcaption class=\"widget-image-caption wp-caption-text\">Indicateurs lumineux avec bouton de r\u00e9initialisation<\/figcaption>\n\t\t\t\t\t\t\t\t\t\t<\/figure>\n\t\t\t\t\t\t\t\t\t<\/div>\n\t\t\t\t<\/div>\n\t\t\t\t<div class=\"elementor-element elementor-element-5bc1aff elementor-widget elementor-widget-image\" data-id=\"5bc1aff\" data-element_type=\"widget\" data-widget_type=\"image.default\">\n\t\t\t\t<div class=\"elementor-widget-container\">\n\t\t\t\t\t\t\t\t\t\t\t\t<figure class=\"wp-caption\">\n\t\t\t\t\t\t\t\t\t\t<img decoding=\"async\" width=\"544\" height=\"241\" src=\"https:\/\/www.cadexinc.com\/wp-content\/uploads\/2023\/06\/Penetration-Control-Box_Connecting_wire.webp\" class=\"attachment-large size-large wp-image-11173\" alt=\"\" srcset=\"https:\/\/www.cadexinc.com\/wp-content\/uploads\/2023\/06\/Penetration-Control-Box_Connecting_wire.webp 544w, https:\/\/www.cadexinc.com\/wp-content\/uploads\/2023\/06\/Penetration-Control-Box_Connecting_wire-300x133.webp 300w, https:\/\/www.cadexinc.com\/wp-content\/uploads\/2023\/06\/Penetration-Control-Box_Connecting_wire-416x184.webp 416w\" sizes=\"(max-width: 544px) 100vw, 544px\" \/>\t\t\t\t\t\t\t\t\t\t\t<figcaption class=\"widget-image-caption wp-caption-text\">Fil de connexion avec pinces crocodiles inclus<\/figcaption>\n\t\t\t\t\t\t\t\t\t\t<\/figure>\n\t\t\t\t\t\t\t\t\t<\/div>\n\t\t\t\t<\/div>\n\t\t\t\t<\/div>\n\t\t\t\t\t<\/div>\n\t\t\t\t<\/div>\n\t\t\t\t<\/div>","protected":false},"excerpt":{"rendered":"<p>The penetration control box is a contact detector device. Used in combination with a conductive headform, the penetration box provides a detection signal in case of penetration. DIMENSIONS (Approx.): Length: 6.98 cm \/ 2.75 in Width:\u00a0 \u00a02.54 cm \/ 1 in Height: 13.3 cm \/ 5.25 in FEATURES: Visible and audible contact detection indicators Uses [&hellip;]<\/p>","protected":false},"author":5,"featured_media":11167,"parent":3152,"menu_order":0,"comment_status":"closed","ping_status":"closed","template":"","meta":{"footnotes":""},"categories":[39],"class_list":["post-141","page","type-page","status-publish","has-post-thumbnail","hentry","category-electronic-data-equipment"],"_links":{"self":[{"href":"https:\/\/www.cadexinc.com\/fr\/wp-json\/wp\/v2\/pages\/141","targetHints":{"allow":["GET"]}}],"collection":[{"href":"https:\/\/www.cadexinc.com\/fr\/wp-json\/wp\/v2\/pages"}],"about":[{"href":"https:\/\/www.cadexinc.com\/fr\/wp-json\/wp\/v2\/types\/page"}],"author":[{"embeddable":true,"href":"https:\/\/www.cadexinc.com\/fr\/wp-json\/wp\/v2\/users\/5"}],"replies":[{"embeddable":true,"href":"https:\/\/www.cadexinc.com\/fr\/wp-json\/wp\/v2\/comments?post=141"}],"version-history":[{"count":67,"href":"https:\/\/www.cadexinc.com\/fr\/wp-json\/wp\/v2\/pages\/141\/revisions"}],"predecessor-version":[{"id":21340,"href":"https:\/\/www.cadexinc.com\/fr\/wp-json\/wp\/v2\/pages\/141\/revisions\/21340"}],"up":[{"embeddable":true,"href":"https:\/\/www.cadexinc.com\/fr\/wp-json\/wp\/v2\/pages\/3152"}],"wp:featuredmedia":[{"embeddable":true,"href":"https:\/\/www.cadexinc.com\/fr\/wp-json\/wp\/v2\/media\/11167"}],"wp:attachment":[{"href":"https:\/\/www.cadexinc.com\/fr\/wp-json\/wp\/v2\/media?parent=141"}],"wp:term":[{"taxonomy":"category","embeddable":true,"href":"https:\/\/www.cadexinc.com\/fr\/wp-json\/wp\/v2\/categories?post=141"}],"curies":[{"name":"wp","href":"https:\/\/api.w.org\/{rel}","templated":true}]}}