{"id":139,"date":"2022-05-17T13:21:50","date_gmt":"2022-05-17T17:21:50","guid":{"rendered":"http:\/\/www.cadexinc.com\/?page_id=139"},"modified":"2026-03-24T10:53:54","modified_gmt":"2026-03-24T14:53:54","slug":"kit-de-cellule-de-charge-pour-le-rembourrage-de-la-carrosserie","status":"publish","type":"page","link":"https:\/\/www.cadexinc.com\/fr\/equipement\/electronique\/kit-de-cellule-de-charge-pour-le-rembourrage-de-la-carrosserie\/","title":{"rendered":"Kit de cellule de charge pour rembourrage corporel"},"content":{"rendered":"<div data-elementor-type=\"wp-page\" data-elementor-id=\"139\" class=\"elementor elementor-139\">\n\t\t\t\t<div class=\"elementor-element elementor-element-4485f2bb elementor-hidden-desktop elementor-hidden-tablet e-flex e-con-boxed e-con e-parent\" data-id=\"4485f2bb\" data-element_type=\"container\">\n\t\t\t\t\t<div class=\"e-con-inner\">\n\t\t\t\t<div class=\"elementor-element elementor-element-9c3bcfd elementor-widget elementor-widget-image\" data-id=\"9c3bcfd\" data-element_type=\"widget\" data-widget_type=\"image.default\">\n\t\t\t\t<div class=\"elementor-widget-container\">\n\t\t\t\t\t\t\t\t\t\t\t\t\t\t\t<img fetchpriority=\"high\" decoding=\"async\" width=\"1045\" height=\"884\" src=\"https:\/\/www.cadexinc.com\/wp-content\/uploads\/2025\/04\/BodyPLCKit-main.webp\" class=\"attachment-full size-full wp-image-18181\" alt=\"\" srcset=\"https:\/\/www.cadexinc.com\/wp-content\/uploads\/2025\/04\/BodyPLCKit-main.webp 1045w, https:\/\/www.cadexinc.com\/wp-content\/uploads\/2025\/04\/BodyPLCKit-main-300x254.webp 300w, https:\/\/www.cadexinc.com\/wp-content\/uploads\/2025\/04\/BodyPLCKit-main-1024x866.webp 1024w, https:\/\/www.cadexinc.com\/wp-content\/uploads\/2025\/04\/BodyPLCKit-main-768x650.webp 768w, https:\/\/www.cadexinc.com\/wp-content\/uploads\/2025\/04\/BodyPLCKit-main-14x12.webp 14w, https:\/\/www.cadexinc.com\/wp-content\/uploads\/2025\/04\/BodyPLCKit-main-416x352.webp 416w\" sizes=\"(max-width: 1045px) 100vw, 1045px\" \/>\t\t\t\t\t\t\t\t\t\t\t\t\t\t\t<\/div>\n\t\t\t\t<\/div>\n\t\t\t\t\t<\/div>\n\t\t\t\t<\/div>\n\t\t<div class=\"elementor-element elementor-element-033211c e-flex e-con-boxed e-con e-parent\" data-id=\"033211c\" data-element_type=\"container\">\n\t\t\t\t\t<div class=\"e-con-inner\">\n\t\t<div class=\"elementor-element elementor-element-c93f8a9 e-con-full e-flex e-con e-child\" data-id=\"c93f8a9\" data-element_type=\"container\">\n\t\t<div class=\"elementor-element elementor-element-df4d7ed e-con-full e-flex e-con e-child\" data-id=\"df4d7ed\" data-element_type=\"container\">\n\t\t<div class=\"elementor-element elementor-element-b764794 e-con-full equipment-main-right-block e-flex e-con e-child\" data-id=\"b764794\" data-element_type=\"container\">\n\t\t<div class=\"elementor-element elementor-element-167e56f e-con-full e-flex e-con e-child\" data-id=\"167e56f\" data-element_type=\"container\">\n\t\t\t\t<div class=\"elementor-element elementor-element-3fb7db3 elementor-widget elementor-widget-text-editor\" data-id=\"3fb7db3\" data-element_type=\"widget\" data-widget_type=\"text-editor.default\">\n\t\t\t\t<div class=\"elementor-widget-container\">\n\t\t\t\t\t\t\t\t\t<p class=\"cdx-title cdx-text-align-justify\">Le kit de cellule de charge pour rembourrage corporel Cadex est con\u00e7u pour les tests de r\u00e9partition de charge. Il est conforme aux exigences de diff\u00e9rentes normes telles que :<\/p>\t\t\t\t\t\t\t\t<\/div>\n\t\t\t\t<\/div>\n\t\t\t\t<div class=\"elementor-element elementor-element-46c6a30 elementor-widget elementor-widget-text-editor\" data-id=\"46c6a30\" data-element_type=\"widget\" data-widget_type=\"text-editor.default\">\n\t\t\t\t<div class=\"elementor-widget-container\">\n\t\t\t\t\t\t\t\t\t<ul class=\"special-list\">\n<li>EN 1621 (motorcyclists\u2019 protective clothing)<\/li>\n<li>EN 14120 (protective clothing for users of roller sports)<\/li>\n<li>EN 13277 (martial arts)<\/li>\n<li>EN 14021 (off-road motorcycling)<\/li>\n<li>EN 13546 (field hockey)<\/li>\n<li>D'autres normes sont \u00e9galement disponibles sur demande<\/li>\n<\/ul>\t\t\t\t\t\t\t\t<\/div>\n\t\t\t\t<\/div>\n\t\t\t\t<div class=\"elementor-element elementor-element-de1262c equipment-sub-titles elementor-widget elementor-widget-heading\" data-id=\"de1262c\" data-element_type=\"widget\" data-widget_type=\"heading.default\">\n\t\t\t\t<div class=\"elementor-widget-container\">\n\t\t\t\t\t<h6 class=\"elementor-heading-title elementor-size-default\">CARACT\u00c9RISTIQUES\u202f:<\/h6>\t\t\t\t<\/div>\n\t\t\t\t<\/div>\n\t\t\t\t<div class=\"elementor-element elementor-element-19faa30 elementor-widget elementor-widget-text-editor\" data-id=\"19faa30\" data-element_type=\"widget\" data-widget_type=\"text-editor.default\">\n\t\t\t\t<div class=\"elementor-widget-container\">\n\t\t\t\t\t\t\t\t\t<ul class=\"special-list\">\n<li>Support \u00e0 d\u00e9tachement rapide<\/li>\n<li>Enclumes interchangeables rapidement et facilement<\/li>\n<li>Peut \u00eatre utilis\u00e9 avec un fil double ou un monorail<\/li>\n<li>Enclumes multiples disponibles s\u00e9par\u00e9ment<\/li>\n<li>Compatible avec le logiciel Cadex (vendu s\u00e9par\u00e9ment)<\/li>\n<\/ul>\n<p class=\"fs-7 fst-italic text-danger cdx-notation\">*N\u00e9cessite un syst\u00e8me d'acquisition<\/p>\t\t\t\t\t\t\t\t<\/div>\n\t\t\t\t<\/div>\n\t\t\t\t<\/div>\n\t\t\t\t<\/div>\n\t\t\t\t<div class=\"elementor-element elementor-element-9f85000 elementor-widget elementor-widget-html\" data-id=\"9f85000\" data-element_type=\"widget\" data-widget_type=\"html.default\">\n\t\t\t\t<div class=\"elementor-widget-container\">\n\t\t\t\t\t<table class=\"table table-sm table-hover\">\r\n<tbody>\r\n<tr>\r\n<th class=\"text-center text-uppercase cdx-oswald fw-bolder fs-4\" colspan=\"2\">PLAGE DISPONIBLE\r\n<\/th>\r\n<\/tr>\r\n<tr>\r\n<td class=\"fs-6\" style=\"width:100%; text-align:center;\">- 10 kN - 70 kN<\/td>\r\n<\/tr>\r\n<tr>\r\n<td class=\"fs-6\" style=\"width:100%; text-align:center;\">- 50 kN - 200 kN<\/td>\r\n<\/tr>\r\n<\/tbody>\r\n<\/table>\t\t\t\t<\/div>\n\t\t\t\t<\/div>\n\t\t\t\t<\/div>\n\t\t<div class=\"elementor-element elementor-element-2adaa23 e-con-full e-flex e-con e-child\" data-id=\"2adaa23\" data-element_type=\"container\">\n\t\t<div class=\"elementor-element elementor-element-c24e187 e-con-full e-grid equipment-page-multi-image-box elementor-hidden-mobile e-con e-child\" data-id=\"c24e187\" data-element_type=\"container\">\n\t\t\t\t<div class=\"elementor-element elementor-element-6acf973 elementor-widget elementor-widget-image\" data-id=\"6acf973\" data-element_type=\"widget\" data-widget_type=\"image.default\">\n\t\t\t\t<div class=\"elementor-widget-container\">\n\t\t\t\t\t\t\t\t\t\t\t\t\t\t\t<img fetchpriority=\"high\" decoding=\"async\" width=\"1045\" height=\"884\" src=\"https:\/\/www.cadexinc.com\/wp-content\/uploads\/2025\/04\/BodyPLCKit-main.webp\" class=\"attachment-full size-full wp-image-18181\" alt=\"\" srcset=\"https:\/\/www.cadexinc.com\/wp-content\/uploads\/2025\/04\/BodyPLCKit-main.webp 1045w, https:\/\/www.cadexinc.com\/wp-content\/uploads\/2025\/04\/BodyPLCKit-main-300x254.webp 300w, https:\/\/www.cadexinc.com\/wp-content\/uploads\/2025\/04\/BodyPLCKit-main-1024x866.webp 1024w, https:\/\/www.cadexinc.com\/wp-content\/uploads\/2025\/04\/BodyPLCKit-main-768x650.webp 768w, https:\/\/www.cadexinc.com\/wp-content\/uploads\/2025\/04\/BodyPLCKit-main-14x12.webp 14w, https:\/\/www.cadexinc.com\/wp-content\/uploads\/2025\/04\/BodyPLCKit-main-416x352.webp 416w\" sizes=\"(max-width: 1045px) 100vw, 1045px\" \/>\t\t\t\t\t\t\t\t\t\t\t\t\t\t\t<\/div>\n\t\t\t\t<\/div>\n\t\t\t\t<\/div>\n\t\t\t\t<\/div>\n\t\t\t\t<\/div>\n\t\t\t\t\t<\/div>\n\t\t\t\t<\/div>\n\t\t<div class=\"elementor-element elementor-element-976b136 e-flex e-con-boxed e-con e-parent\" data-id=\"976b136\" data-element_type=\"container\">\n\t\t\t\t\t<div class=\"e-con-inner\">\n\t\t<div class=\"elementor-element elementor-element-95c2dca e-con-full e-grid equipment-page-multi-image-box e-con e-child\" data-id=\"95c2dca\" data-element_type=\"container\">\n\t\t\t\t<div class=\"elementor-element elementor-element-438916a elementor-widget elementor-widget-image\" data-id=\"438916a\" data-element_type=\"widget\" data-widget_type=\"image.default\">\n\t\t\t\t<div class=\"elementor-widget-container\">\n\t\t\t\t\t\t\t\t\t\t\t\t<figure class=\"wp-caption\">\n\t\t\t\t\t\t\t\t\t\t<img decoding=\"async\" width=\"626\" height=\"488\" src=\"https:\/\/www.cadexinc.com\/wp-content\/uploads\/2025\/04\/OptionalFIDevN.webp\" class=\"attachment-large size-large wp-image-18196\" alt=\"\" srcset=\"https:\/\/www.cadexinc.com\/wp-content\/uploads\/2025\/04\/OptionalFIDevN.webp 626w, https:\/\/www.cadexinc.com\/wp-content\/uploads\/2025\/04\/OptionalFIDevN-300x234.webp 300w, https:\/\/www.cadexinc.com\/wp-content\/uploads\/2025\/04\/OptionalFIDevN-15x12.webp 15w, https:\/\/www.cadexinc.com\/wp-content\/uploads\/2025\/04\/OptionalFIDevN-416x324.webp 416w\" sizes=\"(max-width: 626px) 100vw, 626px\" \/>\t\t\t\t\t\t\t\t\t\t\t<figcaption class=\"widget-image-caption wp-caption-text\">Dispositif d\u2019impact \u00e0 chute optionnel<\/figcaption>\n\t\t\t\t\t\t\t\t\t\t<\/figure>\n\t\t\t\t\t\t\t\t\t<\/div>\n\t\t\t\t<\/div>\n\t\t\t\t<div class=\"elementor-element elementor-element-555f72c elementor-widget elementor-widget-image\" data-id=\"555f72c\" data-element_type=\"widget\" data-widget_type=\"image.default\">\n\t\t\t\t<div class=\"elementor-widget-container\">\n\t\t\t\t\t\t\t\t\t\t\t\t<figure class=\"wp-caption\">\n\t\t\t\t\t\t\t\t\t\t<img decoding=\"async\" width=\"626\" height=\"488\" src=\"https:\/\/www.cadexinc.com\/wp-content\/uploads\/2025\/04\/EN-1621-1n.webp\" class=\"attachment-large size-large wp-image-18193\" alt=\"\" srcset=\"https:\/\/www.cadexinc.com\/wp-content\/uploads\/2025\/04\/EN-1621-1n.webp 626w, https:\/\/www.cadexinc.com\/wp-content\/uploads\/2025\/04\/EN-1621-1n-300x234.webp 300w, https:\/\/www.cadexinc.com\/wp-content\/uploads\/2025\/04\/EN-1621-1n-15x12.webp 15w, https:\/\/www.cadexinc.com\/wp-content\/uploads\/2025\/04\/EN-1621-1n-416x324.webp 416w\" sizes=\"(max-width: 626px) 100vw, 626px\" \/>\t\t\t\t\t\t\t\t\t\t\t<figcaption class=\"widget-image-caption wp-caption-text\">EN 1621-1 \u2013 V\u00eatements de protection pour motards<\/figcaption>\n\t\t\t\t\t\t\t\t\t\t<\/figure>\n\t\t\t\t\t\t\t\t\t<\/div>\n\t\t\t\t<\/div>\n\t\t\t\t<div class=\"elementor-element elementor-element-044dd76 elementor-widget elementor-widget-image\" data-id=\"044dd76\" data-element_type=\"widget\" data-widget_type=\"image.default\">\n\t\t\t\t<div class=\"elementor-widget-container\">\n\t\t\t\t\t\t\t\t\t\t\t\t<figure class=\"wp-caption\">\n\t\t\t\t\t\t\t\t\t\t<img loading=\"lazy\" decoding=\"async\" width=\"626\" height=\"488\" src=\"https:\/\/www.cadexinc.com\/wp-content\/uploads\/2025\/04\/EN-13277n.webp\" class=\"attachment-large size-large wp-image-18194\" alt=\"\" srcset=\"https:\/\/www.cadexinc.com\/wp-content\/uploads\/2025\/04\/EN-13277n.webp 626w, https:\/\/www.cadexinc.com\/wp-content\/uploads\/2025\/04\/EN-13277n-300x234.webp 300w, https:\/\/www.cadexinc.com\/wp-content\/uploads\/2025\/04\/EN-13277n-15x12.webp 15w, https:\/\/www.cadexinc.com\/wp-content\/uploads\/2025\/04\/EN-13277n-416x324.webp 416w\" sizes=\"(max-width: 626px) 100vw, 626px\" \/>\t\t\t\t\t\t\t\t\t\t\t<figcaption class=\"widget-image-caption wp-caption-text\">EN 13277 - Kit d'art martial<\/figcaption>\n\t\t\t\t\t\t\t\t\t\t<\/figure>\n\t\t\t\t\t\t\t\t\t<\/div>\n\t\t\t\t<\/div>\n\t\t\t\t<div class=\"elementor-element elementor-element-1f2f945 elementor-widget elementor-widget-image\" data-id=\"1f2f945\" data-element_type=\"widget\" data-widget_type=\"image.default\">\n\t\t\t\t<div class=\"elementor-widget-container\">\n\t\t\t\t\t\t\t\t\t\t\t\t<figure class=\"wp-caption\">\n\t\t\t\t\t\t\t\t\t\t<img loading=\"lazy\" decoding=\"async\" width=\"626\" height=\"488\" src=\"https:\/\/www.cadexinc.com\/wp-content\/uploads\/2025\/04\/EN-13546n.webp\" class=\"attachment-large size-large wp-image-18195\" alt=\"\" srcset=\"https:\/\/www.cadexinc.com\/wp-content\/uploads\/2025\/04\/EN-13546n.webp 626w, https:\/\/www.cadexinc.com\/wp-content\/uploads\/2025\/04\/EN-13546n-300x234.webp 300w, https:\/\/www.cadexinc.com\/wp-content\/uploads\/2025\/04\/EN-13546n-15x12.webp 15w, https:\/\/www.cadexinc.com\/wp-content\/uploads\/2025\/04\/EN-13546n-416x324.webp 416w\" sizes=\"(max-width: 626px) 100vw, 626px\" \/>\t\t\t\t\t\t\t\t\t\t\t<figcaption class=\"widget-image-caption wp-caption-text\">EN 13546 - Hockey sur gazon<\/figcaption>\n\t\t\t\t\t\t\t\t\t\t<\/figure>\n\t\t\t\t\t\t\t\t\t<\/div>\n\t\t\t\t<\/div>\n\t\t\t\t<\/div>\n\t\t\t\t\t<\/div>\n\t\t\t\t<\/div>\n\t\t\t\t<\/div>","protected":false},"excerpt":{"rendered":"<p>The Cadex body padding load cell kit is designed for load distribution testing. It complies to many different standards requirements such as: EN 1621 (motorcyclists\u2019 protective clothing) EN 14120 (protective clothing for users of roller sports) EN 13277 (martial arts) EN 14021 (off-road motorcycling) EN 13546 (field hockey) Other standards are also available upon request [&hellip;]<\/p>","protected":false},"author":5,"featured_media":14001,"parent":3152,"menu_order":0,"comment_status":"closed","ping_status":"closed","template":"","meta":{"footnotes":""},"categories":[39],"class_list":["post-139","page","type-page","status-publish","has-post-thumbnail","hentry","category-electronic-data-equipment"],"_links":{"self":[{"href":"https:\/\/www.cadexinc.com\/fr\/wp-json\/wp\/v2\/pages\/139","targetHints":{"allow":["GET"]}}],"collection":[{"href":"https:\/\/www.cadexinc.com\/fr\/wp-json\/wp\/v2\/pages"}],"about":[{"href":"https:\/\/www.cadexinc.com\/fr\/wp-json\/wp\/v2\/types\/page"}],"author":[{"embeddable":true,"href":"https:\/\/www.cadexinc.com\/fr\/wp-json\/wp\/v2\/users\/5"}],"replies":[{"embeddable":true,"href":"https:\/\/www.cadexinc.com\/fr\/wp-json\/wp\/v2\/comments?post=139"}],"version-history":[{"count":130,"href":"https:\/\/www.cadexinc.com\/fr\/wp-json\/wp\/v2\/pages\/139\/revisions"}],"predecessor-version":[{"id":21334,"href":"https:\/\/www.cadexinc.com\/fr\/wp-json\/wp\/v2\/pages\/139\/revisions\/21334"}],"up":[{"embeddable":true,"href":"https:\/\/www.cadexinc.com\/fr\/wp-json\/wp\/v2\/pages\/3152"}],"wp:featuredmedia":[{"embeddable":true,"href":"https:\/\/www.cadexinc.com\/fr\/wp-json\/wp\/v2\/media\/14001"}],"wp:attachment":[{"href":"https:\/\/www.cadexinc.com\/fr\/wp-json\/wp\/v2\/media?parent=139"}],"wp:term":[{"taxonomy":"category","embeddable":true,"href":"https:\/\/www.cadexinc.com\/fr\/wp-json\/wp\/v2\/categories?post=139"}],"curies":[{"name":"wp","href":"https:\/\/api.w.org\/{rel}","templated":true}]}}